{"id":6997,"date":"2021-02-23T15:06:40","date_gmt":"2021-02-23T15:06:40","guid":{"rendered":"http:\/\/jsgroup.az\/?page_id=6997"},"modified":"2021-02-23T15:34:51","modified_gmt":"2021-02-23T15:34:51","slug":"insan-resulslari","status":"publish","type":"page","link":"https:\/\/jsgroup.az\/ru\/insan-resulslari\/","title":{"rendered":"\u0427\u0435\u043b\u043e\u0432\u0435\u0447\u0435\u0441\u043a\u0438\u0435 \u0440\u0435\u0441\u0443\u0440\u0441\u044b"},"content":{"rendered":"<h2>\u0427\u0435\u043b\u043e\u0432\u0435\u0447\u0435\u0441\u043a\u0438\u0435 \u0440\u0435\u0441\u0443\u0440\u0441\u044b<\/h2>\n<p>\t\t<center><\/p>\n<h5>\u0412\u044b \u0445\u043e\u0442\u0438\u0442\u0435 \u0441 \u043d\u0430\u043c\u0438 \u0440\u0430\u0431\u043e\u0442\u0430\u0442\u044c? \u041f\u043e\u0436\u0430\u043b\u0443\u0439\u0441\u0442\u0430, \u0437\u0430\u043f\u043e\u043b\u043d\u0438\u0442\u0435 \u0438\u043d\u0444\u043e\u0440\u043c\u0430\u0446\u0438\u044e \u043d\u0438\u0436\u0435.<\/h5>\n<p><\/center><div role=\"form\"   class=\"wpcf7\"   id=\"wpcf7-f6996-o1\"   lang=\"en-US\"   dir=\"ltr\">\n<div class=\"screen-reader-response\"><p role=\"status\"   aria-live=\"polite\"   aria-atomic=\"true\"><\/p> <ul><\/ul><\/div>\n<form action=\"\/ru\/wp-json\/wp\/v2\/pages\/6997#wpcf7-f6996-o1\"   method=\"post\"   class=\"wpcf7-form init\"   enctype=\"multipart\/form-data\"   novalidate=\"novalidate\"   data-status=\"init\"  data-trp-original-action=\"\/ru\/wp-json\/wp\/v2\/pages\/6997#wpcf7-f6996-o1\">\n<div style=\"display: none;\">\n<input type=\"hidden\"   name=\"_wpcf7\"   value=\"6996\" \/>\n<input type=\"hidden\"   name=\"_wpcf7_version\"   value=\"5.6.4\" \/>\n<input type=\"hidden\"   name=\"_wpcf7_locale\"  value=\"en_US\" \/>\n<input type=\"hidden\"   name=\"_wpcf7_unit_tag\"   value=\"wpcf7-f6996-o1\" \/>\n<input type=\"hidden\"   name=\"_wpcf7_container_post\" value=\"0\" \/>\n<input type=\"hidden\"   name=\"_wpcf7_posted_data_hash\" value=\"\" \/>\n<\/div>\n<div class=\"contact-form-box\">\n<div class=\"row gutters-10\">\n<div class=\"col-lg-6 col-md-6 col-sm-6 col-12 form-group\"> <span class=\"wpcf7-form-control-wrap\"   data-name=\"firstlast_name\"><input type=\"text\"   name=\"firstlast_name\"   value=\"\"   size=\"40\"   class=\"wpcf7-form-control wpcf7-text wpcf7-validates-as-required form-control\"   aria-required=\"true\"   aria-invalid=\"false\"   placeholder=\"\u041f\u043e\u043b\u043d\u043e\u0435 \u0438\u043c\u044f*\" \/><\/span><\/div>\n<div class=\"col-lg-6 col-md-6 col-sm-6 col-12 form-group\"> <span class=\"wpcf7-form-control-wrap\"   data-name=\"phone\"><input type=\"text\"   name=\"phone\"   value=\"\"   size=\"40\"   class=\"wpcf7-form-control wpcf7-text form-control\"   aria-invalid=\"false\"   placeholder=\"\u0422\u0435\u043b\u0435\u0444\u043e\u043d\" \/><\/span><\/div>\n<div class=\"col-12 form-group\">\u0414\u0430\u0442\u0430 \u0440\u043e\u0436\u0434\u0435\u043d\u0438\u044f:<span class=\"wpcf7-form-control-wrap\"   data-name=\"dogum-tarixi\"><input type=\"date\"   name=\"dogum-tarixi\"   value=\"\"   class=\"wpcf7-form-control wpcf7-date wpcf7-validates-as-required wpcf7-validates-as-date form-control\"   aria-required=\"true\"   aria-invalid=\"false\"   placeholder=\"Do\u011fum tarixi*\" \/><\/span><\/div>\n<div class=\"col-lg-6 col-md-6 col-sm-6 col-12 form-group\"> <span class=\"wpcf7-form-control-wrap\"   data-name=\"useremail\"><input type=\"email\"   name=\"useremail\"   value=\"\"   size=\"40\"   class=\"wpcf7-form-control wpcf7-text wpcf7-email wpcf7-validates-as-required wpcf7-validates-as-email form-control\"   aria-required=\"true\"   aria-invalid=\"false\"   placeholder=\"\u041f\u043e\u0447\u0442\u0430*\" \/><\/span><\/div>\n<div class=\"col-lg-6 col-md-6 col-sm-6 col-12 form-group\"><span class=\"wpcf7-form-control-wrap\"   data-name=\"yashayis\"><input type=\"text\"   name=\"yashayis\"   value=\"\"   size=\"40\"   class=\"wpcf7-form-control wpcf7-text wpcf7-validates-as-required form-control\"   aria-required=\"true\"   aria-invalid=\"false\"   placeholder=\"\u0424\u0430\u043a\u0442\u0438\u0447\u0435\u0441\u043a\u0438\u0439 \u0430\u0434\u0440\u0435\u0441 \u043f\u0440\u043e\u0436\u0438\u0432\u0430\u043d\u0438\u044f *\" \/><\/span><\/div>\n<div class=\"col-lg-6 col-md-6 col-sm-6 col-12 form-group\"><span class=\"wpcf7-form-control-wrap\"   data-name=\"maas-araliqi\"><input type=\"number\"   name=\"maas-araliqi\"   value=\"\"   class=\"wpcf7-form-control wpcf7-number wpcf7-validates-as-number form-control\"   aria-invalid=\"false\"   placeholder=\"Almaq ist\u0259diyiniz maa\u015f miqdar\u0131 (AZN)\" \/><\/span><\/div>\n<div class=\"col-lg-6 col-md-6 col-sm-6 col-12 form-group\"> <span class=\"wpcf7-form-control-wrap\"   data-name=\"vezife\"><input type=\"text\"   name=\"vezife\"   value=\"\"   size=\"40\"   class=\"wpcf7-form-control wpcf7-text wpcf7-validates-as-required form-control\"   aria-required=\"true\"   aria-invalid=\"false\"   placeholder=\"\u041f\u043e\u0437\u0438\u0446\u0438\u044f *\" \/><\/span><\/div>\n<div class=\"col-12 form-group\"> <span class=\"wpcf7-form-control-wrap\"   data-name=\"tecrube\"><textarea name=\"tecrube\"   cols=\"40\"   rows=\"10\"   class=\"wpcf7-form-control wpcf7-textarea text-area form-control\"   aria-invalid=\"false\"   placeholder=\"\u041e\u043f\u044b\u0442 \u0440\u0430\u0431\u043e\u0442\u044b\"><\/textarea><\/span><\/div>\n<div class=\"col-lg-6 col-md-6 col-sm-6 col-12 form-group\">\u041e\u0442\u043f\u0440\u0430\u0432\u044c\u0442\u0435 \u0441\u0432\u043e\u0435 \u0440\u0435\u0437\u044e\u043c\u0435 <span class=\"wpcf7-form-control-wrap\"  data-name=\"cv-forum\"><input type=\"file\"   name=\"cv-forum\"   size=\"40\"   class=\"wpcf7-form-control wpcf7-file wpcf7-validates-as-required\"   accept=\"audio\/*,video\/*,image\/*\"  aria-required=\"true\"  aria-invalid=\"false\" \/><\/span><\/div>\n<div class=\"col-12 form-group margin-b-none\"><button type=\"submit\"   class=\"contact-item-btn\">\u043f\u043e\u0441\u043b\u0430\u0442\u044c<\/button><\/div>\n<\/div>\n<\/div>\n<div class=\"wpcf7-response-output\"  aria-hidden=\"true\"><\/div><input type=\"hidden\"  name=\"trp-form-language\"  value=\"ru\" \/><\/form><\/div><\/p>","protected":false},"excerpt":{"rendered":"<p>\u0130nsan Resurslar\u0131 Biziml\u0259 i\u015fl\u0259m\u0259k ist\u0259yirsinizmi? Z\u0259hm\u0259t olmasa a\u015fa\u011f\u0131dak\u0131 m\u0259lumatlar\u0131 doldurun.<\/p>","protected":false},"author":1,"featured_media":0,"parent":0,"menu_order":0,"comment_status":"closed","ping_status":"closed","template":"","meta":[],"yoast_head":"<!-- This site is optimized with the Yoast SEO plugin v18.1 - https:\/\/yoast.com\/wordpress\/plugins\/seo\/ -->\n<title>\u0130nsan Resurslar\u0131 &ndash; JS Group<\/title>\n<meta name=\"robots\"  content=\"index, follow, max-snippet:-1, max-image-preview:large, max-video-preview:-1\" \/>\n<link rel=\"canonical\"  href=\"https:\/\/jsgroup.az\/ru\/insan-resulslari\/\" \/>\n<meta property=\"og:locale\"  content=\"ru_RU\" \/>\n<meta property=\"og:type\"  content=\"article\" \/>\n<meta property=\"og:title\"  content=\"\u0130nsan Resurslar\u0131 &ndash; JS Group\" \/>\n<meta property=\"og:description\"  content=\"\u0130nsan Resurslar\u0131 Biziml\u0259 i\u015fl\u0259m\u0259k ist\u0259yirsinizmi? Z\u0259hm\u0259t olmasa a\u015fa\u011f\u0131dak\u0131 m\u0259lumatlar\u0131 doldurun.\" \/>\n<meta property=\"og:url\"  content=\"https:\/\/jsgroup.az\/ru\/insan-resulslari\/\" \/>\n<meta property=\"og:site_name\" content=\"JS Group\" \/>\n<meta property=\"article:publisher\"  content=\"https:\/\/www.facebook.com\/JS-Group-LLC-103618468444954\" \/>\n<meta property=\"article:modified_time\"  content=\"2021-02-23T15:34:51+00:00\" \/>\n<meta property=\"og:image\"  content=\"https:\/\/jsgroup.az\/wp-content\/uploads\/2021\/02\/logo-js-google.png\" \/>\n\t<meta property=\"og:image:width\" content=\"2000\" \/>\n\t<meta property=\"og:image:height\" content=\"2000\" \/>\n\t<meta property=\"og:image:type\" content=\"image\/png\" \/>\n<meta name=\"twitter:card\" content=\"summary_large_image\" \/>\n<script type=\"application\/ld+json\" class=\"yoast-schema-graph\">{\"@context\":\"https:\/\/schema.org\",\"@graph\":[{\"@type\":\"Organization\",\"@id\":\"https:\/\/jsgroup.az\/az\/#organization\",\"name\":\"JS Group LLC\",\"url\":\"https:\/\/jsgroup.az\/az\/\",\"sameAs\":[\"https:\/\/www.facebook.com\/JS-Group-LLC-103618468444954\"],\"logo\":{\"@type\":\"ImageObject\",\"@id\":\"https:\/\/jsgroup.az\/az\/#logo\",\"inLanguage\":\"ru-RU\",\"url\":\"https:\/\/jsgroup.az\/wp-content\/uploads\/2021\/02\/logo-js-google.png\",\"contentUrl\":\"https:\/\/jsgroup.az\/wp-content\/uploads\/2021\/02\/logo-js-google.png\",\"width\":2000,\"height\":2000,\"caption\":\"JS Group LLC\"},\"image\":{\"@id\":\"https:\/\/jsgroup.az\/az\/#logo\"}},{\"@type\":\"WebSite\",\"@id\":\"https:\/\/jsgroup.az\/az\/#website\",\"url\":\"https:\/\/jsgroup.az\/az\/\",\"name\":\"JS Group\",\"description\":\"Sizin \u0130n\u015faat \u015eirk\u0259ti\",\"publisher\":{\"@id\":\"https:\/\/jsgroup.az\/az\/#organization\"},\"potentialAction\":[{\"@type\":\"SearchAction\",\"target\":{\"@type\":\"EntryPoint\",\"urlTemplate\":\"https:\/\/jsgroup.az\/az\/?s={search_term_string}\"},\"query-input\":\"required name=search_term_string\"}],\"inLanguage\":\"ru-RU\"},{\"@type\":\"WebPage\",\"@id\":\"https:\/\/jsgroup.az\/en\/insan-resulslari\/#webpage\",\"url\":\"https:\/\/jsgroup.az\/en\/insan-resulslari\/\",\"name\":\"\u0130nsan Resurslar\u0131 &ndash; JS Group\",\"isPartOf\":{\"@id\":\"https:\/\/jsgroup.az\/az\/#website\"},\"datePublished\":\"2021-02-23T15:06:40+00:00\",\"dateModified\":\"2021-02-23T15:34:51+00:00\",\"breadcrumb\":{\"@id\":\"https:\/\/jsgroup.az\/en\/insan-resulslari\/#breadcrumb\"},\"inLanguage\":\"ru-RU\",\"potentialAction\":[{\"@type\":\"ReadAction\",\"target\":[\"https:\/\/jsgroup.az\/en\/insan-resulslari\/\"]}]},{\"@type\":\"BreadcrumbList\",\"@id\":\"https:\/\/jsgroup.az\/en\/insan-resulslari\/#breadcrumb\",\"itemListElement\":[{\"@type\":\"ListItem\",\"position\":1,\"name\":\"Ana S\u0259hif\u0259\",\"item\":\"https:\/\/jsgroup.az\/\"},{\"@type\":\"ListItem\",\"position\":2,\"name\":\"\u0130nsan Resurslar\u0131\"}]}]}<\/script>\n<!-- \/ Yoast SEO plugin. -->","yoast_head_json":{"title":"\u0130nsan Resurslar\u0131 &ndash; JS Group","robots":{"index":"index","follow":"follow","max-snippet":"max-snippet:-1","max-image-preview":"max-image-preview:large","max-video-preview":"max-video-preview:-1"},"canonical":"https:\/\/jsgroup.az\/ru\/insan-resulslari\/","og_locale":"ru_RU","og_type":"article","og_title":"\u0130nsan Resurslar\u0131 &ndash; JS Group","og_description":"\u0130nsan Resurslar\u0131 Biziml\u0259 i\u015fl\u0259m\u0259k ist\u0259yirsinizmi? Z\u0259hm\u0259t olmasa a\u015fa\u011f\u0131dak\u0131 m\u0259lumatlar\u0131 doldurun.","og_url":"https:\/\/jsgroup.az\/ru\/insan-resulslari\/","og_site_name":"JS Group","article_publisher":"https:\/\/www.facebook.com\/JS-Group-LLC-103618468444954","article_modified_time":"2021-02-23T15:34:51+00:00","og_image":[{"width":2000,"height":2000,"url":"https:\/\/jsgroup.az\/wp-content\/uploads\/2021\/02\/logo-js-google.png","type":"image\/png"}],"twitter_card":"summary_large_image","schema":{"@context":"https:\/\/schema.org","@graph":[{"@type":"Organization","@id":"https:\/\/jsgroup.az\/az\/#organization","name":"JS Group LLC","url":"https:\/\/jsgroup.az\/az\/","sameAs":["https:\/\/www.facebook.com\/JS-Group-LLC-103618468444954"],"logo":{"@type":"ImageObject","@id":"https:\/\/jsgroup.az\/az\/#logo","inLanguage":"ru-RU","url":"https:\/\/jsgroup.az\/wp-content\/uploads\/2021\/02\/logo-js-google.png","contentUrl":"https:\/\/jsgroup.az\/wp-content\/uploads\/2021\/02\/logo-js-google.png","width":2000,"height":2000,"caption":"JS Group LLC"},"image":{"@id":"https:\/\/jsgroup.az\/az\/#logo"}},{"@type":"WebSite","@id":"https:\/\/jsgroup.az\/az\/#website","url":"https:\/\/jsgroup.az\/az\/","name":"JS Group","description":"Sizin \u0130n\u015faat \u015eirk\u0259ti","publisher":{"@id":"https:\/\/jsgroup.az\/az\/#organization"},"potentialAction":[{"@type":"SearchAction","target":{"@type":"EntryPoint","urlTemplate":"https:\/\/jsgroup.az\/az\/?s={search_term_string}"},"query-input":"required name=search_term_string"}],"inLanguage":"ru-RU"},{"@type":"WebPage","@id":"https:\/\/jsgroup.az\/en\/insan-resulslari\/#webpage","url":"https:\/\/jsgroup.az\/en\/insan-resulslari\/","name":"\u0130nsan Resurslar\u0131 &ndash; JS Group","isPartOf":{"@id":"https:\/\/jsgroup.az\/az\/#website"},"datePublished":"2021-02-23T15:06:40+00:00","dateModified":"2021-02-23T15:34:51+00:00","breadcrumb":{"@id":"https:\/\/jsgroup.az\/en\/insan-resulslari\/#breadcrumb"},"inLanguage":"ru-RU","potentialAction":[{"@type":"ReadAction","target":["https:\/\/jsgroup.az\/en\/insan-resulslari\/"]}]},{"@type":"BreadcrumbList","@id":"https:\/\/jsgroup.az\/en\/insan-resulslari\/#breadcrumb","itemListElement":[{"@type":"ListItem","position":1,"name":"Ana S\u0259hif\u0259","item":"https:\/\/jsgroup.az\/"},{"@type":"ListItem","position":2,"name":"\u0130nsan Resurslar\u0131"}]}]}},"_links":{"self":[{"href":"https:\/\/jsgroup.az\/ru\/wp-json\/wp\/v2\/pages\/6997"}],"collection":[{"href":"https:\/\/jsgroup.az\/ru\/wp-json\/wp\/v2\/pages"}],"about":[{"href":"https:\/\/jsgroup.az\/ru\/wp-json\/wp\/v2\/types\/page"}],"author":[{"embeddable":true,"href":"https:\/\/jsgroup.az\/ru\/wp-json\/wp\/v2\/users\/1"}],"replies":[{"embeddable":true,"href":"https:\/\/jsgroup.az\/ru\/wp-json\/wp\/v2\/comments?post=6997"}],"version-history":[{"count":16,"href":"https:\/\/jsgroup.az\/ru\/wp-json\/wp\/v2\/pages\/6997\/revisions"}],"predecessor-version":[{"id":7013,"href":"https:\/\/jsgroup.az\/ru\/wp-json\/wp\/v2\/pages\/6997\/revisions\/7013"}],"wp:attachment":[{"href":"https:\/\/jsgroup.az\/ru\/wp-json\/wp\/v2\/media?parent=6997"}],"curies":[{"name":"wp","href":"https:\/\/api.w.org\/{rel}","templated":true}]}}