{"id":6970,"date":"2021-02-20T20:48:09","date_gmt":"2021-02-20T20:48:09","guid":{"rendered":"http:\/\/jsgroup.az\/?page_id=6970"},"modified":"2021-03-05T00:40:04","modified_gmt":"2021-03-04T20:40:04","slug":"halfen","status":"publish","type":"page","link":"https:\/\/jsgroup.az\/ru\/halfen\/","title":{"rendered":"HALFEN"},"content":{"rendered":"<h2>HALFEN<\/h2>\n<p>\t\t\u041e\u0431\u0448\u0438\u0440\u043d\u044b\u0439 \u0430\u0441\u0441\u043e\u0440\u0442\u0438\u043c\u0435\u043d\u0442 \u0442\u0435\u0445\u043d\u043e\u043b\u043e\u0433\u0438\u0439 \u0434\u043b\u044f \u0430\u043d\u043a\u0435\u0440\u043e\u0432\u043a\u0438, \u0430\u0440\u043c\u0438\u0440\u043e\u0432\u0430\u043d\u0438\u044f, \u043e\u0431\u0440\u0430\u043c\u043b\u0435\u043d\u0438\u044f \u0438 \u043a\u0440\u0435\u043f\u043b\u0435\u043d\u0438\u044f \u0444\u0430\u0441\u0430\u0434\u043e\u0432 \u043a\u0430\u043a \u0434\u043b\u044f \u0441\u0442\u0440\u043e\u0438\u0442\u0435\u043b\u044c\u0441\u0442\u0432\u0430, \u0442\u0430\u043a \u0438 \u0434\u043b\u044f \u043f\u0440\u043e\u043c\u044b\u0448\u043b\u0435\u043d\u043d\u043e\u0433\u043e \u043f\u0440\u0438\u043c\u0435\u043d\u0435\u043d\u0438\u044f.\u00a0<\/p>\n<p><img loading=\"lazy\"   src=\"http:\/\/jsgroup.az\/wp-content\/uploads\/2021\/02\/Halfen1-286x300.jpg\"   alt=\"\"   width=\"286\"   height=\"300\" \/> <img loading=\"lazy\"   src=\"http:\/\/jsgroup.az\/wp-content\/uploads\/2021\/02\/Halfen2-286x300.jpg\"   alt=\"\"   width=\"286\"   height=\"300\" \/> <img loading=\"lazy\"   src=\"http:\/\/jsgroup.az\/wp-content\/uploads\/2021\/02\/Halfen3-286x300.jpg\"   alt=\"\"   width=\"286\"   height=\"300\" \/><\/p>\n<p>HALFEN - \u043e\u0434\u0438\u043d \u0438\u0437 \u0432\u0435\u0434\u0443\u0449\u0438\u0445 \u043c\u0438\u0440\u043e\u0432\u044b\u0445 \u0431\u0440\u0435\u043d\u0434\u043e\u0432 \u0432 \u043e\u0431\u043b\u0430\u0441\u0442\u0438 \u0431\u0435\u0442\u043e\u043d\u0430, \u0444\u0430\u0441\u0430\u0434\u043e\u0432 \u0438 \u043f\u0440\u043e\u043c\u044b\u0448\u043b\u0435\u043d\u043d\u044b\u0445 \u0442\u0435\u0445\u043d\u043e\u043b\u043e\u0433\u0438\u0439, \u043a\u043e\u0442\u043e\u0440\u044b\u0439 \u0431\u043e\u043b\u0435\u0435 90 \u043b\u0435\u0442 \u043e\u043b\u0438\u0446\u0435\u0442\u0432\u043e\u0440\u044f\u0435\u0442 \u043a\u0430\u0447\u0435\u0441\u0442\u0432\u043e \u0438 \u0431\u0435\u0437\u043e\u043f\u0430\u0441\u043d\u043e\u0441\u0442\u044c.<\/p>\n<p>\u041e\u0442 \u043a\u0430\u043d\u0430\u043b\u043e\u0432 \u0438 \u0431\u0430\u043b\u043a\u043e\u043d\u043d\u044b\u0445 \u0441\u043e\u0435\u0434\u0438\u043d\u0438\u0442\u0435\u043b\u0435\u0439 \u0434\u043e \u0442\u0440\u0430\u043d\u0441\u043f\u043e\u0440\u0442\u043d\u044b\u0445 \u0430\u043d\u043a\u0435\u0440\u043e\u0432 \u0438 \u0441\u0438\u0441\u0442\u0435\u043c \u043d\u0430\u0442\u044f\u0436\u043d\u044b\u0445 \u0441\u0442\u0435\u0440\u0436\u043d\u0435\u0439 - \u043e\u0431\u0448\u0438\u0440\u043d\u044b\u0439 \u043f\u043e\u0440\u0442\u0444\u0435\u043b\u044c \u043f\u0440\u043e\u0434\u0443\u043a\u0446\u0438\u0438 HALFEN \u043f\u0440\u0435\u0434\u043b\u0430\u0433\u0430\u0435\u0442 \u0438\u043d\u0436\u0435\u043d\u0435\u0440\u043d\u044b\u0435 \u0440\u0435\u0448\u0435\u043d\u0438\u044f \u0434\u043b\u044f \u0441\u0442\u0440\u043e\u0438\u0442\u0435\u043b\u044c\u0441\u0442\u0432\u0430 \u0438 \u043f\u0440\u043e\u043c\u044b\u0448\u043b\u0435\u043d\u043d\u043e\u0433\u043e \u043f\u0440\u0438\u043c\u0435\u043d\u0435\u043d\u0438\u044f.<\/p>\n<p>\u041f\u0440\u043e\u0434\u0443\u043a\u0446\u0438\u044f HALFEN \u043f\u0440\u0435\u0434\u043b\u0430\u0433\u0430\u0435\u0442 \u0448\u0438\u0440\u043e\u043a\u0438\u0439 \u0441\u043f\u0435\u043a\u0442\u0440 \u0438\u043d\u0442\u0435\u043b\u043b\u0435\u043a\u0442\u0443\u0430\u043b\u044c\u043d\u044b\u0445 \u043a\u0440\u0435\u043f\u0435\u0436\u043d\u044b\u0445 \u0440\u0435\u0448\u0435\u043d\u0438\u0439 \u0432 \u043a\u0430\u0447\u0435\u0441\u0442\u0432\u0435 \u0430\u043b\u044c\u0442\u0435\u0440\u043d\u0430\u0442\u0438\u0432\u044b \u0441\u0432\u0435\u0440\u043b\u0435\u043d\u0438\u044e \u0438\u043b\u0438 \u0441\u0432\u0430\u0440\u043a\u0435. \u041a\u0430\u043d\u0430\u043b\u044b HALFEN - \u0441\u0438\u043d\u043e\u043d\u0438\u043c \u0430\u0431\u0441\u043e\u043b\u044e\u0442\u043d\u043e\u0439 \u0433\u0438\u0431\u043a\u043e\u0441\u0442\u0438 \u043f\u0440\u0438 \u043a\u0440\u0435\u043f\u043b\u0435\u043d\u0438\u0438 \u043a \u0431\u0435\u0442\u043e\u043d\u0443. \u0410\u0441\u0441\u043e\u0440\u0442\u0438\u043c\u0435\u043d\u0442 HALFEN \u043f\u0440\u0435\u0434\u043b\u0430\u0433\u0430\u0435\u0442 \u0438\u0434\u0435\u0430\u043b\u044c\u043d\u044b\u0439 \u043a\u0430\u043d\u0430\u043b \u0434\u043b\u044f \u043b\u044e\u0431\u043e\u0433\u043e \u043f\u0440\u0438\u043c\u0435\u043d\u0435\u043d\u0438\u044f, \u0431\u0443\u0434\u044c \u0442\u043e \u0448\u0430\u0445\u0442\u044b \u043b\u0438\u0444\u0442\u043e\u0432, \u0442\u0443\u043d\u043d\u0435\u043b\u0438, \u0441\u0442\u0430\u0434\u0438\u043e\u043d\u044b \u0438\u043b\u0438 \u0441\u0431\u043e\u0440\u043d\u044b\u0435 \u0436\u0435\u043b\u0435\u0437\u043e\u0431\u0435\u0442\u043e\u043d\u043d\u044b\u0435 \u043a\u043e\u043d\u0441\u0442\u0440\u0443\u043a\u0446\u0438\u0438, \u0438 \u044d\u0442\u043e \u043b\u0438\u0448\u044c \u043d\u0435\u043a\u043e\u0442\u043e\u0440\u044b\u0435 \u0438\u0437 \u043e\u0431\u043b\u0430\u0441\u0442\u0435\u0439 \u043f\u0440\u0438\u043c\u0435\u043d\u0435\u043d\u0438\u044f.<\/p>\n<p>\u0410\u0440\u0445\u0438\u0442\u0435\u043a\u0442\u043e\u0440\u044b \u0438 \u0438\u043d\u0436\u0435\u043d\u0435\u0440\u044b \u043f\u043b\u0430\u043d\u0438\u0440\u0443\u044e\u0442 \u0441\u0432\u043e\u0438 \u0441\u0430\u043c\u044b\u0435 \u0430\u043c\u0431\u0438\u0446\u0438\u043e\u0437\u043d\u044b\u0435 \u043f\u0440\u043e\u0435\u043a\u0442\u044b \u0441 \u043f\u043e\u043c\u043e\u0449\u044c\u044e \u043f\u0440\u043e\u0434\u0443\u043a\u0442\u043e\u0432 HALFEN \u0438 \u0441\u0432\u044f\u0437\u0430\u043d\u043d\u043e\u0433\u043e \u0441 \u043d\u0438\u043c\u0438 \u043f\u0440\u043e\u0441\u0442\u043e\u0433\u043e \u0432 \u0438\u0441\u043f\u043e\u043b\u044c\u0437\u043e\u0432\u0430\u043d\u0438\u0438 \u043f\u0440\u043e\u0433\u0440\u0430\u043c\u043c\u043d\u043e\u0433\u043e \u043e\u0431\u0435\u0441\u043f\u0435\u0447\u0435\u043d\u0438\u044f \u0434\u043b\u044f \u0440\u0430\u0441\u0447\u0435\u0442\u043e\u0432. \u0421\u0442\u0440\u043e\u0438\u0442\u0435\u043b\u044c\u043d\u044b\u0435 \u043a\u043e\u043c\u043f\u0430\u043d\u0438\u0438 \u0438 \u0437\u0430\u0432\u043e\u0434\u044b \u043f\u043e \u043f\u0440\u043e\u0438\u0437\u0432\u043e\u0434\u0441\u0442\u0432\u0443 \u0441\u0431\u043e\u0440\u043d\u043e\u0433\u043e \u0436\u0435\u043b\u0435\u0437\u043e\u0431\u0435\u0442\u043e\u043d\u0430 \u0438\u0441\u043f\u043e\u043b\u044c\u0437\u0443\u044e\u0442 \u043b\u0438\u043d\u0435\u0439\u043a\u0443 HALFEN \u0434\u043b\u044f \u0432\u0441\u0435\u0445 \u0442\u0438\u043f\u043e\u0432 \u0441\u0442\u0440\u043e\u0438\u0442\u0435\u043b\u044c\u0441\u0442\u0432\u0430 \u0438 \u0433\u0440\u0430\u0436\u0434\u0430\u043d\u0441\u043a\u043e\u0433\u043e \u0441\u0442\u0440\u043e\u0438\u0442\u0435\u043b\u044c\u0441\u0442\u0432\u0430.<\/p>\n<p>\u041f\u0440\u043e\u043c\u044b\u0448\u043b\u0435\u043d\u043d\u044b\u0435 \u0437\u0430\u043a\u0430\u0437\u0447\u0438\u043a\u0438 \u0438\u0437 \u0445\u0438\u043c\u0438\u0447\u0435\u0441\u043a\u043e\u0433\u043e \u0438 \u044d\u043d\u0435\u0440\u0433\u0435\u0442\u0438\u0447\u0435\u0441\u043a\u043e\u0433\u043e \u0441\u0435\u043a\u0442\u043e\u0440\u043e\u0432 \u0438\u0441\u043f\u043e\u043b\u044c\u0437\u0443\u044e\u0442 \u0438\u043d\u0436\u0435\u043d\u0435\u0440\u043d\u044b\u0435 \u0440\u0435\u0448\u0435\u043d\u0438\u044f HALFEN \u043f\u0440\u0438 \u0441\u043e\u0437\u0434\u0430\u043d\u0438\u0438 \u0438 \u0442\u0435\u0445\u043d\u0438\u0447\u0435\u0441\u043a\u043e\u043c \u043e\u0431\u0441\u043b\u0443\u0436\u0438\u0432\u0430\u043d\u0438\u0438 \u043c\u0430\u0448\u0438\u043d, \u0442\u0440\u0430\u043d\u0441\u043f\u043e\u0440\u0442\u043d\u044b\u0445 \u0441\u0440\u0435\u0434\u0441\u0442\u0432 \u0438 \u0437\u0430\u0432\u043e\u0434\u0441\u043a\u043e\u0433\u043e \u043e\u0431\u043e\u0440\u0443\u0434\u043e\u0432\u0430\u043d\u0438\u044f.<\/p>\n<p>\u041f\u043e\u0441\u0435\u0442\u0438\u0442\u0435 \u0432\u0435\u0431-\u0441\u0430\u0439\u0442 Halfen \u0434\u043b\u044f \u043f\u043e\u043b\u0443\u0447\u0435\u043d\u0438\u044f \u0434\u043e\u043f\u043e\u043b\u043d\u0438\u0442\u0435\u043b\u044c\u043d\u043e\u0439 \u0438\u043d\u0444\u043e\u0440\u043c\u0430\u0446\u0438\u0438<\/p>\n<p><a href=\"https:\/\/www.halfen.com\/en\/\"   target=\"_blank\"   rel=\"noopener\"><strong>www.halfen.com<\/strong><\/a><\/p>","protected":false},"excerpt":{"rendered":"<p>HALFEN H\u0259m tikinti, h\u0259m d\u0259 s\u0259naye t\u0259tbiqetm\u0259l\u0259ri \u00fc\u00e7\u00fcn geni\u015f bir ankraj, m\u00f6hk\u0259ml\u0259ndirm\u0259, \u00e7\u0259r\u00e7iv\u0259 v\u0259 fasad fiksasiya texnologiyas\u0131.\u00a0 HALFEN beton, fasad v\u0259 s\u0259naye texnologiyas\u0131 sah\u0259l\u0259rind\u0259 d\u00fcnyan\u0131n apar\u0131c\u0131 markalar\u0131ndan biridir v\u0259 90 ild\u0259n \u00e7oxdur keyfiyy\u0259t v\u0259 t\u0259hl\u00fck\u0259sizlik t\u0259r\u0259fdar\u0131d\u0131r. Kanallardan v\u0259 balkon konnektorlar\u0131ndan tutma ankerl\u0259rin\u0259 v\u0259 g\u0259rginlikli \u00e7ubuq sisteml\u0259rin\u0259 q\u0259d\u0259r h\u0259rt\u0259r\u0259fli HALFEN m\u0259hsul portfeli tikinti v\u0259 s\u0259naye t\u0259tbiqetm\u0259l\u0259ri&#8230;<\/p>","protected":false},"author":1,"featured_media":0,"parent":0,"menu_order":0,"comment_status":"closed","ping_status":"closed","template":"","meta":[],"yoast_head":"<!-- This site is optimized with the Yoast SEO plugin v18.1 - https:\/\/yoast.com\/wordpress\/plugins\/seo\/ -->\n<title>HALFEN &ndash; JS Group<\/title>\n<meta name=\"robots\"  content=\"index, follow, max-snippet:-1, max-image-preview:large, max-video-preview:-1\" \/>\n<link rel=\"canonical\"  href=\"https:\/\/jsgroup.az\/ru\/halfen\/\" \/>\n<meta property=\"og:locale\"  content=\"ru_RU\" \/>\n<meta property=\"og:type\"  content=\"article\" \/>\n<meta property=\"og:title\"  content=\"HALFEN &ndash; JS Group\" \/>\n<meta property=\"og:description\"  content=\"HALFEN H\u0259m tikinti, h\u0259m d\u0259 s\u0259naye t\u0259tbiqetm\u0259l\u0259ri \u00fc\u00e7\u00fcn geni\u015f bir ankraj, m\u00f6hk\u0259ml\u0259ndirm\u0259, \u00e7\u0259r\u00e7iv\u0259 v\u0259 fasad fiksasiya texnologiyas\u0131.\u00a0 HALFEN beton, fasad v\u0259 s\u0259naye texnologiyas\u0131 sah\u0259l\u0259rind\u0259 d\u00fcnyan\u0131n apar\u0131c\u0131 markalar\u0131ndan biridir v\u0259 90 ild\u0259n \u00e7oxdur keyfiyy\u0259t v\u0259 t\u0259hl\u00fck\u0259sizlik t\u0259r\u0259fdar\u0131d\u0131r. Kanallardan v\u0259 balkon konnektorlar\u0131ndan tutma ankerl\u0259rin\u0259 v\u0259 g\u0259rginlikli \u00e7ubuq sisteml\u0259rin\u0259 q\u0259d\u0259r h\u0259rt\u0259r\u0259fli HALFEN m\u0259hsul portfeli tikinti v\u0259 s\u0259naye t\u0259tbiqetm\u0259l\u0259ri...\" \/>\n<meta property=\"og:url\"  content=\"https:\/\/jsgroup.az\/ru\/halfen\/\" \/>\n<meta property=\"og:site_name\" content=\"JS Group\" \/>\n<meta property=\"article:publisher\"  content=\"https:\/\/www.facebook.com\/JS-Group-LLC-103618468444954\" \/>\n<meta property=\"article:modified_time\"  content=\"2021-03-04T20:40:04+00:00\" \/>\n<meta property=\"og:image\"  content=\"http:\/\/jsgroup.az\/wp-content\/uploads\/2021\/02\/Halfen1-286x300.jpg\" \/>\n<meta name=\"twitter:card\" content=\"summary_large_image\" \/>\n<meta name=\"twitter:label1\"  content=\"\u041f\u0440\u0438\u043c\u0435\u0440\u043d\u043e\u0435 \u0432\u0440\u0435\u043c\u044f \u0434\u043b\u044f \u0447\u0442\u0435\u043d\u0438\u044f\" \/>\n\t<meta name=\"twitter:data1\"  content=\"2 \u043c\u0438\u043d\u0443\u0442\u044b\" \/>\n<script type=\"application\/ld+json\" class=\"yoast-schema-graph\">{\"@context\":\"https:\/\/schema.org\",\"@graph\":[{\"@type\":\"Organization\",\"@id\":\"https:\/\/jsgroup.az\/az\/#organization\",\"name\":\"JS Group LLC\",\"url\":\"https:\/\/jsgroup.az\/az\/\",\"sameAs\":[\"https:\/\/www.facebook.com\/JS-Group-LLC-103618468444954\"],\"logo\":{\"@type\":\"ImageObject\",\"@id\":\"https:\/\/jsgroup.az\/az\/#logo\",\"inLanguage\":\"ru-RU\",\"url\":\"https:\/\/jsgroup.az\/wp-content\/uploads\/2021\/02\/logo-js-google.png\",\"contentUrl\":\"https:\/\/jsgroup.az\/wp-content\/uploads\/2021\/02\/logo-js-google.png\",\"width\":2000,\"height\":2000,\"caption\":\"JS Group LLC\"},\"image\":{\"@id\":\"https:\/\/jsgroup.az\/az\/#logo\"}},{\"@type\":\"WebSite\",\"@id\":\"https:\/\/jsgroup.az\/az\/#website\",\"url\":\"https:\/\/jsgroup.az\/az\/\",\"name\":\"JS Group\",\"description\":\"Sizin \u0130n\u015faat \u015eirk\u0259ti\",\"publisher\":{\"@id\":\"https:\/\/jsgroup.az\/az\/#organization\"},\"potentialAction\":[{\"@type\":\"SearchAction\",\"target\":{\"@type\":\"EntryPoint\",\"urlTemplate\":\"https:\/\/jsgroup.az\/az\/?s={search_term_string}\"},\"query-input\":\"required name=search_term_string\"}],\"inLanguage\":\"ru-RU\"},{\"@type\":\"ImageObject\",\"@id\":\"https:\/\/jsgroup.az\/en\/halfen\/#primaryimage\",\"inLanguage\":\"ru-RU\",\"url\":\"http:\/\/jsgroup.az\/wp-content\/uploads\/2021\/02\/Halfen1-286x300.jpg\",\"contentUrl\":\"http:\/\/jsgroup.az\/wp-content\/uploads\/2021\/02\/Halfen1-286x300.jpg\"},{\"@type\":\"WebPage\",\"@id\":\"https:\/\/jsgroup.az\/en\/halfen\/#webpage\",\"url\":\"https:\/\/jsgroup.az\/en\/halfen\/\",\"name\":\"HALFEN &ndash; JS Group\",\"isPartOf\":{\"@id\":\"https:\/\/jsgroup.az\/az\/#website\"},\"primaryImageOfPage\":{\"@id\":\"https:\/\/jsgroup.az\/en\/halfen\/#primaryimage\"},\"datePublished\":\"2021-02-20T20:48:09+00:00\",\"dateModified\":\"2021-03-04T20:40:04+00:00\",\"breadcrumb\":{\"@id\":\"https:\/\/jsgroup.az\/en\/halfen\/#breadcrumb\"},\"inLanguage\":\"ru-RU\",\"potentialAction\":[{\"@type\":\"ReadAction\",\"target\":[\"https:\/\/jsgroup.az\/en\/halfen\/\"]}]},{\"@type\":\"BreadcrumbList\",\"@id\":\"https:\/\/jsgroup.az\/en\/halfen\/#breadcrumb\",\"itemListElement\":[{\"@type\":\"ListItem\",\"position\":1,\"name\":\"Ana S\u0259hif\u0259\",\"item\":\"https:\/\/jsgroup.az\/\"},{\"@type\":\"ListItem\",\"position\":2,\"name\":\"HALFEN\"}]}]}<\/script>\n<!-- \/ Yoast SEO plugin. -->","yoast_head_json":{"title":"HALFEN &ndash; JS Group","robots":{"index":"index","follow":"follow","max-snippet":"max-snippet:-1","max-image-preview":"max-image-preview:large","max-video-preview":"max-video-preview:-1"},"canonical":"https:\/\/jsgroup.az\/ru\/halfen\/","og_locale":"ru_RU","og_type":"article","og_title":"HALFEN &ndash; JS Group","og_description":"HALFEN H\u0259m tikinti, h\u0259m d\u0259 s\u0259naye t\u0259tbiqetm\u0259l\u0259ri \u00fc\u00e7\u00fcn geni\u015f bir ankraj, m\u00f6hk\u0259ml\u0259ndirm\u0259, \u00e7\u0259r\u00e7iv\u0259 v\u0259 fasad fiksasiya texnologiyas\u0131.\u00a0 HALFEN beton, fasad v\u0259 s\u0259naye texnologiyas\u0131 sah\u0259l\u0259rind\u0259 d\u00fcnyan\u0131n apar\u0131c\u0131 markalar\u0131ndan biridir v\u0259 90 ild\u0259n \u00e7oxdur keyfiyy\u0259t v\u0259 t\u0259hl\u00fck\u0259sizlik t\u0259r\u0259fdar\u0131d\u0131r. Kanallardan v\u0259 balkon konnektorlar\u0131ndan tutma ankerl\u0259rin\u0259 v\u0259 g\u0259rginlikli \u00e7ubuq sisteml\u0259rin\u0259 q\u0259d\u0259r h\u0259rt\u0259r\u0259fli HALFEN m\u0259hsul portfeli tikinti v\u0259 s\u0259naye t\u0259tbiqetm\u0259l\u0259ri...","og_url":"https:\/\/jsgroup.az\/ru\/halfen\/","og_site_name":"JS Group","article_publisher":"https:\/\/www.facebook.com\/JS-Group-LLC-103618468444954","article_modified_time":"2021-03-04T20:40:04+00:00","og_image":[{"url":"http:\/\/jsgroup.az\/wp-content\/uploads\/2021\/02\/Halfen1-286x300.jpg"}],"twitter_card":"summary_large_image","twitter_misc":{"\u041f\u0440\u0438\u043c\u0435\u0440\u043d\u043e\u0435 \u0432\u0440\u0435\u043c\u044f \u0434\u043b\u044f \u0447\u0442\u0435\u043d\u0438\u044f":"2 \u043c\u0438\u043d\u0443\u0442\u044b"},"schema":{"@context":"https:\/\/schema.org","@graph":[{"@type":"Organization","@id":"https:\/\/jsgroup.az\/az\/#organization","name":"JS Group LLC","url":"https:\/\/jsgroup.az\/az\/","sameAs":["https:\/\/www.facebook.com\/JS-Group-LLC-103618468444954"],"logo":{"@type":"ImageObject","@id":"https:\/\/jsgroup.az\/az\/#logo","inLanguage":"ru-RU","url":"https:\/\/jsgroup.az\/wp-content\/uploads\/2021\/02\/logo-js-google.png","contentUrl":"https:\/\/jsgroup.az\/wp-content\/uploads\/2021\/02\/logo-js-google.png","width":2000,"height":2000,"caption":"JS Group LLC"},"image":{"@id":"https:\/\/jsgroup.az\/az\/#logo"}},{"@type":"WebSite","@id":"https:\/\/jsgroup.az\/az\/#website","url":"https:\/\/jsgroup.az\/az\/","name":"JS Group","description":"Sizin \u0130n\u015faat \u015eirk\u0259ti","publisher":{"@id":"https:\/\/jsgroup.az\/az\/#organization"},"potentialAction":[{"@type":"SearchAction","target":{"@type":"EntryPoint","urlTemplate":"https:\/\/jsgroup.az\/az\/?s={search_term_string}"},"query-input":"required name=search_term_string"}],"inLanguage":"ru-RU"},{"@type":"ImageObject","@id":"https:\/\/jsgroup.az\/en\/halfen\/#primaryimage","inLanguage":"ru-RU","url":"http:\/\/jsgroup.az\/wp-content\/uploads\/2021\/02\/Halfen1-286x300.jpg","contentUrl":"http:\/\/jsgroup.az\/wp-content\/uploads\/2021\/02\/Halfen1-286x300.jpg"},{"@type":"WebPage","@id":"https:\/\/jsgroup.az\/en\/halfen\/#webpage","url":"https:\/\/jsgroup.az\/en\/halfen\/","name":"HALFEN &ndash; JS Group","isPartOf":{"@id":"https:\/\/jsgroup.az\/az\/#website"},"primaryImageOfPage":{"@id":"https:\/\/jsgroup.az\/en\/halfen\/#primaryimage"},"datePublished":"2021-02-20T20:48:09+00:00","dateModified":"2021-03-04T20:40:04+00:00","breadcrumb":{"@id":"https:\/\/jsgroup.az\/en\/halfen\/#breadcrumb"},"inLanguage":"ru-RU","potentialAction":[{"@type":"ReadAction","target":["https:\/\/jsgroup.az\/en\/halfen\/"]}]},{"@type":"BreadcrumbList","@id":"https:\/\/jsgroup.az\/en\/halfen\/#breadcrumb","itemListElement":[{"@type":"ListItem","position":1,"name":"Ana S\u0259hif\u0259","item":"https:\/\/jsgroup.az\/"},{"@type":"ListItem","position":2,"name":"HALFEN"}]}]}},"_links":{"self":[{"href":"https:\/\/jsgroup.az\/ru\/wp-json\/wp\/v2\/pages\/6970"}],"collection":[{"href":"https:\/\/jsgroup.az\/ru\/wp-json\/wp\/v2\/pages"}],"about":[{"href":"https:\/\/jsgroup.az\/ru\/wp-json\/wp\/v2\/types\/page"}],"author":[{"embeddable":true,"href":"https:\/\/jsgroup.az\/ru\/wp-json\/wp\/v2\/users\/1"}],"replies":[{"embeddable":true,"href":"https:\/\/jsgroup.az\/ru\/wp-json\/wp\/v2\/comments?post=6970"}],"version-history":[{"count":7,"href":"https:\/\/jsgroup.az\/ru\/wp-json\/wp\/v2\/pages\/6970\/revisions"}],"predecessor-version":[{"id":7116,"href":"https:\/\/jsgroup.az\/ru\/wp-json\/wp\/v2\/pages\/6970\/revisions\/7116"}],"wp:attachment":[{"href":"https:\/\/jsgroup.az\/ru\/wp-json\/wp\/v2\/media?parent=6970"}],"curies":[{"name":"wp","href":"https:\/\/api.w.org\/{rel}","templated":true}]}}