{"id":6952,"date":"2021-02-20T20:37:03","date_gmt":"2021-02-20T20:37:03","guid":{"rendered":"http:\/\/jsgroup.az\/?page_id=6952"},"modified":"2021-03-05T00:46:38","modified_gmt":"2021-03-04T20:46:38","slug":"isedio-2","status":"publish","type":"page","link":"https:\/\/jsgroup.az\/ru\/isedio-2\/","title":{"rendered":"Isedio"},"content":{"rendered":"<h2>Isedio<\/h2>\n<p>\t\t\u041f\u0440\u0435\u0432\u043e\u0441\u0445\u043e\u0434\u043d\u044b\u0435 \u0441\u0438\u0441\u0442\u0435\u043c\u044b \u0441\u0442\u044b\u043a\u043e\u0432 \u0434\u043b\u044f \u043f\u0440\u043e\u043c\u044b\u0448\u043b\u0435\u043d\u043d\u044b\u0445 \u0431\u0435\u0442\u043e\u043d\u043d\u044b\u0445 \u043f\u043e\u043b\u043e\u0432 \u0441 \u0430\u0440\u043c\u0438\u0440\u043e\u0432\u0430\u043d\u043d\u043e\u0439 \u0437\u0430\u0449\u0438\u0442\u043e\u0439 \u043a\u0440\u043e\u043c\u043e\u043a \u0434\u043b\u044f \u0441\u043e\u043a\u0440\u0430\u0449\u0435\u043d\u0438\u044f \u0437\u0430\u0442\u0440\u0430\u0442 \u043d\u0430 \u043e\u0431\u0441\u043b\u0443\u0436\u0438\u0432\u0430\u043d\u0438\u0435 \u0432 \u0437\u043e\u043d\u0430\u0445 \u0441 \u0438\u043d\u0442\u0435\u043d\u0441\u0438\u0432\u043d\u044b\u043c \u0434\u0432\u0438\u0436\u0435\u043d\u0438\u0435\u043c.\u00a0<\/p>\n<p><img loading=\"lazy\"   src=\"http:\/\/jsgroup.az\/wp-content\/uploads\/2021\/02\/Armourjoint-Adjustable-Concrete-Scene-286x300.jpg\"   alt=\"\"   width=\"286\"   height=\"300\" \/> <img loading=\"lazy\"   src=\"http:\/\/jsgroup.az\/wp-content\/uploads\/2021\/02\/Shieldjoint-Adjustable-Concrete-Scene-286x300.jpg\"   alt=\"\"   width=\"286\"   height=\"300\" \/> <img loading=\"lazy\"   src=\"http:\/\/jsgroup.az\/wp-content\/uploads\/2021\/02\/shieldjoint_coleshill-286x300.jpg\"   alt=\"\"   width=\"286\"   height=\"300\" \/><\/p>\n<p>\u0421\u0438\u0441\u0442\u0435\u043c\u044b \u0441\u043e\u0435\u0434\u0438\u043d\u0435\u043d\u0438\u044f Isedio \u043f\u043e\u0437\u0432\u043e\u043b\u044f\u044e\u0442 \u043f\u043e\u0434\u0440\u044f\u0434\u0447\u0438\u043a\u0430\u043c \u043f\u043e \u0443\u043a\u043b\u0430\u0434\u043a\u0435 \u043f\u043e\u043b\u043e\u0432 \u0438\u0437\u0433\u043e\u0442\u0430\u0432\u043b\u0438\u0432\u0430\u0442\u044c \u043f\u043b\u043e\u0441\u043a\u0438\u0435 \u0431\u0435\u0442\u043e\u043d\u043d\u044b\u0435 \u043f\u043e\u043b\u044b \u0441 \u0432\u044b\u0441\u043e\u043a\u0438\u043c\u0438 \u044d\u043a\u0441\u043f\u043b\u0443\u0430\u0442\u0430\u0446\u0438\u043e\u043d\u043d\u044b\u043c\u0438 \u0445\u0430\u0440\u0430\u043a\u0442\u0435\u0440\u0438\u0441\u0442\u0438\u043a\u0430\u043c\u0438 \u043d\u0430 \u043a\u043e\u043c\u043c\u0435\u0440\u0447\u0435\u0441\u043a\u0438\u0445 \u0438 \u043f\u0440\u043e\u043c\u044b\u0448\u043b\u0435\u043d\u043d\u044b\u0445 \u043e\u0431\u044a\u0435\u043a\u0442\u0430\u0445, \u0442\u0430\u043a\u0438\u0445 \u043a\u0430\u043a \u0441\u043a\u043b\u0430\u0434\u044b, \u0444\u0430\u0431\u0440\u0438\u043a\u0438 \u0438 \u043b\u043e\u0433\u0438\u0441\u0442\u0438\u0447\u0435\u0441\u043a\u0438\u0435 \u0446\u0435\u043d\u0442\u0440\u044b. \u041a\u043e\u043c\u0431\u0438\u043d\u0430\u0446\u0438\u044f \u0440\u0430\u0437\u043b\u0438\u0447\u043d\u044b\u0445 \u0441\u0438\u0441\u0442\u0435\u043c Isedio, \u043e\u0441\u043d\u043e\u0432\u0430\u043d\u043d\u0430\u044f \u043d\u0430 \u0440\u0430\u0441\u0447\u0435\u0442\u043d\u044b\u0445 \u043d\u0430\u0433\u0440\u0443\u0437\u043a\u0430\u0445, \u043e\u0431\u044a\u0435\u043c\u0430\u0445 \u0434\u0432\u0438\u0436\u0435\u043d\u0438\u044f \u0438 \u0440\u0430\u0441\u043f\u043e\u043b\u043e\u0436\u0435\u043d\u0438\u0438 \u0441\u0442\u044b\u043a\u0430, \u0447\u0430\u0441\u0442\u043e \u044f\u0432\u043b\u044f\u0435\u0442\u0441\u044f \u043d\u0430\u0438\u0431\u043e\u043b\u0435\u0435 \u044d\u0444\u0444\u0435\u043a\u0442\u0438\u0432\u043d\u044b\u043c \u0438 \u044d\u043a\u043e\u043d\u043e\u043c\u0438\u0447\u043d\u044b\u043c \u0434\u0438\u0437\u0430\u0439\u043d\u0435\u0440\u0441\u043a\u0438\u043c \u0440\u0435\u0448\u0435\u043d\u0438\u0435\u043c.<\/p>\n<p>Isedio Armourjoint - \u044d\u0442\u043e \u0441\u0431\u043e\u0440\u043d\u0430\u044f \u043d\u0435\u0441\u044a\u0435\u043c\u043d\u0430\u044f \u043e\u043f\u0430\u043b\u0443\u0431\u043e\u0447\u043d\u0430\u044f \u0441\u0438\u0441\u0442\u0435\u043c\u0430 \u0441 \u0432\u044b\u0441\u043e\u043a\u043e\u0439 \u043d\u0430\u0433\u0440\u0443\u0437\u043e\u0447\u043d\u043e\u0439 \u0441\u043f\u043e\u0441\u043e\u0431\u043d\u043e\u0441\u0442\u044c\u044e \u0438 \u0443\u0441\u0438\u043b\u0435\u043d\u043d\u043e\u0439 \u0441\u0442\u0430\u043b\u044c\u043d\u043e\u0439 \u0437\u0430\u0449\u0438\u0442\u043e\u0439 \u043a\u0440\u043e\u043c\u043e\u043a, \u043f\u0440\u0435\u0434\u043d\u0430\u0437\u043d\u0430\u0447\u0435\u043d\u043d\u0430\u044f \u0434\u043b\u044f \u043f\u0440\u043e\u0434\u043b\u0435\u043d\u0438\u044f \u0441\u0440\u043e\u043a\u0430 \u0441\u043b\u0443\u0436\u0431\u044b \u043b\u044e\u0431\u043e\u0439 \u0431\u0435\u0442\u043e\u043d\u043d\u043e\u0439 \u043f\u043b\u0438\u0442\u044b \u043f\u0435\u0440\u0435\u043a\u0440\u044b\u0442\u0438\u044f.<\/p>\n<p>Isedio Shieldjoint - \u044d\u0442\u043e \u0438\u0434\u0435\u0430\u043b\u044c\u043d\u043e\u0435 \u0440\u0435\u0448\u0435\u043d\u0438\u0435 \u00ab\u043f\u043e\u0441\u0442\u0430\u0432\u0438\u043b \u0438 \u0437\u0430\u0431\u044b\u043b\u00bb \u0434\u043b\u044f \u0438\u043d\u0442\u0435\u043d\u0441\u0438\u0432\u043d\u043e\u0433\u043e \u0434\u0432\u0438\u0436\u0435\u043d\u0438\u044f \u0438 \u043e\u043f\u0440\u0435\u0434\u0435\u043b\u0435\u043d\u043d\u044b\u0445 \u0437\u043e\u043d \u0434\u0432\u0438\u0436\u0435\u043d\u0438\u044f, \u0442\u0430\u043a\u0438\u0445 \u043a\u0430\u043a \u043f\u0440\u043e\u0445\u043e\u0434\u044b \u0438 \u0434\u0432\u0435\u0440\u043d\u044b\u0435 \u043f\u0440\u043e\u0435\u043c\u044b. \u0423\u043d\u0438\u043a\u0430\u043b\u044c\u043d\u0430\u044f \u0432\u043e\u043b\u043d\u043e\u0432\u0430\u044f \u043a\u043e\u043d\u0441\u0442\u0440\u0443\u043a\u0446\u0438\u044f \u0441\u043d\u0438\u0436\u0430\u0435\u0442 \u0443\u0434\u0430\u0440\u043d\u0443\u044e \u043d\u0430\u0433\u0440\u0443\u0437\u043a\u0443 \u043d\u0430 \u043e\u0434\u043d\u0443 \u0441\u0442\u0430\u043b\u044c\u043d\u0443\u044e \u043a\u0440\u043e\u043c\u043a\u0443, \u043e\u0431\u0435\u0441\u043f\u0435\u0447\u0438\u0432\u0430\u044f \u043f\u043e\u0441\u0442\u043e\u044f\u043d\u043d\u044b\u0439 \u043a\u043e\u043d\u0442\u0430\u043a\u0442 \u043a\u043e\u043b\u0435\u0441\u043d\u043e\u0433\u043e \u0442\u0440\u0430\u043d\u0441\u043f\u043e\u0440\u0442\u0430 \u0441 \u043e\u0431\u0435\u0438\u043c\u0438 \u0432\u0435\u0440\u0445\u043d\u0438\u043c\u0438 \u043f\u043b\u0430\u0441\u0442\u0438\u043d\u0430\u043c\u0438. \u041d\u0435 \u0442\u0440\u0435\u0431\u0443\u044f \u0433\u0435\u0440\u043c\u0435\u0442\u0438\u0437\u0430\u0446\u0438\u0438 \u0441\u0442\u044b\u043a\u043e\u0432, \u044d\u0442\u0430 \u0441\u0438\u0441\u0442\u0435\u043c\u0430 \u0441\u043e\u043a\u0440\u0430\u0449\u0430\u0435\u0442 \u0432\u0440\u0435\u043c\u044f \u0438 \u0440\u0430\u0441\u0445\u043e\u0434\u044b, \u0441\u0432\u044f\u0437\u0430\u043d\u043d\u044b\u0435 \u0441 \u0440\u0435\u043c\u043e\u043d\u0442\u043e\u043c \u0433\u0435\u0440\u043c\u0435\u0442\u0438\u043a\u0430.<\/p>\n<p>\u0412 \u0430\u0441\u0441\u043e\u0440\u0442\u0438\u043c\u0435\u043d\u0442 Isedio \u0442\u0430\u043a\u0436\u0435 \u0432\u0445\u043e\u0434\u0438\u0442 \u0441\u0438\u0441\u0442\u0435\u043c\u0430 \u043d\u0435\u0441\u044a\u0435\u043c\u043d\u044b\u0445 \u0441\u0442\u0440\u043e\u0438\u0442\u0435\u043b\u044c\u043d\u044b\u0445 \u0441\u043e\u0435\u0434\u0438\u043d\u0435\u043d\u0438\u0439 \u0434\u043b\u044f \u0437\u0430\u043b\u0438\u0432\u043a\u0438 \u0431\u0435\u0442\u043e\u043d\u0430 \u0432\u0435\u0440\u0445\u043d\u0435\u0433\u043e \u044d\u0442\u0430\u0436\u0430 \u043d\u0430 \u0441\u0442\u0430\u043b\u044c\u043d\u043e\u0439 \u043d\u0430\u0441\u0442\u0438\u043b, \u043a\u043e\u0442\u043e\u0440\u0430\u044f \u0437\u043d\u0430\u0447\u0438\u0442\u0435\u043b\u044c\u043d\u043e \u044d\u043a\u043e\u043d\u043e\u043c\u0438\u0442 \u0432\u0440\u0435\u043c\u044f \u043f\u043e \u0441\u0440\u0430\u0432\u043d\u0435\u043d\u0438\u044e \u0441 \u0442\u0440\u0430\u0434\u0438\u0446\u0438\u043e\u043d\u043d\u043e\u0439 \u0434\u0435\u0440\u0435\u0432\u044f\u043d\u043d\u043e\u0439 \u043e\u043f\u0430\u043b\u0443\u0431\u043a\u043e\u0439.<\/p>\n<p>\u041f\u043e\u0441\u0435\u0442\u0438\u0442\u0435 \u0432\u0435\u0431-\u0441\u0430\u0439\u0442 Isedio \u0434\u043b\u044f \u043f\u043e\u043b\u0443\u0447\u0435\u043d\u0438\u044f \u0434\u043e\u043f\u043e\u043b\u043d\u0438\u0442\u0435\u043b\u044c\u043d\u043e\u0439 \u0438\u043d\u0444\u043e\u0440\u043c\u0430\u0446\u0438\u0438.<\/p>\n<p><strong><a href=\"http:\/\/www.isedio.com\/\"   target=\"_blank\"   rel=\"noopener\">www.isedio.com<\/a><\/strong><\/p>","protected":false},"excerpt":{"rendered":"<p>Isedio Y\u00fcks\u0259k trafikli \u0259razil\u0259rd\u0259 istismar\u0131 azaltmaq \u00fc\u00e7\u00fcn zirehli k\u0259nar qoruma t\u0259min ed\u0259n s\u0259naye beton d\u00f6\u015f\u0259m\u0259l\u0259ri \u00fc\u00e7\u00fcn \u00fcst\u00fcn birl\u0259\u015fm\u0259 sisteml\u0259ri.\u00a0 Isedio birl\u0259\u015fdirm\u0259 sisteml\u0259ri d\u00f6\u015f\u0259m\u0259 podrat\u00e7\u0131lar\u0131na anbarlar, fabrikl\u0259r v\u0259 lojistik m\u0259rk\u0259zl\u0259ri kimi ticar\u0259t v\u0259 s\u0259naye obyektl\u0259rind\u0259 d\u00fcz, y\u00fcks\u0259k performansl\u0131 beton d\u00f6\u015f\u0259m\u0259l\u0259r atma imkan\u0131 verir. Dizayn y\u00fckl\u0259rin\u0259, trafik h\u0259cml\u0259rin\u0259 v\u0259 birl\u0259\u015fm\u0259nin yerl\u0259\u015fm\u0259sin\u0259 g\u00f6r\u0259 f\u0259rqli Isedio sisteml\u0259rinin birl\u0259\u015fm\u0259si \u00e7ox&#8230;<\/p>","protected":false},"author":1,"featured_media":0,"parent":0,"menu_order":0,"comment_status":"closed","ping_status":"closed","template":"","meta":[],"yoast_head":"<!-- This site is optimized with the Yoast SEO plugin v18.1 - https:\/\/yoast.com\/wordpress\/plugins\/seo\/ -->\n<title>Isedio &ndash; JS Group<\/title>\n<meta name=\"robots\"  content=\"index, follow, max-snippet:-1, max-image-preview:large, max-video-preview:-1\" \/>\n<link rel=\"canonical\"  href=\"https:\/\/jsgroup.az\/ru\/isedio-2\/\" \/>\n<meta property=\"og:locale\"  content=\"ru_RU\" \/>\n<meta property=\"og:type\"  content=\"article\" \/>\n<meta property=\"og:title\"  content=\"Isedio &ndash; JS Group\" \/>\n<meta property=\"og:description\"  content=\"Isedio Y\u00fcks\u0259k trafikli \u0259razil\u0259rd\u0259 istismar\u0131 azaltmaq \u00fc\u00e7\u00fcn zirehli k\u0259nar qoruma t\u0259min ed\u0259n s\u0259naye beton d\u00f6\u015f\u0259m\u0259l\u0259ri \u00fc\u00e7\u00fcn \u00fcst\u00fcn birl\u0259\u015fm\u0259 sisteml\u0259ri.\u00a0 Isedio birl\u0259\u015fdirm\u0259 sisteml\u0259ri d\u00f6\u015f\u0259m\u0259 podrat\u00e7\u0131lar\u0131na anbarlar, fabrikl\u0259r v\u0259 lojistik m\u0259rk\u0259zl\u0259ri kimi ticar\u0259t v\u0259 s\u0259naye obyektl\u0259rind\u0259 d\u00fcz, y\u00fcks\u0259k performansl\u0131 beton d\u00f6\u015f\u0259m\u0259l\u0259r atma imkan\u0131 verir. Dizayn y\u00fckl\u0259rin\u0259, trafik h\u0259cml\u0259rin\u0259 v\u0259 birl\u0259\u015fm\u0259nin yerl\u0259\u015fm\u0259sin\u0259 g\u00f6r\u0259 f\u0259rqli Isedio sisteml\u0259rinin birl\u0259\u015fm\u0259si \u00e7ox...\" \/>\n<meta property=\"og:url\"  content=\"https:\/\/jsgroup.az\/ru\/isedio-2\/\" \/>\n<meta property=\"og:site_name\" content=\"JS Group\" \/>\n<meta property=\"article:publisher\"  content=\"https:\/\/www.facebook.com\/JS-Group-LLC-103618468444954\" \/>\n<meta property=\"article:modified_time\"  content=\"2021-03-04T20:46:38+00:00\" \/>\n<meta property=\"og:image\"  content=\"http:\/\/jsgroup.az\/wp-content\/uploads\/2021\/02\/Armourjoint-Adjustable-Concrete-Scene-286x300.jpg\" \/>\n<meta name=\"twitter:card\" content=\"summary_large_image\" \/>\n<meta name=\"twitter:label1\"  content=\"\u041f\u0440\u0438\u043c\u0435\u0440\u043d\u043e\u0435 \u0432\u0440\u0435\u043c\u044f \u0434\u043b\u044f \u0447\u0442\u0435\u043d\u0438\u044f\" \/>\n\t<meta name=\"twitter:data1\"  content=\"2 \u043c\u0438\u043d\u0443\u0442\u044b\" \/>\n<script type=\"application\/ld+json\" class=\"yoast-schema-graph\">{\"@context\":\"https:\/\/schema.org\",\"@graph\":[{\"@type\":\"Organization\",\"@id\":\"https:\/\/jsgroup.az\/az\/#organization\",\"name\":\"JS Group LLC\",\"url\":\"https:\/\/jsgroup.az\/az\/\",\"sameAs\":[\"https:\/\/www.facebook.com\/JS-Group-LLC-103618468444954\"],\"logo\":{\"@type\":\"ImageObject\",\"@id\":\"https:\/\/jsgroup.az\/az\/#logo\",\"inLanguage\":\"ru-RU\",\"url\":\"https:\/\/jsgroup.az\/wp-content\/uploads\/2021\/02\/logo-js-google.png\",\"contentUrl\":\"https:\/\/jsgroup.az\/wp-content\/uploads\/2021\/02\/logo-js-google.png\",\"width\":2000,\"height\":2000,\"caption\":\"JS Group LLC\"},\"image\":{\"@id\":\"https:\/\/jsgroup.az\/az\/#logo\"}},{\"@type\":\"WebSite\",\"@id\":\"https:\/\/jsgroup.az\/az\/#website\",\"url\":\"https:\/\/jsgroup.az\/az\/\",\"name\":\"JS Group\",\"description\":\"Sizin \u0130n\u015faat \u015eirk\u0259ti\",\"publisher\":{\"@id\":\"https:\/\/jsgroup.az\/az\/#organization\"},\"potentialAction\":[{\"@type\":\"SearchAction\",\"target\":{\"@type\":\"EntryPoint\",\"urlTemplate\":\"https:\/\/jsgroup.az\/az\/?s={search_term_string}\"},\"query-input\":\"required name=search_term_string\"}],\"inLanguage\":\"ru-RU\"},{\"@type\":\"ImageObject\",\"@id\":\"https:\/\/jsgroup.az\/az\/isedio-2\/#primaryimage\",\"inLanguage\":\"ru-RU\",\"url\":\"http:\/\/jsgroup.az\/wp-content\/uploads\/2021\/02\/Armourjoint-Adjustable-Concrete-Scene-286x300.jpg\",\"contentUrl\":\"http:\/\/jsgroup.az\/wp-content\/uploads\/2021\/02\/Armourjoint-Adjustable-Concrete-Scene-286x300.jpg\"},{\"@type\":\"WebPage\",\"@id\":\"https:\/\/jsgroup.az\/az\/isedio-2\/#webpage\",\"url\":\"https:\/\/jsgroup.az\/az\/isedio-2\/\",\"name\":\"Isedio &ndash; JS Group\",\"isPartOf\":{\"@id\":\"https:\/\/jsgroup.az\/az\/#website\"},\"primaryImageOfPage\":{\"@id\":\"https:\/\/jsgroup.az\/az\/isedio-2\/#primaryimage\"},\"datePublished\":\"2021-02-20T20:37:03+00:00\",\"dateModified\":\"2021-03-04T20:46:38+00:00\",\"breadcrumb\":{\"@id\":\"https:\/\/jsgroup.az\/az\/isedio-2\/#breadcrumb\"},\"inLanguage\":\"ru-RU\",\"potentialAction\":[{\"@type\":\"ReadAction\",\"target\":[\"https:\/\/jsgroup.az\/az\/isedio-2\/\"]}]},{\"@type\":\"BreadcrumbList\",\"@id\":\"https:\/\/jsgroup.az\/az\/isedio-2\/#breadcrumb\",\"itemListElement\":[{\"@type\":\"ListItem\",\"position\":1,\"name\":\"Ana S\u0259hif\u0259\",\"item\":\"https:\/\/jsgroup.az\/\"},{\"@type\":\"ListItem\",\"position\":2,\"name\":\"Isedio\"}]}]}<\/script>\n<!-- \/ Yoast SEO plugin. -->","yoast_head_json":{"title":"Isedio &ndash; JS Group","robots":{"index":"index","follow":"follow","max-snippet":"max-snippet:-1","max-image-preview":"max-image-preview:large","max-video-preview":"max-video-preview:-1"},"canonical":"https:\/\/jsgroup.az\/ru\/isedio-2\/","og_locale":"ru_RU","og_type":"article","og_title":"Isedio &ndash; JS Group","og_description":"Isedio Y\u00fcks\u0259k trafikli \u0259razil\u0259rd\u0259 istismar\u0131 azaltmaq \u00fc\u00e7\u00fcn zirehli k\u0259nar qoruma t\u0259min ed\u0259n s\u0259naye beton d\u00f6\u015f\u0259m\u0259l\u0259ri \u00fc\u00e7\u00fcn \u00fcst\u00fcn birl\u0259\u015fm\u0259 sisteml\u0259ri.\u00a0 Isedio birl\u0259\u015fdirm\u0259 sisteml\u0259ri d\u00f6\u015f\u0259m\u0259 podrat\u00e7\u0131lar\u0131na anbarlar, fabrikl\u0259r v\u0259 lojistik m\u0259rk\u0259zl\u0259ri kimi ticar\u0259t v\u0259 s\u0259naye obyektl\u0259rind\u0259 d\u00fcz, y\u00fcks\u0259k performansl\u0131 beton d\u00f6\u015f\u0259m\u0259l\u0259r atma imkan\u0131 verir. Dizayn y\u00fckl\u0259rin\u0259, trafik h\u0259cml\u0259rin\u0259 v\u0259 birl\u0259\u015fm\u0259nin yerl\u0259\u015fm\u0259sin\u0259 g\u00f6r\u0259 f\u0259rqli Isedio sisteml\u0259rinin birl\u0259\u015fm\u0259si \u00e7ox...","og_url":"https:\/\/jsgroup.az\/ru\/isedio-2\/","og_site_name":"JS Group","article_publisher":"https:\/\/www.facebook.com\/JS-Group-LLC-103618468444954","article_modified_time":"2021-03-04T20:46:38+00:00","og_image":[{"url":"http:\/\/jsgroup.az\/wp-content\/uploads\/2021\/02\/Armourjoint-Adjustable-Concrete-Scene-286x300.jpg"}],"twitter_card":"summary_large_image","twitter_misc":{"\u041f\u0440\u0438\u043c\u0435\u0440\u043d\u043e\u0435 \u0432\u0440\u0435\u043c\u044f \u0434\u043b\u044f \u0447\u0442\u0435\u043d\u0438\u044f":"2 \u043c\u0438\u043d\u0443\u0442\u044b"},"schema":{"@context":"https:\/\/schema.org","@graph":[{"@type":"Organization","@id":"https:\/\/jsgroup.az\/az\/#organization","name":"JS Group LLC","url":"https:\/\/jsgroup.az\/az\/","sameAs":["https:\/\/www.facebook.com\/JS-Group-LLC-103618468444954"],"logo":{"@type":"ImageObject","@id":"https:\/\/jsgroup.az\/az\/#logo","inLanguage":"ru-RU","url":"https:\/\/jsgroup.az\/wp-content\/uploads\/2021\/02\/logo-js-google.png","contentUrl":"https:\/\/jsgroup.az\/wp-content\/uploads\/2021\/02\/logo-js-google.png","width":2000,"height":2000,"caption":"JS Group LLC"},"image":{"@id":"https:\/\/jsgroup.az\/az\/#logo"}},{"@type":"WebSite","@id":"https:\/\/jsgroup.az\/az\/#website","url":"https:\/\/jsgroup.az\/az\/","name":"JS Group","description":"Sizin \u0130n\u015faat \u015eirk\u0259ti","publisher":{"@id":"https:\/\/jsgroup.az\/az\/#organization"},"potentialAction":[{"@type":"SearchAction","target":{"@type":"EntryPoint","urlTemplate":"https:\/\/jsgroup.az\/az\/?s={search_term_string}"},"query-input":"required name=search_term_string"}],"inLanguage":"ru-RU"},{"@type":"ImageObject","@id":"https:\/\/jsgroup.az\/az\/isedio-2\/#primaryimage","inLanguage":"ru-RU","url":"http:\/\/jsgroup.az\/wp-content\/uploads\/2021\/02\/Armourjoint-Adjustable-Concrete-Scene-286x300.jpg","contentUrl":"http:\/\/jsgroup.az\/wp-content\/uploads\/2021\/02\/Armourjoint-Adjustable-Concrete-Scene-286x300.jpg"},{"@type":"WebPage","@id":"https:\/\/jsgroup.az\/az\/isedio-2\/#webpage","url":"https:\/\/jsgroup.az\/az\/isedio-2\/","name":"Isedio &ndash; JS Group","isPartOf":{"@id":"https:\/\/jsgroup.az\/az\/#website"},"primaryImageOfPage":{"@id":"https:\/\/jsgroup.az\/az\/isedio-2\/#primaryimage"},"datePublished":"2021-02-20T20:37:03+00:00","dateModified":"2021-03-04T20:46:38+00:00","breadcrumb":{"@id":"https:\/\/jsgroup.az\/az\/isedio-2\/#breadcrumb"},"inLanguage":"ru-RU","potentialAction":[{"@type":"ReadAction","target":["https:\/\/jsgroup.az\/az\/isedio-2\/"]}]},{"@type":"BreadcrumbList","@id":"https:\/\/jsgroup.az\/az\/isedio-2\/#breadcrumb","itemListElement":[{"@type":"ListItem","position":1,"name":"Ana S\u0259hif\u0259","item":"https:\/\/jsgroup.az\/"},{"@type":"ListItem","position":2,"name":"Isedio"}]}]}},"_links":{"self":[{"href":"https:\/\/jsgroup.az\/ru\/wp-json\/wp\/v2\/pages\/6952"}],"collection":[{"href":"https:\/\/jsgroup.az\/ru\/wp-json\/wp\/v2\/pages"}],"about":[{"href":"https:\/\/jsgroup.az\/ru\/wp-json\/wp\/v2\/types\/page"}],"author":[{"embeddable":true,"href":"https:\/\/jsgroup.az\/ru\/wp-json\/wp\/v2\/users\/1"}],"replies":[{"embeddable":true,"href":"https:\/\/jsgroup.az\/ru\/wp-json\/wp\/v2\/comments?post=6952"}],"version-history":[{"count":10,"href":"https:\/\/jsgroup.az\/ru\/wp-json\/wp\/v2\/pages\/6952\/revisions"}],"predecessor-version":[{"id":7132,"href":"https:\/\/jsgroup.az\/ru\/wp-json\/wp\/v2\/pages\/6952\/revisions\/7132"}],"wp:attachment":[{"href":"https:\/\/jsgroup.az\/ru\/wp-json\/wp\/v2\/media?parent=6952"}],"curies":[{"name":"wp","href":"https:\/\/api.w.org\/{rel}","templated":true}]}}