{"id":6935,"date":"2021-02-20T20:25:51","date_gmt":"2021-02-20T20:25:51","guid":{"rendered":"http:\/\/jsgroup.az\/?page_id=6935"},"modified":"2021-03-05T00:47:39","modified_gmt":"2021-03-04T20:47:39","slug":"meadow-burke","status":"publish","type":"page","link":"https:\/\/jsgroup.az\/ru\/meadow-burke\/","title":{"rendered":"Meadow Burke"},"content":{"rendered":"<h2>Meadow Burke<\/h2>\n<p>\t\t\u041e\u0431\u0448\u0438\u0440\u043d\u044b\u0439 \u043f\u043e\u0440\u0442\u0444\u0435\u043b\u044c \u0438\u043d\u0436\u0435\u043d\u0435\u0440\u043d\u044b\u0445 \u0430\u043a\u0441\u0435\u0441\u0441\u0443\u0430\u0440\u043e\u0432 \u0438 \u043f\u0440\u043e\u0434\u0443\u043a\u0442\u043e\u0432 \u0431\u0435\u0437\u043e\u043f\u0430\u0441\u043d\u043e\u0441\u0442\u0438 \u0434\u043b\u044f \u0431\u0435\u0442\u043e\u043d\u043d\u043e\u0433\u043e \u0441\u0442\u0440\u043e\u0438\u0442\u0435\u043b\u044c\u0441\u0442\u0432\u0430.\u00a0<\/p>\n<p><img loading=\"lazy\"   src=\"http:\/\/jsgroup.az\/wp-content\/uploads\/2021\/02\/ABP-Post-1-small-286x300.jpg\"   alt=\"\"   width=\"286\"   height=\"300\" \/> <img loading=\"lazy\"   src=\"http:\/\/jsgroup.az\/wp-content\/uploads\/2021\/02\/construction_selects_023-286x300.jpg\"   alt=\"\"   width=\"286\"   height=\"300\" \/> <img loading=\"lazy\"   src=\"http:\/\/jsgroup.az\/wp-content\/uploads\/2021\/02\/Rapid-Lok-Ultimate-11-Copy-286x300.jpg\"   alt=\"\"   width=\"286\"   height=\"300\" \/><\/p>\n<p>\u041f\u0440\u0438\u043d\u0430\u0434\u043b\u0435\u0436\u043d\u043e\u0441\u0442\u0438 \u0434\u043b\u044f \u0431\u0435\u0442\u043e\u043d\u0430 Meadow Burke \u0438\u0441\u043f\u043e\u043b\u044c\u0437\u0443\u044e\u0442\u0441\u044f \u0432 \u0441\u0431\u043e\u0440\u043d\u043e\u043c \u0436\u0435\u043b\u0435\u0437\u043e\u0431\u0435\u0442\u043e\u043d\u043d\u043e\u043c, \u043e\u0442\u043a\u0438\u0434\u043d\u043e\u043c \u0438 \u043c\u043e\u043d\u043e\u043b\u0438\u0442\u043d\u043e\u043c \u0441\u0442\u0440\u043e\u0438\u0442\u0435\u043b\u044c\u0441\u0442\u0432\u0435 \u043f\u043e \u0432\u0441\u0435\u0439 \u0421\u0435\u0432\u0435\u0440\u043d\u043e\u0439 \u0410\u043c\u0435\u0440\u0438\u043a\u0435 \u0438 \u043f\u043e\u043b\u044c\u0437\u0443\u044e\u0442\u0441\u044f \u0443\u0432\u0430\u0436\u0435\u043d\u0438\u0435\u043c \u0437\u0430 \u0432\u044b\u0441\u043e\u043a\u0443\u044e \u0442\u043e\u0447\u043d\u043e\u0441\u0442\u044c, \u0441\u0442\u0440\u043e\u0433\u0438\u0439 \u043a\u043e\u043d\u0442\u0440\u043e\u043b\u044c \u043a\u0430\u0447\u0435\u0441\u0442\u0432\u0430 \u0438 \u043d\u0430\u0434\u0435\u0436\u043d\u043e\u0441\u0442\u044c.<\/p>\n<p>\u041f\u043e\u0434\u0442\u044f\u0436\u043a\u0438 Meadow Burke \u044f\u0432\u043b\u044f\u044e\u0442\u0441\u044f \u043e\u0431\u044b\u0447\u043d\u044b\u043c \u044f\u0432\u043b\u0435\u043d\u0438\u0435\u043c \u043d\u0430 \u0442\u044b\u0441\u044f\u0447\u0430\u0445 \u0440\u0430\u0431\u043e\u0447\u0438\u0445 \u043f\u043b\u043e\u0449\u0430\u0434\u043e\u043a \u0441 \u043f\u043e\u0434\u044a\u0435\u043c\u043e\u043c \u0432\u0432\u0435\u0440\u0445 \u043a\u0430\u0436\u0434\u044b\u0439 \u0433\u043e\u0434, \u043a\u0430\u043a \u0438 \u0441\u043e\u0435\u0434\u0438\u043d\u0435\u043d\u0438\u044f \u043f\u0430\u043d\u0435\u043b\u0438 Super Lynk \u0441 \u043e\u043f\u043e\u0440\u043e\u0439 \u0438 \u043f\u043e\u0434\u044a\u0435\u043c\u043d\u043e\u0435 \u043e\u0431\u043e\u0440\u0443\u0434\u043e\u0432\u0430\u043d\u0438\u0435 Super Lift III.<\/p>\n<p>\u0421\u0440\u0435\u0434\u0438 \u0441\u043f\u0435\u0446\u0438\u0430\u043b\u044c\u043d\u043e \u0440\u0430\u0437\u0440\u0430\u0431\u043e\u0442\u0430\u043d\u043d\u044b\u0445 \u043f\u0440\u043e\u0434\u0443\u043a\u0442\u043e\u0432 \u0434\u043b\u044f \u0441\u0431\u043e\u0440\u043d\u043e\u0433\u043e \u0441\u0442\u0440\u043e\u0438\u0442\u0435\u043b\u044c\u0441\u0442\u0432\u0430 - Rapid Lok Ultimate - \u0441\u0442\u0430\u043b\u044c\u043d\u0430\u044f \u0437\u0430\u043c\u0435\u043d\u0430 \u0431\u0435\u0442\u043e\u043d\u043d\u044b\u0445 \u043a\u043e\u043d\u0441\u043e\u043b\u0435\u0439, \u043a\u043e\u0442\u043e\u0440\u0430\u044f \u0443\u043f\u0440\u043e\u0449\u0430\u0435\u0442 \u0441\u0442\u0440\u043e\u0438\u0442\u0435\u043b\u044c\u0441\u0442\u0432\u043e \u0438 \u0441\u043d\u0438\u0436\u0430\u0435\u0442 \u0437\u0430\u0442\u0440\u0430\u0442\u044b. \u041b\u0438\u043d\u0438\u044f \u043f\u0440\u043e\u0434\u0443\u043a\u0446\u0438\u0438 Meadow Burke Rapid Lift \u0442\u0430\u043a\u0436\u0435 \u044f\u0432\u043b\u044f\u0435\u0442\u0441\u044f \u043b\u0438\u0434\u0435\u0440\u043e\u043c \u043e\u0442\u0440\u0430\u0441\u043b\u0438 \u0432 \u043e\u0431\u043b\u0430\u0441\u0442\u0438 \u043f\u043e\u0434\u044a\u0435\u043c\u0430 \u0438 \u043c\u043e\u043d\u0442\u0430\u0436\u0430 \u0441\u0431\u043e\u0440\u043d\u044b\u0445 \u0436\u0435\u043b\u0435\u0437\u043e\u0431\u0435\u0442\u043e\u043d\u043d\u044b\u0445 \u043f\u0430\u043d\u0435\u043b\u0435\u0439.<\/p>\n<p>\u041f\u0440\u043e\u0434\u0443\u043a\u0446\u0438\u044f Meadow Burke \u0434\u043b\u044f \u0431\u0435\u0442\u043e\u043d\u043d\u044b\u0445 \u0434\u0435\u0444\u043e\u0440\u043c\u0430\u0446\u0438\u043e\u043d\u043d\u044b\u0445 \u0448\u0432\u043e\u0432 \u0432\u043a\u043b\u044e\u0447\u0430\u0435\u0442 \u043b\u0438\u043d\u0435\u0439\u043a\u0438 \u043f\u0440\u043e\u0434\u0443\u043a\u0442\u043e\u0432 Double Shear Dowel \u0438 Lockable Dowel, \u043e\u0431\u0435 \u0438\u0437 \u043a\u043e\u0442\u043e\u0440\u044b\u0445 \u043e\u0431\u043b\u0430\u0434\u0430\u044e\u0442 \u043c\u043d\u043e\u0433\u043e\u0447\u0438\u0441\u043b\u0435\u043d\u043d\u044b\u043c\u0438 \u043f\u0440\u0435\u0438\u043c\u0443\u0449\u0435\u0441\u0442\u0432\u0430\u043c\u0438 \u043f\u043e \u0441\u0440\u0430\u0432\u043d\u0435\u043d\u0438\u044e \u0441 \u0442\u0440\u0430\u0434\u0438\u0446\u0438\u043e\u043d\u043d\u044b\u043c\u0438 \u043c\u0435\u0442\u043e\u0434\u0430\u043c\u0438 \u0441\u0442\u0440\u043e\u0438\u0442\u0435\u043b\u044c\u0441\u0442\u0432\u0430.<\/p>\n<p>\u041f\u043e\u0441\u0435\u0442\u0438\u0442\u0435 \u0432\u0435\u0431-\u0441\u0430\u0439\u0442 Meadow Burke \u0434\u043b\u044f \u043f\u043e\u043b\u0443\u0447\u0435\u043d\u0438\u044f \u0434\u043e\u043f\u043e\u043b\u043d\u0438\u0442\u0435\u043b\u044c\u043d\u043e\u0439 \u0438\u043d\u0444\u043e\u0440\u043c\u0430\u0446\u0438\u0438.<\/p>\n<p><a href=\"https:\/\/meadowburke.com\/\"   target=\"_blank\"   rel=\"noopener\"><strong>www.meadowburke.com<\/strong><\/a><\/p>","protected":false},"excerpt":{"rendered":"<p>Meadow Burke Beton konstruksiya \u00fc\u00e7\u00fcn haz\u0131rlanm\u0131\u015f aksesuar v\u0259 t\u0259hl\u00fck\u0259sizlik m\u0259hsullar\u0131n\u0131n geni\u015f portfeli.\u00a0 Meadow Burke\u200b beton aksesuarlar\u0131 \u015eimali Amerikada y\u0131\u011fma, \u0259yilm\u0259 v\u0259 yerind\u0259 qurulma i\u015fl\u0259rind\u0259 istifad\u0259 olunur v\u0259 m\u00fch\u0259ndis d\u0259qiqliyi, s\u0259rt keyfiyy\u0259t\u0259 n\u0259zar\u0259t z\u0259man\u0259tl\u0259ri v\u0259 etibarl\u0131 etibarl\u0131l\u0131\u011f\u0131 il\u0259 h\u00f6rm\u0259t edilir. Meadow Burke\u200b braketl\u0259ri, h\u0259r il minl\u0259rl\u0259 \u0259yilmi\u015f i\u015f yerind\u0259, Super Lynk paneld\u0259n aya\u011fa ke\u00e7id \u0259laq\u0259l\u0259ri v\u0259&#8230;<\/p>","protected":false},"author":1,"featured_media":0,"parent":0,"menu_order":0,"comment_status":"closed","ping_status":"closed","template":"","meta":[],"yoast_head":"<!-- This site is optimized with the Yoast SEO plugin v18.1 - https:\/\/yoast.com\/wordpress\/plugins\/seo\/ -->\n<title>Meadow Burke &ndash; JS Group<\/title>\n<meta name=\"robots\"  content=\"index, follow, max-snippet:-1, max-image-preview:large, max-video-preview:-1\" \/>\n<link rel=\"canonical\"  href=\"https:\/\/jsgroup.az\/ru\/meadow-burke\/\" \/>\n<meta property=\"og:locale\"  content=\"ru_RU\" \/>\n<meta property=\"og:type\"  content=\"article\" \/>\n<meta property=\"og:title\"  content=\"Meadow Burke &ndash; JS Group\" \/>\n<meta property=\"og:description\"  content=\"Meadow Burke Beton konstruksiya \u00fc\u00e7\u00fcn haz\u0131rlanm\u0131\u015f aksesuar v\u0259 t\u0259hl\u00fck\u0259sizlik m\u0259hsullar\u0131n\u0131n geni\u015f portfeli.\u00a0 Meadow Burke\u200b beton aksesuarlar\u0131 \u015eimali Amerikada y\u0131\u011fma, \u0259yilm\u0259 v\u0259 yerind\u0259 qurulma i\u015fl\u0259rind\u0259 istifad\u0259 olunur v\u0259 m\u00fch\u0259ndis d\u0259qiqliyi, s\u0259rt keyfiyy\u0259t\u0259 n\u0259zar\u0259t z\u0259man\u0259tl\u0259ri v\u0259 etibarl\u0131 etibarl\u0131l\u0131\u011f\u0131 il\u0259 h\u00f6rm\u0259t edilir. Meadow Burke\u200b braketl\u0259ri, h\u0259r il minl\u0259rl\u0259 \u0259yilmi\u015f i\u015f yerind\u0259, Super Lynk paneld\u0259n aya\u011fa ke\u00e7id \u0259laq\u0259l\u0259ri v\u0259...\" \/>\n<meta property=\"og:url\"  content=\"https:\/\/jsgroup.az\/ru\/meadow-burke\/\" \/>\n<meta property=\"og:site_name\" content=\"JS Group\" \/>\n<meta property=\"article:publisher\"  content=\"https:\/\/www.facebook.com\/JS-Group-LLC-103618468444954\" \/>\n<meta property=\"article:modified_time\"  content=\"2021-03-04T20:47:39+00:00\" \/>\n<meta property=\"og:image\"  content=\"http:\/\/jsgroup.az\/wp-content\/uploads\/2021\/02\/ABP-Post-1-small-286x300.jpg\" \/>\n<meta name=\"twitter:card\" content=\"summary_large_image\" \/>\n<meta name=\"twitter:label1\"  content=\"\u041f\u0440\u0438\u043c\u0435\u0440\u043d\u043e\u0435 \u0432\u0440\u0435\u043c\u044f \u0434\u043b\u044f \u0447\u0442\u0435\u043d\u0438\u044f\" \/>\n\t<meta name=\"twitter:data1\"  content=\"2 \u043c\u0438\u043d\u0443\u0442\u044b\" \/>\n<script type=\"application\/ld+json\" class=\"yoast-schema-graph\">{\"@context\":\"https:\/\/schema.org\",\"@graph\":[{\"@type\":\"Organization\",\"@id\":\"https:\/\/jsgroup.az\/az\/#organization\",\"name\":\"JS Group LLC\",\"url\":\"https:\/\/jsgroup.az\/az\/\",\"sameAs\":[\"https:\/\/www.facebook.com\/JS-Group-LLC-103618468444954\"],\"logo\":{\"@type\":\"ImageObject\",\"@id\":\"https:\/\/jsgroup.az\/az\/#logo\",\"inLanguage\":\"ru-RU\",\"url\":\"https:\/\/jsgroup.az\/wp-content\/uploads\/2021\/02\/logo-js-google.png\",\"contentUrl\":\"https:\/\/jsgroup.az\/wp-content\/uploads\/2021\/02\/logo-js-google.png\",\"width\":2000,\"height\":2000,\"caption\":\"JS Group LLC\"},\"image\":{\"@id\":\"https:\/\/jsgroup.az\/az\/#logo\"}},{\"@type\":\"WebSite\",\"@id\":\"https:\/\/jsgroup.az\/az\/#website\",\"url\":\"https:\/\/jsgroup.az\/az\/\",\"name\":\"JS Group\",\"description\":\"Sizin \u0130n\u015faat \u015eirk\u0259ti\",\"publisher\":{\"@id\":\"https:\/\/jsgroup.az\/az\/#organization\"},\"potentialAction\":[{\"@type\":\"SearchAction\",\"target\":{\"@type\":\"EntryPoint\",\"urlTemplate\":\"https:\/\/jsgroup.az\/az\/?s={search_term_string}\"},\"query-input\":\"required name=search_term_string\"}],\"inLanguage\":\"ru-RU\"},{\"@type\":\"ImageObject\",\"@id\":\"https:\/\/jsgroup.az\/en\/meadow-burke\/#primaryimage\",\"inLanguage\":\"ru-RU\",\"url\":\"http:\/\/jsgroup.az\/wp-content\/uploads\/2021\/02\/ABP-Post-1-small-286x300.jpg\",\"contentUrl\":\"http:\/\/jsgroup.az\/wp-content\/uploads\/2021\/02\/ABP-Post-1-small-286x300.jpg\"},{\"@type\":\"WebPage\",\"@id\":\"https:\/\/jsgroup.az\/en\/meadow-burke\/#webpage\",\"url\":\"https:\/\/jsgroup.az\/en\/meadow-burke\/\",\"name\":\"Meadow Burke &ndash; JS Group\",\"isPartOf\":{\"@id\":\"https:\/\/jsgroup.az\/az\/#website\"},\"primaryImageOfPage\":{\"@id\":\"https:\/\/jsgroup.az\/en\/meadow-burke\/#primaryimage\"},\"datePublished\":\"2021-02-20T20:25:51+00:00\",\"dateModified\":\"2021-03-04T20:47:39+00:00\",\"breadcrumb\":{\"@id\":\"https:\/\/jsgroup.az\/en\/meadow-burke\/#breadcrumb\"},\"inLanguage\":\"ru-RU\",\"potentialAction\":[{\"@type\":\"ReadAction\",\"target\":[\"https:\/\/jsgroup.az\/en\/meadow-burke\/\"]}]},{\"@type\":\"BreadcrumbList\",\"@id\":\"https:\/\/jsgroup.az\/en\/meadow-burke\/#breadcrumb\",\"itemListElement\":[{\"@type\":\"ListItem\",\"position\":1,\"name\":\"Ana S\u0259hif\u0259\",\"item\":\"https:\/\/jsgroup.az\/\"},{\"@type\":\"ListItem\",\"position\":2,\"name\":\"Meadow Burke\"}]}]}<\/script>\n<!-- \/ Yoast SEO plugin. -->","yoast_head_json":{"title":"Meadow Burke &ndash; JS Group","robots":{"index":"index","follow":"follow","max-snippet":"max-snippet:-1","max-image-preview":"max-image-preview:large","max-video-preview":"max-video-preview:-1"},"canonical":"https:\/\/jsgroup.az\/ru\/meadow-burke\/","og_locale":"ru_RU","og_type":"article","og_title":"Meadow Burke &ndash; JS Group","og_description":"Meadow Burke Beton konstruksiya \u00fc\u00e7\u00fcn haz\u0131rlanm\u0131\u015f aksesuar v\u0259 t\u0259hl\u00fck\u0259sizlik m\u0259hsullar\u0131n\u0131n geni\u015f portfeli.\u00a0 Meadow Burke\u200b beton aksesuarlar\u0131 \u015eimali Amerikada y\u0131\u011fma, \u0259yilm\u0259 v\u0259 yerind\u0259 qurulma i\u015fl\u0259rind\u0259 istifad\u0259 olunur v\u0259 m\u00fch\u0259ndis d\u0259qiqliyi, s\u0259rt keyfiyy\u0259t\u0259 n\u0259zar\u0259t z\u0259man\u0259tl\u0259ri v\u0259 etibarl\u0131 etibarl\u0131l\u0131\u011f\u0131 il\u0259 h\u00f6rm\u0259t edilir. Meadow Burke\u200b braketl\u0259ri, h\u0259r il minl\u0259rl\u0259 \u0259yilmi\u015f i\u015f yerind\u0259, Super Lynk paneld\u0259n aya\u011fa ke\u00e7id \u0259laq\u0259l\u0259ri v\u0259...","og_url":"https:\/\/jsgroup.az\/ru\/meadow-burke\/","og_site_name":"JS Group","article_publisher":"https:\/\/www.facebook.com\/JS-Group-LLC-103618468444954","article_modified_time":"2021-03-04T20:47:39+00:00","og_image":[{"url":"http:\/\/jsgroup.az\/wp-content\/uploads\/2021\/02\/ABP-Post-1-small-286x300.jpg"}],"twitter_card":"summary_large_image","twitter_misc":{"\u041f\u0440\u0438\u043c\u0435\u0440\u043d\u043e\u0435 \u0432\u0440\u0435\u043c\u044f \u0434\u043b\u044f \u0447\u0442\u0435\u043d\u0438\u044f":"2 \u043c\u0438\u043d\u0443\u0442\u044b"},"schema":{"@context":"https:\/\/schema.org","@graph":[{"@type":"Organization","@id":"https:\/\/jsgroup.az\/az\/#organization","name":"JS Group LLC","url":"https:\/\/jsgroup.az\/az\/","sameAs":["https:\/\/www.facebook.com\/JS-Group-LLC-103618468444954"],"logo":{"@type":"ImageObject","@id":"https:\/\/jsgroup.az\/az\/#logo","inLanguage":"ru-RU","url":"https:\/\/jsgroup.az\/wp-content\/uploads\/2021\/02\/logo-js-google.png","contentUrl":"https:\/\/jsgroup.az\/wp-content\/uploads\/2021\/02\/logo-js-google.png","width":2000,"height":2000,"caption":"JS Group LLC"},"image":{"@id":"https:\/\/jsgroup.az\/az\/#logo"}},{"@type":"WebSite","@id":"https:\/\/jsgroup.az\/az\/#website","url":"https:\/\/jsgroup.az\/az\/","name":"JS Group","description":"Sizin \u0130n\u015faat \u015eirk\u0259ti","publisher":{"@id":"https:\/\/jsgroup.az\/az\/#organization"},"potentialAction":[{"@type":"SearchAction","target":{"@type":"EntryPoint","urlTemplate":"https:\/\/jsgroup.az\/az\/?s={search_term_string}"},"query-input":"required name=search_term_string"}],"inLanguage":"ru-RU"},{"@type":"ImageObject","@id":"https:\/\/jsgroup.az\/en\/meadow-burke\/#primaryimage","inLanguage":"ru-RU","url":"http:\/\/jsgroup.az\/wp-content\/uploads\/2021\/02\/ABP-Post-1-small-286x300.jpg","contentUrl":"http:\/\/jsgroup.az\/wp-content\/uploads\/2021\/02\/ABP-Post-1-small-286x300.jpg"},{"@type":"WebPage","@id":"https:\/\/jsgroup.az\/en\/meadow-burke\/#webpage","url":"https:\/\/jsgroup.az\/en\/meadow-burke\/","name":"Meadow Burke &ndash; JS Group","isPartOf":{"@id":"https:\/\/jsgroup.az\/az\/#website"},"primaryImageOfPage":{"@id":"https:\/\/jsgroup.az\/en\/meadow-burke\/#primaryimage"},"datePublished":"2021-02-20T20:25:51+00:00","dateModified":"2021-03-04T20:47:39+00:00","breadcrumb":{"@id":"https:\/\/jsgroup.az\/en\/meadow-burke\/#breadcrumb"},"inLanguage":"ru-RU","potentialAction":[{"@type":"ReadAction","target":["https:\/\/jsgroup.az\/en\/meadow-burke\/"]}]},{"@type":"BreadcrumbList","@id":"https:\/\/jsgroup.az\/en\/meadow-burke\/#breadcrumb","itemListElement":[{"@type":"ListItem","position":1,"name":"Ana S\u0259hif\u0259","item":"https:\/\/jsgroup.az\/"},{"@type":"ListItem","position":2,"name":"Meadow Burke"}]}]}},"_links":{"self":[{"href":"https:\/\/jsgroup.az\/ru\/wp-json\/wp\/v2\/pages\/6935"}],"collection":[{"href":"https:\/\/jsgroup.az\/ru\/wp-json\/wp\/v2\/pages"}],"about":[{"href":"https:\/\/jsgroup.az\/ru\/wp-json\/wp\/v2\/types\/page"}],"author":[{"embeddable":true,"href":"https:\/\/jsgroup.az\/ru\/wp-json\/wp\/v2\/users\/1"}],"replies":[{"embeddable":true,"href":"https:\/\/jsgroup.az\/ru\/wp-json\/wp\/v2\/comments?post=6935"}],"version-history":[{"count":10,"href":"https:\/\/jsgroup.az\/ru\/wp-json\/wp\/v2\/pages\/6935\/revisions"}],"predecessor-version":[{"id":7141,"href":"https:\/\/jsgroup.az\/ru\/wp-json\/wp\/v2\/pages\/6935\/revisions\/7141"}],"wp:attachment":[{"href":"https:\/\/jsgroup.az\/ru\/wp-json\/wp\/v2\/media?parent=6935"}],"curies":[{"name":"wp","href":"https:\/\/api.w.org\/{rel}","templated":true}]}}