{"id":6934,"date":"2021-02-20T20:24:56","date_gmt":"2021-02-20T20:24:56","guid":{"rendered":"http:\/\/jsgroup.az\/?page_id=6934"},"modified":"2021-03-05T00:47:20","modified_gmt":"2021-03-04T20:47:20","slug":"connolly","status":"publish","type":"page","link":"https:\/\/jsgroup.az\/ru\/connolly\/","title":{"rendered":"Connolly"},"content":{"rendered":"<h2>Connolly<\/h2>\n<p>\t\t\u0421\u0438\u0441\u0442\u0435\u043c\u044b \u0434\u044e\u0431\u0435\u043b\u0435\u0439 \u0438 \u043d\u0435\u043f\u0440\u0435\u0440\u044b\u0432\u043d\u043e\u0439 \u0437\u0430\u043b\u0438\u0432\u043a\u0438 \u0434\u043b\u044f \u043f\u043b\u0438\u0442 \u043d\u0430 \u0437\u0435\u043c\u043b\u0435, \u0442\u0430\u043a\u0438\u0445 \u043a\u0430\u043a \u0442\u0440\u043e\u0442\u0443\u0430\u0440\u044b \u0438 \u043f\u0440\u043e\u043c\u044b\u0448\u043b\u0435\u043d\u043d\u044b\u0435 \u0431\u0435\u0442\u043e\u043d\u043d\u044b\u0435 \u043f\u043e\u043b\u044b.\u00a0<\/p>\n<p><img loading=\"lazy\"   src=\"http:\/\/jsgroup.az\/wp-content\/uploads\/2021\/02\/Biscuit-Dowels-286x300.jpg\"   alt=\"\"   width=\"286\"   height=\"300\" \/> <img loading=\"lazy\"   src=\"http:\/\/jsgroup.az\/wp-content\/uploads\/2021\/02\/Expansion-Joint-286x300.jpg\"   alt=\"\"   width=\"286\"   height=\"300\" \/> <img loading=\"lazy\"   src=\"http:\/\/jsgroup.az\/wp-content\/uploads\/2021\/02\/Key-Joint-286x300.jpg\"   alt=\"\"   width=\"286\"   height=\"300\" \/><\/p>\n<p>\u0417\u0430 \u043f\u043e\u0441\u043b\u0435\u0434\u043d\u0438\u0435 30 \u0441 \u043b\u0438\u0448\u043d\u0438\u043c \u043b\u0435\u0442 \u043a\u043e\u043c\u043f\u0430\u043d\u0438\u044f Connolly \u0437\u0430\u0440\u0435\u043a\u043e\u043c\u0435\u043d\u0434\u043e\u0432\u0430\u043b\u0430 \u0441\u0435\u0431\u044f \u0431\u043b\u0430\u0433\u043e\u0434\u0430\u0440\u044f \u043a\u0430\u0447\u0435\u0441\u0442\u0432\u0443 \u0438 \u0438\u043d\u043d\u043e\u0432\u0430\u0446\u0438\u044f\u043c \u0438 \u044f\u0432\u043b\u044f\u0435\u0442\u0441\u044f \u043b\u0438\u0434\u0435\u0440\u043e\u043c \u0432 \u043e\u0431\u043b\u0430\u0441\u0442\u0438 \u0440\u0435\u0448\u0435\u043d\u0438\u0439 \u0434\u043b\u044f \u0441\u043e\u0435\u0434\u0438\u043d\u0435\u043d\u0438\u044f \u0431\u0435\u0442\u043e\u043d\u043d\u044b\u0445 \u043f\u043b\u0438\u0442 \u0441 \u0433\u0440\u0443\u043d\u0442\u043e\u043c. \u0410\u0441\u0441\u043e\u0440\u0442\u0438\u043c\u0435\u043d\u0442 \u043e\u0445\u0432\u0430\u0442\u044b\u0432\u0430\u0435\u0442 \u0432\u0441\u0435 \u043e\u0431\u043b\u0430\u0441\u0442\u0438 \u043f\u0440\u0438\u043c\u0435\u043d\u0435\u043d\u0438\u044f, \u043e\u0442 \u043b\u0435\u0433\u043a\u0438\u0445 \u043f\u0435\u0448\u0435\u0445\u043e\u0434\u043d\u044b\u0445 \u0434\u043e\u0440\u043e\u0436\u0435\u043a \u0432 \u0436\u0438\u043b\u043e\u043c \u0441\u0435\u043a\u0442\u043e\u0440\u0435 \u0434\u043e \u0442\u044f\u0436\u0435\u043b\u044b\u0445 \u0442\u0440\u0435\u0431\u043e\u0432\u0430\u043d\u0438\u0439, \u043f\u0440\u0435\u0434\u044a\u044f\u0432\u043b\u044f\u0435\u043c\u044b\u0445 \u043a \u043f\u0440\u043e\u043c\u044b\u0448\u043b\u0435\u043d\u043d\u044b\u043c \u0441\u043a\u043b\u0430\u0434\u0441\u043a\u0438\u043c \u043f\u043b\u0438\u0442\u0430\u043c \u0431\u043e\u043b\u044c\u0448\u043e\u0433\u043e \u0440\u0430\u0437\u043c\u0435\u0440\u0430.<\/p>\n<p>\u0412\u0435\u0440\u043e\u044f\u0442\u043d\u043e, \u043d\u0430\u0438\u0431\u043e\u043b\u0435\u0435 \u0438\u0437\u0432\u0435\u0441\u0442\u043d\u0430\u044f \u0431\u043b\u0430\u0433\u043e\u0434\u0430\u0440\u044f \u043d\u0435\u0441\u044a\u0435\u043c\u043d\u043e\u0439 \u043e\u043f\u0430\u043b\u0443\u0431\u043a\u0435 \u043a\u043b\u044e\u0447\u0435\u0432\u044b\u0445 \u0438 \u043a\u043e\u043c\u043f\u0435\u043d\u0441\u0430\u0446\u0438\u043e\u043d\u043d\u044b\u0445 \u0448\u0432\u043e\u0432, \u043a\u043e\u0442\u043e\u0440\u044b\u0435 \u043f\u043e\u0437\u0432\u043e\u043b\u044f\u044e\u0442 \u043d\u0435\u043f\u0440\u0435\u0440\u044b\u0432\u043d\u043e \u0437\u0430\u043b\u0438\u0432\u0430\u0442\u044c \u0431\u0435\u0442\u043e\u043d, \u0430\u0441\u0441\u043e\u0440\u0442\u0438\u043c\u0435\u043d\u0442 Connolly \u0442\u0430\u043a\u0436\u0435 \u0432\u043a\u043b\u044e\u0447\u0430\u0435\u0442 \u0432 \u0441\u0435\u0431\u044f \u0434\u044e\u0431\u0435\u043b\u044c\u043d\u044b\u0435 \u043b\u044e\u043b\u044c\u043a\u0438 \u0434\u043b\u044f \u043f\u0435\u0440\u0435\u0434\u0430\u0447\u0438 \u043d\u0430\u0433\u0440\u0443\u0437\u043a\u0438 \u0432 \u0443\u0441\u0430\u0434\u043e\u0447\u043d\u044b\u0445 \u0448\u0432\u0430\u0445 \u043f\u0440\u0438 \u0440\u0430\u0441\u043f\u0438\u043b\u043e\u0432\u043a\u0435 \u0438 \u0440\u0435\u0448\u0435\u043d\u0438\u044f \u043f\u043e \u0441\u043e\u0435\u0434\u0438\u043d\u0435\u043d\u0438\u044e \u0434\u043b\u044f \u0442\u0440\u0430\u0434\u0438\u0446\u0438\u043e\u043d\u043d\u044b\u0445 \u043f\u0440\u0438\u043c\u0435\u043d\u0435\u043d\u0438\u0439 \u043e\u043f\u0430\u043b\u0443\u0431\u043a\u0438, \u0442\u0430\u043a\u0438\u0445 \u043a\u0430\u043a \u041f\u043b\u0430\u0441\u0442\u0438\u043d\u0447\u0430\u0442\u044b\u0435 \u0434\u044e\u0431\u0435\u043b\u0438 \u0438 \u0443\u043d\u0438\u0432\u0435\u0440\u0441\u0430\u043b\u044c\u043d\u044b\u0435 \u0434\u044e\u0431\u0435\u043b\u0438.<\/p>\n<p>\u0414\u043e\u043f\u043e\u043b\u043d\u0438\u0442\u0435\u043b\u044c\u043d\u044b\u0435 \u0430\u043a\u0441\u0435\u0441\u0441\u0443\u0430\u0440\u044b \u0434\u043b\u044f \u0431\u0435\u0442\u043e\u043d\u043d\u044b\u0445 \u043f\u043e\u043b\u043e\u0432, \u0432 \u0442\u043e\u043c \u0447\u0438\u0441\u043b\u0435 \u0444\u043e\u0440\u043c\u044b \u0434\u043b\u044f \u0444\u0430\u043b\u044c\u0446\u0435\u0432, \u043f\u0435\u043d\u043e\u043f\u043b\u0430\u0441\u0442\u044b \u0438 \u0438\u043d\u0434\u0443\u043a\u0442\u043e\u0440\u044b \u0442\u0440\u0435\u0449\u0438\u043d, \u0434\u043e\u043f\u043e\u043b\u043d\u044f\u044e\u0442 \u043e\u0431\u0448\u0438\u0440\u043d\u044b\u0439 \u0430\u0441\u0441\u043e\u0440\u0442\u0438\u043c\u0435\u043d\u0442 Connolly.<\/p>\n<p>\u041f\u043e\u0441\u0435\u0442\u0438\u0442\u0435 \u0432\u0435\u0431-\u0441\u0430\u0439\u0442 Connolly \u0434\u043b\u044f \u043f\u043e\u043b\u0443\u0447\u0435\u043d\u0438\u044f \u0434\u043e\u043f\u043e\u043b\u043d\u0438\u0442\u0435\u043b\u044c\u043d\u043e\u0439 \u0438\u043d\u0444\u043e\u0440\u043c\u0430\u0446\u0438\u0438<\/p>\n<p><a href=\"https:\/\/www.connollykeyjoint.com\/\"   target=\"_blank\"   rel=\"noopener\"><strong>www.connollykeyjoint.com<\/strong><\/a><\/p>","protected":false},"excerpt":{"rendered":"<p>Connolly D\u00f6\u015f\u0259m\u0259 v\u0259 s\u0259naye beton d\u00f6\u015f\u0259m\u0259l\u0259ri kimi d\u00f6\u015f\u0259m\u0259 d\u00f6\u015f\u0259m\u0259l\u0259ri \u00fc\u00e7\u00fcn d\u00fcbel v\u0259 davaml\u0131 t\u00f6km\u0259 birl\u0259\u015fm\u0259 sisteml\u0259ri.\u00a0 Son 30 ild\u0259n art\u0131q bir m\u00fcdd\u0259td\u0259 keyfiyy\u0259t v\u0259 yenilik \u00fc\u00e7\u00fcn bir \u015f\u00f6hr\u0259t qazanan Connolly, yer \u00fcz\u00fcnd\u0259 beton birl\u0259\u015fm\u0259 h\u0259ll\u0259rind\u0259 liderdir. Bu \u00e7e\u015fid ya\u015fay\u0131\u015f sah\u0259sinin y\u00fcng\u00fcl yol piyada yollar\u0131ndan tutmu\u015f b\u00f6y\u00fck miqyasl\u0131 s\u0259naye anbar plit\u0259l\u0259rinin a\u011f\u0131r t\u0259l\u0259bl\u0259rin\u0259 q\u0259d\u0259r b\u00fct\u00fcn t\u0259tbiql\u0259ri&#8230;<\/p>","protected":false},"author":1,"featured_media":0,"parent":0,"menu_order":0,"comment_status":"closed","ping_status":"closed","template":"","meta":[],"yoast_head":"<!-- This site is optimized with the Yoast SEO plugin v18.1 - https:\/\/yoast.com\/wordpress\/plugins\/seo\/ -->\n<title>Connolly &ndash; JS Group<\/title>\n<meta name=\"robots\"  content=\"index, follow, max-snippet:-1, max-image-preview:large, max-video-preview:-1\" \/>\n<link rel=\"canonical\"  href=\"https:\/\/jsgroup.az\/ru\/connolly\/\" \/>\n<meta property=\"og:locale\"  content=\"ru_RU\" \/>\n<meta property=\"og:type\"  content=\"article\" \/>\n<meta property=\"og:title\"  content=\"Connolly &ndash; JS Group\" \/>\n<meta property=\"og:description\"  content=\"Connolly D\u00f6\u015f\u0259m\u0259 v\u0259 s\u0259naye beton d\u00f6\u015f\u0259m\u0259l\u0259ri kimi d\u00f6\u015f\u0259m\u0259 d\u00f6\u015f\u0259m\u0259l\u0259ri \u00fc\u00e7\u00fcn d\u00fcbel v\u0259 davaml\u0131 t\u00f6km\u0259 birl\u0259\u015fm\u0259 sisteml\u0259ri.\u00a0 Son 30 ild\u0259n art\u0131q bir m\u00fcdd\u0259td\u0259 keyfiyy\u0259t v\u0259 yenilik \u00fc\u00e7\u00fcn bir \u015f\u00f6hr\u0259t qazanan Connolly, yer \u00fcz\u00fcnd\u0259 beton birl\u0259\u015fm\u0259 h\u0259ll\u0259rind\u0259 liderdir. Bu \u00e7e\u015fid ya\u015fay\u0131\u015f sah\u0259sinin y\u00fcng\u00fcl yol piyada yollar\u0131ndan tutmu\u015f b\u00f6y\u00fck miqyasl\u0131 s\u0259naye anbar plit\u0259l\u0259rinin a\u011f\u0131r t\u0259l\u0259bl\u0259rin\u0259 q\u0259d\u0259r b\u00fct\u00fcn t\u0259tbiql\u0259ri...\" \/>\n<meta property=\"og:url\"  content=\"https:\/\/jsgroup.az\/ru\/connolly\/\" \/>\n<meta property=\"og:site_name\" content=\"JS Group\" \/>\n<meta property=\"article:publisher\"  content=\"https:\/\/www.facebook.com\/JS-Group-LLC-103618468444954\" \/>\n<meta property=\"article:modified_time\"  content=\"2021-03-04T20:47:20+00:00\" \/>\n<meta property=\"og:image\"  content=\"http:\/\/jsgroup.az\/wp-content\/uploads\/2021\/02\/Biscuit-Dowels-286x300.jpg\" \/>\n<meta name=\"twitter:card\" content=\"summary_large_image\" \/>\n<meta name=\"twitter:label1\"  content=\"\u041f\u0440\u0438\u043c\u0435\u0440\u043d\u043e\u0435 \u0432\u0440\u0435\u043c\u044f \u0434\u043b\u044f \u0447\u0442\u0435\u043d\u0438\u044f\" \/>\n\t<meta name=\"twitter:data1\"  content=\"2 \u043c\u0438\u043d\u0443\u0442\u044b\" \/>\n<script type=\"application\/ld+json\" class=\"yoast-schema-graph\">{\"@context\":\"https:\/\/schema.org\",\"@graph\":[{\"@type\":\"Organization\",\"@id\":\"https:\/\/jsgroup.az\/az\/#organization\",\"name\":\"JS Group LLC\",\"url\":\"https:\/\/jsgroup.az\/az\/\",\"sameAs\":[\"https:\/\/www.facebook.com\/JS-Group-LLC-103618468444954\"],\"logo\":{\"@type\":\"ImageObject\",\"@id\":\"https:\/\/jsgroup.az\/az\/#logo\",\"inLanguage\":\"ru-RU\",\"url\":\"https:\/\/jsgroup.az\/wp-content\/uploads\/2021\/02\/logo-js-google.png\",\"contentUrl\":\"https:\/\/jsgroup.az\/wp-content\/uploads\/2021\/02\/logo-js-google.png\",\"width\":2000,\"height\":2000,\"caption\":\"JS Group LLC\"},\"image\":{\"@id\":\"https:\/\/jsgroup.az\/az\/#logo\"}},{\"@type\":\"WebSite\",\"@id\":\"https:\/\/jsgroup.az\/az\/#website\",\"url\":\"https:\/\/jsgroup.az\/az\/\",\"name\":\"JS Group\",\"description\":\"Sizin \u0130n\u015faat \u015eirk\u0259ti\",\"publisher\":{\"@id\":\"https:\/\/jsgroup.az\/az\/#organization\"},\"potentialAction\":[{\"@type\":\"SearchAction\",\"target\":{\"@type\":\"EntryPoint\",\"urlTemplate\":\"https:\/\/jsgroup.az\/az\/?s={search_term_string}\"},\"query-input\":\"required name=search_term_string\"}],\"inLanguage\":\"ru-RU\"},{\"@type\":\"ImageObject\",\"@id\":\"https:\/\/jsgroup.az\/en\/connolly\/#primaryimage\",\"inLanguage\":\"ru-RU\",\"url\":\"http:\/\/jsgroup.az\/wp-content\/uploads\/2021\/02\/Biscuit-Dowels-286x300.jpg\",\"contentUrl\":\"http:\/\/jsgroup.az\/wp-content\/uploads\/2021\/02\/Biscuit-Dowels-286x300.jpg\"},{\"@type\":\"WebPage\",\"@id\":\"https:\/\/jsgroup.az\/en\/connolly\/#webpage\",\"url\":\"https:\/\/jsgroup.az\/en\/connolly\/\",\"name\":\"Connolly &ndash; JS Group\",\"isPartOf\":{\"@id\":\"https:\/\/jsgroup.az\/az\/#website\"},\"primaryImageOfPage\":{\"@id\":\"https:\/\/jsgroup.az\/en\/connolly\/#primaryimage\"},\"datePublished\":\"2021-02-20T20:24:56+00:00\",\"dateModified\":\"2021-03-04T20:47:20+00:00\",\"breadcrumb\":{\"@id\":\"https:\/\/jsgroup.az\/en\/connolly\/#breadcrumb\"},\"inLanguage\":\"ru-RU\",\"potentialAction\":[{\"@type\":\"ReadAction\",\"target\":[\"https:\/\/jsgroup.az\/en\/connolly\/\"]}]},{\"@type\":\"BreadcrumbList\",\"@id\":\"https:\/\/jsgroup.az\/en\/connolly\/#breadcrumb\",\"itemListElement\":[{\"@type\":\"ListItem\",\"position\":1,\"name\":\"Ana S\u0259hif\u0259\",\"item\":\"https:\/\/jsgroup.az\/\"},{\"@type\":\"ListItem\",\"position\":2,\"name\":\"Connolly\"}]}]}<\/script>\n<!-- \/ Yoast SEO plugin. -->","yoast_head_json":{"title":"Connolly &ndash; JS Group","robots":{"index":"index","follow":"follow","max-snippet":"max-snippet:-1","max-image-preview":"max-image-preview:large","max-video-preview":"max-video-preview:-1"},"canonical":"https:\/\/jsgroup.az\/ru\/connolly\/","og_locale":"ru_RU","og_type":"article","og_title":"Connolly &ndash; JS Group","og_description":"Connolly D\u00f6\u015f\u0259m\u0259 v\u0259 s\u0259naye beton d\u00f6\u015f\u0259m\u0259l\u0259ri kimi d\u00f6\u015f\u0259m\u0259 d\u00f6\u015f\u0259m\u0259l\u0259ri \u00fc\u00e7\u00fcn d\u00fcbel v\u0259 davaml\u0131 t\u00f6km\u0259 birl\u0259\u015fm\u0259 sisteml\u0259ri.\u00a0 Son 30 ild\u0259n art\u0131q bir m\u00fcdd\u0259td\u0259 keyfiyy\u0259t v\u0259 yenilik \u00fc\u00e7\u00fcn bir \u015f\u00f6hr\u0259t qazanan Connolly, yer \u00fcz\u00fcnd\u0259 beton birl\u0259\u015fm\u0259 h\u0259ll\u0259rind\u0259 liderdir. Bu \u00e7e\u015fid ya\u015fay\u0131\u015f sah\u0259sinin y\u00fcng\u00fcl yol piyada yollar\u0131ndan tutmu\u015f b\u00f6y\u00fck miqyasl\u0131 s\u0259naye anbar plit\u0259l\u0259rinin a\u011f\u0131r t\u0259l\u0259bl\u0259rin\u0259 q\u0259d\u0259r b\u00fct\u00fcn t\u0259tbiql\u0259ri...","og_url":"https:\/\/jsgroup.az\/ru\/connolly\/","og_site_name":"JS Group","article_publisher":"https:\/\/www.facebook.com\/JS-Group-LLC-103618468444954","article_modified_time":"2021-03-04T20:47:20+00:00","og_image":[{"url":"http:\/\/jsgroup.az\/wp-content\/uploads\/2021\/02\/Biscuit-Dowels-286x300.jpg"}],"twitter_card":"summary_large_image","twitter_misc":{"\u041f\u0440\u0438\u043c\u0435\u0440\u043d\u043e\u0435 \u0432\u0440\u0435\u043c\u044f \u0434\u043b\u044f \u0447\u0442\u0435\u043d\u0438\u044f":"2 \u043c\u0438\u043d\u0443\u0442\u044b"},"schema":{"@context":"https:\/\/schema.org","@graph":[{"@type":"Organization","@id":"https:\/\/jsgroup.az\/az\/#organization","name":"JS Group LLC","url":"https:\/\/jsgroup.az\/az\/","sameAs":["https:\/\/www.facebook.com\/JS-Group-LLC-103618468444954"],"logo":{"@type":"ImageObject","@id":"https:\/\/jsgroup.az\/az\/#logo","inLanguage":"ru-RU","url":"https:\/\/jsgroup.az\/wp-content\/uploads\/2021\/02\/logo-js-google.png","contentUrl":"https:\/\/jsgroup.az\/wp-content\/uploads\/2021\/02\/logo-js-google.png","width":2000,"height":2000,"caption":"JS Group LLC"},"image":{"@id":"https:\/\/jsgroup.az\/az\/#logo"}},{"@type":"WebSite","@id":"https:\/\/jsgroup.az\/az\/#website","url":"https:\/\/jsgroup.az\/az\/","name":"JS Group","description":"Sizin \u0130n\u015faat \u015eirk\u0259ti","publisher":{"@id":"https:\/\/jsgroup.az\/az\/#organization"},"potentialAction":[{"@type":"SearchAction","target":{"@type":"EntryPoint","urlTemplate":"https:\/\/jsgroup.az\/az\/?s={search_term_string}"},"query-input":"required name=search_term_string"}],"inLanguage":"ru-RU"},{"@type":"ImageObject","@id":"https:\/\/jsgroup.az\/en\/connolly\/#primaryimage","inLanguage":"ru-RU","url":"http:\/\/jsgroup.az\/wp-content\/uploads\/2021\/02\/Biscuit-Dowels-286x300.jpg","contentUrl":"http:\/\/jsgroup.az\/wp-content\/uploads\/2021\/02\/Biscuit-Dowels-286x300.jpg"},{"@type":"WebPage","@id":"https:\/\/jsgroup.az\/en\/connolly\/#webpage","url":"https:\/\/jsgroup.az\/en\/connolly\/","name":"Connolly &ndash; JS Group","isPartOf":{"@id":"https:\/\/jsgroup.az\/az\/#website"},"primaryImageOfPage":{"@id":"https:\/\/jsgroup.az\/en\/connolly\/#primaryimage"},"datePublished":"2021-02-20T20:24:56+00:00","dateModified":"2021-03-04T20:47:20+00:00","breadcrumb":{"@id":"https:\/\/jsgroup.az\/en\/connolly\/#breadcrumb"},"inLanguage":"ru-RU","potentialAction":[{"@type":"ReadAction","target":["https:\/\/jsgroup.az\/en\/connolly\/"]}]},{"@type":"BreadcrumbList","@id":"https:\/\/jsgroup.az\/en\/connolly\/#breadcrumb","itemListElement":[{"@type":"ListItem","position":1,"name":"Ana S\u0259hif\u0259","item":"https:\/\/jsgroup.az\/"},{"@type":"ListItem","position":2,"name":"Connolly"}]}]}},"_links":{"self":[{"href":"https:\/\/jsgroup.az\/ru\/wp-json\/wp\/v2\/pages\/6934"}],"collection":[{"href":"https:\/\/jsgroup.az\/ru\/wp-json\/wp\/v2\/pages"}],"about":[{"href":"https:\/\/jsgroup.az\/ru\/wp-json\/wp\/v2\/types\/page"}],"author":[{"embeddable":true,"href":"https:\/\/jsgroup.az\/ru\/wp-json\/wp\/v2\/users\/1"}],"replies":[{"embeddable":true,"href":"https:\/\/jsgroup.az\/ru\/wp-json\/wp\/v2\/comments?post=6934"}],"version-history":[{"count":10,"href":"https:\/\/jsgroup.az\/ru\/wp-json\/wp\/v2\/pages\/6934\/revisions"}],"predecessor-version":[{"id":7138,"href":"https:\/\/jsgroup.az\/ru\/wp-json\/wp\/v2\/pages\/6934\/revisions\/7138"}],"wp:attachment":[{"href":"https:\/\/jsgroup.az\/ru\/wp-json\/wp\/v2\/media?parent=6934"}],"curies":[{"name":"wp","href":"https:\/\/api.w.org\/{rel}","templated":true}]}}