{"id":6915,"date":"2021-02-20T20:16:07","date_gmt":"2021-02-20T20:16:07","guid":{"rendered":"http:\/\/jsgroup.az\/?page_id=6915"},"modified":"2021-03-05T00:46:58","modified_gmt":"2021-03-04T20:46:58","slug":"thermomass-2","status":"publish","type":"page","link":"https:\/\/jsgroup.az\/ru\/thermomass-2\/","title":{"rendered":"Thermomass"},"content":{"rendered":"<h2>Thermomass<\/h2>\n<p>\t\t\u0421\u0438\u0441\u0442\u0435\u043c\u044b \u0438\u0437\u043e\u043b\u044f\u0446\u0438\u0438 \u0434\u043b\u044f \u0438\u0441\u043f\u043e\u043b\u044c\u0437\u043e\u0432\u0430\u043d\u0438\u044f \u0432 \u043e\u0433\u0440\u0430\u0436\u0434\u0430\u044e\u0449\u0438\u0445 \u043a\u043e\u043d\u0441\u0442\u0440\u0443\u043a\u0446\u0438\u044f\u0445 \u0438\u0437 \u0441\u0431\u043e\u0440\u043d\u044b\u0445, \u043e\u0442\u043a\u0438\u0434\u043d\u044b\u0445 \u0438 \u043c\u043e\u043d\u043e\u043b\u0438\u0442\u043d\u044b\u0445 \u0431\u0435\u0442\u043e\u043d\u043d\u044b\u0445 \u0437\u0434\u0430\u043d\u0438\u0439, \u0440\u0430\u0437\u0440\u0430\u0431\u043e\u0442\u0430\u043d\u043d\u044b\u0435 \u0434\u043b\u044f \u043f\u043e\u0432\u044b\u0448\u0435\u043d\u0438\u044f \u044d\u043d\u0435\u0440\u0433\u043e\u044d\u0444\u0444\u0435\u043a\u0442\u0438\u0432\u043d\u043e\u0441\u0442\u0438 \u0438 \u0442\u0435\u043f\u043b\u043e\u0432\u044b\u0445 \u0445\u0430\u0440\u0430\u043a\u0442\u0435\u0440\u0438\u0441\u0442\u0438\u043a.<\/p>\n<p><img loading=\"lazy\"   src=\"http:\/\/jsgroup.az\/wp-content\/uploads\/2021\/02\/2-286x300.jpg\"   alt=\"\"   width=\"286\"   height=\"300\" \/> <img loading=\"lazy\"   src=\"http:\/\/jsgroup.az\/wp-content\/uploads\/2021\/02\/8-2-286x300.jpg\"   alt=\"\"   width=\"286\"   height=\"300\" \/> <img loading=\"lazy\"   src=\"http:\/\/jsgroup.az\/wp-content\/uploads\/2021\/02\/Connector1EDITED-286x300.jpg\"   alt=\"\"   width=\"286\"   height=\"300\" \/><\/p>\n<p>\u0421\u0438\u0441\u0442\u0435\u043c\u044b \u0442\u0435\u043f\u043b\u043e\u0438\u0437\u043e\u043b\u044f\u0446\u0438\u0438 \u0438\u0437 \u0442\u0435\u0440\u043c\u043e\u043c\u0430\u0441\u0441\u044b \u0438\u0441\u043f\u043e\u043b\u044c\u0437\u043e\u0432\u0430\u043b\u0438\u0441\u044c \u0432 \u0434\u0435\u0441\u044f\u0442\u043a\u0430\u0445 \u0442\u044b\u0441\u044f\u0447 \u043f\u0440\u043e\u0435\u043a\u0442\u043e\u0432 \u043f\u043e \u0432\u0441\u0435\u043c\u0443 \u043c\u0438\u0440\u0443 \u043d\u0430 \u043f\u0440\u043e\u0442\u044f\u0436\u0435\u043d\u0438\u0438 \u0431\u043e\u043b\u0435\u0435 40 \u043b\u0435\u0442 \u0432 \u0437\u0434\u0430\u043d\u0438\u044f\u0445, \u043d\u0430\u0447\u0438\u043d\u0430\u044f \u043e\u0442 \u0447\u0430\u0441\u0442\u043d\u044b\u0445 \u0434\u043e\u043c\u043e\u0432 \u0438 \u0437\u0430\u043a\u0430\u043d\u0447\u0438\u0432\u0430\u044f \u0441\u0442\u0430\u0434\u0438\u043e\u043d\u0430\u043c\u0438 \u0438 \u0430\u0440\u0435\u043d\u0430\u043c\u0438 \u043c\u0438\u0440\u043e\u0432\u043e\u0433\u043e \u043a\u043b\u0430\u0441\u0441\u0430.<\/p>\n<p>\u0421\u043e\u0441\u0442\u043e\u044f\u0449\u0438\u0435 \u0438\u0437 \u0432\u043e\u043b\u043e\u043a\u043e\u043d\u043d\u043e-\u043a\u043e\u043c\u043f\u043e\u0437\u0438\u0442\u043d\u044b\u0445 \u0441\u043e\u0435\u0434\u0438\u043d\u0438\u0442\u0435\u043b\u0435\u0439 \u0438 \u043f\u0440\u0435\u0434\u0432\u0430\u0440\u0438\u0442\u0435\u043b\u044c\u043d\u043e \u0438\u0437\u0433\u043e\u0442\u043e\u0432\u043b\u0435\u043d\u043d\u043e\u0439 \u0436\u0435\u0441\u0442\u043a\u043e\u0439 \u0438\u0437\u043e\u043b\u044f\u0446\u0438\u0438, \u0441\u0438\u0441\u0442\u0435\u043c\u044b \u0438\u0437\u043e\u043b\u044f\u0446\u0438\u0438 Thermomass \u043b\u0435\u0433\u043a\u043e \u0443\u0441\u0442\u0430\u043d\u0430\u0432\u043b\u0438\u0432\u0430\u044e\u0442\u0441\u044f \u0438 \u0431\u044b\u043b\u0438 \u043f\u043e\u043b\u043d\u043e\u0441\u0442\u044c\u044e \u043f\u0440\u043e\u0442\u0435\u0441\u0442\u0438\u0440\u043e\u0432\u0430\u043d\u044b \u0432 \u0440\u0430\u043c\u043a\u0430\u0445 \u0441\u0442\u0440\u043e\u0433\u043e\u0433\u043e \u043f\u0440\u043e\u0446\u0435\u0441\u0441\u0430 \u0441\u0442\u043e\u0440\u043e\u043d\u043d\u0435\u0433\u043e \u043a\u043e\u043d\u0442\u0440\u043e\u043b\u044f \u043a\u0430\u0447\u0435\u0441\u0442\u0432\u0430.<\/p>\n<p>\u041f\u043e\u043c\u0435\u0449\u0435\u043d\u0438\u044f, \u0438\u0437\u043e\u043b\u0438\u0440\u043e\u0432\u0430\u043d\u043d\u044b\u0435 \u0441 \u043f\u043e\u043c\u043e\u0449\u044c\u044e \u043f\u0440\u043e\u0434\u0443\u043a\u0442\u043e\u0432 Thermomass, \u0431\u0435\u0441\u0448\u0443\u043c\u043d\u044b, \u0431\u0435\u0437\u043e\u043f\u0430\u0441\u043d\u044b \u0438 \u043f\u0440\u0430\u043a\u0442\u0438\u0447\u0435\u0441\u043a\u0438 \u043d\u0435 \u0442\u0440\u0435\u0431\u0443\u044e\u0442 \u043e\u0431\u0441\u043b\u0443\u0436\u0438\u0432\u0430\u043d\u0438\u044f. \u041e\u043d\u0438 \u0442\u0430\u043a\u0436\u0435 \u0443\u0441\u0442\u043e\u0439\u0447\u0438\u0432\u044b \u043a \u0443\u0440\u0430\u0433\u0430\u043d\u0430\u043c, \u0442\u043e\u0440\u043d\u0430\u0434\u043e \u0438 \u043e\u0433\u043d\u044e. \u0417\u0430\u0442\u0440\u0430\u0442\u044b \u043d\u0430 \u043e\u0442\u043e\u043f\u043b\u0435\u043d\u0438\u0435 \u0438 \u043e\u0445\u043b\u0430\u0436\u0434\u0435\u043d\u0438\u0435 \u0437\u043d\u0430\u0447\u0438\u0442\u0435\u043b\u044c\u043d\u043e \u0441\u043d\u0438\u0436\u0430\u044e\u0442\u0441\u044f, \u0442\u0430\u043a \u043a\u0430\u043a \u0441\u043e\u0445\u0440\u0430\u043d\u044f\u0435\u0442\u0441\u044f \u0431\u043e\u043b\u0435\u0435 99% \u0441\u0442\u043e\u0438\u043c\u043e\u0441\u0442\u0438 \u0438\u0437\u043e\u043b\u044f\u0446\u0438\u0438.<\/p>\n<p>\u041f\u043e\u0441\u0435\u0442\u0438\u0442\u0435 \u0432\u0435\u0431-\u0441\u0430\u0439\u0442 Thermomass \u0434\u043b\u044f \u043f\u043e\u043b\u0443\u0447\u0435\u043d\u0438\u044f \u0434\u043e\u043f\u043e\u043b\u043d\u0438\u0442\u0435\u043b\u044c\u043d\u043e\u0439 \u0438\u043d\u0444\u043e\u0440\u043c\u0430\u0446\u0438\u0438<\/p>\n<p><a href=\"https:\/\/thermomass.com\/\"   target=\"_blank\"   rel=\"noopener\"><strong>www.thermomass.com<\/strong><\/a><\/p>","protected":false},"excerpt":{"rendered":"<p>Thermomass Y\u00fcks\u0259k enerji s\u0259m\u0259r\u0259liliyi v\u0259 istilik performans\u0131 \u00fc\u00e7\u00fcn haz\u0131rlanm\u0131\u015f, y\u0131\u011fma, \u0259yilmi\u015f v\u0259 yerind\u0259 qoyulmu\u015f beton bina z\u0259rfl\u0259rind\u0259 istifad\u0259 \u00fc\u00e7\u00fcn izolyasiya sisteml\u0259ri. Termomass izolyasiya sisteml\u0259ri d\u00fcnyada 40.000 ildir on minl\u0259rl\u0259 layih\u0259d\u0259, t\u0259k ail\u0259li evl\u0259rd\u0259n d\u00fcnya s\u0259viyy\u0259li stadion v\u0259 arenalara q\u0259d\u0259r binalarda istifad\u0259 edilmi\u015fdir. Fiber kompozit konnektorlardan v\u0259 \u0259vv\u0259lc\u0259d\u0259n haz\u0131rlanan s\u0259rt izolyasiyadan ibar\u0259t olan Thermomass izolyasiya sisteml\u0259ri&#8230;<\/p>","protected":false},"author":1,"featured_media":0,"parent":0,"menu_order":0,"comment_status":"closed","ping_status":"closed","template":"","meta":[],"yoast_head":"<!-- This site is optimized with the Yoast SEO plugin v18.1 - https:\/\/yoast.com\/wordpress\/plugins\/seo\/ -->\n<title>Thermomass &ndash; JS Group<\/title>\n<meta name=\"robots\"  content=\"index, follow, max-snippet:-1, max-image-preview:large, max-video-preview:-1\" \/>\n<link rel=\"canonical\"  href=\"https:\/\/jsgroup.az\/ru\/thermomass-2\/\" \/>\n<meta property=\"og:locale\"  content=\"ru_RU\" \/>\n<meta property=\"og:type\"  content=\"article\" \/>\n<meta property=\"og:title\"  content=\"Thermomass &ndash; JS Group\" \/>\n<meta property=\"og:description\"  content=\"Thermomass Y\u00fcks\u0259k enerji s\u0259m\u0259r\u0259liliyi v\u0259 istilik performans\u0131 \u00fc\u00e7\u00fcn haz\u0131rlanm\u0131\u015f, y\u0131\u011fma, \u0259yilmi\u015f v\u0259 yerind\u0259 qoyulmu\u015f beton bina z\u0259rfl\u0259rind\u0259 istifad\u0259 \u00fc\u00e7\u00fcn izolyasiya sisteml\u0259ri. Termomass izolyasiya sisteml\u0259ri d\u00fcnyada 40.000 ildir on minl\u0259rl\u0259 layih\u0259d\u0259, t\u0259k ail\u0259li evl\u0259rd\u0259n d\u00fcnya s\u0259viyy\u0259li stadion v\u0259 arenalara q\u0259d\u0259r binalarda istifad\u0259 edilmi\u015fdir. Fiber kompozit konnektorlardan v\u0259 \u0259vv\u0259lc\u0259d\u0259n haz\u0131rlanan s\u0259rt izolyasiyadan ibar\u0259t olan Thermomass izolyasiya sisteml\u0259ri...\" \/>\n<meta property=\"og:url\"  content=\"https:\/\/jsgroup.az\/ru\/thermomass-2\/\" \/>\n<meta property=\"og:site_name\" content=\"JS Group\" \/>\n<meta property=\"article:publisher\"  content=\"https:\/\/www.facebook.com\/JS-Group-LLC-103618468444954\" \/>\n<meta property=\"article:modified_time\"  content=\"2021-03-04T20:46:58+00:00\" \/>\n<meta property=\"og:image\"  content=\"http:\/\/jsgroup.az\/wp-content\/uploads\/2021\/02\/2-286x300.jpg\" \/>\n<meta name=\"twitter:card\" content=\"summary_large_image\" \/>\n<meta name=\"twitter:label1\"  content=\"\u041f\u0440\u0438\u043c\u0435\u0440\u043d\u043e\u0435 \u0432\u0440\u0435\u043c\u044f \u0434\u043b\u044f \u0447\u0442\u0435\u043d\u0438\u044f\" \/>\n\t<meta name=\"twitter:data1\"  content=\"2 \u043c\u0438\u043d\u0443\u0442\u044b\" \/>\n<script type=\"application\/ld+json\" class=\"yoast-schema-graph\">{\"@context\":\"https:\/\/schema.org\",\"@graph\":[{\"@type\":\"Organization\",\"@id\":\"https:\/\/jsgroup.az\/az\/#organization\",\"name\":\"JS Group LLC\",\"url\":\"https:\/\/jsgroup.az\/az\/\",\"sameAs\":[\"https:\/\/www.facebook.com\/JS-Group-LLC-103618468444954\"],\"logo\":{\"@type\":\"ImageObject\",\"@id\":\"https:\/\/jsgroup.az\/az\/#logo\",\"inLanguage\":\"ru-RU\",\"url\":\"https:\/\/jsgroup.az\/wp-content\/uploads\/2021\/02\/logo-js-google.png\",\"contentUrl\":\"https:\/\/jsgroup.az\/wp-content\/uploads\/2021\/02\/logo-js-google.png\",\"width\":2000,\"height\":2000,\"caption\":\"JS Group LLC\"},\"image\":{\"@id\":\"https:\/\/jsgroup.az\/az\/#logo\"}},{\"@type\":\"WebSite\",\"@id\":\"https:\/\/jsgroup.az\/az\/#website\",\"url\":\"https:\/\/jsgroup.az\/az\/\",\"name\":\"JS Group\",\"description\":\"Sizin \u0130n\u015faat \u015eirk\u0259ti\",\"publisher\":{\"@id\":\"https:\/\/jsgroup.az\/az\/#organization\"},\"potentialAction\":[{\"@type\":\"SearchAction\",\"target\":{\"@type\":\"EntryPoint\",\"urlTemplate\":\"https:\/\/jsgroup.az\/az\/?s={search_term_string}\"},\"query-input\":\"required name=search_term_string\"}],\"inLanguage\":\"ru-RU\"},{\"@type\":\"ImageObject\",\"@id\":\"https:\/\/jsgroup.az\/ru\/thermomass-2\/#primaryimage\",\"inLanguage\":\"ru-RU\",\"url\":\"http:\/\/jsgroup.az\/wp-content\/uploads\/2021\/02\/2-286x300.jpg\",\"contentUrl\":\"http:\/\/jsgroup.az\/wp-content\/uploads\/2021\/02\/2-286x300.jpg\"},{\"@type\":\"WebPage\",\"@id\":\"https:\/\/jsgroup.az\/ru\/thermomass-2\/#webpage\",\"url\":\"https:\/\/jsgroup.az\/ru\/thermomass-2\/\",\"name\":\"Thermomass &ndash; JS Group\",\"isPartOf\":{\"@id\":\"https:\/\/jsgroup.az\/az\/#website\"},\"primaryImageOfPage\":{\"@id\":\"https:\/\/jsgroup.az\/ru\/thermomass-2\/#primaryimage\"},\"datePublished\":\"2021-02-20T20:16:07+00:00\",\"dateModified\":\"2021-03-04T20:46:58+00:00\",\"breadcrumb\":{\"@id\":\"https:\/\/jsgroup.az\/ru\/thermomass-2\/#breadcrumb\"},\"inLanguage\":\"ru-RU\",\"potentialAction\":[{\"@type\":\"ReadAction\",\"target\":[\"https:\/\/jsgroup.az\/ru\/thermomass-2\/\"]}]},{\"@type\":\"BreadcrumbList\",\"@id\":\"https:\/\/jsgroup.az\/ru\/thermomass-2\/#breadcrumb\",\"itemListElement\":[{\"@type\":\"ListItem\",\"position\":1,\"name\":\"Ana S\u0259hif\u0259\",\"item\":\"https:\/\/jsgroup.az\/\"},{\"@type\":\"ListItem\",\"position\":2,\"name\":\"Thermomass\"}]}]}<\/script>\n<!-- \/ Yoast SEO plugin. -->","yoast_head_json":{"title":"Thermomass &ndash; JS Group","robots":{"index":"index","follow":"follow","max-snippet":"max-snippet:-1","max-image-preview":"max-image-preview:large","max-video-preview":"max-video-preview:-1"},"canonical":"https:\/\/jsgroup.az\/ru\/thermomass-2\/","og_locale":"ru_RU","og_type":"article","og_title":"Thermomass &ndash; JS Group","og_description":"Thermomass Y\u00fcks\u0259k enerji s\u0259m\u0259r\u0259liliyi v\u0259 istilik performans\u0131 \u00fc\u00e7\u00fcn haz\u0131rlanm\u0131\u015f, y\u0131\u011fma, \u0259yilmi\u015f v\u0259 yerind\u0259 qoyulmu\u015f beton bina z\u0259rfl\u0259rind\u0259 istifad\u0259 \u00fc\u00e7\u00fcn izolyasiya sisteml\u0259ri. Termomass izolyasiya sisteml\u0259ri d\u00fcnyada 40.000 ildir on minl\u0259rl\u0259 layih\u0259d\u0259, t\u0259k ail\u0259li evl\u0259rd\u0259n d\u00fcnya s\u0259viyy\u0259li stadion v\u0259 arenalara q\u0259d\u0259r binalarda istifad\u0259 edilmi\u015fdir. Fiber kompozit konnektorlardan v\u0259 \u0259vv\u0259lc\u0259d\u0259n haz\u0131rlanan s\u0259rt izolyasiyadan ibar\u0259t olan Thermomass izolyasiya sisteml\u0259ri...","og_url":"https:\/\/jsgroup.az\/ru\/thermomass-2\/","og_site_name":"JS Group","article_publisher":"https:\/\/www.facebook.com\/JS-Group-LLC-103618468444954","article_modified_time":"2021-03-04T20:46:58+00:00","og_image":[{"url":"http:\/\/jsgroup.az\/wp-content\/uploads\/2021\/02\/2-286x300.jpg"}],"twitter_card":"summary_large_image","twitter_misc":{"\u041f\u0440\u0438\u043c\u0435\u0440\u043d\u043e\u0435 \u0432\u0440\u0435\u043c\u044f \u0434\u043b\u044f \u0447\u0442\u0435\u043d\u0438\u044f":"2 \u043c\u0438\u043d\u0443\u0442\u044b"},"schema":{"@context":"https:\/\/schema.org","@graph":[{"@type":"Organization","@id":"https:\/\/jsgroup.az\/az\/#organization","name":"JS Group LLC","url":"https:\/\/jsgroup.az\/az\/","sameAs":["https:\/\/www.facebook.com\/JS-Group-LLC-103618468444954"],"logo":{"@type":"ImageObject","@id":"https:\/\/jsgroup.az\/az\/#logo","inLanguage":"ru-RU","url":"https:\/\/jsgroup.az\/wp-content\/uploads\/2021\/02\/logo-js-google.png","contentUrl":"https:\/\/jsgroup.az\/wp-content\/uploads\/2021\/02\/logo-js-google.png","width":2000,"height":2000,"caption":"JS Group LLC"},"image":{"@id":"https:\/\/jsgroup.az\/az\/#logo"}},{"@type":"WebSite","@id":"https:\/\/jsgroup.az\/az\/#website","url":"https:\/\/jsgroup.az\/az\/","name":"JS Group","description":"Sizin \u0130n\u015faat \u015eirk\u0259ti","publisher":{"@id":"https:\/\/jsgroup.az\/az\/#organization"},"potentialAction":[{"@type":"SearchAction","target":{"@type":"EntryPoint","urlTemplate":"https:\/\/jsgroup.az\/az\/?s={search_term_string}"},"query-input":"required name=search_term_string"}],"inLanguage":"ru-RU"},{"@type":"ImageObject","@id":"https:\/\/jsgroup.az\/ru\/thermomass-2\/#primaryimage","inLanguage":"ru-RU","url":"http:\/\/jsgroup.az\/wp-content\/uploads\/2021\/02\/2-286x300.jpg","contentUrl":"http:\/\/jsgroup.az\/wp-content\/uploads\/2021\/02\/2-286x300.jpg"},{"@type":"WebPage","@id":"https:\/\/jsgroup.az\/ru\/thermomass-2\/#webpage","url":"https:\/\/jsgroup.az\/ru\/thermomass-2\/","name":"Thermomass &ndash; JS Group","isPartOf":{"@id":"https:\/\/jsgroup.az\/az\/#website"},"primaryImageOfPage":{"@id":"https:\/\/jsgroup.az\/ru\/thermomass-2\/#primaryimage"},"datePublished":"2021-02-20T20:16:07+00:00","dateModified":"2021-03-04T20:46:58+00:00","breadcrumb":{"@id":"https:\/\/jsgroup.az\/ru\/thermomass-2\/#breadcrumb"},"inLanguage":"ru-RU","potentialAction":[{"@type":"ReadAction","target":["https:\/\/jsgroup.az\/ru\/thermomass-2\/"]}]},{"@type":"BreadcrumbList","@id":"https:\/\/jsgroup.az\/ru\/thermomass-2\/#breadcrumb","itemListElement":[{"@type":"ListItem","position":1,"name":"Ana S\u0259hif\u0259","item":"https:\/\/jsgroup.az\/"},{"@type":"ListItem","position":2,"name":"Thermomass"}]}]}},"_links":{"self":[{"href":"https:\/\/jsgroup.az\/ru\/wp-json\/wp\/v2\/pages\/6915"}],"collection":[{"href":"https:\/\/jsgroup.az\/ru\/wp-json\/wp\/v2\/pages"}],"about":[{"href":"https:\/\/jsgroup.az\/ru\/wp-json\/wp\/v2\/types\/page"}],"author":[{"embeddable":true,"href":"https:\/\/jsgroup.az\/ru\/wp-json\/wp\/v2\/users\/1"}],"replies":[{"embeddable":true,"href":"https:\/\/jsgroup.az\/ru\/wp-json\/wp\/v2\/comments?post=6915"}],"version-history":[{"count":13,"href":"https:\/\/jsgroup.az\/ru\/wp-json\/wp\/v2\/pages\/6915\/revisions"}],"predecessor-version":[{"id":7135,"href":"https:\/\/jsgroup.az\/ru\/wp-json\/wp\/v2\/pages\/6915\/revisions\/7135"}],"wp:attachment":[{"href":"https:\/\/jsgroup.az\/ru\/wp-json\/wp\/v2\/media?parent=6915"}],"curies":[{"name":"wp","href":"https:\/\/api.w.org\/{rel}","templated":true}]}}