{"id":6907,"date":"2021-02-20T20:13:39","date_gmt":"2021-02-20T20:13:39","guid":{"rendered":"http:\/\/jsgroup.az\/?page_id=6907"},"modified":"2021-03-05T00:44:27","modified_gmt":"2021-03-04T20:44:27","slug":"aschwanden","status":"publish","type":"page","link":"https:\/\/jsgroup.az\/ru\/aschwanden\/","title":{"rendered":"Aschwanden"},"content":{"rendered":"<h2>Aschwanden<\/h2>\n<p>\u0418\u043d\u043d\u043e\u0432\u0430\u0446\u0438\u043e\u043d\u043d\u044b\u0435 \u0431\u0435\u0442\u043e\u043d\u043d\u044b\u0435 \u0441\u043e\u0435\u0434\u0438\u043d\u0435\u043d\u0438\u044f, \u0432\u043a\u043b\u044e\u0447\u0430\u044f \u0442\u043e\u043d\u043a\u0438\u0435, \u0432\u044b\u0441\u043e\u043a\u043e\u043f\u0440\u043e\u0447\u043d\u044b\u0435 \u043a\u043e\u043c\u043f\u043e\u0437\u0438\u0442\u043d\u044b\u0435 \u043a\u043e\u043b\u043e\u043d\u043d\u044b \u0438\u0437 \u0441\u0442\u0430\u043b\u0438 \u0438 \u0431\u0435\u0442\u043e\u043d\u0430, \u0430 \u0442\u0430\u043a\u0436\u0435 \u0448\u0438\u0440\u043e\u043a\u0438\u0439 \u0430\u0441\u0441\u043e\u0440\u0442\u0438\u043c\u0435\u043d\u0442 \u0430\u043a\u0443\u0441\u0442\u0438\u0447\u0435\u0441\u043a\u043e\u0439 \u043f\u0440\u043e\u0434\u0443\u043a\u0446\u0438\u0438.<\/p>\n<p><img loading=\"lazy\"   src=\"http:\/\/jsgroup.az\/wp-content\/uploads\/2021\/02\/Aschwanden_1-286x300.jpg\"   alt=\"\"   width=\"286\"   height=\"300\" \/> <img loading=\"lazy\"   src=\"http:\/\/jsgroup.az\/wp-content\/uploads\/2021\/02\/Aschwanden_2-286x300.jpg\"   alt=\"\"   width=\"286\"   height=\"300\" \/> <img loading=\"lazy\"   src=\"http:\/\/jsgroup.az\/wp-content\/uploads\/2021\/02\/Aschwanden_3-286x300.jpg\"   alt=\"\"   width=\"286\"   height=\"300\" \/><\/p>\n<p>\u0422\u043e\u0440\u0433\u043e\u0432\u0430\u044f \u043c\u0430\u0440\u043a\u0430 Aschwanden \u0441\u0443\u0449\u0435\u0441\u0442\u0432\u0443\u0435\u0442 \u0441 1949 \u0433\u043e\u0434\u0430 \u0438 \u0437\u0430\u0440\u0430\u0431\u043e\u0442\u0430\u043b\u0430 \u0437\u0430\u0432\u0438\u0434\u043d\u0443\u044e \u0440\u0435\u043f\u0443\u0442\u0430\u0446\u0438\u044e \u0431\u043b\u0430\u0433\u043e\u0434\u0430\u0440\u044f \u0438\u043d\u043d\u043e\u0432\u0430\u0446\u0438\u043e\u043d\u043d\u044b\u043c, \u0432\u044b\u0441\u043e\u043a\u043e\u043f\u0440\u043e\u0438\u0437\u0432\u043e\u0434\u0438\u0442\u0435\u043b\u044c\u043d\u044b\u043c \u0438 \u0432\u044b\u0441\u043e\u043a\u043e\u043a\u0430\u0447\u0435\u0441\u0442\u0432\u0435\u043d\u043d\u044b\u043c \u0438\u043d\u0436\u0435\u043d\u0435\u0440\u043d\u044b\u043c \u0440\u0435\u0448\u0435\u043d\u0438\u044f\u043c. \u0420\u0435\u0448\u0435\u043d\u0438\u044f \u0410\u0448\u0432\u0430\u043d\u0434\u0435\u043d\u0430 \u043e\u0431\u0435\u0441\u043f\u0435\u0447\u0438\u0432\u0430\u044e\u0442 \u0443\u043b\u0443\u0447\u0448\u0435\u043d\u0438\u0435 \u0430\u0440\u043c\u0438\u0440\u043e\u0432\u0430\u043d\u0438\u044f \u0438 \u043f\u0435\u0440\u0435\u0434\u0430\u0447\u0438 \u0441\u0438\u043b \u043f\u0440\u0438 \u043f\u0440\u043e\u0435\u043a\u0442\u0438\u0440\u043e\u0432\u0430\u043d\u0438\u0438 \u0436\u0435\u043b\u0435\u0437\u043e\u0431\u0435\u0442\u043e\u043d\u043d\u044b\u0445 \u043a\u043e\u043d\u0441\u0442\u0440\u0443\u043a\u0446\u0438\u0439 \u0438 \u0438\u0441\u043f\u043e\u043b\u044c\u0437\u0443\u044e\u0442\u0441\u044f \u0432 \u0440\u0430\u0437\u043b\u0438\u0447\u043d\u044b\u0445 \u0441\u0435\u043a\u0442\u043e\u0440\u0430\u0445 \u0441\u0442\u0440\u043e\u0438\u0442\u0435\u043b\u044c\u0441\u0442\u0432\u0430, \u0432\u043a\u043b\u044e\u0447\u0430\u044f \u0436\u0438\u043b\u044b\u0435 \u0438 \u043e\u0431\u0449\u0435\u0441\u0442\u0432\u0435\u043d\u043d\u044b\u0435 \u043d\u0435\u0436\u0438\u043b\u044b\u0435 \u0437\u0434\u0430\u043d\u0438\u044f.<\/p>\n<p>Aschwanden SILENT - \u044d\u0442\u043e \u0448\u0438\u0440\u043e\u043a\u0438\u0439 \u0430\u0441\u0441\u043e\u0440\u0442\u0438\u043c\u0435\u043d\u0442 \u0438\u043d\u043d\u043e\u0432\u0430\u0446\u0438\u043e\u043d\u043d\u044b\u0445 \u0437\u0432\u0443\u043a\u043e\u043f\u043e\u0433\u043b\u043e\u0449\u0430\u044e\u0449\u0438\u0445 \u0431\u0435\u0442\u043e\u043d\u043d\u044b\u0445 \u0441\u043e\u0435\u0434\u0438\u043d\u0438\u0442\u0435\u043b\u0435\u0439; ORSO - \u044d\u0442\u043e \u0441\u0435\u0440\u0438\u044f \u0441\u0431\u043e\u0440\u043d\u044b\u0445, \u0442\u043e\u0449\u0438\u0445, \u0432\u044b\u0441\u043e\u043a\u043e\u043f\u0440\u043e\u0447\u043d\u044b\u0445 \u0436\u0435\u043b\u0435\u0437\u043e\u0431\u0435\u0442\u043e\u043d\u043d\u044b\u0445 \u043a\u043e\u043c\u043f\u043e\u0437\u0438\u0442\u043d\u044b\u0445 \u043a\u043e\u043b\u043e\u043d\u043d; ARBO - \u044d\u0442\u043e \u0432\u044b\u0441\u043e\u043a\u043e\u044d\u0444\u0444\u0435\u043a\u0442\u0438\u0432\u043d\u0430\u044f \u0441\u0438\u0441\u0442\u0435\u043c\u0430 \u0441\u043e\u0435\u0434\u0438\u043d\u0435\u043d\u0438\u044f \u0431\u0430\u043b\u043a\u043e\u043d\u043e\u0432 \u0441 \u0438\u0437\u043e\u043b\u044f\u0446\u0438\u0435\u0439 \u0438\u0437 \u043d\u0435\u0440\u0436\u0430\u0432\u0435\u044e\u0449\u0435\u0439 \u0441\u0442\u0430\u043b\u0438, \u043a\u043e\u0442\u043e\u0440\u0430\u044f \u043e\u0431\u0435\u0441\u043f\u0435\u0447\u0438\u0432\u0430\u0435\u0442 \u0441\u0442\u0440\u0443\u043a\u0442\u0443\u0440\u043d\u0443\u044e \u0446\u0435\u043b\u043e\u0441\u0442\u043d\u043e\u0441\u0442\u044c \u043f\u0440\u0438 \u043c\u0438\u043d\u0438\u043c\u0430\u043b\u044c\u043d\u044b\u0445 \u043f\u043e\u0442\u0435\u0440\u044f\u0445 \u0442\u0435\u043f\u043b\u0430.<\/p>\n<p>RINO, m\u00f6vcud beton konstruksiyalar\u0131n m\u00f6hk\u0259ml\u0259ndirilm\u0259si \u00fc\u00e7\u00fcn b\u0259nz\u0259rsiz, t\u0259chiz edilmi\u015f, z\u0131mbal\u0131 k\u0259sm\u0259 m\u00f6hk\u0259ml\u0259tm\u0259sidir, DURA \u00fcz\u0259n\u0259 q\u0259f\u0259sl\u0259ri v\u0259 polad ba\u015fl\u0131qlar yeni beton konstruksiyalar\u0131ndak\u0131 s\u00fctun yerl\u0259rind\u0259 m\u00f6hk\u0259ml\u0259ndirm\u0259 t\u0259min edir.<\/p>\n<p>\u041f\u043e\u0441\u0435\u0442\u0438\u0442\u0435 \u0432\u0435\u0431-\u0441\u0430\u0439\u0442 Aschwanden \u0434\u043b\u044f \u043f\u043e\u043b\u0443\u0447\u0435\u043d\u0438\u044f \u0434\u043e\u043f\u043e\u043b\u043d\u0438\u0442\u0435\u043b\u044c\u043d\u043e\u0439 \u0438\u043d\u0444\u043e\u0440\u043c\u0430\u0446\u0438\u0438.<\/p>\n<p><a href=\"https:\/\/www.aschwanden.com\/\"   target=\"_blank\"   rel=\"noopener\"><strong>www.aschwanden.com<\/strong><\/a><\/p>","protected":false},"excerpt":{"rendered":"<p>Aschwanden \u0130nc\u0259, y\u00fcks\u0259k dayan\u0131ql\u0131, polad beton kompozit s\u00fctunlar v\u0259 h\u0259rt\u0259r\u0259fli akustik m\u0259hsullar daxil olmaqla yenilik\u00e7i beton \u0259laq\u0259l\u0259ri. Aschwanden markas\u0131 1949-cu ild\u0259n b\u0259ri m\u00f6vcuddur v\u0259 yenilik\u00e7i, y\u00fcks\u0259k performansl\u0131 v\u0259 y\u00fcks\u0259k keyfiyy\u0259tli m\u00fck\u0259mm\u0259l m\u00fch\u0259ndis h\u0259ll\u0259ri \u00fc\u00e7\u00fcn h\u0259s\u0259d aparan bir \u015f\u00f6hr\u0259t qazanm\u0131\u015fd\u0131r. Aschwanden h\u0259ll\u0259ri d\u0259mir betonun konstruksiyas\u0131ndak\u0131 g\u00fccl\u0259rin g\u00fccl\u0259ndirilm\u0259sind\u0259 v\u0259 \u00f6t\u00fcr\u00fclm\u0259sind\u0259 ir\u0259lil\u0259yi\u015fl\u0259r t\u0259min edir v\u0259 ya\u015fay\u0131\u015f v\u0259 ictimai&#8230;<\/p>","protected":false},"author":1,"featured_media":0,"parent":0,"menu_order":0,"comment_status":"closed","ping_status":"closed","template":"","meta":[],"yoast_head":"<!-- This site is optimized with the Yoast SEO plugin v18.1 - https:\/\/yoast.com\/wordpress\/plugins\/seo\/ -->\n<title>Aschwanden &ndash; JS Group<\/title>\n<meta name=\"robots\"  content=\"index, follow, max-snippet:-1, max-image-preview:large, max-video-preview:-1\"  \/>\n<link rel=\"canonical\"  href=\"https:\/\/jsgroup.az\/ru\/aschwanden\/\" \/>\n<meta property=\"og:locale\"  content=\"ru_RU\" \/>\n<meta property=\"og:type\"  content=\"article\" \/>\n<meta property=\"og:title\"  content=\"Aschwanden &ndash; JS Group\" \/>\n<meta property=\"og:description\"  content=\"Aschwanden \u0130nc\u0259, y\u00fcks\u0259k dayan\u0131ql\u0131, polad beton kompozit s\u00fctunlar v\u0259 h\u0259rt\u0259r\u0259fli akustik m\u0259hsullar daxil olmaqla yenilik\u00e7i beton \u0259laq\u0259l\u0259ri. Aschwanden markas\u0131 1949-cu ild\u0259n b\u0259ri m\u00f6vcuddur v\u0259 yenilik\u00e7i, y\u00fcks\u0259k performansl\u0131 v\u0259 y\u00fcks\u0259k keyfiyy\u0259tli m\u00fck\u0259mm\u0259l m\u00fch\u0259ndis h\u0259ll\u0259ri \u00fc\u00e7\u00fcn h\u0259s\u0259d aparan bir \u015f\u00f6hr\u0259t qazanm\u0131\u015fd\u0131r. Aschwanden h\u0259ll\u0259ri d\u0259mir betonun konstruksiyas\u0131ndak\u0131 g\u00fccl\u0259rin g\u00fccl\u0259ndirilm\u0259sind\u0259 v\u0259 \u00f6t\u00fcr\u00fclm\u0259sind\u0259 ir\u0259lil\u0259yi\u015fl\u0259r t\u0259min edir v\u0259 ya\u015fay\u0131\u015f v\u0259 ictimai...\" \/>\n<meta property=\"og:url\"  content=\"https:\/\/jsgroup.az\/ru\/aschwanden\/\" \/>\n<meta property=\"og:site_name\"  content=\"JS Group\" \/>\n<meta property=\"article:publisher\"  content=\"https:\/\/www.facebook.com\/JS-Group-LLC-103618468444954\" \/>\n<meta property=\"article:modified_time\"  content=\"2021-03-04T20:44:27+00:00\" \/>\n<meta property=\"og:image\"  content=\"http:\/\/jsgroup.az\/wp-content\/uploads\/2021\/02\/Aschwanden_1-286x300.jpg\" \/>\n<meta name=\"twitter:card\" content=\"summary_large_image\" \/>\n<meta name=\"twitter:label1\"  content=\"\u041f\u0440\u0438\u043c\u0435\u0440\u043d\u043e\u0435 \u0432\u0440\u0435\u043c\u044f \u0434\u043b\u044f \u0447\u0442\u0435\u043d\u0438\u044f\" \/>\n\t<meta name=\"twitter:data1\"  content=\"2 \u043c\u0438\u043d\u0443\u0442\u044b\" \/>\n<script type=\"application\/ld+json\" class=\"yoast-schema-graph\">{\"@context\":\"https:\/\/schema.org\",\"@graph\":[{\"@type\":\"Organization\",\"@id\":\"https:\/\/jsgroup.az\/az\/#organization\",\"name\":\"JS Group LLC\",\"url\":\"https:\/\/jsgroup.az\/az\/\",\"sameAs\":[\"https:\/\/www.facebook.com\/JS-Group-LLC-103618468444954\"],\"logo\":{\"@type\":\"ImageObject\",\"@id\":\"https:\/\/jsgroup.az\/az\/#logo\",\"inLanguage\":\"ru-RU\",\"url\":\"https:\/\/jsgroup.az\/wp-content\/uploads\/2021\/02\/logo-js-google.png\",\"contentUrl\":\"https:\/\/jsgroup.az\/wp-content\/uploads\/2021\/02\/logo-js-google.png\",\"width\":2000,\"height\":2000,\"caption\":\"JS Group LLC\"},\"image\":{\"@id\":\"https:\/\/jsgroup.az\/az\/#logo\"}},{\"@type\":\"WebSite\",\"@id\":\"https:\/\/jsgroup.az\/az\/#website\",\"url\":\"https:\/\/jsgroup.az\/az\/\",\"name\":\"JS Group\",\"description\":\"Sizin \u0130n\u015faat \u015eirk\u0259ti\",\"publisher\":{\"@id\":\"https:\/\/jsgroup.az\/az\/#organization\"},\"potentialAction\":[{\"@type\":\"SearchAction\",\"target\":{\"@type\":\"EntryPoint\",\"urlTemplate\":\"https:\/\/jsgroup.az\/az\/?s={search_term_string}\"},\"query-input\":\"required name=search_term_string\"}],\"inLanguage\":\"ru-RU\"},{\"@type\":\"ImageObject\",\"@id\":\"https:\/\/jsgroup.az\/ru\/aschwanden\/#primaryimage\",\"inLanguage\":\"ru-RU\",\"url\":\"http:\/\/jsgroup.az\/wp-content\/uploads\/2021\/02\/Aschwanden_1-286x300.jpg\",\"contentUrl\":\"http:\/\/jsgroup.az\/wp-content\/uploads\/2021\/02\/Aschwanden_1-286x300.jpg\"},{\"@type\":\"WebPage\",\"@id\":\"https:\/\/jsgroup.az\/ru\/aschwanden\/#webpage\",\"url\":\"https:\/\/jsgroup.az\/ru\/aschwanden\/\",\"name\":\"Aschwanden &ndash; JS Group\",\"isPartOf\":{\"@id\":\"https:\/\/jsgroup.az\/az\/#website\"},\"primaryImageOfPage\":{\"@id\":\"https:\/\/jsgroup.az\/ru\/aschwanden\/#primaryimage\"},\"datePublished\":\"2021-02-20T20:13:39+00:00\",\"dateModified\":\"2021-03-04T20:44:27+00:00\",\"breadcrumb\":{\"@id\":\"https:\/\/jsgroup.az\/ru\/aschwanden\/#breadcrumb\"},\"inLanguage\":\"ru-RU\",\"potentialAction\":[{\"@type\":\"ReadAction\",\"target\":[\"https:\/\/jsgroup.az\/ru\/aschwanden\/\"]}]},{\"@type\":\"BreadcrumbList\",\"@id\":\"https:\/\/jsgroup.az\/ru\/aschwanden\/#breadcrumb\",\"itemListElement\":[{\"@type\":\"ListItem\",\"position\":1,\"name\":\"Ana S\u0259hif\u0259\",\"item\":\"https:\/\/jsgroup.az\/\"},{\"@type\":\"ListItem\",\"position\":2,\"name\":\"Aschwanden\"}]}]}<\/script>\n<!-- \/ Yoast SEO plugin. -->","yoast_head_json":{"title":"Aschwanden &ndash; JS Group","robots":{"index":"index","follow":"follow","max-snippet":"max-snippet:-1","max-image-preview":"max-image-preview:large","max-video-preview":"max-video-preview:-1"},"canonical":"https:\/\/jsgroup.az\/ru\/aschwanden\/","og_locale":"ru_RU","og_type":"article","og_title":"Aschwanden &ndash; JS Group","og_description":"Aschwanden \u0130nc\u0259, y\u00fcks\u0259k dayan\u0131ql\u0131, polad beton kompozit s\u00fctunlar v\u0259 h\u0259rt\u0259r\u0259fli akustik m\u0259hsullar daxil olmaqla yenilik\u00e7i beton \u0259laq\u0259l\u0259ri. Aschwanden markas\u0131 1949-cu ild\u0259n b\u0259ri m\u00f6vcuddur v\u0259 yenilik\u00e7i, y\u00fcks\u0259k performansl\u0131 v\u0259 y\u00fcks\u0259k keyfiyy\u0259tli m\u00fck\u0259mm\u0259l m\u00fch\u0259ndis h\u0259ll\u0259ri \u00fc\u00e7\u00fcn h\u0259s\u0259d aparan bir \u015f\u00f6hr\u0259t qazanm\u0131\u015fd\u0131r. Aschwanden h\u0259ll\u0259ri d\u0259mir betonun konstruksiyas\u0131ndak\u0131 g\u00fccl\u0259rin g\u00fccl\u0259ndirilm\u0259sind\u0259 v\u0259 \u00f6t\u00fcr\u00fclm\u0259sind\u0259 ir\u0259lil\u0259yi\u015fl\u0259r t\u0259min edir v\u0259 ya\u015fay\u0131\u015f v\u0259 ictimai...","og_url":"https:\/\/jsgroup.az\/ru\/aschwanden\/","og_site_name":"JS Group","article_publisher":"https:\/\/www.facebook.com\/JS-Group-LLC-103618468444954","article_modified_time":"2021-03-04T20:44:27+00:00","og_image":[{"url":"http:\/\/jsgroup.az\/wp-content\/uploads\/2021\/02\/Aschwanden_1-286x300.jpg"}],"twitter_card":"summary_large_image","twitter_misc":{"\u041f\u0440\u0438\u043c\u0435\u0440\u043d\u043e\u0435 \u0432\u0440\u0435\u043c\u044f \u0434\u043b\u044f \u0447\u0442\u0435\u043d\u0438\u044f":"2 \u043c\u0438\u043d\u0443\u0442\u044b"},"schema":{"@context":"https:\/\/schema.org","@graph":[{"@type":"Organization","@id":"https:\/\/jsgroup.az\/az\/#organization","name":"JS Group LLC","url":"https:\/\/jsgroup.az\/az\/","sameAs":["https:\/\/www.facebook.com\/JS-Group-LLC-103618468444954"],"logo":{"@type":"ImageObject","@id":"https:\/\/jsgroup.az\/az\/#logo","inLanguage":"ru-RU","url":"https:\/\/jsgroup.az\/wp-content\/uploads\/2021\/02\/logo-js-google.png","contentUrl":"https:\/\/jsgroup.az\/wp-content\/uploads\/2021\/02\/logo-js-google.png","width":2000,"height":2000,"caption":"JS Group LLC"},"image":{"@id":"https:\/\/jsgroup.az\/az\/#logo"}},{"@type":"WebSite","@id":"https:\/\/jsgroup.az\/az\/#website","url":"https:\/\/jsgroup.az\/az\/","name":"JS Group","description":"Sizin \u0130n\u015faat \u015eirk\u0259ti","publisher":{"@id":"https:\/\/jsgroup.az\/az\/#organization"},"potentialAction":[{"@type":"SearchAction","target":{"@type":"EntryPoint","urlTemplate":"https:\/\/jsgroup.az\/az\/?s={search_term_string}"},"query-input":"required name=search_term_string"}],"inLanguage":"ru-RU"},{"@type":"ImageObject","@id":"https:\/\/jsgroup.az\/ru\/aschwanden\/#primaryimage","inLanguage":"ru-RU","url":"http:\/\/jsgroup.az\/wp-content\/uploads\/2021\/02\/Aschwanden_1-286x300.jpg","contentUrl":"http:\/\/jsgroup.az\/wp-content\/uploads\/2021\/02\/Aschwanden_1-286x300.jpg"},{"@type":"WebPage","@id":"https:\/\/jsgroup.az\/ru\/aschwanden\/#webpage","url":"https:\/\/jsgroup.az\/ru\/aschwanden\/","name":"Aschwanden &ndash; JS Group","isPartOf":{"@id":"https:\/\/jsgroup.az\/az\/#website"},"primaryImageOfPage":{"@id":"https:\/\/jsgroup.az\/ru\/aschwanden\/#primaryimage"},"datePublished":"2021-02-20T20:13:39+00:00","dateModified":"2021-03-04T20:44:27+00:00","breadcrumb":{"@id":"https:\/\/jsgroup.az\/ru\/aschwanden\/#breadcrumb"},"inLanguage":"ru-RU","potentialAction":[{"@type":"ReadAction","target":["https:\/\/jsgroup.az\/ru\/aschwanden\/"]}]},{"@type":"BreadcrumbList","@id":"https:\/\/jsgroup.az\/ru\/aschwanden\/#breadcrumb","itemListElement":[{"@type":"ListItem","position":1,"name":"Ana S\u0259hif\u0259","item":"https:\/\/jsgroup.az\/"},{"@type":"ListItem","position":2,"name":"Aschwanden"}]}]}},"_links":{"self":[{"href":"https:\/\/jsgroup.az\/ru\/wp-json\/wp\/v2\/pages\/6907"}],"collection":[{"href":"https:\/\/jsgroup.az\/ru\/wp-json\/wp\/v2\/pages"}],"about":[{"href":"https:\/\/jsgroup.az\/ru\/wp-json\/wp\/v2\/types\/page"}],"author":[{"embeddable":true,"href":"https:\/\/jsgroup.az\/ru\/wp-json\/wp\/v2\/users\/1"}],"replies":[{"embeddable":true,"href":"https:\/\/jsgroup.az\/ru\/wp-json\/wp\/v2\/comments?post=6907"}],"version-history":[{"count":10,"href":"https:\/\/jsgroup.az\/ru\/wp-json\/wp\/v2\/pages\/6907\/revisions"}],"predecessor-version":[{"id":7126,"href":"https:\/\/jsgroup.az\/ru\/wp-json\/wp\/v2\/pages\/6907\/revisions\/7126"}],"wp:attachment":[{"href":"https:\/\/jsgroup.az\/ru\/wp-json\/wp\/v2\/media?parent=6907"}],"curies":[{"name":"wp","href":"https:\/\/api.w.org\/{rel}","templated":true}]}}