{"id":6890,"date":"2021-02-20T20:03:35","date_gmt":"2021-02-20T20:03:35","guid":{"rendered":"http:\/\/jsgroup.az\/?page_id=6890"},"modified":"2021-03-05T00:43:37","modified_gmt":"2021-03-04T20:43:37","slug":"ancon","status":"publish","type":"page","link":"https:\/\/jsgroup.az\/ru\/ancon\/","title":{"rendered":"Ancon"},"content":{"rendered":"<h2>ANCON<\/h2>\n<p>\u041a\u043e\u043d\u0441\u0442\u0440\u0443\u043a\u0446\u0438\u0438 \u0438\u0437 \u043d\u0435\u0440\u0436\u0430\u0432\u0435\u044e\u0449\u0435\u0439 \u0441\u0442\u0430\u043b\u0438 \u0438 \u043e\u043f\u043e\u0440\u043d\u044b\u0435 \u0441\u0438\u0441\u0442\u0435\u043c\u044b \u0434\u043b\u044f \u043a\u0438\u0440\u043f\u0438\u0447\u043d\u043e\u0439 \u043a\u043b\u0430\u0434\u043a\u0438, \u0438\u043d\u0436\u0435\u043d\u0435\u0440\u043d\u044b\u0435 \u0431\u0435\u0442\u043e\u043d\u043d\u044b\u0435 \u0441\u043e\u0435\u0434\u0438\u043d\u0435\u043d\u0438\u044f, \u0432\u043a\u043b\u044e\u0447\u0430\u044f \u0441\u043e\u0435\u0434\u0438\u043d\u0438\u0442\u0435\u043b\u0438 \u043d\u0430\u0433\u0440\u0443\u0437\u043a\u0438 \u043d\u0430 \u0441\u0434\u0432\u0438\u0433, \u0438 \u0441\u043e\u0435\u0434\u0438\u043d\u0438\u0442\u0435\u043b\u0438 \u0434\u043b\u044f \u0430\u0440\u043c\u0430\u0442\u0443\u0440\u043d\u044b\u0445 \u0441\u0442\u0435\u0440\u0436\u043d\u0435\u0439.<\/p>\n<p>\u00a0<\/p>\n<p><img loading=\"lazy\"   src=\"http:\/\/jsgroup.az\/wp-content\/uploads\/2021\/02\/Ancon1-286x300.jpg\"   alt=\"\"   width=\"286\"   height=\"300\" \/> <img loading=\"lazy\"   src=\"http:\/\/jsgroup.az\/wp-content\/uploads\/2021\/02\/Ancon2-286x300.jpg\"   alt=\"\"   width=\"286\"   height=\"300\" \/> <img loading=\"lazy\"   src=\"http:\/\/jsgroup.az\/wp-content\/uploads\/2021\/02\/Ancon3-286x300.jpg\"   alt=\"\"   width=\"286\"   height=\"300\" \/><\/p>\n<p>Ancon MDC - \u043f\u0440\u0435\u0434\u043f\u043e\u0447\u0442\u0438\u0442\u0435\u043b\u044c\u043d\u044b\u0439 \u0432\u044b\u0431\u043e\u0440 \u0441\u0438\u0441\u0442\u0435\u043c\u044b \u043f\u043e\u0434\u0434\u0435\u0440\u0436\u043a\u0438 \u043a\u043b\u0430\u0434\u043a\u0438 \u0432 \u0412\u0435\u043b\u0438\u043a\u043e\u0431\u0440\u0438\u0442\u0430\u043d\u0438\u0438 \u0438 \u0410\u0432\u0441\u0442\u0440\u0430\u043b\u0438\u0438. \u042d\u0442\u0438 \u0441\u0438\u0441\u0442\u0435\u043c\u044b \u0432 \u0441\u043e\u0447\u0435\u0442\u0430\u043d\u0438\u0438 \u0441\u043e \u0441\u0442\u0435\u043d\u043e\u0432\u044b\u043c\u0438 \u0430\u043d\u043a\u0435\u0440\u0430\u043c\u0438, \u0432\u0435\u0442\u0440\u043e\u0432\u044b\u043c\u0438 \u0441\u0442\u043e\u0439\u043a\u0430\u043c\u0438 \u0438 \u043f\u0435\u0440\u0435\u043c\u044b\u0447\u043a\u0430\u043c\u0438 Ancon \u043e\u0431\u0440\u0430\u0437\u0443\u044e\u0442 \u0437\u0430\u043a\u043e\u043d\u0447\u0435\u043d\u043d\u043e\u0435 \u0440\u0435\u0448\u0435\u043d\u0438\u0435 \u0434\u043b\u044f \u043a\u0440\u0435\u043f\u043b\u0435\u043d\u0438\u044f \u0438\u0437 \u043d\u0435\u0440\u0436\u0430\u0432\u0435\u044e\u0449\u0435\u0439 \u0441\u0442\u0430\u043b\u0438 \u0434\u043b\u044f \u044d\u0441\u0442\u0435\u0442\u0438\u0447\u0435\u0441\u043a\u043e\u0439 \u043e\u0431\u043b\u0438\u0446\u043e\u0432\u043a\u0438 \u043a\u0438\u0440\u043f\u0438\u0447\u043d\u043e\u0439 \u043a\u043b\u0430\u0434\u043a\u0438 \u043d\u043e\u0432\u044b\u0445 \u0437\u0434\u0430\u043d\u0438\u0439.<\/p>\n<p>\u041a\u043e\u043d\u0441\u0442\u0440\u0443\u043a\u0442\u0438\u0432\u043d\u044b\u0435 \u0431\u0435\u0442\u043e\u043d\u043d\u044b\u0435 \u0441\u043e\u0435\u0434\u0438\u043d\u0435\u043d\u0438\u044f \u0438\u0437 \u0430\u0441\u0441\u043e\u0440\u0442\u0438\u043c\u0435\u043d\u0442\u0430 Ancon \u0432\u043a\u043b\u044e\u0447\u0430\u044e\u0442 \u0432\u044b\u0441\u043e\u043a\u043e\u043a\u0430\u0447\u0435\u0441\u0442\u0432\u0435\u043d\u043d\u044b\u0435 \u0441\u043e\u0435\u0434\u0438\u043d\u0438\u0442\u0435\u043b\u0438, \u0440\u0430\u0431\u043e\u0442\u0430\u044e\u0449\u0438\u0435 \u043d\u0430 \u0441\u0434\u0432\u0438\u0433, DSD \u0438 HLD. \u042d\u0442\u0438 \u043f\u0440\u043e\u0434\u0443\u043a\u0442\u044b \u0431\u043e\u043b\u0435\u0435 \u044d\u0444\u0444\u0435\u043a\u0442\u0438\u0432\u043d\u044b \u043f\u0440\u0438 \u043f\u0435\u0440\u0435\u0434\u0430\u0447\u0435 \u043d\u0430\u0433\u0440\u0443\u0437\u043a\u0438 \u0438 \u043a\u043e\u043c\u043f\u0435\u043d\u0441\u0430\u0446\u0438\u0438 \u0434\u0432\u0438\u0436\u0435\u043d\u0438\u0439 \u0447\u0435\u0440\u0435\u0437 \u0441\u0442\u044b\u043a\u0438 \u0432 \u0431\u0435\u0442\u043e\u043d\u0435, \u0447\u0435\u043c \u043f\u0440\u043e\u0441\u0442\u044b\u0435 \u0434\u044e\u0431\u0435\u043b\u0438.<\/p>\n<p>\u0410\u0440\u043c\u0430\u0442\u0443\u0440\u0430 \u0438\u0437 \u043d\u0435\u0440\u0436\u0430\u0432\u0435\u044e\u0449\u0435\u0439 \u0441\u0442\u0430\u043b\u0438 Ancon \u0434\u043e\u0441\u0442\u0443\u043f\u043d\u0430 \u0432 \u0440\u0430\u0437\u043b\u0438\u0447\u043d\u044b\u0445 \u0442\u0438\u043f\u0430\u0445 \u0438 \u0441\u043e\u0440\u0442\u0430\u0445, \u0438 \u0435\u0435 \u043c\u043e\u0436\u043d\u043e \u0440\u0430\u0437\u0440\u0435\u0437\u0430\u0442\u044c, \u0433\u043d\u0443\u0442\u044c \u0438 \u043d\u0430\u0440\u0435\u0437\u0430\u0442\u044c \u0440\u0435\u0437\u044c\u0431\u043e\u0439 \u0434\u043b\u044f \u0440\u0430\u0437\u043b\u0438\u0447\u043d\u044b\u0445 \u043e\u0431\u043b\u0430\u0441\u0442\u0435\u0439 \u043f\u0440\u0438\u043c\u0435\u043d\u0435\u043d\u0438\u044f.<\/p>\n<p>\u0414\u0440\u0443\u0433\u0438\u0435 \u043f\u0440\u043e\u0434\u0443\u043a\u0442\u044b Ancon \u0432\u043a\u043b\u044e\u0447\u0430\u044e\u0442 \u0440\u0435\u0437\u044c\u0431\u043e\u0432\u044b\u0435 \u0438 \u0431\u043e\u043b\u0442\u043e\u0432\u044b\u0435 \u0441\u043e\u0435\u0434\u0438\u043d\u0438\u0442\u0435\u043b\u0438 \u0434\u043b\u044f \u0430\u0440\u043c\u0430\u0442\u0443\u0440\u043d\u044b\u0445 \u0441\u0442\u0435\u0440\u0436\u043d\u0435\u0439 \u0438 \u0438\u043d\u0436\u0435\u043d\u0435\u0440\u043d\u044b\u0435 \u0440\u0435\u0448\u0435\u043d\u0438\u044f \u0434\u043b\u044f \u043e\u0431\u0435\u0441\u043f\u0435\u0447\u0435\u043d\u0438\u044f \u043d\u0435\u043f\u0440\u0435\u0440\u044b\u0432\u043d\u043e\u0441\u0442\u0438 \u0430\u0440\u043c\u0438\u0440\u043e\u0432\u0430\u043d\u0438\u044f \u0432 \u0441\u0442\u044b\u043a\u0430\u0445 \u043c\u0435\u0436\u0434\u0443 \u043f\u0435\u0440\u0435\u043a\u0440\u044b\u0442\u0438\u044f\u043c\u0438 \u0438 \u0441\u0442\u0435\u043d\u0430\u043c\u0438 \u0432 \u043a\u043e\u043d\u0441\u0442\u0440\u0443\u043a\u0446\u0438\u043e\u043d\u043d\u044b\u0445 \u0431\u0435\u0442\u043e\u043d\u043d\u044b\u0445 \u043a\u0430\u0440\u043a\u0430\u0441\u0430\u0445.<\/p>\n<p>\u041f\u043e\u0441\u0435\u0442\u0438\u0442\u0435 \u0432\u0435\u0431-\u0441\u0430\u0439\u0442 Ancon \u0434\u043b\u044f \u043f\u043e\u043b\u0443\u0447\u0435\u043d\u0438\u044f \u0434\u043e\u043f\u043e\u043b\u043d\u0438\u0442\u0435\u043b\u044c\u043d\u043e\u0439 \u0438\u043d\u0444\u043e\u0440\u043c\u0430\u0446\u0438\u0438.<\/p>\n<p><a href=\"https:\/\/www.ancon.co.uk\/\"   target=\"_blank\"   rel=\"noopener\">www.ancon.co.uk<\/a><\/p>","protected":false},"excerpt":{"rendered":"<p>ANCON Paslanmayan poladdan haz\u0131rlama v\u0259 divar d\u0259st\u0259k sisteml\u0259ri, beton birl\u0259\u015fm\u0259l\u0259r v\u0259 k\u0259sm\u0259 y\u00fck ba\u011flay\u0131c\u0131lar\u0131 da daxil olmaqla g\u00fccl\u0259ndirici \u00e7ubuq ba\u011flay\u0131c\u0131lar\u0131. \u00a0 Ancon MDC, \u0130ngilt\u0259r\u0259 v\u0259 Avstraliyada h\u00f6rg\u00fc d\u0259st\u0259k sisteminin se\u00e7imidir. Bu sisteml\u0259r Ancon divar ba\u011flar\u0131, \u00f6n dir\u0259kl\u0259r v\u0259 lintell\u0259rl\u0259 birl\u0259\u015f\u0259r\u0259k yeni binalarda estetik h\u00f6rg\u00fc \u00f6rt\u00fckl\u0259ri \u00fc\u00e7\u00fcn tam paslanmayan polad fiksasiya h\u0259lli meydana g\u0259tirir. Ancon seriyas\u0131ndan&#8230;<\/p>","protected":false},"author":1,"featured_media":0,"parent":0,"menu_order":0,"comment_status":"closed","ping_status":"closed","template":"","meta":[],"yoast_head":"<!-- This site is optimized with the Yoast SEO plugin v18.1 - https:\/\/yoast.com\/wordpress\/plugins\/seo\/ -->\n<title>Ancon &ndash; JS Group<\/title>\n<meta name=\"robots\"  content=\"index, follow, max-snippet:-1, max-image-preview:large, max-video-preview:-1\" \/>\n<link rel=\"canonical\"  href=\"https:\/\/jsgroup.az\/ru\/ancon\/\" \/>\n<meta property=\"og:locale\"  content=\"ru_RU\" \/>\n<meta property=\"og:type\"  content=\"article\" \/>\n<meta property=\"og:title\"  content=\"Ancon &ndash; JS Group\" \/>\n<meta property=\"og:description\"  content=\"ANCON Paslanmayan poladdan haz\u0131rlama v\u0259 divar d\u0259st\u0259k sisteml\u0259ri, beton birl\u0259\u015fm\u0259l\u0259r v\u0259 k\u0259sm\u0259 y\u00fck ba\u011flay\u0131c\u0131lar\u0131 da daxil olmaqla g\u00fccl\u0259ndirici \u00e7ubuq ba\u011flay\u0131c\u0131lar\u0131. \u00a0 Ancon MDC, \u0130ngilt\u0259r\u0259 v\u0259 Avstraliyada h\u00f6rg\u00fc d\u0259st\u0259k sisteminin se\u00e7imidir. Bu sisteml\u0259r Ancon divar ba\u011flar\u0131, \u00f6n dir\u0259kl\u0259r v\u0259 lintell\u0259rl\u0259 birl\u0259\u015f\u0259r\u0259k yeni binalarda estetik h\u00f6rg\u00fc \u00f6rt\u00fckl\u0259ri \u00fc\u00e7\u00fcn tam paslanmayan polad fiksasiya h\u0259lli meydana g\u0259tirir. Ancon seriyas\u0131ndan...\" \/>\n<meta property=\"og:url\"  content=\"https:\/\/jsgroup.az\/ru\/ancon\/\" \/>\n<meta property=\"og:site_name\"  content=\"JS Group\" \/>\n<meta property=\"article:publisher\"  content=\"https:\/\/www.facebook.com\/JS-Group-LLC-103618468444954\" \/>\n<meta property=\"article:modified_time\"  content=\"2021-03-04T20:43:37+00:00\" \/>\n<meta property=\"og:image\"  content=\"http:\/\/jsgroup.az\/wp-content\/uploads\/2021\/02\/Ancon1-286x300.jpg\" \/>\n<meta name=\"twitter:card\" content=\"summary_large_image\" \/>\n<meta name=\"twitter:label1\"  content=\"\u041f\u0440\u0438\u043c\u0435\u0440\u043d\u043e\u0435 \u0432\u0440\u0435\u043c\u044f \u0434\u043b\u044f \u0447\u0442\u0435\u043d\u0438\u044f\" \/>\n\t<meta name=\"twitter:data1\"  content=\"2 \u043c\u0438\u043d\u0443\u0442\u044b\" \/>\n<script type=\"application\/ld+json\" class=\"yoast-schema-graph\">{\"@context\":\"https:\/\/schema.org\",\"@graph\":[{\"@type\":\"Organization\",\"@id\":\"https:\/\/jsgroup.az\/az\/#organization\",\"name\":\"JS Group LLC\",\"url\":\"https:\/\/jsgroup.az\/az\/\",\"sameAs\":[\"https:\/\/www.facebook.com\/JS-Group-LLC-103618468444954\"],\"logo\":{\"@type\":\"ImageObject\",\"@id\":\"https:\/\/jsgroup.az\/az\/#logo\",\"inLanguage\":\"ru-RU\",\"url\":\"https:\/\/jsgroup.az\/wp-content\/uploads\/2021\/02\/logo-js-google.png\",\"contentUrl\":\"https:\/\/jsgroup.az\/wp-content\/uploads\/2021\/02\/logo-js-google.png\",\"width\":2000,\"height\":2000,\"caption\":\"JS Group LLC\"},\"image\":{\"@id\":\"https:\/\/jsgroup.az\/az\/#logo\"}},{\"@type\":\"WebSite\",\"@id\":\"https:\/\/jsgroup.az\/az\/#website\",\"url\":\"https:\/\/jsgroup.az\/az\/\",\"name\":\"JS Group\",\"description\":\"Sizin \u0130n\u015faat \u015eirk\u0259ti\",\"publisher\":{\"@id\":\"https:\/\/jsgroup.az\/az\/#organization\"},\"potentialAction\":[{\"@type\":\"SearchAction\",\"target\":{\"@type\":\"EntryPoint\",\"urlTemplate\":\"https:\/\/jsgroup.az\/az\/?s={search_term_string}\"},\"query-input\":\"required name=search_term_string\"}],\"inLanguage\":\"ru-RU\"},{\"@type\":\"ImageObject\",\"@id\":\"https:\/\/jsgroup.az\/az\/ancon\/#primaryimage\",\"inLanguage\":\"ru-RU\",\"url\":\"http:\/\/jsgroup.az\/wp-content\/uploads\/2021\/02\/Ancon1-286x300.jpg\",\"contentUrl\":\"http:\/\/jsgroup.az\/wp-content\/uploads\/2021\/02\/Ancon1-286x300.jpg\"},{\"@type\":\"WebPage\",\"@id\":\"https:\/\/jsgroup.az\/az\/ancon\/#webpage\",\"url\":\"https:\/\/jsgroup.az\/az\/ancon\/\",\"name\":\"Ancon &ndash; JS Group\",\"isPartOf\":{\"@id\":\"https:\/\/jsgroup.az\/az\/#website\"},\"primaryImageOfPage\":{\"@id\":\"https:\/\/jsgroup.az\/az\/ancon\/#primaryimage\"},\"datePublished\":\"2021-02-20T20:03:35+00:00\",\"dateModified\":\"2021-03-04T20:43:37+00:00\",\"breadcrumb\":{\"@id\":\"https:\/\/jsgroup.az\/az\/ancon\/#breadcrumb\"},\"inLanguage\":\"ru-RU\",\"potentialAction\":[{\"@type\":\"ReadAction\",\"target\":[\"https:\/\/jsgroup.az\/az\/ancon\/\"]}]},{\"@type\":\"BreadcrumbList\",\"@id\":\"https:\/\/jsgroup.az\/az\/ancon\/#breadcrumb\",\"itemListElement\":[{\"@type\":\"ListItem\",\"position\":1,\"name\":\"Ana S\u0259hif\u0259\",\"item\":\"https:\/\/jsgroup.az\/\"},{\"@type\":\"ListItem\",\"position\":2,\"name\":\"Ancon\"}]}]}<\/script>\n<!-- \/ Yoast SEO plugin. -->","yoast_head_json":{"title":"Ancon &ndash; JS Group","robots":{"index":"index","follow":"follow","max-snippet":"max-snippet:-1","max-image-preview":"max-image-preview:large","max-video-preview":"max-video-preview:-1"},"canonical":"https:\/\/jsgroup.az\/ru\/ancon\/","og_locale":"ru_RU","og_type":"article","og_title":"Ancon &ndash; JS Group","og_description":"ANCON Paslanmayan poladdan haz\u0131rlama v\u0259 divar d\u0259st\u0259k sisteml\u0259ri, beton birl\u0259\u015fm\u0259l\u0259r v\u0259 k\u0259sm\u0259 y\u00fck ba\u011flay\u0131c\u0131lar\u0131 da daxil olmaqla g\u00fccl\u0259ndirici \u00e7ubuq ba\u011flay\u0131c\u0131lar\u0131. \u00a0 Ancon MDC, \u0130ngilt\u0259r\u0259 v\u0259 Avstraliyada h\u00f6rg\u00fc d\u0259st\u0259k sisteminin se\u00e7imidir. Bu sisteml\u0259r Ancon divar ba\u011flar\u0131, \u00f6n dir\u0259kl\u0259r v\u0259 lintell\u0259rl\u0259 birl\u0259\u015f\u0259r\u0259k yeni binalarda estetik h\u00f6rg\u00fc \u00f6rt\u00fckl\u0259ri \u00fc\u00e7\u00fcn tam paslanmayan polad fiksasiya h\u0259lli meydana g\u0259tirir. Ancon seriyas\u0131ndan...","og_url":"https:\/\/jsgroup.az\/ru\/ancon\/","og_site_name":"JS Group","article_publisher":"https:\/\/www.facebook.com\/JS-Group-LLC-103618468444954","article_modified_time":"2021-03-04T20:43:37+00:00","og_image":[{"url":"http:\/\/jsgroup.az\/wp-content\/uploads\/2021\/02\/Ancon1-286x300.jpg"}],"twitter_card":"summary_large_image","twitter_misc":{"\u041f\u0440\u0438\u043c\u0435\u0440\u043d\u043e\u0435 \u0432\u0440\u0435\u043c\u044f \u0434\u043b\u044f \u0447\u0442\u0435\u043d\u0438\u044f":"2 \u043c\u0438\u043d\u0443\u0442\u044b"},"schema":{"@context":"https:\/\/schema.org","@graph":[{"@type":"Organization","@id":"https:\/\/jsgroup.az\/az\/#organization","name":"JS Group LLC","url":"https:\/\/jsgroup.az\/az\/","sameAs":["https:\/\/www.facebook.com\/JS-Group-LLC-103618468444954"],"logo":{"@type":"ImageObject","@id":"https:\/\/jsgroup.az\/az\/#logo","inLanguage":"ru-RU","url":"https:\/\/jsgroup.az\/wp-content\/uploads\/2021\/02\/logo-js-google.png","contentUrl":"https:\/\/jsgroup.az\/wp-content\/uploads\/2021\/02\/logo-js-google.png","width":2000,"height":2000,"caption":"JS Group LLC"},"image":{"@id":"https:\/\/jsgroup.az\/az\/#logo"}},{"@type":"WebSite","@id":"https:\/\/jsgroup.az\/az\/#website","url":"https:\/\/jsgroup.az\/az\/","name":"JS Group","description":"Sizin \u0130n\u015faat \u015eirk\u0259ti","publisher":{"@id":"https:\/\/jsgroup.az\/az\/#organization"},"potentialAction":[{"@type":"SearchAction","target":{"@type":"EntryPoint","urlTemplate":"https:\/\/jsgroup.az\/az\/?s={search_term_string}"},"query-input":"required name=search_term_string"}],"inLanguage":"ru-RU"},{"@type":"ImageObject","@id":"https:\/\/jsgroup.az\/az\/ancon\/#primaryimage","inLanguage":"ru-RU","url":"http:\/\/jsgroup.az\/wp-content\/uploads\/2021\/02\/Ancon1-286x300.jpg","contentUrl":"http:\/\/jsgroup.az\/wp-content\/uploads\/2021\/02\/Ancon1-286x300.jpg"},{"@type":"WebPage","@id":"https:\/\/jsgroup.az\/az\/ancon\/#webpage","url":"https:\/\/jsgroup.az\/az\/ancon\/","name":"Ancon &ndash; JS Group","isPartOf":{"@id":"https:\/\/jsgroup.az\/az\/#website"},"primaryImageOfPage":{"@id":"https:\/\/jsgroup.az\/az\/ancon\/#primaryimage"},"datePublished":"2021-02-20T20:03:35+00:00","dateModified":"2021-03-04T20:43:37+00:00","breadcrumb":{"@id":"https:\/\/jsgroup.az\/az\/ancon\/#breadcrumb"},"inLanguage":"ru-RU","potentialAction":[{"@type":"ReadAction","target":["https:\/\/jsgroup.az\/az\/ancon\/"]}]},{"@type":"BreadcrumbList","@id":"https:\/\/jsgroup.az\/az\/ancon\/#breadcrumb","itemListElement":[{"@type":"ListItem","position":1,"name":"Ana S\u0259hif\u0259","item":"https:\/\/jsgroup.az\/"},{"@type":"ListItem","position":2,"name":"Ancon"}]}]}},"_links":{"self":[{"href":"https:\/\/jsgroup.az\/ru\/wp-json\/wp\/v2\/pages\/6890"}],"collection":[{"href":"https:\/\/jsgroup.az\/ru\/wp-json\/wp\/v2\/pages"}],"about":[{"href":"https:\/\/jsgroup.az\/ru\/wp-json\/wp\/v2\/types\/page"}],"author":[{"embeddable":true,"href":"https:\/\/jsgroup.az\/ru\/wp-json\/wp\/v2\/users\/1"}],"replies":[{"embeddable":true,"href":"https:\/\/jsgroup.az\/ru\/wp-json\/wp\/v2\/comments?post=6890"}],"version-history":[{"count":22,"href":"https:\/\/jsgroup.az\/ru\/wp-json\/wp\/v2\/pages\/6890\/revisions"}],"predecessor-version":[{"id":7123,"href":"https:\/\/jsgroup.az\/ru\/wp-json\/wp\/v2\/pages\/6890\/revisions\/7123"}],"wp:attachment":[{"href":"https:\/\/jsgroup.az\/ru\/wp-json\/wp\/v2\/media?parent=6890"}],"curies":[{"name":"wp","href":"https:\/\/api.w.org\/{rel}","templated":true}]}}