{"id":6714,"date":"2021-02-18T23:39:43","date_gmt":"2021-02-18T19:39:43","guid":{"rendered":"http:\/\/jsgroup.az\/?page_id=6714"},"modified":"2021-02-18T23:49:34","modified_gmt":"2021-02-18T19:49:34","slug":"xidmetlerimiz","status":"publish","type":"page","link":"https:\/\/jsgroup.az\/ru\/xidmetlerimiz\/","title":{"rendered":"\u041d\u0430\u0448\u0438 \u0443\u0441\u043b\u0443\u0433\u0438"},"content":{"rendered":"<h2>\u041d\u0430\u0448\u0430 \u043a\u043e\u043c\u043f\u0430\u043d\u0438\u044f \u0441 \u0433\u043e\u0440\u0434\u043e\u0441\u0442\u044c\u044e \u043f\u0440\u0435\u0434\u043e\u0441\u0442\u0430\u0432\u043b\u044f\u0435\u0442 \u0441\u043b\u0435\u0434\u0443\u044e\u0449\u0438\u0435 \u0443\u0441\u043b\u0443\u0433\u0438 \u0434\u043b\u044f \u0441\u043e\u0437\u0434\u0430\u043d\u0438\u044f \u043d\u0430\u0438\u0431\u043e\u043b\u0435\u0435 \u0438\u0434\u0435\u0430\u043b\u044c\u043d\u044b\u0445 \u0441\u0442\u0440\u043e\u0438\u0442\u0435\u043b\u044c\u043d\u044b\u0445 \u043f\u0440\u043e\u0435\u043a\u0442\u043e\u0432 \u0441 \u0443\u0447\u0435\u0442\u043e\u043c \u0438\u043d\u0434\u0438\u0432\u0438\u0434\u0443\u0430\u043b\u044c\u043d\u044b\u0445 \u043f\u043e\u0442\u0440\u0435\u0431\u043d\u043e\u0441\u0442\u0435\u0439, \u0436\u0435\u043b\u0430\u043d\u0438\u0439 \u0438 \u043b\u0438\u0447\u043d\u044b\u0445 \u043f\u0440\u0435\u0434\u043f\u043e\u0447\u0442\u0435\u043d\u0438\u0439 \u043a\u0430\u0436\u0434\u043e\u0433\u043e.<br \/>\n<\/h2>\n<p>            <img src=\"http:\/\/jsgroup.az\/wp-content\/uploads\/2019\/04\/service-project-management-490x330.jpg\"   alt=\"Layih\u0259l\u0259ndirm\u0259\"><\/p>\n<h3>\n                <a href=\"https:\/\/jsgroup.az\/ru\/xidmetler\/layihelendirme\/\"><br \/>\n                  \u0414\u0438\u0437\u0430\u0439\u043d                <\/a><br \/>\n              <\/h3>\n<p>\n                &nbsp;               <\/p>\n<p>            <img src=\"http:\/\/jsgroup.az\/wp-content\/uploads\/2019\/04\/tikinti-490x330.png\"   alt=\"Tikinti \u0130\u015fl\u0259ri\"><\/p>\n<h3>\n                <a href=\"https:\/\/jsgroup.az\/ru\/xidmetler\/tikinti-isleri\/\"><br \/>\n                  \u0421\u0442\u0440\u043e\u0438\u0442\u0435\u043b\u044c\u043d\u044b\u0435 \u0440\u0430\u0431\u043e\u0442\u044b                <\/a><br \/>\n              <\/h3>\n<p>\n                &nbsp;               <\/p>\n<p>            <img src=\"http:\/\/jsgroup.az\/wp-content\/uploads\/2019\/04\/sokuntu-490x330.png\"   alt=\"S\u00f6k\u00fcnt\u00fc \u0130\u015fl\u0259ri\"><\/p>\n<h3>\n                <a href=\"https:\/\/jsgroup.az\/ru\/xidmetler\/sokuntu-isl%c9%99ri\/\"><br \/>\n                  \u0420\u0430\u0431\u043e\u0442\u044b \u043f\u043e \u0441\u043d\u043e\u0441\u0443                <\/a><br \/>\n              <\/h3>\n<p>\n                &nbsp;               <\/p>\n<p>            <img src=\"http:\/\/jsgroup.az\/wp-content\/uploads\/2019\/04\/torpaq-490x330.png\"   alt=\"Torpaq \u0130\u015fl\u0259ri\"><\/p>\n<h3>\n                <a href=\"https:\/\/jsgroup.az\/ru\/xidmetler\/torpaq-isleri\/\"><br \/>\n                  \u0417\u0435\u043c\u043b\u044f\u043d\u044b\u0435 \u0440\u0430\u0431\u043e\u0442\u044b                <\/a><br \/>\n              <\/h3>\n<p>\n                &nbsp;               <\/p>\n<p>            <img src=\"http:\/\/jsgroup.az\/wp-content\/uploads\/2019\/04\/beton-490x330.jpg\"   alt=\"Beton \u0130\u015fl\u0259ri\"><\/p>\n<h3>\n                <a href=\"https:\/\/jsgroup.az\/ru\/xidmetler\/beton-isleri\/\"><br \/>\n                  \u0411\u0435\u0442\u043e\u043d\u043d\u044b\u0435 \u0420\u0430\u0431\u043e\u0442\u044b                <\/a><br \/>\n              <\/h3>\n<p>\n                &nbsp;               <\/p>\n<p>            <img src=\"http:\/\/jsgroup.az\/wp-content\/uploads\/2019\/04\/metal-konstruksiya-490x330.jpg\"   alt=\"Metal Konstruksiya \u0130\u015fl\u0259ri\"><\/p>\n<h3>\n                <a href=\"https:\/\/jsgroup.az\/ru\/xidmetler\/metal-konstruksiya-isleri\/\"><br \/>\n                  \u041c\u0435\u0442\u0430\u043b\u043b\u0438\u0447\u0435\u0441\u043a\u0438\u0435 \u0441\u0442\u0440\u043e\u0438\u0442\u0435\u043b\u044c\u043d\u044b\u0435 \u0440\u0430\u0431\u043e\u0442\u044b                <\/a><br \/>\n              <\/h3>\n<p>\n                &nbsp;               <\/p>\n<p>            <img src=\"http:\/\/jsgroup.az\/wp-content\/uploads\/2019\/04\/elektrik-isleri-490x330.jpg\"   alt=\"Elektrik \u0130\u015fl\u0259ri\"><\/p>\n<h3>\n                <a href=\"https:\/\/jsgroup.az\/ru\/xidmetler\/elektrik-isleri\/\"><br \/>\n                  \u042d\u043b\u0435\u043a\u0442\u0440\u043e\u0442\u0435\u0445\u043d\u0438\u0447\u0435\u0441\u043a\u0438\u0435 \u0440\u0430\u0431\u043e\u0442\u044b                <\/a><br \/>\n              <\/h3>\n<p>\n                &nbsp;               <\/p>\n<p>            <img src=\"http:\/\/jsgroup.az\/wp-content\/uploads\/2019\/04\/havalandirma-490x330.jpg\"   alt=\"Havaland\u0131rma \u0130\u015fl\u0259ri\"><\/p>\n<h3>\n                <a href=\"https:\/\/jsgroup.az\/ru\/xidmetler\/havalandirma-isleri\/\"><br \/>\n                  \u0412\u0435\u043d\u0442\u0438\u043b\u044f\u0446\u0438\u043e\u043d\u043d\u044b\u0435 \u0440\u0430\u0431\u043e\u0442\u044b                <\/a><br \/>\n              <\/h3>\n<p>\n                &nbsp;               <\/p>\n<p>            <img src=\"http:\/\/jsgroup.az\/wp-content\/uploads\/2019\/04\/zeif-axin-490x330.png\"   alt=\"Z\u0259if Ax\u0131n \u0130\u015fl\u0259ri\"><\/p>\n<h3>\n                <a href=\"https:\/\/jsgroup.az\/ru\/xidmetler\/zeif-axin-isleri\/\"><br \/>\n                  \u0421\u043b\u0430\u0431\u044b\u0439 \u043f\u043e\u0442\u043e\u043a \u0440\u0430\u0431\u043e\u0442\u0430\u0435\u0442                <\/a><br \/>\n              <\/h3>\n<p>\n                &nbsp;               <\/p>\n<p>            <img src=\"http:\/\/jsgroup.az\/wp-content\/uploads\/2019\/04\/ince-isler-490x330.jpg\"   alt=\"\u0130nc\u0259 \u0130\u015fl\u0259r\"><\/p>\n<h3>\n                <a href=\"https:\/\/jsgroup.az\/ru\/xidmetler\/ince-isler\/\"><br \/>\n                  \u041f\u0440\u0435\u043a\u0440\u0430\u0441\u043d\u044b\u0435 \u0420\u0430\u0431\u043e\u0442\u044b                <\/a><br \/>\n              <\/h3>\n<p>\n                &nbsp;               <\/p>\n<p>            <img src=\"http:\/\/jsgroup.az\/wp-content\/uploads\/2019\/04\/temir-isleri-490x330.png\"   alt=\"T\u0259mir \u0130\u015fl\u0259ri\"><\/p>\n<h3>\n                <a href=\"https:\/\/jsgroup.az\/ru\/xidmetler\/temir-isleri\/\"><br \/>\n                  \u0420\u0435\u043c\u043e\u043d\u0442                <\/a><br \/>\n              <\/h3>\n<p>\n                &nbsp;               <\/p>\n<p>            <img src=\"http:\/\/jsgroup.az\/wp-content\/uploads\/2019\/03\/bezek-isleri-490x330.jpg\"   alt=\"Son Tamamlanma v\u0259 B\u0259z\u0259k \u0130\u015fl\u0259r\"><\/p>\n<h3>\n                <a href=\"https:\/\/jsgroup.az\/ru\/xidmetler\/tamamlanma-ve-bezek-isleri\/\"><br \/>\n                  \u041e\u0442\u0434\u0435\u043b\u043e\u0447\u043d\u044b\u0435 \u0438 \u043e\u0442\u0434\u0435\u043b\u043e\u0447\u043d\u044b\u0435 \u0440\u0430\u0431\u043e\u0442\u044b                <\/a><br \/>\n              <\/h3>\n<p>\n                &nbsp;               <\/p>","protected":false},"excerpt":{"rendered":"<p>\u015eirk\u0259timiz, h\u0259r bir f\u0259rdi ehtiyaclar\u0131, ist\u0259kl\u0259ri v\u0259 \u015f\u0259xsi \u00fcst\u00fcnl\u00fckl\u0259ri \u0259sas\u0131nda \u0259n ideal tikinti layih\u0259l\u0259ri t\u0259min etm\u0259k \u00fc\u00e7\u00fcn a\u015fa\u011f\u0131dak\u0131 xidm\u0259tl\u0259ri t\u0259qdim etm\u0259kd\u0259n q\u00fcrur duyur Layih\u0259l\u0259ndirm\u0259 &nbsp; Tikinti \u0130\u015fl\u0259ri &nbsp; S\u00f6k\u00fcnt\u00fc \u0130\u015fl\u0259ri &nbsp; Torpaq \u0130\u015fl\u0259ri &nbsp; Beton \u0130\u015fl\u0259ri &nbsp; Metal Konstruksiya \u0130\u015fl\u0259ri &nbsp; Elektrik \u0130\u015fl\u0259ri &nbsp; Havaland\u0131rma \u0130\u015fl\u0259ri &nbsp; Z\u0259if Ax\u0131n \u0130\u015fl\u0259ri &nbsp; \u0130nc\u0259 \u0130\u015fl\u0259r &nbsp; T\u0259mir&#8230;<\/p>","protected":false},"author":1,"featured_media":0,"parent":0,"menu_order":0,"comment_status":"closed","ping_status":"closed","template":"","meta":[],"yoast_head":"<!-- This site is optimized with the Yoast SEO plugin v18.1 - https:\/\/yoast.com\/wordpress\/plugins\/seo\/ -->\n<title>Xidm\u0259tl\u0259rimiz &ndash; JS Group<\/title>\n<meta name=\"robots\"  content=\"index, follow, max-snippet:-1, max-image-preview:large, max-video-preview:-1\"  \/>\n<link rel=\"canonical\"  href=\"https:\/\/jsgroup.az\/ru\/xidmetlerimiz\/\" \/>\n<meta property=\"og:locale\"  content=\"ru_RU\" \/>\n<meta property=\"og:type\"  content=\"article\" \/>\n<meta property=\"og:title\"  content=\"Xidm\u0259tl\u0259rimiz &ndash; JS Group\" \/>\n<meta property=\"og:description\"  content=\"\u015eirk\u0259timiz, h\u0259r bir f\u0259rdi ehtiyaclar\u0131, ist\u0259kl\u0259ri v\u0259 \u015f\u0259xsi \u00fcst\u00fcnl\u00fckl\u0259ri \u0259sas\u0131nda \u0259n ideal tikinti layih\u0259l\u0259ri t\u0259min etm\u0259k \u00fc\u00e7\u00fcn a\u015fa\u011f\u0131dak\u0131 xidm\u0259tl\u0259ri t\u0259qdim etm\u0259kd\u0259n q\u00fcrur duyur Layih\u0259l\u0259ndirm\u0259 &nbsp; Tikinti \u0130\u015fl\u0259ri &nbsp; S\u00f6k\u00fcnt\u00fc \u0130\u015fl\u0259ri &nbsp; Torpaq \u0130\u015fl\u0259ri &nbsp; Beton \u0130\u015fl\u0259ri &nbsp; Metal Konstruksiya \u0130\u015fl\u0259ri &nbsp; Elektrik \u0130\u015fl\u0259ri &nbsp; Havaland\u0131rma \u0130\u015fl\u0259ri &nbsp; Z\u0259if Ax\u0131n \u0130\u015fl\u0259ri &nbsp; \u0130nc\u0259 \u0130\u015fl\u0259r &nbsp; T\u0259mir...\" \/>\n<meta property=\"og:url\"  content=\"https:\/\/jsgroup.az\/ru\/xidmetlerimiz\/\" \/>\n<meta property=\"og:site_name\"  content=\"JS Group\" \/>\n<meta property=\"article:publisher\"  content=\"https:\/\/www.facebook.com\/JS-Group-LLC-103618468444954\" \/>\n<meta property=\"article:modified_time\"  content=\"2021-02-18T19:49:34+00:00\" \/>\n<meta property=\"og:image\"  content=\"http:\/\/jsgroup.az\/wp-content\/uploads\/2019\/04\/service-project-management-490x330.jpg\" \/>\n<meta name=\"twitter:card\" content=\"summary_large_image\" \/>\n<meta name=\"twitter:label1\"  content=\"\u041f\u0440\u0438\u043c\u0435\u0440\u043d\u043e\u0435 \u0432\u0440\u0435\u043c\u044f \u0434\u043b\u044f \u0447\u0442\u0435\u043d\u0438\u044f\" \/>\n\t<meta name=\"twitter:data1\"  content=\"1 \u043c\u0438\u043d\u0443\u0442\u0430\" \/>\n<script type=\"application\/ld+json\" class=\"yoast-schema-graph\">{\"@context\":\"https:\/\/schema.org\",\"@graph\":[{\"@type\":\"Organization\",\"@id\":\"https:\/\/jsgroup.az\/az\/#organization\",\"name\":\"JS Group LLC\",\"url\":\"https:\/\/jsgroup.az\/az\/\",\"sameAs\":[\"https:\/\/www.facebook.com\/JS-Group-LLC-103618468444954\"],\"logo\":{\"@type\":\"ImageObject\",\"@id\":\"https:\/\/jsgroup.az\/az\/#logo\",\"inLanguage\":\"ru-RU\",\"url\":\"https:\/\/jsgroup.az\/wp-content\/uploads\/2021\/02\/logo-js-google.png\",\"contentUrl\":\"https:\/\/jsgroup.az\/wp-content\/uploads\/2021\/02\/logo-js-google.png\",\"width\":2000,\"height\":2000,\"caption\":\"JS Group LLC\"},\"image\":{\"@id\":\"https:\/\/jsgroup.az\/az\/#logo\"}},{\"@type\":\"WebSite\",\"@id\":\"https:\/\/jsgroup.az\/az\/#website\",\"url\":\"https:\/\/jsgroup.az\/az\/\",\"name\":\"JS Group\",\"description\":\"Sizin \u0130n\u015faat \u015eirk\u0259ti\",\"publisher\":{\"@id\":\"https:\/\/jsgroup.az\/az\/#organization\"},\"potentialAction\":[{\"@type\":\"SearchAction\",\"target\":{\"@type\":\"EntryPoint\",\"urlTemplate\":\"https:\/\/jsgroup.az\/az\/?s={search_term_string}\"},\"query-input\":\"required name=search_term_string\"}],\"inLanguage\":\"ru-RU\"},{\"@type\":\"ImageObject\",\"@id\":\"https:\/\/jsgroup.az\/az\/xidmetlerimiz\/#primaryimage\",\"inLanguage\":\"ru-RU\",\"url\":\"http:\/\/jsgroup.az\/wp-content\/uploads\/2019\/04\/service-project-management-490x330.jpg\",\"contentUrl\":\"http:\/\/jsgroup.az\/wp-content\/uploads\/2019\/04\/service-project-management-490x330.jpg\"},{\"@type\":\"WebPage\",\"@id\":\"https:\/\/jsgroup.az\/az\/xidmetlerimiz\/#webpage\",\"url\":\"https:\/\/jsgroup.az\/az\/xidmetlerimiz\/\",\"name\":\"Xidm\u0259tl\u0259rimiz &ndash; JS Group\",\"isPartOf\":{\"@id\":\"https:\/\/jsgroup.az\/az\/#website\"},\"primaryImageOfPage\":{\"@id\":\"https:\/\/jsgroup.az\/az\/xidmetlerimiz\/#primaryimage\"},\"datePublished\":\"2021-02-18T19:39:43+00:00\",\"dateModified\":\"2021-02-18T19:49:34+00:00\",\"breadcrumb\":{\"@id\":\"https:\/\/jsgroup.az\/az\/xidmetlerimiz\/#breadcrumb\"},\"inLanguage\":\"ru-RU\",\"potentialAction\":[{\"@type\":\"ReadAction\",\"target\":[\"https:\/\/jsgroup.az\/az\/xidmetlerimiz\/\"]}]},{\"@type\":\"BreadcrumbList\",\"@id\":\"https:\/\/jsgroup.az\/az\/xidmetlerimiz\/#breadcrumb\",\"itemListElement\":[{\"@type\":\"ListItem\",\"position\":1,\"name\":\"Ana S\u0259hif\u0259\",\"item\":\"https:\/\/jsgroup.az\/\"},{\"@type\":\"ListItem\",\"position\":2,\"name\":\"Xidm\u0259tl\u0259rimiz\"}]}]}<\/script>\n<!-- \/ Yoast SEO plugin. -->","yoast_head_json":{"title":"Xidm\u0259tl\u0259rimiz &ndash; JS Group","robots":{"index":"index","follow":"follow","max-snippet":"max-snippet:-1","max-image-preview":"max-image-preview:large","max-video-preview":"max-video-preview:-1"},"canonical":"https:\/\/jsgroup.az\/ru\/xidmetlerimiz\/","og_locale":"ru_RU","og_type":"article","og_title":"Xidm\u0259tl\u0259rimiz &ndash; JS Group","og_description":"\u015eirk\u0259timiz, h\u0259r bir f\u0259rdi ehtiyaclar\u0131, ist\u0259kl\u0259ri v\u0259 \u015f\u0259xsi \u00fcst\u00fcnl\u00fckl\u0259ri \u0259sas\u0131nda \u0259n ideal tikinti layih\u0259l\u0259ri t\u0259min etm\u0259k \u00fc\u00e7\u00fcn a\u015fa\u011f\u0131dak\u0131 xidm\u0259tl\u0259ri t\u0259qdim etm\u0259kd\u0259n q\u00fcrur duyur Layih\u0259l\u0259ndirm\u0259 &nbsp; Tikinti \u0130\u015fl\u0259ri &nbsp; S\u00f6k\u00fcnt\u00fc \u0130\u015fl\u0259ri &nbsp; Torpaq \u0130\u015fl\u0259ri &nbsp; Beton \u0130\u015fl\u0259ri &nbsp; Metal Konstruksiya \u0130\u015fl\u0259ri &nbsp; Elektrik \u0130\u015fl\u0259ri &nbsp; Havaland\u0131rma \u0130\u015fl\u0259ri &nbsp; Z\u0259if Ax\u0131n \u0130\u015fl\u0259ri &nbsp; \u0130nc\u0259 \u0130\u015fl\u0259r &nbsp; T\u0259mir...","og_url":"https:\/\/jsgroup.az\/ru\/xidmetlerimiz\/","og_site_name":"JS Group","article_publisher":"https:\/\/www.facebook.com\/JS-Group-LLC-103618468444954","article_modified_time":"2021-02-18T19:49:34+00:00","og_image":[{"url":"http:\/\/jsgroup.az\/wp-content\/uploads\/2019\/04\/service-project-management-490x330.jpg"}],"twitter_card":"summary_large_image","twitter_misc":{"\u041f\u0440\u0438\u043c\u0435\u0440\u043d\u043e\u0435 \u0432\u0440\u0435\u043c\u044f \u0434\u043b\u044f \u0447\u0442\u0435\u043d\u0438\u044f":"1 \u043c\u0438\u043d\u0443\u0442\u0430"},"schema":{"@context":"https:\/\/schema.org","@graph":[{"@type":"Organization","@id":"https:\/\/jsgroup.az\/az\/#organization","name":"JS Group LLC","url":"https:\/\/jsgroup.az\/az\/","sameAs":["https:\/\/www.facebook.com\/JS-Group-LLC-103618468444954"],"logo":{"@type":"ImageObject","@id":"https:\/\/jsgroup.az\/az\/#logo","inLanguage":"ru-RU","url":"https:\/\/jsgroup.az\/wp-content\/uploads\/2021\/02\/logo-js-google.png","contentUrl":"https:\/\/jsgroup.az\/wp-content\/uploads\/2021\/02\/logo-js-google.png","width":2000,"height":2000,"caption":"JS Group LLC"},"image":{"@id":"https:\/\/jsgroup.az\/az\/#logo"}},{"@type":"WebSite","@id":"https:\/\/jsgroup.az\/az\/#website","url":"https:\/\/jsgroup.az\/az\/","name":"JS Group","description":"Sizin \u0130n\u015faat \u015eirk\u0259ti","publisher":{"@id":"https:\/\/jsgroup.az\/az\/#organization"},"potentialAction":[{"@type":"SearchAction","target":{"@type":"EntryPoint","urlTemplate":"https:\/\/jsgroup.az\/az\/?s={search_term_string}"},"query-input":"required name=search_term_string"}],"inLanguage":"ru-RU"},{"@type":"ImageObject","@id":"https:\/\/jsgroup.az\/az\/xidmetlerimiz\/#primaryimage","inLanguage":"ru-RU","url":"http:\/\/jsgroup.az\/wp-content\/uploads\/2019\/04\/service-project-management-490x330.jpg","contentUrl":"http:\/\/jsgroup.az\/wp-content\/uploads\/2019\/04\/service-project-management-490x330.jpg"},{"@type":"WebPage","@id":"https:\/\/jsgroup.az\/az\/xidmetlerimiz\/#webpage","url":"https:\/\/jsgroup.az\/az\/xidmetlerimiz\/","name":"Xidm\u0259tl\u0259rimiz &ndash; JS Group","isPartOf":{"@id":"https:\/\/jsgroup.az\/az\/#website"},"primaryImageOfPage":{"@id":"https:\/\/jsgroup.az\/az\/xidmetlerimiz\/#primaryimage"},"datePublished":"2021-02-18T19:39:43+00:00","dateModified":"2021-02-18T19:49:34+00:00","breadcrumb":{"@id":"https:\/\/jsgroup.az\/az\/xidmetlerimiz\/#breadcrumb"},"inLanguage":"ru-RU","potentialAction":[{"@type":"ReadAction","target":["https:\/\/jsgroup.az\/az\/xidmetlerimiz\/"]}]},{"@type":"BreadcrumbList","@id":"https:\/\/jsgroup.az\/az\/xidmetlerimiz\/#breadcrumb","itemListElement":[{"@type":"ListItem","position":1,"name":"Ana S\u0259hif\u0259","item":"https:\/\/jsgroup.az\/"},{"@type":"ListItem","position":2,"name":"Xidm\u0259tl\u0259rimiz"}]}]}},"_links":{"self":[{"href":"https:\/\/jsgroup.az\/ru\/wp-json\/wp\/v2\/pages\/6714"}],"collection":[{"href":"https:\/\/jsgroup.az\/ru\/wp-json\/wp\/v2\/pages"}],"about":[{"href":"https:\/\/jsgroup.az\/ru\/wp-json\/wp\/v2\/types\/page"}],"author":[{"embeddable":true,"href":"https:\/\/jsgroup.az\/ru\/wp-json\/wp\/v2\/users\/1"}],"replies":[{"embeddable":true,"href":"https:\/\/jsgroup.az\/ru\/wp-json\/wp\/v2\/comments?post=6714"}],"version-history":[{"count":26,"href":"https:\/\/jsgroup.az\/ru\/wp-json\/wp\/v2\/pages\/6714\/revisions"}],"predecessor-version":[{"id":6741,"href":"https:\/\/jsgroup.az\/ru\/wp-json\/wp\/v2\/pages\/6714\/revisions\/6741"}],"wp:attachment":[{"href":"https:\/\/jsgroup.az\/ru\/wp-json\/wp\/v2\/media?parent=6714"}],"curies":[{"name":"wp","href":"https:\/\/api.w.org\/{rel}","templated":true}]}}