{"id":6978,"date":"2021-02-20T20:51:05","date_gmt":"2021-02-20T20:51:05","guid":{"rendered":"http:\/\/jsgroup.az\/?page_id=6978"},"modified":"2021-03-05T00:41:43","modified_gmt":"2021-03-04T20:41:43","slug":"helifix","status":"publish","type":"page","link":"https:\/\/jsgroup.az\/en\/helifix\/","title":{"rendered":"Helifix"},"content":{"rendered":"<h2>Helifix<\/h2>\n<p>\t\tInnovative helical wall ties, fixings and masonry repair systems offering concealed, non-disruptive installation techniques.\u00a0<\/p>\n<p><img loading=\"lazy\"   src=\"http:\/\/jsgroup.az\/wp-content\/uploads\/2021\/02\/DryFix-286x300.jpg\"   alt=\"\"   width=\"286\"   height=\"300\" \/> <img loading=\"lazy\"   src=\"http:\/\/jsgroup.az\/wp-content\/uploads\/2021\/02\/HeliBar-286x300.jpg\"   alt=\"\"   width=\"286\"   height=\"300\" \/> <img loading=\"lazy\"   src=\"http:\/\/jsgroup.az\/wp-content\/uploads\/2021\/02\/Helifix-286x300.jpg\"   alt=\"\"   width=\"286\"   height=\"300\" \/><\/p>\n<p>Helifix repair systems play an important role in preserving our built environment. They are used worldwide to stabilise structural faults in all types of structures, from residential buildings to bridges and heritage structures.<\/p>\n<p>These one-piece helical steel fixings combine high strength with flexibility, durability and great holding power, and are suitable for use in all common building materials including brick, block, stone, timber and concrete.<\/p>\n<p>Helifix products are used either individually or in combination to provide rapid, reliable and cost-effective repair solutions. Furthermore, they do so in a sympathetic and non-disruptive manner that leaves the structure visually unaltered.<\/p>\n<p>Helifix reinforcement solutions are also suitable for strengthening buildings as part of a seismic upgrade, and repairing and stabilising masonry following seismic activity.<\/p>\n<p>Visit an Helifix website for more information.<\/p>\n<p><a href=\"https:\/\/www.helifix.co.uk\/\"   target=\"_blank\"   rel=\"noopener\"><strong>www.helifix.co.uk<\/strong><\/a><\/p>","protected":false},"excerpt":{"rendered":"<p>Helifix Gizli, pozulmayan qura\u015fd\u0131rma texnikalar\u0131 t\u0259klif ed\u0259n yenilik\u00e7i sarmal divar ba\u011flar\u0131, fiksasiya v\u0259 h\u00f6rg\u00fc t\u0259mir sisteml\u0259ri.\u00a0 Helifix t\u0259mir sisteml\u0259ri qurulmu\u015f m\u00fchitimizin qorunmas\u0131nda m\u00fch\u00fcm rol oynay\u0131r. Bunlar ya\u015fay\u0131\u015f binalar\u0131ndan k\u00f6rp\u00fcl\u0259r\u0259 v\u0259 miras tikilil\u0259rin\u0259 q\u0259d\u0259r b\u00fct\u00fcn n\u00f6v tikilil\u0259rd\u0259ki struktur \u00e7at\u0131\u015fmazl\u0131qlar\u0131n\u0131 sabitl\u0259\u015fdirm\u0259k \u00fc\u00e7\u00fcn istifad\u0259 olunur. Bu t\u0259k par\u00e7al\u0131 sarmal polad fiksajlar y\u00fcks\u0259k g\u00fcc\u00fc elastikliyi, davaml\u0131l\u0131\u011f\u0131 v\u0259 b\u00f6y\u00fck tutma&#8230;<\/p>","protected":false},"author":1,"featured_media":0,"parent":0,"menu_order":0,"comment_status":"closed","ping_status":"closed","template":"","meta":[],"yoast_head":"<!-- This site is optimized with the Yoast SEO plugin v18.1 - https:\/\/yoast.com\/wordpress\/plugins\/seo\/ -->\n<title>Helifix &ndash; JS Group<\/title>\n<meta name=\"robots\"  content=\"index, follow, max-snippet:-1, max-image-preview:large, max-video-preview:-1\" \/>\n<link rel=\"canonical\"  href=\"https:\/\/jsgroup.az\/en\/helifix\/\" \/>\n<meta property=\"og:locale\"  content=\"en_US\" \/>\n<meta property=\"og:type\"  content=\"article\" \/>\n<meta property=\"og:title\"  content=\"Helifix &ndash; JS Group\" \/>\n<meta property=\"og:description\"  content=\"Helifix Gizli, pozulmayan qura\u015fd\u0131rma texnikalar\u0131 t\u0259klif ed\u0259n yenilik\u00e7i sarmal divar ba\u011flar\u0131, fiksasiya v\u0259 h\u00f6rg\u00fc t\u0259mir sisteml\u0259ri.\u00a0 Helifix t\u0259mir sisteml\u0259ri qurulmu\u015f m\u00fchitimizin qorunmas\u0131nda m\u00fch\u00fcm rol oynay\u0131r. Bunlar ya\u015fay\u0131\u015f binalar\u0131ndan k\u00f6rp\u00fcl\u0259r\u0259 v\u0259 miras tikilil\u0259rin\u0259 q\u0259d\u0259r b\u00fct\u00fcn n\u00f6v tikilil\u0259rd\u0259ki struktur \u00e7at\u0131\u015fmazl\u0131qlar\u0131n\u0131 sabitl\u0259\u015fdirm\u0259k \u00fc\u00e7\u00fcn istifad\u0259 olunur. Bu t\u0259k par\u00e7al\u0131 sarmal polad fiksajlar y\u00fcks\u0259k g\u00fcc\u00fc elastikliyi, davaml\u0131l\u0131\u011f\u0131 v\u0259 b\u00f6y\u00fck tutma...\" \/>\n<meta property=\"og:url\"  content=\"https:\/\/jsgroup.az\/en\/helifix\/\" \/>\n<meta property=\"og:site_name\" content=\"JS Group\" \/>\n<meta property=\"article:publisher\"  content=\"https:\/\/www.facebook.com\/JS-Group-LLC-103618468444954\" \/>\n<meta property=\"article:modified_time\"  content=\"2021-03-04T20:41:43+00:00\" \/>\n<meta property=\"og:image\"  content=\"http:\/\/jsgroup.az\/wp-content\/uploads\/2021\/02\/DryFix-286x300.jpg\" \/>\n<meta name=\"twitter:card\" content=\"summary_large_image\" \/>\n<meta name=\"twitter:label1\" content=\"Est. reading time\" \/>\n\t<meta name=\"twitter:data1\" content=\"2 minutes\" \/>\n<script type=\"application\/ld+json\" class=\"yoast-schema-graph\">{\"@context\":\"https:\/\/schema.org\",\"@graph\":[{\"@type\":\"Organization\",\"@id\":\"https:\/\/jsgroup.az\/az\/#organization\",\"name\":\"JS Group LLC\",\"url\":\"https:\/\/jsgroup.az\/az\/\",\"sameAs\":[\"https:\/\/www.facebook.com\/JS-Group-LLC-103618468444954\"],\"logo\":{\"@type\":\"ImageObject\",\"@id\":\"https:\/\/jsgroup.az\/az\/#logo\",\"inLanguage\":\"en-US\",\"url\":\"https:\/\/jsgroup.az\/wp-content\/uploads\/2021\/02\/logo-js-google.png\",\"contentUrl\":\"https:\/\/jsgroup.az\/wp-content\/uploads\/2021\/02\/logo-js-google.png\",\"width\":2000,\"height\":2000,\"caption\":\"JS Group LLC\"},\"image\":{\"@id\":\"https:\/\/jsgroup.az\/az\/#logo\"}},{\"@type\":\"WebSite\",\"@id\":\"https:\/\/jsgroup.az\/az\/#website\",\"url\":\"https:\/\/jsgroup.az\/az\/\",\"name\":\"JS Group\",\"description\":\"Sizin \u0130n\u015faat \u015eirk\u0259ti\",\"publisher\":{\"@id\":\"https:\/\/jsgroup.az\/az\/#organization\"},\"potentialAction\":[{\"@type\":\"SearchAction\",\"target\":{\"@type\":\"EntryPoint\",\"urlTemplate\":\"https:\/\/jsgroup.az\/az\/?s={search_term_string}\"},\"query-input\":\"required name=search_term_string\"}],\"inLanguage\":\"en-US\"},{\"@type\":\"ImageObject\",\"@id\":\"https:\/\/jsgroup.az\/en\/helifix\/#primaryimage\",\"inLanguage\":\"en-US\",\"url\":\"http:\/\/jsgroup.az\/wp-content\/uploads\/2021\/02\/DryFix-286x300.jpg\",\"contentUrl\":\"http:\/\/jsgroup.az\/wp-content\/uploads\/2021\/02\/DryFix-286x300.jpg\"},{\"@type\":\"WebPage\",\"@id\":\"https:\/\/jsgroup.az\/en\/helifix\/#webpage\",\"url\":\"https:\/\/jsgroup.az\/en\/helifix\/\",\"name\":\"Helifix &ndash; JS Group\",\"isPartOf\":{\"@id\":\"https:\/\/jsgroup.az\/az\/#website\"},\"primaryImageOfPage\":{\"@id\":\"https:\/\/jsgroup.az\/en\/helifix\/#primaryimage\"},\"datePublished\":\"2021-02-20T20:51:05+00:00\",\"dateModified\":\"2021-03-04T20:41:43+00:00\",\"breadcrumb\":{\"@id\":\"https:\/\/jsgroup.az\/en\/helifix\/#breadcrumb\"},\"inLanguage\":\"en-US\",\"potentialAction\":[{\"@type\":\"ReadAction\",\"target\":[\"https:\/\/jsgroup.az\/en\/helifix\/\"]}]},{\"@type\":\"BreadcrumbList\",\"@id\":\"https:\/\/jsgroup.az\/en\/helifix\/#breadcrumb\",\"itemListElement\":[{\"@type\":\"ListItem\",\"position\":1,\"name\":\"Ana S\u0259hif\u0259\",\"item\":\"https:\/\/jsgroup.az\/\"},{\"@type\":\"ListItem\",\"position\":2,\"name\":\"Helifix\"}]}]}<\/script>\n<!-- \/ Yoast SEO plugin. -->","yoast_head_json":{"title":"Helifix &ndash; JS Group","robots":{"index":"index","follow":"follow","max-snippet":"max-snippet:-1","max-image-preview":"max-image-preview:large","max-video-preview":"max-video-preview:-1"},"canonical":"https:\/\/jsgroup.az\/en\/helifix\/","og_locale":"en_US","og_type":"article","og_title":"Helifix &ndash; JS Group","og_description":"Helifix Gizli, pozulmayan qura\u015fd\u0131rma texnikalar\u0131 t\u0259klif ed\u0259n yenilik\u00e7i sarmal divar ba\u011flar\u0131, fiksasiya v\u0259 h\u00f6rg\u00fc t\u0259mir sisteml\u0259ri.\u00a0 Helifix t\u0259mir sisteml\u0259ri qurulmu\u015f m\u00fchitimizin qorunmas\u0131nda m\u00fch\u00fcm rol oynay\u0131r. Bunlar ya\u015fay\u0131\u015f binalar\u0131ndan k\u00f6rp\u00fcl\u0259r\u0259 v\u0259 miras tikilil\u0259rin\u0259 q\u0259d\u0259r b\u00fct\u00fcn n\u00f6v tikilil\u0259rd\u0259ki struktur \u00e7at\u0131\u015fmazl\u0131qlar\u0131n\u0131 sabitl\u0259\u015fdirm\u0259k \u00fc\u00e7\u00fcn istifad\u0259 olunur. Bu t\u0259k par\u00e7al\u0131 sarmal polad fiksajlar y\u00fcks\u0259k g\u00fcc\u00fc elastikliyi, davaml\u0131l\u0131\u011f\u0131 v\u0259 b\u00f6y\u00fck tutma...","og_url":"https:\/\/jsgroup.az\/en\/helifix\/","og_site_name":"JS Group","article_publisher":"https:\/\/www.facebook.com\/JS-Group-LLC-103618468444954","article_modified_time":"2021-03-04T20:41:43+00:00","og_image":[{"url":"http:\/\/jsgroup.az\/wp-content\/uploads\/2021\/02\/DryFix-286x300.jpg"}],"twitter_card":"summary_large_image","twitter_misc":{"Est. reading time":"2 minutes"},"schema":{"@context":"https:\/\/schema.org","@graph":[{"@type":"Organization","@id":"https:\/\/jsgroup.az\/az\/#organization","name":"JS Group LLC","url":"https:\/\/jsgroup.az\/az\/","sameAs":["https:\/\/www.facebook.com\/JS-Group-LLC-103618468444954"],"logo":{"@type":"ImageObject","@id":"https:\/\/jsgroup.az\/az\/#logo","inLanguage":"en-US","url":"https:\/\/jsgroup.az\/wp-content\/uploads\/2021\/02\/logo-js-google.png","contentUrl":"https:\/\/jsgroup.az\/wp-content\/uploads\/2021\/02\/logo-js-google.png","width":2000,"height":2000,"caption":"JS Group LLC"},"image":{"@id":"https:\/\/jsgroup.az\/az\/#logo"}},{"@type":"WebSite","@id":"https:\/\/jsgroup.az\/az\/#website","url":"https:\/\/jsgroup.az\/az\/","name":"JS Group","description":"Sizin \u0130n\u015faat \u015eirk\u0259ti","publisher":{"@id":"https:\/\/jsgroup.az\/az\/#organization"},"potentialAction":[{"@type":"SearchAction","target":{"@type":"EntryPoint","urlTemplate":"https:\/\/jsgroup.az\/az\/?s={search_term_string}"},"query-input":"required name=search_term_string"}],"inLanguage":"en-US"},{"@type":"ImageObject","@id":"https:\/\/jsgroup.az\/en\/helifix\/#primaryimage","inLanguage":"en-US","url":"http:\/\/jsgroup.az\/wp-content\/uploads\/2021\/02\/DryFix-286x300.jpg","contentUrl":"http:\/\/jsgroup.az\/wp-content\/uploads\/2021\/02\/DryFix-286x300.jpg"},{"@type":"WebPage","@id":"https:\/\/jsgroup.az\/en\/helifix\/#webpage","url":"https:\/\/jsgroup.az\/en\/helifix\/","name":"Helifix &ndash; JS Group","isPartOf":{"@id":"https:\/\/jsgroup.az\/az\/#website"},"primaryImageOfPage":{"@id":"https:\/\/jsgroup.az\/en\/helifix\/#primaryimage"},"datePublished":"2021-02-20T20:51:05+00:00","dateModified":"2021-03-04T20:41:43+00:00","breadcrumb":{"@id":"https:\/\/jsgroup.az\/en\/helifix\/#breadcrumb"},"inLanguage":"en-US","potentialAction":[{"@type":"ReadAction","target":["https:\/\/jsgroup.az\/en\/helifix\/"]}]},{"@type":"BreadcrumbList","@id":"https:\/\/jsgroup.az\/en\/helifix\/#breadcrumb","itemListElement":[{"@type":"ListItem","position":1,"name":"Ana S\u0259hif\u0259","item":"https:\/\/jsgroup.az\/"},{"@type":"ListItem","position":2,"name":"Helifix"}]}]}},"_links":{"self":[{"href":"https:\/\/jsgroup.az\/en\/wp-json\/wp\/v2\/pages\/6978"}],"collection":[{"href":"https:\/\/jsgroup.az\/en\/wp-json\/wp\/v2\/pages"}],"about":[{"href":"https:\/\/jsgroup.az\/en\/wp-json\/wp\/v2\/types\/page"}],"author":[{"embeddable":true,"href":"https:\/\/jsgroup.az\/en\/wp-json\/wp\/v2\/users\/1"}],"replies":[{"embeddable":true,"href":"https:\/\/jsgroup.az\/en\/wp-json\/wp\/v2\/comments?post=6978"}],"version-history":[{"count":7,"href":"https:\/\/jsgroup.az\/en\/wp-json\/wp\/v2\/pages\/6978\/revisions"}],"predecessor-version":[{"id":7120,"href":"https:\/\/jsgroup.az\/en\/wp-json\/wp\/v2\/pages\/6978\/revisions\/7120"}],"wp:attachment":[{"href":"https:\/\/jsgroup.az\/en\/wp-json\/wp\/v2\/media?parent=6978"}],"curies":[{"name":"wp","href":"https:\/\/api.w.org\/{rel}","templated":true}]}}