{"id":6952,"date":"2021-02-20T20:37:03","date_gmt":"2021-02-20T20:37:03","guid":{"rendered":"http:\/\/jsgroup.az\/?page_id=6952"},"modified":"2021-03-05T00:46:38","modified_gmt":"2021-03-04T20:46:38","slug":"isedio-2","status":"publish","type":"page","link":"https:\/\/jsgroup.az\/en\/isedio-2\/","title":{"rendered":"Isedio"},"content":{"rendered":"<h2>Isedio<\/h2>\n<p>\t\tSuperior jointing systems for industrial concrete floors featuring armoured edge protection to reduce maintenance in high traffic areas.\u00a0<\/p>\n<p><img loading=\"lazy\"   src=\"http:\/\/jsgroup.az\/wp-content\/uploads\/2021\/02\/Armourjoint-Adjustable-Concrete-Scene-286x300.jpg\"   alt=\"\"   width=\"286\"   height=\"300\" \/> <img loading=\"lazy\"   src=\"http:\/\/jsgroup.az\/wp-content\/uploads\/2021\/02\/Shieldjoint-Adjustable-Concrete-Scene-286x300.jpg\"   alt=\"\"   width=\"286\"   height=\"300\" \/> <img loading=\"lazy\"   src=\"http:\/\/jsgroup.az\/wp-content\/uploads\/2021\/02\/shieldjoint_coleshill-286x300.jpg\"   alt=\"\"   width=\"286\"   height=\"300\" \/><\/p>\n<p>Isedio jointing systems enable flooring contractors to cast flat, high performing concrete floors in commercial and industrial facilities such as warehouses, factories and logistics centres. A combination of different Isedio systems based on the design loads, traffic volumes and location of the joint is often the most efficient and cost-effective design solution.<\/p>\n<p>Isedio Armourjoint is a pre-fabricated, leave-in-place formwork system with a high load transfer capacity and heavy-duty steel edge protection designed to prolong the life of any concrete floor slab.<\/p>\n<p>Isedio Shieldjoint is the ultimate \u2018fit-and forget\u2019 solution for high traffic and defined movement areas, such as aisles and doorways. The unique wave design reduces the impact load on a single steel edge by ensuring wheeled traffic is always in contact with both top plates. With no requirement for joint sealing, this system reduces the time and expense associated with sealant repairs.<\/p>\n<p>The Isedio range also includes a leave-in-place construction joint system for upper floor concrete pours on steel decking that saves significant time over traditional timber formwork.<\/p>\n<p>Visit an Isedio website for more information.<\/p>\n<p><strong><a href=\"http:\/\/www.isedio.com\/\"   target=\"_blank\"   rel=\"noopener\">www.isedio.com<\/a><\/strong><\/p>","protected":false},"excerpt":{"rendered":"<p>Isedio Y\u00fcks\u0259k trafikli \u0259razil\u0259rd\u0259 istismar\u0131 azaltmaq \u00fc\u00e7\u00fcn zirehli k\u0259nar qoruma t\u0259min ed\u0259n s\u0259naye beton d\u00f6\u015f\u0259m\u0259l\u0259ri \u00fc\u00e7\u00fcn \u00fcst\u00fcn birl\u0259\u015fm\u0259 sisteml\u0259ri.\u00a0 Isedio birl\u0259\u015fdirm\u0259 sisteml\u0259ri d\u00f6\u015f\u0259m\u0259 podrat\u00e7\u0131lar\u0131na anbarlar, fabrikl\u0259r v\u0259 lojistik m\u0259rk\u0259zl\u0259ri kimi ticar\u0259t v\u0259 s\u0259naye obyektl\u0259rind\u0259 d\u00fcz, y\u00fcks\u0259k performansl\u0131 beton d\u00f6\u015f\u0259m\u0259l\u0259r atma imkan\u0131 verir. Dizayn y\u00fckl\u0259rin\u0259, trafik h\u0259cml\u0259rin\u0259 v\u0259 birl\u0259\u015fm\u0259nin yerl\u0259\u015fm\u0259sin\u0259 g\u00f6r\u0259 f\u0259rqli Isedio sisteml\u0259rinin birl\u0259\u015fm\u0259si \u00e7ox&#8230;<\/p>","protected":false},"author":1,"featured_media":0,"parent":0,"menu_order":0,"comment_status":"closed","ping_status":"closed","template":"","meta":[],"yoast_head":"<!-- This site is optimized with the Yoast SEO plugin v18.1 - https:\/\/yoast.com\/wordpress\/plugins\/seo\/ -->\n<title>Isedio &ndash; JS Group<\/title>\n<meta name=\"robots\"  content=\"index, follow, max-snippet:-1, max-image-preview:large, max-video-preview:-1\" \/>\n<link rel=\"canonical\"  href=\"https:\/\/jsgroup.az\/en\/isedio-2\/\" \/>\n<meta property=\"og:locale\"  content=\"en_US\" \/>\n<meta property=\"og:type\"  content=\"article\" \/>\n<meta property=\"og:title\"  content=\"Isedio &ndash; JS Group\" \/>\n<meta property=\"og:description\"  content=\"Isedio Y\u00fcks\u0259k trafikli \u0259razil\u0259rd\u0259 istismar\u0131 azaltmaq \u00fc\u00e7\u00fcn zirehli k\u0259nar qoruma t\u0259min ed\u0259n s\u0259naye beton d\u00f6\u015f\u0259m\u0259l\u0259ri \u00fc\u00e7\u00fcn \u00fcst\u00fcn birl\u0259\u015fm\u0259 sisteml\u0259ri.\u00a0 Isedio birl\u0259\u015fdirm\u0259 sisteml\u0259ri d\u00f6\u015f\u0259m\u0259 podrat\u00e7\u0131lar\u0131na anbarlar, fabrikl\u0259r v\u0259 lojistik m\u0259rk\u0259zl\u0259ri kimi ticar\u0259t v\u0259 s\u0259naye obyektl\u0259rind\u0259 d\u00fcz, y\u00fcks\u0259k performansl\u0131 beton d\u00f6\u015f\u0259m\u0259l\u0259r atma imkan\u0131 verir. Dizayn y\u00fckl\u0259rin\u0259, trafik h\u0259cml\u0259rin\u0259 v\u0259 birl\u0259\u015fm\u0259nin yerl\u0259\u015fm\u0259sin\u0259 g\u00f6r\u0259 f\u0259rqli Isedio sisteml\u0259rinin birl\u0259\u015fm\u0259si \u00e7ox...\" \/>\n<meta property=\"og:url\"  content=\"https:\/\/jsgroup.az\/en\/isedio-2\/\" \/>\n<meta property=\"og:site_name\" content=\"JS Group\" \/>\n<meta property=\"article:publisher\"  content=\"https:\/\/www.facebook.com\/JS-Group-LLC-103618468444954\" \/>\n<meta property=\"article:modified_time\"  content=\"2021-03-04T20:46:38+00:00\" \/>\n<meta property=\"og:image\"  content=\"http:\/\/jsgroup.az\/wp-content\/uploads\/2021\/02\/Armourjoint-Adjustable-Concrete-Scene-286x300.jpg\" \/>\n<meta name=\"twitter:card\" content=\"summary_large_image\" \/>\n<meta name=\"twitter:label1\" content=\"Est. reading time\" \/>\n\t<meta name=\"twitter:data1\" content=\"2 minutes\" \/>\n<script type=\"application\/ld+json\" class=\"yoast-schema-graph\">{\"@context\":\"https:\/\/schema.org\",\"@graph\":[{\"@type\":\"Organization\",\"@id\":\"https:\/\/jsgroup.az\/az\/#organization\",\"name\":\"JS Group LLC\",\"url\":\"https:\/\/jsgroup.az\/az\/\",\"sameAs\":[\"https:\/\/www.facebook.com\/JS-Group-LLC-103618468444954\"],\"logo\":{\"@type\":\"ImageObject\",\"@id\":\"https:\/\/jsgroup.az\/az\/#logo\",\"inLanguage\":\"en-US\",\"url\":\"https:\/\/jsgroup.az\/wp-content\/uploads\/2021\/02\/logo-js-google.png\",\"contentUrl\":\"https:\/\/jsgroup.az\/wp-content\/uploads\/2021\/02\/logo-js-google.png\",\"width\":2000,\"height\":2000,\"caption\":\"JS Group LLC\"},\"image\":{\"@id\":\"https:\/\/jsgroup.az\/az\/#logo\"}},{\"@type\":\"WebSite\",\"@id\":\"https:\/\/jsgroup.az\/az\/#website\",\"url\":\"https:\/\/jsgroup.az\/az\/\",\"name\":\"JS Group\",\"description\":\"Sizin \u0130n\u015faat \u015eirk\u0259ti\",\"publisher\":{\"@id\":\"https:\/\/jsgroup.az\/az\/#organization\"},\"potentialAction\":[{\"@type\":\"SearchAction\",\"target\":{\"@type\":\"EntryPoint\",\"urlTemplate\":\"https:\/\/jsgroup.az\/az\/?s={search_term_string}\"},\"query-input\":\"required name=search_term_string\"}],\"inLanguage\":\"en-US\"},{\"@type\":\"ImageObject\",\"@id\":\"https:\/\/jsgroup.az\/az\/isedio-2\/#primaryimage\",\"inLanguage\":\"en-US\",\"url\":\"http:\/\/jsgroup.az\/wp-content\/uploads\/2021\/02\/Armourjoint-Adjustable-Concrete-Scene-286x300.jpg\",\"contentUrl\":\"http:\/\/jsgroup.az\/wp-content\/uploads\/2021\/02\/Armourjoint-Adjustable-Concrete-Scene-286x300.jpg\"},{\"@type\":\"WebPage\",\"@id\":\"https:\/\/jsgroup.az\/az\/isedio-2\/#webpage\",\"url\":\"https:\/\/jsgroup.az\/az\/isedio-2\/\",\"name\":\"Isedio &ndash; JS Group\",\"isPartOf\":{\"@id\":\"https:\/\/jsgroup.az\/az\/#website\"},\"primaryImageOfPage\":{\"@id\":\"https:\/\/jsgroup.az\/az\/isedio-2\/#primaryimage\"},\"datePublished\":\"2021-02-20T20:37:03+00:00\",\"dateModified\":\"2021-03-04T20:46:38+00:00\",\"breadcrumb\":{\"@id\":\"https:\/\/jsgroup.az\/az\/isedio-2\/#breadcrumb\"},\"inLanguage\":\"en-US\",\"potentialAction\":[{\"@type\":\"ReadAction\",\"target\":[\"https:\/\/jsgroup.az\/az\/isedio-2\/\"]}]},{\"@type\":\"BreadcrumbList\",\"@id\":\"https:\/\/jsgroup.az\/az\/isedio-2\/#breadcrumb\",\"itemListElement\":[{\"@type\":\"ListItem\",\"position\":1,\"name\":\"Ana S\u0259hif\u0259\",\"item\":\"https:\/\/jsgroup.az\/\"},{\"@type\":\"ListItem\",\"position\":2,\"name\":\"Isedio\"}]}]}<\/script>\n<!-- \/ Yoast SEO plugin. -->","yoast_head_json":{"title":"Isedio &ndash; JS Group","robots":{"index":"index","follow":"follow","max-snippet":"max-snippet:-1","max-image-preview":"max-image-preview:large","max-video-preview":"max-video-preview:-1"},"canonical":"https:\/\/jsgroup.az\/en\/isedio-2\/","og_locale":"en_US","og_type":"article","og_title":"Isedio &ndash; JS Group","og_description":"Isedio Y\u00fcks\u0259k trafikli \u0259razil\u0259rd\u0259 istismar\u0131 azaltmaq \u00fc\u00e7\u00fcn zirehli k\u0259nar qoruma t\u0259min ed\u0259n s\u0259naye beton d\u00f6\u015f\u0259m\u0259l\u0259ri \u00fc\u00e7\u00fcn \u00fcst\u00fcn birl\u0259\u015fm\u0259 sisteml\u0259ri.\u00a0 Isedio birl\u0259\u015fdirm\u0259 sisteml\u0259ri d\u00f6\u015f\u0259m\u0259 podrat\u00e7\u0131lar\u0131na anbarlar, fabrikl\u0259r v\u0259 lojistik m\u0259rk\u0259zl\u0259ri kimi ticar\u0259t v\u0259 s\u0259naye obyektl\u0259rind\u0259 d\u00fcz, y\u00fcks\u0259k performansl\u0131 beton d\u00f6\u015f\u0259m\u0259l\u0259r atma imkan\u0131 verir. Dizayn y\u00fckl\u0259rin\u0259, trafik h\u0259cml\u0259rin\u0259 v\u0259 birl\u0259\u015fm\u0259nin yerl\u0259\u015fm\u0259sin\u0259 g\u00f6r\u0259 f\u0259rqli Isedio sisteml\u0259rinin birl\u0259\u015fm\u0259si \u00e7ox...","og_url":"https:\/\/jsgroup.az\/en\/isedio-2\/","og_site_name":"JS Group","article_publisher":"https:\/\/www.facebook.com\/JS-Group-LLC-103618468444954","article_modified_time":"2021-03-04T20:46:38+00:00","og_image":[{"url":"http:\/\/jsgroup.az\/wp-content\/uploads\/2021\/02\/Armourjoint-Adjustable-Concrete-Scene-286x300.jpg"}],"twitter_card":"summary_large_image","twitter_misc":{"Est. reading time":"2 minutes"},"schema":{"@context":"https:\/\/schema.org","@graph":[{"@type":"Organization","@id":"https:\/\/jsgroup.az\/az\/#organization","name":"JS Group LLC","url":"https:\/\/jsgroup.az\/az\/","sameAs":["https:\/\/www.facebook.com\/JS-Group-LLC-103618468444954"],"logo":{"@type":"ImageObject","@id":"https:\/\/jsgroup.az\/az\/#logo","inLanguage":"en-US","url":"https:\/\/jsgroup.az\/wp-content\/uploads\/2021\/02\/logo-js-google.png","contentUrl":"https:\/\/jsgroup.az\/wp-content\/uploads\/2021\/02\/logo-js-google.png","width":2000,"height":2000,"caption":"JS Group LLC"},"image":{"@id":"https:\/\/jsgroup.az\/az\/#logo"}},{"@type":"WebSite","@id":"https:\/\/jsgroup.az\/az\/#website","url":"https:\/\/jsgroup.az\/az\/","name":"JS Group","description":"Sizin \u0130n\u015faat \u015eirk\u0259ti","publisher":{"@id":"https:\/\/jsgroup.az\/az\/#organization"},"potentialAction":[{"@type":"SearchAction","target":{"@type":"EntryPoint","urlTemplate":"https:\/\/jsgroup.az\/az\/?s={search_term_string}"},"query-input":"required name=search_term_string"}],"inLanguage":"en-US"},{"@type":"ImageObject","@id":"https:\/\/jsgroup.az\/az\/isedio-2\/#primaryimage","inLanguage":"en-US","url":"http:\/\/jsgroup.az\/wp-content\/uploads\/2021\/02\/Armourjoint-Adjustable-Concrete-Scene-286x300.jpg","contentUrl":"http:\/\/jsgroup.az\/wp-content\/uploads\/2021\/02\/Armourjoint-Adjustable-Concrete-Scene-286x300.jpg"},{"@type":"WebPage","@id":"https:\/\/jsgroup.az\/az\/isedio-2\/#webpage","url":"https:\/\/jsgroup.az\/az\/isedio-2\/","name":"Isedio &ndash; JS Group","isPartOf":{"@id":"https:\/\/jsgroup.az\/az\/#website"},"primaryImageOfPage":{"@id":"https:\/\/jsgroup.az\/az\/isedio-2\/#primaryimage"},"datePublished":"2021-02-20T20:37:03+00:00","dateModified":"2021-03-04T20:46:38+00:00","breadcrumb":{"@id":"https:\/\/jsgroup.az\/az\/isedio-2\/#breadcrumb"},"inLanguage":"en-US","potentialAction":[{"@type":"ReadAction","target":["https:\/\/jsgroup.az\/az\/isedio-2\/"]}]},{"@type":"BreadcrumbList","@id":"https:\/\/jsgroup.az\/az\/isedio-2\/#breadcrumb","itemListElement":[{"@type":"ListItem","position":1,"name":"Ana S\u0259hif\u0259","item":"https:\/\/jsgroup.az\/"},{"@type":"ListItem","position":2,"name":"Isedio"}]}]}},"_links":{"self":[{"href":"https:\/\/jsgroup.az\/en\/wp-json\/wp\/v2\/pages\/6952"}],"collection":[{"href":"https:\/\/jsgroup.az\/en\/wp-json\/wp\/v2\/pages"}],"about":[{"href":"https:\/\/jsgroup.az\/en\/wp-json\/wp\/v2\/types\/page"}],"author":[{"embeddable":true,"href":"https:\/\/jsgroup.az\/en\/wp-json\/wp\/v2\/users\/1"}],"replies":[{"embeddable":true,"href":"https:\/\/jsgroup.az\/en\/wp-json\/wp\/v2\/comments?post=6952"}],"version-history":[{"count":10,"href":"https:\/\/jsgroup.az\/en\/wp-json\/wp\/v2\/pages\/6952\/revisions"}],"predecessor-version":[{"id":7132,"href":"https:\/\/jsgroup.az\/en\/wp-json\/wp\/v2\/pages\/6952\/revisions\/7132"}],"wp:attachment":[{"href":"https:\/\/jsgroup.az\/en\/wp-json\/wp\/v2\/media?parent=6952"}],"curies":[{"name":"wp","href":"https:\/\/api.w.org\/{rel}","templated":true}]}}