{"id":6944,"date":"2021-02-20T20:31:17","date_gmt":"2021-02-20T20:31:17","guid":{"rendered":"http:\/\/jsgroup.az\/?page_id=6944"},"modified":"2021-03-05T00:47:56","modified_gmt":"2021-03-04T20:47:56","slug":"plaka","status":"publish","type":"page","link":"https:\/\/jsgroup.az\/en\/plaka\/","title":{"rendered":"Plaka"},"content":{"rendered":"<h2>PLAKA<\/h2>\n<p>\t\tEngineered masonry and concrete connections, plus reusable and lost formwork solutions and building site accessories.\u00a0<\/p>\n<p><img loading=\"lazy\"   src=\"http:\/\/jsgroup.az\/wp-content\/uploads\/2021\/02\/Plaka1-286x300.jpg\"   alt=\"\"   width=\"286\"   height=\"300\" \/> <img loading=\"lazy\"   src=\"http:\/\/jsgroup.az\/wp-content\/uploads\/2021\/02\/Plaka2-286x300.jpg\"   alt=\"\"   width=\"286\"   height=\"300\" \/> <img loading=\"lazy\"   src=\"http:\/\/jsgroup.az\/wp-content\/uploads\/2021\/02\/Plaka3-286x300.jpg\"   alt=\"\"   width=\"286\"   height=\"300\" \/><\/p>\n<p>With a 60 years\u2019 history, Plaka is a leading name in technical building site accessories and engineered connections for structural concrete construction.<\/p>\n<p>Contractors and precast concrete companies select products from the comprehensive Plaka range for use in a wide range of construction sectors from new residential and non-residential buildings, and infrastructure and other civil engineering developments, to renovation projects.<\/p>\n<p>One of the largest product ranges in the industry, the Plaka portfolio includes standard and custom-designed formwork solutions, reinforcement continuity and insulated concrete connection systems, waterproofing materials, bearings, precast concrete accessories and lifting systems, and support systems for masonry fa\u00e7ades.<\/p>\n<p>Visit Plaka Website<\/p>\n<p><a href=\"https:\/\/www.plaka-solutions.com\/en\/\"   target=\"_blank\"   rel=\"noopener\"><strong>www.plaka-solutions.com<\/strong><\/a><\/p>","protected":false},"excerpt":{"rendered":"<p>PLAKA M\u00fch\u0259ndis h\u00f6rg\u00fc v\u0259 beton \u0259laq\u0259l\u0259ri, \u00fcst\u0259lik yenid\u0259n istifad\u0259 edil\u0259 bil\u0259n v\u0259 itirilmi\u015f kal\u0131b\u0131n h\u0259ll\u0259ri v\u0259 tikinti sah\u0259si aksesuarlar\u0131.\u00a0 60 illik bir tarix\u0259 sahib Plaka, texniki tikinti sah\u0259si aksesuarlar\u0131 v\u0259 konstruktiv beton istehsal\u0131 \u00fc\u00e7\u00fcn m\u00fch\u0259ndislik \u0259laq\u0259l\u0259rind\u0259 lider bir ad. Podrat\u00e7\u0131lar v\u0259 haz\u0131r beton \u015firk\u0259tl\u0259ri, yeni ya\u015fay\u0131\u015f v\u0259 qeyri-ya\u015fay\u0131\u015f binalar\u0131ndan, infrastrukturdan v\u0259 dig\u0259r m\u00fclki m\u00fch\u0259ndislik i\u015fl\u0259rind\u0259n&#8230;<\/p>","protected":false},"author":1,"featured_media":0,"parent":0,"menu_order":0,"comment_status":"closed","ping_status":"closed","template":"","meta":[],"yoast_head":"<!-- This site is optimized with the Yoast SEO plugin v18.1 - https:\/\/yoast.com\/wordpress\/plugins\/seo\/ -->\n<title>Plaka &ndash; JS Group<\/title>\n<meta name=\"robots\"  content=\"index, follow, max-snippet:-1, max-image-preview:large, max-video-preview:-1\"  \/>\n<link rel=\"canonical\"  href=\"https:\/\/jsgroup.az\/en\/plaka\/\" \/>\n<meta property=\"og:locale\"  content=\"en_US\" \/>\n<meta property=\"og:type\"  content=\"article\" \/>\n<meta property=\"og:title\"  content=\"Plaka &ndash; JS Group\" \/>\n<meta property=\"og:description\"  content=\"PLAKA M\u00fch\u0259ndis h\u00f6rg\u00fc v\u0259 beton \u0259laq\u0259l\u0259ri, \u00fcst\u0259lik yenid\u0259n istifad\u0259 edil\u0259 bil\u0259n v\u0259 itirilmi\u015f kal\u0131b\u0131n h\u0259ll\u0259ri v\u0259 tikinti sah\u0259si aksesuarlar\u0131.\u00a0 60 illik bir tarix\u0259 sahib Plaka, texniki tikinti sah\u0259si aksesuarlar\u0131 v\u0259 konstruktiv beton istehsal\u0131 \u00fc\u00e7\u00fcn m\u00fch\u0259ndislik \u0259laq\u0259l\u0259rind\u0259 lider bir ad. Podrat\u00e7\u0131lar v\u0259 haz\u0131r beton \u015firk\u0259tl\u0259ri, yeni ya\u015fay\u0131\u015f v\u0259 qeyri-ya\u015fay\u0131\u015f binalar\u0131ndan, infrastrukturdan v\u0259 dig\u0259r m\u00fclki m\u00fch\u0259ndislik i\u015fl\u0259rind\u0259n...\" \/>\n<meta property=\"og:url\"  content=\"https:\/\/jsgroup.az\/en\/plaka\/\" \/>\n<meta property=\"og:site_name\"  content=\"JS Group\" \/>\n<meta property=\"article:publisher\"  content=\"https:\/\/www.facebook.com\/JS-Group-LLC-103618468444954\" \/>\n<meta property=\"article:modified_time\"  content=\"2021-03-04T20:47:56+00:00\" \/>\n<meta property=\"og:image\"  content=\"http:\/\/jsgroup.az\/wp-content\/uploads\/2021\/02\/Plaka1-286x300.jpg\" \/>\n<meta name=\"twitter:card\" content=\"summary_large_image\" \/>\n<meta name=\"twitter:label1\" content=\"Est. reading time\" \/>\n\t<meta name=\"twitter:data1\" content=\"2 minutes\" \/>\n<script type=\"application\/ld+json\" class=\"yoast-schema-graph\">{\"@context\":\"https:\/\/schema.org\",\"@graph\":[{\"@type\":\"Organization\",\"@id\":\"https:\/\/jsgroup.az\/az\/#organization\",\"name\":\"JS Group LLC\",\"url\":\"https:\/\/jsgroup.az\/az\/\",\"sameAs\":[\"https:\/\/www.facebook.com\/JS-Group-LLC-103618468444954\"],\"logo\":{\"@type\":\"ImageObject\",\"@id\":\"https:\/\/jsgroup.az\/az\/#logo\",\"inLanguage\":\"en-US\",\"url\":\"https:\/\/jsgroup.az\/wp-content\/uploads\/2021\/02\/logo-js-google.png\",\"contentUrl\":\"https:\/\/jsgroup.az\/wp-content\/uploads\/2021\/02\/logo-js-google.png\",\"width\":2000,\"height\":2000,\"caption\":\"JS Group LLC\"},\"image\":{\"@id\":\"https:\/\/jsgroup.az\/az\/#logo\"}},{\"@type\":\"WebSite\",\"@id\":\"https:\/\/jsgroup.az\/az\/#website\",\"url\":\"https:\/\/jsgroup.az\/az\/\",\"name\":\"JS Group\",\"description\":\"Sizin \u0130n\u015faat \u015eirk\u0259ti\",\"publisher\":{\"@id\":\"https:\/\/jsgroup.az\/az\/#organization\"},\"potentialAction\":[{\"@type\":\"SearchAction\",\"target\":{\"@type\":\"EntryPoint\",\"urlTemplate\":\"https:\/\/jsgroup.az\/az\/?s={search_term_string}\"},\"query-input\":\"required name=search_term_string\"}],\"inLanguage\":\"en-US\"},{\"@type\":\"ImageObject\",\"@id\":\"https:\/\/jsgroup.az\/en\/plaka\/#primaryimage\",\"inLanguage\":\"en-US\",\"url\":\"http:\/\/jsgroup.az\/wp-content\/uploads\/2021\/02\/Plaka1-286x300.jpg\",\"contentUrl\":\"http:\/\/jsgroup.az\/wp-content\/uploads\/2021\/02\/Plaka1-286x300.jpg\"},{\"@type\":\"WebPage\",\"@id\":\"https:\/\/jsgroup.az\/en\/plaka\/#webpage\",\"url\":\"https:\/\/jsgroup.az\/en\/plaka\/\",\"name\":\"Plaka &ndash; JS Group\",\"isPartOf\":{\"@id\":\"https:\/\/jsgroup.az\/az\/#website\"},\"primaryImageOfPage\":{\"@id\":\"https:\/\/jsgroup.az\/en\/plaka\/#primaryimage\"},\"datePublished\":\"2021-02-20T20:31:17+00:00\",\"dateModified\":\"2021-03-04T20:47:56+00:00\",\"breadcrumb\":{\"@id\":\"https:\/\/jsgroup.az\/en\/plaka\/#breadcrumb\"},\"inLanguage\":\"en-US\",\"potentialAction\":[{\"@type\":\"ReadAction\",\"target\":[\"https:\/\/jsgroup.az\/en\/plaka\/\"]}]},{\"@type\":\"BreadcrumbList\",\"@id\":\"https:\/\/jsgroup.az\/en\/plaka\/#breadcrumb\",\"itemListElement\":[{\"@type\":\"ListItem\",\"position\":1,\"name\":\"Ana S\u0259hif\u0259\",\"item\":\"https:\/\/jsgroup.az\/\"},{\"@type\":\"ListItem\",\"position\":2,\"name\":\"Plaka\"}]}]}<\/script>\n<!-- \/ Yoast SEO plugin. -->","yoast_head_json":{"title":"Plaka &ndash; JS Group","robots":{"index":"index","follow":"follow","max-snippet":"max-snippet:-1","max-image-preview":"max-image-preview:large","max-video-preview":"max-video-preview:-1"},"canonical":"https:\/\/jsgroup.az\/en\/plaka\/","og_locale":"en_US","og_type":"article","og_title":"Plaka &ndash; JS Group","og_description":"PLAKA M\u00fch\u0259ndis h\u00f6rg\u00fc v\u0259 beton \u0259laq\u0259l\u0259ri, \u00fcst\u0259lik yenid\u0259n istifad\u0259 edil\u0259 bil\u0259n v\u0259 itirilmi\u015f kal\u0131b\u0131n h\u0259ll\u0259ri v\u0259 tikinti sah\u0259si aksesuarlar\u0131.\u00a0 60 illik bir tarix\u0259 sahib Plaka, texniki tikinti sah\u0259si aksesuarlar\u0131 v\u0259 konstruktiv beton istehsal\u0131 \u00fc\u00e7\u00fcn m\u00fch\u0259ndislik \u0259laq\u0259l\u0259rind\u0259 lider bir ad. Podrat\u00e7\u0131lar v\u0259 haz\u0131r beton \u015firk\u0259tl\u0259ri, yeni ya\u015fay\u0131\u015f v\u0259 qeyri-ya\u015fay\u0131\u015f binalar\u0131ndan, infrastrukturdan v\u0259 dig\u0259r m\u00fclki m\u00fch\u0259ndislik i\u015fl\u0259rind\u0259n...","og_url":"https:\/\/jsgroup.az\/en\/plaka\/","og_site_name":"JS Group","article_publisher":"https:\/\/www.facebook.com\/JS-Group-LLC-103618468444954","article_modified_time":"2021-03-04T20:47:56+00:00","og_image":[{"url":"http:\/\/jsgroup.az\/wp-content\/uploads\/2021\/02\/Plaka1-286x300.jpg"}],"twitter_card":"summary_large_image","twitter_misc":{"Est. reading time":"2 minutes"},"schema":{"@context":"https:\/\/schema.org","@graph":[{"@type":"Organization","@id":"https:\/\/jsgroup.az\/az\/#organization","name":"JS Group LLC","url":"https:\/\/jsgroup.az\/az\/","sameAs":["https:\/\/www.facebook.com\/JS-Group-LLC-103618468444954"],"logo":{"@type":"ImageObject","@id":"https:\/\/jsgroup.az\/az\/#logo","inLanguage":"en-US","url":"https:\/\/jsgroup.az\/wp-content\/uploads\/2021\/02\/logo-js-google.png","contentUrl":"https:\/\/jsgroup.az\/wp-content\/uploads\/2021\/02\/logo-js-google.png","width":2000,"height":2000,"caption":"JS Group LLC"},"image":{"@id":"https:\/\/jsgroup.az\/az\/#logo"}},{"@type":"WebSite","@id":"https:\/\/jsgroup.az\/az\/#website","url":"https:\/\/jsgroup.az\/az\/","name":"JS Group","description":"Sizin \u0130n\u015faat \u015eirk\u0259ti","publisher":{"@id":"https:\/\/jsgroup.az\/az\/#organization"},"potentialAction":[{"@type":"SearchAction","target":{"@type":"EntryPoint","urlTemplate":"https:\/\/jsgroup.az\/az\/?s={search_term_string}"},"query-input":"required name=search_term_string"}],"inLanguage":"en-US"},{"@type":"ImageObject","@id":"https:\/\/jsgroup.az\/en\/plaka\/#primaryimage","inLanguage":"en-US","url":"http:\/\/jsgroup.az\/wp-content\/uploads\/2021\/02\/Plaka1-286x300.jpg","contentUrl":"http:\/\/jsgroup.az\/wp-content\/uploads\/2021\/02\/Plaka1-286x300.jpg"},{"@type":"WebPage","@id":"https:\/\/jsgroup.az\/en\/plaka\/#webpage","url":"https:\/\/jsgroup.az\/en\/plaka\/","name":"Plaka &ndash; JS Group","isPartOf":{"@id":"https:\/\/jsgroup.az\/az\/#website"},"primaryImageOfPage":{"@id":"https:\/\/jsgroup.az\/en\/plaka\/#primaryimage"},"datePublished":"2021-02-20T20:31:17+00:00","dateModified":"2021-03-04T20:47:56+00:00","breadcrumb":{"@id":"https:\/\/jsgroup.az\/en\/plaka\/#breadcrumb"},"inLanguage":"en-US","potentialAction":[{"@type":"ReadAction","target":["https:\/\/jsgroup.az\/en\/plaka\/"]}]},{"@type":"BreadcrumbList","@id":"https:\/\/jsgroup.az\/en\/plaka\/#breadcrumb","itemListElement":[{"@type":"ListItem","position":1,"name":"Ana S\u0259hif\u0259","item":"https:\/\/jsgroup.az\/"},{"@type":"ListItem","position":2,"name":"Plaka"}]}]}},"_links":{"self":[{"href":"https:\/\/jsgroup.az\/en\/wp-json\/wp\/v2\/pages\/6944"}],"collection":[{"href":"https:\/\/jsgroup.az\/en\/wp-json\/wp\/v2\/pages"}],"about":[{"href":"https:\/\/jsgroup.az\/en\/wp-json\/wp\/v2\/types\/page"}],"author":[{"embeddable":true,"href":"https:\/\/jsgroup.az\/en\/wp-json\/wp\/v2\/users\/1"}],"replies":[{"embeddable":true,"href":"https:\/\/jsgroup.az\/en\/wp-json\/wp\/v2\/comments?post=6944"}],"version-history":[{"count":10,"href":"https:\/\/jsgroup.az\/en\/wp-json\/wp\/v2\/pages\/6944\/revisions"}],"predecessor-version":[{"id":7144,"href":"https:\/\/jsgroup.az\/en\/wp-json\/wp\/v2\/pages\/6944\/revisions\/7144"}],"wp:attachment":[{"href":"https:\/\/jsgroup.az\/en\/wp-json\/wp\/v2\/media?parent=6944"}],"curies":[{"name":"wp","href":"https:\/\/api.w.org\/{rel}","templated":true}]}}