{"id":6935,"date":"2021-02-20T20:25:51","date_gmt":"2021-02-20T20:25:51","guid":{"rendered":"http:\/\/jsgroup.az\/?page_id=6935"},"modified":"2021-03-05T00:47:39","modified_gmt":"2021-03-04T20:47:39","slug":"meadow-burke","status":"publish","type":"page","link":"https:\/\/jsgroup.az\/en\/meadow-burke\/","title":{"rendered":"Meadow Burke"},"content":{"rendered":"<h2>Meadow Burke<\/h2>\n<p>\t\tComprehensive portfolio of engineered accessories and safety products for concrete construction.\u00a0<\/p>\n<p><img loading=\"lazy\"   src=\"http:\/\/jsgroup.az\/wp-content\/uploads\/2021\/02\/ABP-Post-1-small-286x300.jpg\"   alt=\"\"   width=\"286\"   height=\"300\" \/> <img loading=\"lazy\"   src=\"http:\/\/jsgroup.az\/wp-content\/uploads\/2021\/02\/construction_selects_023-286x300.jpg\"   alt=\"\"   width=\"286\"   height=\"300\" \/> <img loading=\"lazy\"   src=\"http:\/\/jsgroup.az\/wp-content\/uploads\/2021\/02\/Rapid-Lok-Ultimate-11-Copy-286x300.jpg\"   alt=\"\"   width=\"286\"   height=\"300\" \/><\/p>\n<p>Meadow Burke concrete accessories are used in precast, tilt-up and cast-in-place construction across North America and are respected for their engineered precision, stringent quality-control assurances, and trusted reliability.<\/p>\n<p>Meadow Burke braces are a common sight across thousands of tilt-up jobsites each year, as are Super Lynk panel-to-footing connections and Super Lift III lifting hardware.<\/p>\n<p>Engineered products for precast construction include Rapid Lok Ultimate, a steel replacement for concrete corbels that simplifies construction and reduces costs. The Meadow Burke Rapid Lift product line is also an industry leader in terms of lifting and erection of precast concrete panels.<\/p>\n<p>Meadow Burke products for concrete movement joints include the Double Shear Dowel and Lockable Dowel product lines, both of which provide numerous benefits over traditional construction methods.<\/p>\n<p>Visit the Meadow Burke website for more information<\/p>\n<p><a href=\"https:\/\/meadowburke.com\/\"   target=\"_blank\"   rel=\"noopener\"><strong>www.meadowburke.com<\/strong><\/a><\/p>","protected":false},"excerpt":{"rendered":"<p>Meadow Burke Beton konstruksiya \u00fc\u00e7\u00fcn haz\u0131rlanm\u0131\u015f aksesuar v\u0259 t\u0259hl\u00fck\u0259sizlik m\u0259hsullar\u0131n\u0131n geni\u015f portfeli.\u00a0 Meadow Burke\u200b beton aksesuarlar\u0131 \u015eimali Amerikada y\u0131\u011fma, \u0259yilm\u0259 v\u0259 yerind\u0259 qurulma i\u015fl\u0259rind\u0259 istifad\u0259 olunur v\u0259 m\u00fch\u0259ndis d\u0259qiqliyi, s\u0259rt keyfiyy\u0259t\u0259 n\u0259zar\u0259t z\u0259man\u0259tl\u0259ri v\u0259 etibarl\u0131 etibarl\u0131l\u0131\u011f\u0131 il\u0259 h\u00f6rm\u0259t edilir. Meadow Burke\u200b braketl\u0259ri, h\u0259r il minl\u0259rl\u0259 \u0259yilmi\u015f i\u015f yerind\u0259, Super Lynk paneld\u0259n aya\u011fa ke\u00e7id \u0259laq\u0259l\u0259ri v\u0259&#8230;<\/p>","protected":false},"author":1,"featured_media":0,"parent":0,"menu_order":0,"comment_status":"closed","ping_status":"closed","template":"","meta":[],"yoast_head":"<!-- This site is optimized with the Yoast SEO plugin v18.1 - https:\/\/yoast.com\/wordpress\/plugins\/seo\/ -->\n<title>Meadow Burke &ndash; JS Group<\/title>\n<meta name=\"robots\"  content=\"index, follow, max-snippet:-1, max-image-preview:large, max-video-preview:-1\" \/>\n<link rel=\"canonical\"  href=\"https:\/\/jsgroup.az\/en\/meadow-burke\/\" \/>\n<meta property=\"og:locale\"  content=\"en_US\" \/>\n<meta property=\"og:type\"  content=\"article\" \/>\n<meta property=\"og:title\"  content=\"Meadow Burke &ndash; JS Group\" \/>\n<meta property=\"og:description\"  content=\"Meadow Burke Beton konstruksiya \u00fc\u00e7\u00fcn haz\u0131rlanm\u0131\u015f aksesuar v\u0259 t\u0259hl\u00fck\u0259sizlik m\u0259hsullar\u0131n\u0131n geni\u015f portfeli.\u00a0 Meadow Burke\u200b beton aksesuarlar\u0131 \u015eimali Amerikada y\u0131\u011fma, \u0259yilm\u0259 v\u0259 yerind\u0259 qurulma i\u015fl\u0259rind\u0259 istifad\u0259 olunur v\u0259 m\u00fch\u0259ndis d\u0259qiqliyi, s\u0259rt keyfiyy\u0259t\u0259 n\u0259zar\u0259t z\u0259man\u0259tl\u0259ri v\u0259 etibarl\u0131 etibarl\u0131l\u0131\u011f\u0131 il\u0259 h\u00f6rm\u0259t edilir. Meadow Burke\u200b braketl\u0259ri, h\u0259r il minl\u0259rl\u0259 \u0259yilmi\u015f i\u015f yerind\u0259, Super Lynk paneld\u0259n aya\u011fa ke\u00e7id \u0259laq\u0259l\u0259ri v\u0259...\" \/>\n<meta property=\"og:url\"  content=\"https:\/\/jsgroup.az\/en\/meadow-burke\/\" \/>\n<meta property=\"og:site_name\" content=\"JS Group\" \/>\n<meta property=\"article:publisher\"  content=\"https:\/\/www.facebook.com\/JS-Group-LLC-103618468444954\" \/>\n<meta property=\"article:modified_time\"  content=\"2021-03-04T20:47:39+00:00\" \/>\n<meta property=\"og:image\"  content=\"http:\/\/jsgroup.az\/wp-content\/uploads\/2021\/02\/ABP-Post-1-small-286x300.jpg\" \/>\n<meta name=\"twitter:card\" content=\"summary_large_image\" \/>\n<meta name=\"twitter:label1\" content=\"Est. reading time\" \/>\n\t<meta name=\"twitter:data1\" content=\"2 minutes\" \/>\n<script type=\"application\/ld+json\" class=\"yoast-schema-graph\">{\"@context\":\"https:\/\/schema.org\",\"@graph\":[{\"@type\":\"Organization\",\"@id\":\"https:\/\/jsgroup.az\/az\/#organization\",\"name\":\"JS Group LLC\",\"url\":\"https:\/\/jsgroup.az\/az\/\",\"sameAs\":[\"https:\/\/www.facebook.com\/JS-Group-LLC-103618468444954\"],\"logo\":{\"@type\":\"ImageObject\",\"@id\":\"https:\/\/jsgroup.az\/az\/#logo\",\"inLanguage\":\"en-US\",\"url\":\"https:\/\/jsgroup.az\/wp-content\/uploads\/2021\/02\/logo-js-google.png\",\"contentUrl\":\"https:\/\/jsgroup.az\/wp-content\/uploads\/2021\/02\/logo-js-google.png\",\"width\":2000,\"height\":2000,\"caption\":\"JS Group LLC\"},\"image\":{\"@id\":\"https:\/\/jsgroup.az\/az\/#logo\"}},{\"@type\":\"WebSite\",\"@id\":\"https:\/\/jsgroup.az\/az\/#website\",\"url\":\"https:\/\/jsgroup.az\/az\/\",\"name\":\"JS Group\",\"description\":\"Sizin \u0130n\u015faat \u015eirk\u0259ti\",\"publisher\":{\"@id\":\"https:\/\/jsgroup.az\/az\/#organization\"},\"potentialAction\":[{\"@type\":\"SearchAction\",\"target\":{\"@type\":\"EntryPoint\",\"urlTemplate\":\"https:\/\/jsgroup.az\/az\/?s={search_term_string}\"},\"query-input\":\"required name=search_term_string\"}],\"inLanguage\":\"en-US\"},{\"@type\":\"ImageObject\",\"@id\":\"https:\/\/jsgroup.az\/en\/meadow-burke\/#primaryimage\",\"inLanguage\":\"en-US\",\"url\":\"http:\/\/jsgroup.az\/wp-content\/uploads\/2021\/02\/ABP-Post-1-small-286x300.jpg\",\"contentUrl\":\"http:\/\/jsgroup.az\/wp-content\/uploads\/2021\/02\/ABP-Post-1-small-286x300.jpg\"},{\"@type\":\"WebPage\",\"@id\":\"https:\/\/jsgroup.az\/en\/meadow-burke\/#webpage\",\"url\":\"https:\/\/jsgroup.az\/en\/meadow-burke\/\",\"name\":\"Meadow Burke &ndash; JS Group\",\"isPartOf\":{\"@id\":\"https:\/\/jsgroup.az\/az\/#website\"},\"primaryImageOfPage\":{\"@id\":\"https:\/\/jsgroup.az\/en\/meadow-burke\/#primaryimage\"},\"datePublished\":\"2021-02-20T20:25:51+00:00\",\"dateModified\":\"2021-03-04T20:47:39+00:00\",\"breadcrumb\":{\"@id\":\"https:\/\/jsgroup.az\/en\/meadow-burke\/#breadcrumb\"},\"inLanguage\":\"en-US\",\"potentialAction\":[{\"@type\":\"ReadAction\",\"target\":[\"https:\/\/jsgroup.az\/en\/meadow-burke\/\"]}]},{\"@type\":\"BreadcrumbList\",\"@id\":\"https:\/\/jsgroup.az\/en\/meadow-burke\/#breadcrumb\",\"itemListElement\":[{\"@type\":\"ListItem\",\"position\":1,\"name\":\"Ana S\u0259hif\u0259\",\"item\":\"https:\/\/jsgroup.az\/\"},{\"@type\":\"ListItem\",\"position\":2,\"name\":\"Meadow Burke\"}]}]}<\/script>\n<!-- \/ Yoast SEO plugin. -->","yoast_head_json":{"title":"Meadow Burke &ndash; JS Group","robots":{"index":"index","follow":"follow","max-snippet":"max-snippet:-1","max-image-preview":"max-image-preview:large","max-video-preview":"max-video-preview:-1"},"canonical":"https:\/\/jsgroup.az\/en\/meadow-burke\/","og_locale":"en_US","og_type":"article","og_title":"Meadow Burke &ndash; JS Group","og_description":"Meadow Burke Beton konstruksiya \u00fc\u00e7\u00fcn haz\u0131rlanm\u0131\u015f aksesuar v\u0259 t\u0259hl\u00fck\u0259sizlik m\u0259hsullar\u0131n\u0131n geni\u015f portfeli.\u00a0 Meadow Burke\u200b beton aksesuarlar\u0131 \u015eimali Amerikada y\u0131\u011fma, \u0259yilm\u0259 v\u0259 yerind\u0259 qurulma i\u015fl\u0259rind\u0259 istifad\u0259 olunur v\u0259 m\u00fch\u0259ndis d\u0259qiqliyi, s\u0259rt keyfiyy\u0259t\u0259 n\u0259zar\u0259t z\u0259man\u0259tl\u0259ri v\u0259 etibarl\u0131 etibarl\u0131l\u0131\u011f\u0131 il\u0259 h\u00f6rm\u0259t edilir. Meadow Burke\u200b braketl\u0259ri, h\u0259r il minl\u0259rl\u0259 \u0259yilmi\u015f i\u015f yerind\u0259, Super Lynk paneld\u0259n aya\u011fa ke\u00e7id \u0259laq\u0259l\u0259ri v\u0259...","og_url":"https:\/\/jsgroup.az\/en\/meadow-burke\/","og_site_name":"JS Group","article_publisher":"https:\/\/www.facebook.com\/JS-Group-LLC-103618468444954","article_modified_time":"2021-03-04T20:47:39+00:00","og_image":[{"url":"http:\/\/jsgroup.az\/wp-content\/uploads\/2021\/02\/ABP-Post-1-small-286x300.jpg"}],"twitter_card":"summary_large_image","twitter_misc":{"Est. reading time":"2 minutes"},"schema":{"@context":"https:\/\/schema.org","@graph":[{"@type":"Organization","@id":"https:\/\/jsgroup.az\/az\/#organization","name":"JS Group LLC","url":"https:\/\/jsgroup.az\/az\/","sameAs":["https:\/\/www.facebook.com\/JS-Group-LLC-103618468444954"],"logo":{"@type":"ImageObject","@id":"https:\/\/jsgroup.az\/az\/#logo","inLanguage":"en-US","url":"https:\/\/jsgroup.az\/wp-content\/uploads\/2021\/02\/logo-js-google.png","contentUrl":"https:\/\/jsgroup.az\/wp-content\/uploads\/2021\/02\/logo-js-google.png","width":2000,"height":2000,"caption":"JS Group LLC"},"image":{"@id":"https:\/\/jsgroup.az\/az\/#logo"}},{"@type":"WebSite","@id":"https:\/\/jsgroup.az\/az\/#website","url":"https:\/\/jsgroup.az\/az\/","name":"JS Group","description":"Sizin \u0130n\u015faat \u015eirk\u0259ti","publisher":{"@id":"https:\/\/jsgroup.az\/az\/#organization"},"potentialAction":[{"@type":"SearchAction","target":{"@type":"EntryPoint","urlTemplate":"https:\/\/jsgroup.az\/az\/?s={search_term_string}"},"query-input":"required name=search_term_string"}],"inLanguage":"en-US"},{"@type":"ImageObject","@id":"https:\/\/jsgroup.az\/en\/meadow-burke\/#primaryimage","inLanguage":"en-US","url":"http:\/\/jsgroup.az\/wp-content\/uploads\/2021\/02\/ABP-Post-1-small-286x300.jpg","contentUrl":"http:\/\/jsgroup.az\/wp-content\/uploads\/2021\/02\/ABP-Post-1-small-286x300.jpg"},{"@type":"WebPage","@id":"https:\/\/jsgroup.az\/en\/meadow-burke\/#webpage","url":"https:\/\/jsgroup.az\/en\/meadow-burke\/","name":"Meadow Burke &ndash; JS Group","isPartOf":{"@id":"https:\/\/jsgroup.az\/az\/#website"},"primaryImageOfPage":{"@id":"https:\/\/jsgroup.az\/en\/meadow-burke\/#primaryimage"},"datePublished":"2021-02-20T20:25:51+00:00","dateModified":"2021-03-04T20:47:39+00:00","breadcrumb":{"@id":"https:\/\/jsgroup.az\/en\/meadow-burke\/#breadcrumb"},"inLanguage":"en-US","potentialAction":[{"@type":"ReadAction","target":["https:\/\/jsgroup.az\/en\/meadow-burke\/"]}]},{"@type":"BreadcrumbList","@id":"https:\/\/jsgroup.az\/en\/meadow-burke\/#breadcrumb","itemListElement":[{"@type":"ListItem","position":1,"name":"Ana S\u0259hif\u0259","item":"https:\/\/jsgroup.az\/"},{"@type":"ListItem","position":2,"name":"Meadow Burke"}]}]}},"_links":{"self":[{"href":"https:\/\/jsgroup.az\/en\/wp-json\/wp\/v2\/pages\/6935"}],"collection":[{"href":"https:\/\/jsgroup.az\/en\/wp-json\/wp\/v2\/pages"}],"about":[{"href":"https:\/\/jsgroup.az\/en\/wp-json\/wp\/v2\/types\/page"}],"author":[{"embeddable":true,"href":"https:\/\/jsgroup.az\/en\/wp-json\/wp\/v2\/users\/1"}],"replies":[{"embeddable":true,"href":"https:\/\/jsgroup.az\/en\/wp-json\/wp\/v2\/comments?post=6935"}],"version-history":[{"count":10,"href":"https:\/\/jsgroup.az\/en\/wp-json\/wp\/v2\/pages\/6935\/revisions"}],"predecessor-version":[{"id":7141,"href":"https:\/\/jsgroup.az\/en\/wp-json\/wp\/v2\/pages\/6935\/revisions\/7141"}],"wp:attachment":[{"href":"https:\/\/jsgroup.az\/en\/wp-json\/wp\/v2\/media?parent=6935"}],"curies":[{"name":"wp","href":"https:\/\/api.w.org\/{rel}","templated":true}]}}