{"id":6926,"date":"2021-02-20T20:20:37","date_gmt":"2021-02-20T20:20:37","guid":{"rendered":"http:\/\/jsgroup.az\/?page_id=6926"},"modified":"2021-03-05T00:45:14","modified_gmt":"2021-03-04T20:45:14","slug":"moment-2","status":"publish","type":"page","link":"https:\/\/jsgroup.az\/en\/moment-2\/","title":{"rendered":"Moment"},"content":{"rendered":"<h2>MOMENT<\/h2>\n<p>\t\tA wide selection of mechanical rebar splicing technology, precast concrete accessories and post-tensioning systems.\u00a0<\/p>\n<p><img loading=\"lazy\"   src=\"http:\/\/jsgroup.az\/wp-content\/uploads\/2021\/02\/Couplers-286x300.jpg\"   alt=\"\"   width=\"286\"   height=\"300\" \/> <img loading=\"lazy\"   src=\"http:\/\/jsgroup.az\/wp-content\/uploads\/2021\/02\/Lifting-286x300.jpg\"   alt=\"\"   width=\"286\"   height=\"300\" \/> <img loading=\"lazy\"   src=\"http:\/\/jsgroup.az\/wp-content\/uploads\/2021\/02\/Post-Tensioning-286x300.jpg\"   alt=\"\"   width=\"286\"   height=\"300\" \/><\/p>\n<p>Known for high quality, reliability and innovation, Moment products continue to revolutionise construction processes. From infrastructure projects to residential and commercial buildings, Moment products are used by contractors working in every sector of the construction industry. They are selected to save both time and materials, improving efficiency and safety on site.<\/p>\n<p>The Moment brand has been at the forefront of construction since 1991. Moment mechanical coupler systems are a proven innovative alternative to the time-consuming lapping of reinforcing bars.<\/p>\n<p>Today, the Moment product portfolio includes precast concrete accessories such as lifting systems for the fast and safe handling of concrete units and post-tensioning systems for the construction of long uninterrupted concrete spans.<\/p>\n<p>Visit the Moment website for more information<\/p>\n<p><a href=\"https:\/\/www.moment-solutions.com\/\"   target=\"_blank\"   rel=\"noopener\"><strong>www.moment-solutions.com<\/strong><\/a><\/p>","protected":false},"excerpt":{"rendered":"<p>MOMENT Geni\u015f bir mexaniki in\u015faat demiri birl\u0259\u015fdirm\u0259 texnologiyas\u0131, y\u0131\u011fma beton aksesuarlar\u0131 v\u0259 gerilm\u0259d\u0259n sonrak\u0131 sisteml\u0259r.\u00a0 Y\u00fcks\u0259k keyfiyy\u0259t, etibarl\u0131l\u0131q v\u0259 yenilikl\u0259 tan\u0131nan Moment m\u0259hsullar\u0131 tikinti prosesl\u0259rind\u0259 inqilab etm\u0259y\u0259 davam edir. \u0130nfrastruktur layih\u0259l\u0259rind\u0259n tutmu\u015f ya\u015fay\u0131\u015f v\u0259 ticar\u0259t binalar\u0131na q\u0259d\u0259r Moment m\u0259hsullar\u0131 in\u015faat s\u0259nayesinin h\u0259r sektorunda \u00e7al\u0131\u015fan podrat\u00e7\u0131lar t\u0259r\u0259find\u0259n istifad\u0259 olunur. H\u0259m vaxta, h\u0259m d\u0259 materiala q\u0259na\u0259t etm\u0259k,&#8230;<\/p>","protected":false},"author":1,"featured_media":0,"parent":0,"menu_order":0,"comment_status":"closed","ping_status":"closed","template":"","meta":[],"yoast_head":"<!-- This site is optimized with the Yoast SEO plugin v18.1 - https:\/\/yoast.com\/wordpress\/plugins\/seo\/ -->\n<title>Moment &ndash; JS Group<\/title>\n<meta name=\"robots\"  content=\"index, follow, max-snippet:-1, max-image-preview:large, max-video-preview:-1\" \/>\n<link rel=\"canonical\"  href=\"https:\/\/jsgroup.az\/en\/moment-2\/\" \/>\n<meta property=\"og:locale\"  content=\"en_US\" \/>\n<meta property=\"og:type\"  content=\"article\" \/>\n<meta property=\"og:title\"  content=\"Moment &ndash; JS Group\" \/>\n<meta property=\"og:description\"  content=\"MOMENT Geni\u015f bir mexaniki in\u015faat demiri birl\u0259\u015fdirm\u0259 texnologiyas\u0131, y\u0131\u011fma beton aksesuarlar\u0131 v\u0259 gerilm\u0259d\u0259n sonrak\u0131 sisteml\u0259r.\u00a0 Y\u00fcks\u0259k keyfiyy\u0259t, etibarl\u0131l\u0131q v\u0259 yenilikl\u0259 tan\u0131nan Moment m\u0259hsullar\u0131 tikinti prosesl\u0259rind\u0259 inqilab etm\u0259y\u0259 davam edir. \u0130nfrastruktur layih\u0259l\u0259rind\u0259n tutmu\u015f ya\u015fay\u0131\u015f v\u0259 ticar\u0259t binalar\u0131na q\u0259d\u0259r Moment m\u0259hsullar\u0131 in\u015faat s\u0259nayesinin h\u0259r sektorunda \u00e7al\u0131\u015fan podrat\u00e7\u0131lar t\u0259r\u0259find\u0259n istifad\u0259 olunur. H\u0259m vaxta, h\u0259m d\u0259 materiala q\u0259na\u0259t etm\u0259k,...\" \/>\n<meta property=\"og:url\"  content=\"https:\/\/jsgroup.az\/en\/moment-2\/\" \/>\n<meta property=\"og:site_name\"  content=\"JS Group\" \/>\n<meta property=\"article:publisher\"  content=\"https:\/\/www.facebook.com\/JS-Group-LLC-103618468444954\" \/>\n<meta property=\"article:modified_time\"  content=\"2021-03-04T20:45:14+00:00\" \/>\n<meta property=\"og:image\"  content=\"http:\/\/jsgroup.az\/wp-content\/uploads\/2021\/02\/Couplers-286x300.jpg\" \/>\n<meta name=\"twitter:card\" content=\"summary_large_image\" \/>\n<meta name=\"twitter:label1\" content=\"Est. reading time\" \/>\n\t<meta name=\"twitter:data1\" content=\"2 minutes\" \/>\n<script type=\"application\/ld+json\" class=\"yoast-schema-graph\">{\"@context\":\"https:\/\/schema.org\",\"@graph\":[{\"@type\":\"Organization\",\"@id\":\"https:\/\/jsgroup.az\/az\/#organization\",\"name\":\"JS Group LLC\",\"url\":\"https:\/\/jsgroup.az\/az\/\",\"sameAs\":[\"https:\/\/www.facebook.com\/JS-Group-LLC-103618468444954\"],\"logo\":{\"@type\":\"ImageObject\",\"@id\":\"https:\/\/jsgroup.az\/az\/#logo\",\"inLanguage\":\"en-US\",\"url\":\"https:\/\/jsgroup.az\/wp-content\/uploads\/2021\/02\/logo-js-google.png\",\"contentUrl\":\"https:\/\/jsgroup.az\/wp-content\/uploads\/2021\/02\/logo-js-google.png\",\"width\":2000,\"height\":2000,\"caption\":\"JS Group LLC\"},\"image\":{\"@id\":\"https:\/\/jsgroup.az\/az\/#logo\"}},{\"@type\":\"WebSite\",\"@id\":\"https:\/\/jsgroup.az\/az\/#website\",\"url\":\"https:\/\/jsgroup.az\/az\/\",\"name\":\"JS Group\",\"description\":\"Sizin \u0130n\u015faat \u015eirk\u0259ti\",\"publisher\":{\"@id\":\"https:\/\/jsgroup.az\/az\/#organization\"},\"potentialAction\":[{\"@type\":\"SearchAction\",\"target\":{\"@type\":\"EntryPoint\",\"urlTemplate\":\"https:\/\/jsgroup.az\/az\/?s={search_term_string}\"},\"query-input\":\"required name=search_term_string\"}],\"inLanguage\":\"en-US\"},{\"@type\":\"ImageObject\",\"@id\":\"https:\/\/jsgroup.az\/en\/moment-2\/#primaryimage\",\"inLanguage\":\"en-US\",\"url\":\"http:\/\/jsgroup.az\/wp-content\/uploads\/2021\/02\/Couplers-286x300.jpg\",\"contentUrl\":\"http:\/\/jsgroup.az\/wp-content\/uploads\/2021\/02\/Couplers-286x300.jpg\"},{\"@type\":\"WebPage\",\"@id\":\"https:\/\/jsgroup.az\/en\/moment-2\/#webpage\",\"url\":\"https:\/\/jsgroup.az\/en\/moment-2\/\",\"name\":\"Moment &ndash; JS Group\",\"isPartOf\":{\"@id\":\"https:\/\/jsgroup.az\/az\/#website\"},\"primaryImageOfPage\":{\"@id\":\"https:\/\/jsgroup.az\/en\/moment-2\/#primaryimage\"},\"datePublished\":\"2021-02-20T20:20:37+00:00\",\"dateModified\":\"2021-03-04T20:45:14+00:00\",\"breadcrumb\":{\"@id\":\"https:\/\/jsgroup.az\/en\/moment-2\/#breadcrumb\"},\"inLanguage\":\"en-US\",\"potentialAction\":[{\"@type\":\"ReadAction\",\"target\":[\"https:\/\/jsgroup.az\/en\/moment-2\/\"]}]},{\"@type\":\"BreadcrumbList\",\"@id\":\"https:\/\/jsgroup.az\/en\/moment-2\/#breadcrumb\",\"itemListElement\":[{\"@type\":\"ListItem\",\"position\":1,\"name\":\"Ana S\u0259hif\u0259\",\"item\":\"https:\/\/jsgroup.az\/\"},{\"@type\":\"ListItem\",\"position\":2,\"name\":\"Moment\"}]}]}<\/script>\n<!-- \/ Yoast SEO plugin. -->","yoast_head_json":{"title":"Moment &ndash; JS Group","robots":{"index":"index","follow":"follow","max-snippet":"max-snippet:-1","max-image-preview":"max-image-preview:large","max-video-preview":"max-video-preview:-1"},"canonical":"https:\/\/jsgroup.az\/en\/moment-2\/","og_locale":"en_US","og_type":"article","og_title":"Moment &ndash; JS Group","og_description":"MOMENT Geni\u015f bir mexaniki in\u015faat demiri birl\u0259\u015fdirm\u0259 texnologiyas\u0131, y\u0131\u011fma beton aksesuarlar\u0131 v\u0259 gerilm\u0259d\u0259n sonrak\u0131 sisteml\u0259r.\u00a0 Y\u00fcks\u0259k keyfiyy\u0259t, etibarl\u0131l\u0131q v\u0259 yenilikl\u0259 tan\u0131nan Moment m\u0259hsullar\u0131 tikinti prosesl\u0259rind\u0259 inqilab etm\u0259y\u0259 davam edir. \u0130nfrastruktur layih\u0259l\u0259rind\u0259n tutmu\u015f ya\u015fay\u0131\u015f v\u0259 ticar\u0259t binalar\u0131na q\u0259d\u0259r Moment m\u0259hsullar\u0131 in\u015faat s\u0259nayesinin h\u0259r sektorunda \u00e7al\u0131\u015fan podrat\u00e7\u0131lar t\u0259r\u0259find\u0259n istifad\u0259 olunur. H\u0259m vaxta, h\u0259m d\u0259 materiala q\u0259na\u0259t etm\u0259k,...","og_url":"https:\/\/jsgroup.az\/en\/moment-2\/","og_site_name":"JS Group","article_publisher":"https:\/\/www.facebook.com\/JS-Group-LLC-103618468444954","article_modified_time":"2021-03-04T20:45:14+00:00","og_image":[{"url":"http:\/\/jsgroup.az\/wp-content\/uploads\/2021\/02\/Couplers-286x300.jpg"}],"twitter_card":"summary_large_image","twitter_misc":{"Est. reading time":"2 minutes"},"schema":{"@context":"https:\/\/schema.org","@graph":[{"@type":"Organization","@id":"https:\/\/jsgroup.az\/az\/#organization","name":"JS Group LLC","url":"https:\/\/jsgroup.az\/az\/","sameAs":["https:\/\/www.facebook.com\/JS-Group-LLC-103618468444954"],"logo":{"@type":"ImageObject","@id":"https:\/\/jsgroup.az\/az\/#logo","inLanguage":"en-US","url":"https:\/\/jsgroup.az\/wp-content\/uploads\/2021\/02\/logo-js-google.png","contentUrl":"https:\/\/jsgroup.az\/wp-content\/uploads\/2021\/02\/logo-js-google.png","width":2000,"height":2000,"caption":"JS Group LLC"},"image":{"@id":"https:\/\/jsgroup.az\/az\/#logo"}},{"@type":"WebSite","@id":"https:\/\/jsgroup.az\/az\/#website","url":"https:\/\/jsgroup.az\/az\/","name":"JS Group","description":"Sizin \u0130n\u015faat \u015eirk\u0259ti","publisher":{"@id":"https:\/\/jsgroup.az\/az\/#organization"},"potentialAction":[{"@type":"SearchAction","target":{"@type":"EntryPoint","urlTemplate":"https:\/\/jsgroup.az\/az\/?s={search_term_string}"},"query-input":"required name=search_term_string"}],"inLanguage":"en-US"},{"@type":"ImageObject","@id":"https:\/\/jsgroup.az\/en\/moment-2\/#primaryimage","inLanguage":"en-US","url":"http:\/\/jsgroup.az\/wp-content\/uploads\/2021\/02\/Couplers-286x300.jpg","contentUrl":"http:\/\/jsgroup.az\/wp-content\/uploads\/2021\/02\/Couplers-286x300.jpg"},{"@type":"WebPage","@id":"https:\/\/jsgroup.az\/en\/moment-2\/#webpage","url":"https:\/\/jsgroup.az\/en\/moment-2\/","name":"Moment &ndash; JS Group","isPartOf":{"@id":"https:\/\/jsgroup.az\/az\/#website"},"primaryImageOfPage":{"@id":"https:\/\/jsgroup.az\/en\/moment-2\/#primaryimage"},"datePublished":"2021-02-20T20:20:37+00:00","dateModified":"2021-03-04T20:45:14+00:00","breadcrumb":{"@id":"https:\/\/jsgroup.az\/en\/moment-2\/#breadcrumb"},"inLanguage":"en-US","potentialAction":[{"@type":"ReadAction","target":["https:\/\/jsgroup.az\/en\/moment-2\/"]}]},{"@type":"BreadcrumbList","@id":"https:\/\/jsgroup.az\/en\/moment-2\/#breadcrumb","itemListElement":[{"@type":"ListItem","position":1,"name":"Ana S\u0259hif\u0259","item":"https:\/\/jsgroup.az\/"},{"@type":"ListItem","position":2,"name":"Moment"}]}]}},"_links":{"self":[{"href":"https:\/\/jsgroup.az\/en\/wp-json\/wp\/v2\/pages\/6926"}],"collection":[{"href":"https:\/\/jsgroup.az\/en\/wp-json\/wp\/v2\/pages"}],"about":[{"href":"https:\/\/jsgroup.az\/en\/wp-json\/wp\/v2\/types\/page"}],"author":[{"embeddable":true,"href":"https:\/\/jsgroup.az\/en\/wp-json\/wp\/v2\/users\/1"}],"replies":[{"embeddable":true,"href":"https:\/\/jsgroup.az\/en\/wp-json\/wp\/v2\/comments?post=6926"}],"version-history":[{"count":10,"href":"https:\/\/jsgroup.az\/en\/wp-json\/wp\/v2\/pages\/6926\/revisions"}],"predecessor-version":[{"id":7129,"href":"https:\/\/jsgroup.az\/en\/wp-json\/wp\/v2\/pages\/6926\/revisions\/7129"}],"wp:attachment":[{"href":"https:\/\/jsgroup.az\/en\/wp-json\/wp\/v2\/media?parent=6926"}],"curies":[{"name":"wp","href":"https:\/\/api.w.org\/{rel}","templated":true}]}}