{"id":6890,"date":"2021-02-20T20:03:35","date_gmt":"2021-02-20T20:03:35","guid":{"rendered":"http:\/\/jsgroup.az\/?page_id=6890"},"modified":"2021-03-05T00:43:37","modified_gmt":"2021-03-04T20:43:37","slug":"ancon","status":"publish","type":"page","link":"https:\/\/jsgroup.az\/en\/ancon\/","title":{"rendered":"Ancon"},"content":{"rendered":"<h2>ANCON<\/h2>\n<p>Stainless steel fabrications and masonry support systems, engineered concrete connections including shear load connectors, and reinforcing bar couplers.<\/p>\n<p>\u00a0<\/p>\n<p><img loading=\"lazy\"   src=\"http:\/\/jsgroup.az\/wp-content\/uploads\/2021\/02\/Ancon1-286x300.jpg\"   alt=\"\"   width=\"286\"   height=\"300\" \/> <img loading=\"lazy\"   src=\"http:\/\/jsgroup.az\/wp-content\/uploads\/2021\/02\/Ancon2-286x300.jpg\"   alt=\"\"   width=\"286\"   height=\"300\" \/> <img loading=\"lazy\"   src=\"http:\/\/jsgroup.az\/wp-content\/uploads\/2021\/02\/Ancon3-286x300.jpg\"   alt=\"\"   width=\"286\"   height=\"300\" \/><\/p>\n<p>Ancon MDC is the preferred choice of masonry support system across the UK and Australia. These systems combine with Ancon wall ties, windposts and lintels to form a complete stainless steel fixing solution for the aesthetic masonry cladding on new buildings.<\/p>\n<p>Engineered concrete connections from the Ancon range include DSD and HLD high performance shear connectors. These products are more effective at transferring load and accommodating movement across joints in concrete than plain dowel bars.<\/p>\n<p>Ancon stainless steel reinforcement is available in a range of types and grades, and is cut, bent and threaded to suit a variety of applications.<\/p>\n<p>Other Ancon products include threaded and bolted reinforcing bar couplers and engineered solutions for providing continuity of reinforcement at slab-to-wall construction joints in structural concrete frames.<\/p>\n<p>Visit an Ancon website for more information.<\/p>\n<p><a href=\"https:\/\/www.ancon.co.uk\/\"   target=\"_blank\"   rel=\"noopener\">www.ancon.co.uk<\/a><\/p>","protected":false},"excerpt":{"rendered":"<p>ANCON Paslanmayan poladdan haz\u0131rlama v\u0259 divar d\u0259st\u0259k sisteml\u0259ri, beton birl\u0259\u015fm\u0259l\u0259r v\u0259 k\u0259sm\u0259 y\u00fck ba\u011flay\u0131c\u0131lar\u0131 da daxil olmaqla g\u00fccl\u0259ndirici \u00e7ubuq ba\u011flay\u0131c\u0131lar\u0131. \u00a0 Ancon MDC, \u0130ngilt\u0259r\u0259 v\u0259 Avstraliyada h\u00f6rg\u00fc d\u0259st\u0259k sisteminin se\u00e7imidir. Bu sisteml\u0259r Ancon divar ba\u011flar\u0131, \u00f6n dir\u0259kl\u0259r v\u0259 lintell\u0259rl\u0259 birl\u0259\u015f\u0259r\u0259k yeni binalarda estetik h\u00f6rg\u00fc \u00f6rt\u00fckl\u0259ri \u00fc\u00e7\u00fcn tam paslanmayan polad fiksasiya h\u0259lli meydana g\u0259tirir. Ancon seriyas\u0131ndan&#8230;<\/p>","protected":false},"author":1,"featured_media":0,"parent":0,"menu_order":0,"comment_status":"closed","ping_status":"closed","template":"","meta":[],"yoast_head":"<!-- This site is optimized with the Yoast SEO plugin v18.1 - https:\/\/yoast.com\/wordpress\/plugins\/seo\/ -->\n<title>Ancon &ndash; JS Group<\/title>\n<meta name=\"robots\"  content=\"index, follow, max-snippet:-1, max-image-preview:large, max-video-preview:-1\" \/>\n<link rel=\"canonical\"  href=\"https:\/\/jsgroup.az\/en\/ancon\/\" \/>\n<meta property=\"og:locale\"  content=\"en_US\" \/>\n<meta property=\"og:type\"  content=\"article\" \/>\n<meta property=\"og:title\"  content=\"Ancon &ndash; JS Group\" \/>\n<meta property=\"og:description\"  content=\"ANCON Paslanmayan poladdan haz\u0131rlama v\u0259 divar d\u0259st\u0259k sisteml\u0259ri, beton birl\u0259\u015fm\u0259l\u0259r v\u0259 k\u0259sm\u0259 y\u00fck ba\u011flay\u0131c\u0131lar\u0131 da daxil olmaqla g\u00fccl\u0259ndirici \u00e7ubuq ba\u011flay\u0131c\u0131lar\u0131. \u00a0 Ancon MDC, \u0130ngilt\u0259r\u0259 v\u0259 Avstraliyada h\u00f6rg\u00fc d\u0259st\u0259k sisteminin se\u00e7imidir. Bu sisteml\u0259r Ancon divar ba\u011flar\u0131, \u00f6n dir\u0259kl\u0259r v\u0259 lintell\u0259rl\u0259 birl\u0259\u015f\u0259r\u0259k yeni binalarda estetik h\u00f6rg\u00fc \u00f6rt\u00fckl\u0259ri \u00fc\u00e7\u00fcn tam paslanmayan polad fiksasiya h\u0259lli meydana g\u0259tirir. Ancon seriyas\u0131ndan...\" \/>\n<meta property=\"og:url\"  content=\"https:\/\/jsgroup.az\/en\/ancon\/\" \/>\n<meta property=\"og:site_name\" content=\"JS Group\" \/>\n<meta property=\"article:publisher\"  content=\"https:\/\/www.facebook.com\/JS-Group-LLC-103618468444954\" \/>\n<meta property=\"article:modified_time\"  content=\"2021-03-04T20:43:37+00:00\" \/>\n<meta property=\"og:image\"  content=\"http:\/\/jsgroup.az\/wp-content\/uploads\/2021\/02\/Ancon1-286x300.jpg\" \/>\n<meta name=\"twitter:card\" content=\"summary_large_image\" \/>\n<meta name=\"twitter:label1\" content=\"Est. reading time\" \/>\n\t<meta name=\"twitter:data1\" content=\"2 minutes\" \/>\n<script type=\"application\/ld+json\" class=\"yoast-schema-graph\">{\"@context\":\"https:\/\/schema.org\",\"@graph\":[{\"@type\":\"Organization\",\"@id\":\"https:\/\/jsgroup.az\/az\/#organization\",\"name\":\"JS Group LLC\",\"url\":\"https:\/\/jsgroup.az\/az\/\",\"sameAs\":[\"https:\/\/www.facebook.com\/JS-Group-LLC-103618468444954\"],\"logo\":{\"@type\":\"ImageObject\",\"@id\":\"https:\/\/jsgroup.az\/az\/#logo\",\"inLanguage\":\"en-US\",\"url\":\"https:\/\/jsgroup.az\/wp-content\/uploads\/2021\/02\/logo-js-google.png\",\"contentUrl\":\"https:\/\/jsgroup.az\/wp-content\/uploads\/2021\/02\/logo-js-google.png\",\"width\":2000,\"height\":2000,\"caption\":\"JS Group LLC\"},\"image\":{\"@id\":\"https:\/\/jsgroup.az\/az\/#logo\"}},{\"@type\":\"WebSite\",\"@id\":\"https:\/\/jsgroup.az\/az\/#website\",\"url\":\"https:\/\/jsgroup.az\/az\/\",\"name\":\"JS Group\",\"description\":\"Sizin \u0130n\u015faat \u015eirk\u0259ti\",\"publisher\":{\"@id\":\"https:\/\/jsgroup.az\/az\/#organization\"},\"potentialAction\":[{\"@type\":\"SearchAction\",\"target\":{\"@type\":\"EntryPoint\",\"urlTemplate\":\"https:\/\/jsgroup.az\/az\/?s={search_term_string}\"},\"query-input\":\"required name=search_term_string\"}],\"inLanguage\":\"en-US\"},{\"@type\":\"ImageObject\",\"@id\":\"https:\/\/jsgroup.az\/az\/ancon\/#primaryimage\",\"inLanguage\":\"en-US\",\"url\":\"http:\/\/jsgroup.az\/wp-content\/uploads\/2021\/02\/Ancon1-286x300.jpg\",\"contentUrl\":\"http:\/\/jsgroup.az\/wp-content\/uploads\/2021\/02\/Ancon1-286x300.jpg\"},{\"@type\":\"WebPage\",\"@id\":\"https:\/\/jsgroup.az\/az\/ancon\/#webpage\",\"url\":\"https:\/\/jsgroup.az\/az\/ancon\/\",\"name\":\"Ancon &ndash; JS Group\",\"isPartOf\":{\"@id\":\"https:\/\/jsgroup.az\/az\/#website\"},\"primaryImageOfPage\":{\"@id\":\"https:\/\/jsgroup.az\/az\/ancon\/#primaryimage\"},\"datePublished\":\"2021-02-20T20:03:35+00:00\",\"dateModified\":\"2021-03-04T20:43:37+00:00\",\"breadcrumb\":{\"@id\":\"https:\/\/jsgroup.az\/az\/ancon\/#breadcrumb\"},\"inLanguage\":\"en-US\",\"potentialAction\":[{\"@type\":\"ReadAction\",\"target\":[\"https:\/\/jsgroup.az\/az\/ancon\/\"]}]},{\"@type\":\"BreadcrumbList\",\"@id\":\"https:\/\/jsgroup.az\/az\/ancon\/#breadcrumb\",\"itemListElement\":[{\"@type\":\"ListItem\",\"position\":1,\"name\":\"Ana S\u0259hif\u0259\",\"item\":\"https:\/\/jsgroup.az\/\"},{\"@type\":\"ListItem\",\"position\":2,\"name\":\"Ancon\"}]}]}<\/script>\n<!-- \/ Yoast SEO plugin. -->","yoast_head_json":{"title":"Ancon &ndash; JS Group","robots":{"index":"index","follow":"follow","max-snippet":"max-snippet:-1","max-image-preview":"max-image-preview:large","max-video-preview":"max-video-preview:-1"},"canonical":"https:\/\/jsgroup.az\/en\/ancon\/","og_locale":"en_US","og_type":"article","og_title":"Ancon &ndash; JS Group","og_description":"ANCON Paslanmayan poladdan haz\u0131rlama v\u0259 divar d\u0259st\u0259k sisteml\u0259ri, beton birl\u0259\u015fm\u0259l\u0259r v\u0259 k\u0259sm\u0259 y\u00fck ba\u011flay\u0131c\u0131lar\u0131 da daxil olmaqla g\u00fccl\u0259ndirici \u00e7ubuq ba\u011flay\u0131c\u0131lar\u0131. \u00a0 Ancon MDC, \u0130ngilt\u0259r\u0259 v\u0259 Avstraliyada h\u00f6rg\u00fc d\u0259st\u0259k sisteminin se\u00e7imidir. Bu sisteml\u0259r Ancon divar ba\u011flar\u0131, \u00f6n dir\u0259kl\u0259r v\u0259 lintell\u0259rl\u0259 birl\u0259\u015f\u0259r\u0259k yeni binalarda estetik h\u00f6rg\u00fc \u00f6rt\u00fckl\u0259ri \u00fc\u00e7\u00fcn tam paslanmayan polad fiksasiya h\u0259lli meydana g\u0259tirir. Ancon seriyas\u0131ndan...","og_url":"https:\/\/jsgroup.az\/en\/ancon\/","og_site_name":"JS Group","article_publisher":"https:\/\/www.facebook.com\/JS-Group-LLC-103618468444954","article_modified_time":"2021-03-04T20:43:37+00:00","og_image":[{"url":"http:\/\/jsgroup.az\/wp-content\/uploads\/2021\/02\/Ancon1-286x300.jpg"}],"twitter_card":"summary_large_image","twitter_misc":{"Est. reading time":"2 minutes"},"schema":{"@context":"https:\/\/schema.org","@graph":[{"@type":"Organization","@id":"https:\/\/jsgroup.az\/az\/#organization","name":"JS Group LLC","url":"https:\/\/jsgroup.az\/az\/","sameAs":["https:\/\/www.facebook.com\/JS-Group-LLC-103618468444954"],"logo":{"@type":"ImageObject","@id":"https:\/\/jsgroup.az\/az\/#logo","inLanguage":"en-US","url":"https:\/\/jsgroup.az\/wp-content\/uploads\/2021\/02\/logo-js-google.png","contentUrl":"https:\/\/jsgroup.az\/wp-content\/uploads\/2021\/02\/logo-js-google.png","width":2000,"height":2000,"caption":"JS Group LLC"},"image":{"@id":"https:\/\/jsgroup.az\/az\/#logo"}},{"@type":"WebSite","@id":"https:\/\/jsgroup.az\/az\/#website","url":"https:\/\/jsgroup.az\/az\/","name":"JS Group","description":"Sizin \u0130n\u015faat \u015eirk\u0259ti","publisher":{"@id":"https:\/\/jsgroup.az\/az\/#organization"},"potentialAction":[{"@type":"SearchAction","target":{"@type":"EntryPoint","urlTemplate":"https:\/\/jsgroup.az\/az\/?s={search_term_string}"},"query-input":"required name=search_term_string"}],"inLanguage":"en-US"},{"@type":"ImageObject","@id":"https:\/\/jsgroup.az\/az\/ancon\/#primaryimage","inLanguage":"en-US","url":"http:\/\/jsgroup.az\/wp-content\/uploads\/2021\/02\/Ancon1-286x300.jpg","contentUrl":"http:\/\/jsgroup.az\/wp-content\/uploads\/2021\/02\/Ancon1-286x300.jpg"},{"@type":"WebPage","@id":"https:\/\/jsgroup.az\/az\/ancon\/#webpage","url":"https:\/\/jsgroup.az\/az\/ancon\/","name":"Ancon &ndash; JS Group","isPartOf":{"@id":"https:\/\/jsgroup.az\/az\/#website"},"primaryImageOfPage":{"@id":"https:\/\/jsgroup.az\/az\/ancon\/#primaryimage"},"datePublished":"2021-02-20T20:03:35+00:00","dateModified":"2021-03-04T20:43:37+00:00","breadcrumb":{"@id":"https:\/\/jsgroup.az\/az\/ancon\/#breadcrumb"},"inLanguage":"en-US","potentialAction":[{"@type":"ReadAction","target":["https:\/\/jsgroup.az\/az\/ancon\/"]}]},{"@type":"BreadcrumbList","@id":"https:\/\/jsgroup.az\/az\/ancon\/#breadcrumb","itemListElement":[{"@type":"ListItem","position":1,"name":"Ana S\u0259hif\u0259","item":"https:\/\/jsgroup.az\/"},{"@type":"ListItem","position":2,"name":"Ancon"}]}]}},"_links":{"self":[{"href":"https:\/\/jsgroup.az\/en\/wp-json\/wp\/v2\/pages\/6890"}],"collection":[{"href":"https:\/\/jsgroup.az\/en\/wp-json\/wp\/v2\/pages"}],"about":[{"href":"https:\/\/jsgroup.az\/en\/wp-json\/wp\/v2\/types\/page"}],"author":[{"embeddable":true,"href":"https:\/\/jsgroup.az\/en\/wp-json\/wp\/v2\/users\/1"}],"replies":[{"embeddable":true,"href":"https:\/\/jsgroup.az\/en\/wp-json\/wp\/v2\/comments?post=6890"}],"version-history":[{"count":22,"href":"https:\/\/jsgroup.az\/en\/wp-json\/wp\/v2\/pages\/6890\/revisions"}],"predecessor-version":[{"id":7123,"href":"https:\/\/jsgroup.az\/en\/wp-json\/wp\/v2\/pages\/6890\/revisions\/7123"}],"wp:attachment":[{"href":"https:\/\/jsgroup.az\/en\/wp-json\/wp\/v2\/media?parent=6890"}],"curies":[{"name":"wp","href":"https:\/\/api.w.org\/{rel}","templated":true}]}}