{"id":6769,"date":"2021-02-19T00:07:46","date_gmt":"2021-02-18T20:07:46","guid":{"rendered":"http:\/\/jsgroup.az\/?page_id=6769"},"modified":"2021-02-20T21:01:14","modified_gmt":"2021-02-20T21:01:14","slug":"terefdaslar","status":"publish","type":"page","link":"https:\/\/jsgroup.az\/en\/terefdaslar\/","title":{"rendered":"Partners"},"content":{"rendered":"<div data-elementor-type=\"wp-post\"   data-elementor-id=\"6769\"  class=\"elementor elementor-6769\"  data-elementor-settings=\"[]\">\n\t\t\t\t\t\t<div class=\"elementor-inner\">\n\t\t\t\t\t\t\t<div class=\"elementor-section-wrap\">\n\t\t\t\t\t\t\t<section class=\"elementor-section elementor-top-section elementor-element elementor-element-cdddede elementor-section-full_width elementor-section-height-default elementor-section-height-default\"   data-id=\"cdddede\" data-element_type=\"section\">\n\t\t\t\t\t\t<div class=\"elementor-container elementor-column-gap-no\">\n\t\t\t\t\t\t\t<div class=\"elementor-row\">\n\t\t\t\t\t<div class=\"elementor-column elementor-col-100 elementor-top-column elementor-element elementor-element-64eb31c\"   data-id=\"64eb31c\"  data-element_type=\"column\">\n\t\t\t<div class=\"elementor-column-wrap elementor-element-populated\">\n\t\t\t\t\t\t\t<div class=\"elementor-widget-wrap\">\n\t\t\t\t\t\t<div class=\"elementor-element elementor-element-b06c143 elementor-widget elementor-widget-heading\"   data-id=\"b06c143\"   data-element_type=\"widget\"   data-widget_type=\"heading.default\">\n\t\t\t\t<div class=\"elementor-widget-container\">\n\t\t\t<h2 class=\"elementor-heading-title elementor-size-default\">Biz du00fcnyaca mu0259u015fhur brendlu0259rin Azu0259rbaycandaku0131 ru0259smi distributeriyik<\/h2>\t\t<\/div>\n\t\t\t\t<\/div>\n\t\t\t\t\t\t<\/div>\n\t\t\t\t\t<\/div>\n\t\t<\/div>\n\t\t\t\t\t\t\t\t<\/div>\n\t\t\t\t\t<\/div>\n\t\t<\/section>\n\t\t\t\t<section class=\"elementor-section elementor-top-section elementor-element elementor-element-b01d512 elementor-section-boxed elementor-section-height-default elementor-section-height-default\"   data-id=\"b01d512\"   data-element_type=\"section\">\n\t\t\t\t\t\t<div class=\"elementor-container elementor-column-gap-default\">\n\t\t\t\t\t\t\t<div class=\"elementor-row\" >\n\t\t\t\t\t<div class=\"elementor-column elementor-col-25 elementor-top-column elementor-element elementor-element-019d16e\"   data-id=\"019d16e\"  data-element_type=\"column\">\n\t\t\t<div class=\"elementor-column-wrap elementor-element-populated\">\n\t\t\t\t\t\t\t<div class=\"elementor-widget-wrap\">\n\t\t\t\t\t\t<div class=\"elementor-element elementor-element-ce7c98f elementor-widget elementor-widget-image\"   data-id=\"ce7c98f\"   data-element_type=\"widget\"   data-widget_type=\"image.default\">\n\t\t\t\t<div class=\"elementor-widget-container\">\n\t\t\t\t\t\t\t\t<div class=\"elementor-image\">\n\t\t\t\t\t\t\t\t\t\t\t\t\t<a href=\"https:\/\/jsgroup.az\/en\/ancon\/\">\n\t\t\t\t\t\t\t<img width=\"285\"   height=\"102\"   src=\"https:\/\/jsgroup.az\/wp-content\/uploads\/2021\/02\/anconn2.png\"   class=\"elementor-animation-shrink attachment-large size-large\"  alt=\"\" loading=\"lazy\" \/>\t\t\t\t\t\t\t\t<\/a>\n\t\t\t\t\t\t\t\t\t\t\t\t\t\t<\/div>\n\t\t\t\t\t\t<\/div>\n\t\t\t\t<\/div>\n\t\t\t\t<div class=\"elementor-element elementor-element-770f896 elementor-widget elementor-widget-image\"   data-id=\"770f896\"   data-element_type=\"widget\"   data-widget_type=\"image.default\">\n\t\t\t\t<div class=\"elementor-widget-container\">\n\t\t\t\t\t\t\t\t<div class=\"elementor-image\">\n\t\t\t\t\t\t\t\t\t\t\t\t\t<a href=\"https:\/\/jsgroup.az\/en\/connolly\/\">\n\t\t\t\t\t\t\t<img width=\"285\"   height=\"102\"   src=\"https:\/\/jsgroup.az\/wp-content\/uploads\/2021\/02\/CONOLLY.png\"   class=\"elementor-animation-shrink attachment-large size-large\"  alt=\"\"  loading=\"lazy\" \/>\t\t\t\t\t\t\t\t<\/a>\n\t\t\t\t\t\t\t\t\t\t\t\t\t\t<\/div>\n\t\t\t\t\t\t<\/div>\n\t\t\t\t<\/div>\n\t\t\t\t<div class=\"elementor-element elementor-element-21901a4 elementor-widget elementor-widget-image\"   data-id=\"21901a4\"   data-element_type=\"widget\"   data-widget_type=\"image.default\">\n\t\t\t\t<div class=\"elementor-widget-container\">\n\t\t\t\t\t\t\t\t<div class=\"elementor-image\">\n\t\t\t\t\t\t\t\t\t\t\t\t\t<a href=\"https:\/\/jsgroup.az\/en\/halfen\/\">\n\t\t\t\t\t\t\t<img width=\"285\"   height=\"102\"   src=\"https:\/\/jsgroup.az\/wp-content\/uploads\/2021\/02\/halfen2.png\"   class=\"elementor-animation-shrink attachment-large size-large\"  alt=\"\"  loading=\"lazy\" \/>\t\t\t\t\t\t\t\t<\/a>\n\t\t\t\t\t\t\t\t\t\t\t\t\t\t<\/div>\n\t\t\t\t\t\t<\/div>\n\t\t\t\t<\/div>\n\t\t\t\t\t\t<\/div>\n\t\t\t\t\t<\/div>\n\t\t<\/div>\n\t\t\t\t<div class=\"elementor-column elementor-col-25 elementor-top-column elementor-element elementor-element-64e3b4c\"   data-id=\"64e3b4c\"   data-element_type=\"column\">\n\t\t\t<div class=\"elementor-column-wrap elementor-element-populated\">\n\t\t\t\t\t\t\t<div class=\"elementor-widget-wrap\">\n\t\t\t\t\t\t<div class=\"elementor-element elementor-element-ce6e194 elementor-widget elementor-widget-image\"   data-id=\"ce6e194\"   data-element_type=\"widget\"   data-widget_type=\"image.default\">\n\t\t\t\t<div class=\"elementor-widget-container\">\n\t\t\t\t\t\t\t\t<div class=\"elementor-image\">\n\t\t\t\t\t\t\t\t\t\t\t\t\t<a href=\"https:\/\/jsgroup.az\/en\/aschwanden\/\">\n\t\t\t\t\t\t\t<img width=\"285\"   height=\"102\"   src=\"https:\/\/jsgroup.az\/wp-content\/uploads\/2021\/02\/aschwanden-2.png\"   class=\"elementor-animation-shrink attachment-large size-large\" alt=\"\" loading=\"lazy\" \/>\t\t\t\t\t\t\t\t<\/a>\n\t\t\t\t\t\t\t\t\t\t\t\t\t\t<\/div>\n\t\t\t\t\t\t<\/div>\n\t\t\t\t<\/div>\n\t\t\t\t<div class=\"elementor-element elementor-element-2139562 elementor-widget elementor-widget-image\"   data-id=\"2139562\"   data-element_type=\"widget\"   data-widget_type=\"image.default\">\n\t\t\t\t<div class=\"elementor-widget-container\">\n\t\t\t\t\t\t\t\t<div class=\"elementor-image\">\n\t\t\t\t\t\t\t\t\t\t\t\t\t<a href=\"https:\/\/jsgroup.az\/en\/meadow-burke\/\">\n\t\t\t\t\t\t\t<img width=\"285\"   height=\"102\"   src=\"https:\/\/jsgroup.az\/wp-content\/uploads\/2021\/02\/meo.png\"   class=\"elementor-animation-shrink attachment-large size-large\" alt=\"\" loading=\"lazy\" \/>\t\t\t\t\t\t\t\t<\/a>\n\t\t\t\t\t\t\t\t\t\t\t\t\t\t<\/div>\n\t\t\t\t\t\t<\/div>\n\t\t\t\t<\/div>\n\t\t\t\t<div class=\"elementor-element elementor-element-d6d1baa elementor-widget elementor-widget-image\"   data-id=\"d6d1baa\"   data-element_type=\"widget\"   data-widget_type=\"image.default\">\n\t\t\t\t<div class=\"elementor-widget-container\">\n\t\t\t\t\t\t\t\t<div class=\"elementor-image\">\n\t\t\t\t\t\t\t\t\t\t\t\t\t<a href=\"https:\/\/jsgroup.az\/en\/helifix\/\">\n\t\t\t\t\t\t\t<img width=\"285\"   height=\"102\"   src=\"https:\/\/jsgroup.az\/wp-content\/uploads\/2021\/02\/helfix.png\"   class=\"elementor-animation-shrink attachment-large size-large\" alt=\"\" loading=\"lazy\" \/>\t\t\t\t\t\t\t\t<\/a>\n\t\t\t\t\t\t\t\t\t\t\t\t\t\t<\/div>\n\t\t\t\t\t\t<\/div>\n\t\t\t\t<\/div>\n\t\t\t\t\t\t<\/div>\n\t\t\t\t\t<\/div>\n\t\t<\/div>\n\t\t\t\t<div class=\"elementor-column elementor-col-25 elementor-top-column elementor-element elementor-element-555c6c0\"   data-id=\"555c6c0\"   data-element_type=\"column\">\n\t\t\t<div class=\"elementor-column-wrap elementor-element-populated\">\n\t\t\t\t\t\t\t<div class=\"elementor-widget-wrap\">\n\t\t\t\t\t\t<div class=\"elementor-element elementor-element-6d8648e elementor-widget elementor-widget-image\"   data-id=\"6d8648e\"   data-element_type=\"widget\"   data-widget_type=\"image.default\">\n\t\t\t\t<div class=\"elementor-widget-container\">\n\t\t\t\t\t\t\t\t<div class=\"elementor-image\">\n\t\t\t\t\t\t\t\t\t\t\t\t\t<a href=\"https:\/\/jsgroup.az\/en\/moment-2\/\">\n\t\t\t\t\t\t\t<img width=\"285\"   height=\"102\"   src=\"https:\/\/jsgroup.az\/wp-content\/uploads\/2021\/02\/moment.png\"   class=\"elementor-animation-shrink attachment-large size-large\" alt=\"\" loading=\"lazy\" \/>\t\t\t\t\t\t\t\t<\/a>\n\t\t\t\t\t\t\t\t\t\t\t\t\t\t<\/div>\n\t\t\t\t\t\t<\/div>\n\t\t\t\t<\/div>\n\t\t\t\t<div class=\"elementor-element elementor-element-c0af761 elementor-widget elementor-widget-image\"   data-id=\"c0af761\"   data-element_type=\"widget\"   data-widget_type=\"image.default\">\n\t\t\t\t<div class=\"elementor-widget-container\">\n\t\t\t\t\t\t\t\t<div class=\"elementor-image\">\n\t\t\t\t\t\t\t\t\t\t\t\t\t<a href=\"https:\/\/jsgroup.az\/en\/plaka\/\" >\n\t\t\t\t\t\t\t<img width=\"285\"   height=\"102\"   src=\"https:\/\/jsgroup.az\/wp-content\/uploads\/2021\/02\/plaka2.png\"   class=\"elementor-animation-shrink attachment-large size-large\"  alt=\"\"  loading=\"lazy\" \/>\t\t\t\t\t\t\t\t<\/a>\n\t\t\t\t\t\t\t\t\t\t\t\t\t\t<\/div>\n\t\t\t\t\t\t<\/div>\n\t\t\t\t<\/div>\n\t\t\t\t\t\t<\/div>\n\t\t\t\t\t<\/div>\n\t\t<\/div>\n\t\t\t\t<div class=\"elementor-column elementor-col-25 elementor-top-column elementor-element elementor-element-54abd3c\"   data-id=\"54abd3c\"   data-element_type=\"column\">\n\t\t\t<div class=\"elementor-column-wrap elementor-element-populated\">\n\t\t\t\t\t\t\t<div class=\"elementor-widget-wrap\">\n\t\t\t\t\t\t<div class=\"elementor-element elementor-element-35b6f4e elementor-widget elementor-widget-image\"   data-id=\"35b6f4e\"   data-element_type=\"widget\"   data-widget_type=\"image.default\">\n\t\t\t\t<div class=\"elementor-widget-container\">\n\t\t\t\t\t\t\t\t<div class=\"elementor-image\">\n\t\t\t\t\t\t\t\t\t\t\t\t\t<a href=\"https:\/\/jsgroup.az\/en\/thermomass-2\/\">\n\t\t\t\t\t\t\t<img width=\"285\"   height=\"102\"   src=\"https:\/\/jsgroup.az\/wp-content\/uploads\/2021\/02\/Thermomass.png\"   class=\"elementor-animation-shrink attachment-large size-large\" alt=\"\" loading=\"lazy\" \/>\t\t\t\t\t\t\t\t<\/a>\n\t\t\t\t\t\t\t\t\t\t\t\t\t\t<\/div>\n\t\t\t\t\t\t<\/div>\n\t\t\t\t<\/div>\n\t\t\t\t<div class=\"elementor-element elementor-element-7d21058 elementor-widget elementor-widget-image\"   data-id=\"7d21058\"   data-element_type=\"widget\"   data-widget_type=\"image.default\">\n\t\t\t\t<div class=\"elementor-widget-container\">\n\t\t\t\t\t\t\t\t<div class=\"elementor-image\">\n\t\t\t\t\t\t\t\t\t\t\t\t\t<a href=\"https:\/\/jsgroup.az\/en\/isedio-2\/\">\n\t\t\t\t\t\t\t<img width=\"285\"   height=\"102\"   src=\"https:\/\/jsgroup.az\/wp-content\/uploads\/2021\/02\/isedio.png\"   class=\"elementor-animation-shrink attachment-large size-large\"  alt=\"\"  loading=\"lazy\" \/>\t\t\t\t\t\t\t\t<\/a>\n\t\t\t\t\t\t\t\t\t\t\t\t\t\t<\/div>\n\t\t\t\t\t\t<\/div>\n\t\t\t\t<\/div>\n\t\t\t\t\t\t<\/div>\n\t\t\t\t\t<\/div>\n\t\t<\/div>\n\t\t\t\t\t\t\t\t<\/div>\n\t\t\t\t\t<\/div>\n\t\t<\/section>\n\t\t\t\t\t\t<\/div>\n\t\t\t\t\t\t<\/div>\n\t\t\t\t\t<\/div>","protected":false},"excerpt":{"rendered":"<p>We are the official distributor of world-famous brands in Azerbaijan<\/p>","protected":false},"author":1,"featured_media":0,"parent":0,"menu_order":0,"comment_status":"closed","ping_status":"closed","template":"","meta":[],"yoast_head":"<!-- This site is optimized with the Yoast SEO plugin v18.1 - https:\/\/yoast.com\/wordpress\/plugins\/seo\/ -->\n<title>T\u0259r\u0259fda\u015flar &ndash; JS Group<\/title>\n<meta name=\"robots\"  content=\"index, follow, max-snippet:-1, max-image-preview:large, max-video-preview:-1\" \/>\n<link rel=\"canonical\"  href=\"https:\/\/jsgroup.az\/en\/terefdaslar\/\" \/>\n<meta property=\"og:locale\"  content=\"en_US\" \/>\n<meta property=\"og:type\"  content=\"article\" \/>\n<meta property=\"og:title\"  content=\"T\u0259r\u0259fda\u015flar &ndash; JS Group\" \/>\n<meta property=\"og:description\"  content=\"Biz d\u00fcnyaca m\u0259\u015fhur brendl\u0259rin Az\u0259rbaycandak\u0131 r\u0259smi distributeriyik\" \/>\n<meta property=\"og:url\"  content=\"https:\/\/jsgroup.az\/en\/terefdaslar\/\" \/>\n<meta property=\"og:site_name\" content=\"JS Group\" \/>\n<meta property=\"article:publisher\"  content=\"https:\/\/www.facebook.com\/JS-Group-LLC-103618468444954\" \/>\n<meta property=\"article:modified_time\"  content=\"2021-02-20T21:01:14+00:00\" \/>\n<meta property=\"og:image\"  content=\"http:\/\/jsgroup.az\/wp-content\/uploads\/2021\/02\/anconn2.png\" \/>\n<meta name=\"twitter:card\" content=\"summary_large_image\" \/>\n<script type=\"application\/ld+json\" class=\"yoast-schema-graph\">{\"@context\":\"https:\/\/schema.org\",\"@graph\":[{\"@type\":\"Organization\",\"@id\":\"https:\/\/jsgroup.az\/az\/#organization\",\"name\":\"JS Group LLC\",\"url\":\"https:\/\/jsgroup.az\/az\/\",\"sameAs\":[\"https:\/\/www.facebook.com\/JS-Group-LLC-103618468444954\"],\"logo\":{\"@type\":\"ImageObject\",\"@id\":\"https:\/\/jsgroup.az\/az\/#logo\",\"inLanguage\":\"en-US\",\"url\":\"https:\/\/jsgroup.az\/wp-content\/uploads\/2021\/02\/logo-js-google.png\",\"contentUrl\":\"https:\/\/jsgroup.az\/wp-content\/uploads\/2021\/02\/logo-js-google.png\",\"width\":2000,\"height\":2000,\"caption\":\"JS Group LLC\"},\"image\":{\"@id\":\"https:\/\/jsgroup.az\/az\/#logo\"}},{\"@type\":\"WebSite\",\"@id\":\"https:\/\/jsgroup.az\/az\/#website\",\"url\":\"https:\/\/jsgroup.az\/az\/\",\"name\":\"JS Group\",\"description\":\"Sizin \u0130n\u015faat \u015eirk\u0259ti\",\"publisher\":{\"@id\":\"https:\/\/jsgroup.az\/az\/#organization\"},\"potentialAction\":[{\"@type\":\"SearchAction\",\"target\":{\"@type\":\"EntryPoint\",\"urlTemplate\":\"https:\/\/jsgroup.az\/az\/?s={search_term_string}\"},\"query-input\":\"required name=search_term_string\"}],\"inLanguage\":\"en-US\"},{\"@type\":\"ImageObject\",\"@id\":\"https:\/\/jsgroup.az\/en\/terefdaslar\/#primaryimage\",\"inLanguage\":\"en-US\",\"url\":\"http:\/\/jsgroup.az\/wp-content\/uploads\/2021\/02\/anconn2.png\",\"contentUrl\":\"http:\/\/jsgroup.az\/wp-content\/uploads\/2021\/02\/anconn2.png\"},{\"@type\":\"WebPage\",\"@id\":\"https:\/\/jsgroup.az\/en\/terefdaslar\/#webpage\",\"url\":\"https:\/\/jsgroup.az\/en\/terefdaslar\/\",\"name\":\"T\u0259r\u0259fda\u015flar &ndash; JS Group\",\"isPartOf\":{\"@id\":\"https:\/\/jsgroup.az\/az\/#website\"},\"primaryImageOfPage\":{\"@id\":\"https:\/\/jsgroup.az\/en\/terefdaslar\/#primaryimage\"},\"datePublished\":\"2021-02-18T20:07:46+00:00\",\"dateModified\":\"2021-02-20T21:01:14+00:00\",\"breadcrumb\":{\"@id\":\"https:\/\/jsgroup.az\/en\/terefdaslar\/#breadcrumb\"},\"inLanguage\":\"en-US\",\"potentialAction\":[{\"@type\":\"ReadAction\",\"target\":[\"https:\/\/jsgroup.az\/en\/terefdaslar\/\"]}]},{\"@type\":\"BreadcrumbList\",\"@id\":\"https:\/\/jsgroup.az\/en\/terefdaslar\/#breadcrumb\",\"itemListElement\":[{\"@type\":\"ListItem\",\"position\":1,\"name\":\"Ana S\u0259hif\u0259\",\"item\":\"https:\/\/jsgroup.az\/\"},{\"@type\":\"ListItem\",\"position\":2,\"name\":\"T\u0259r\u0259fda\u015flar\"}]}]}<\/script>\n<!-- \/ Yoast SEO plugin. -->","yoast_head_json":{"title":"T\u0259r\u0259fda\u015flar &ndash; JS Group","robots":{"index":"index","follow":"follow","max-snippet":"max-snippet:-1","max-image-preview":"max-image-preview:large","max-video-preview":"max-video-preview:-1"},"canonical":"https:\/\/jsgroup.az\/en\/terefdaslar\/","og_locale":"en_US","og_type":"article","og_title":"T\u0259r\u0259fda\u015flar &ndash; JS Group","og_description":"Biz d\u00fcnyaca m\u0259\u015fhur brendl\u0259rin Az\u0259rbaycandak\u0131 r\u0259smi distributeriyik","og_url":"https:\/\/jsgroup.az\/en\/terefdaslar\/","og_site_name":"JS Group","article_publisher":"https:\/\/www.facebook.com\/JS-Group-LLC-103618468444954","article_modified_time":"2021-02-20T21:01:14+00:00","og_image":[{"url":"http:\/\/jsgroup.az\/wp-content\/uploads\/2021\/02\/anconn2.png"}],"twitter_card":"summary_large_image","schema":{"@context":"https:\/\/schema.org","@graph":[{"@type":"Organization","@id":"https:\/\/jsgroup.az\/az\/#organization","name":"JS Group LLC","url":"https:\/\/jsgroup.az\/az\/","sameAs":["https:\/\/www.facebook.com\/JS-Group-LLC-103618468444954"],"logo":{"@type":"ImageObject","@id":"https:\/\/jsgroup.az\/az\/#logo","inLanguage":"en-US","url":"https:\/\/jsgroup.az\/wp-content\/uploads\/2021\/02\/logo-js-google.png","contentUrl":"https:\/\/jsgroup.az\/wp-content\/uploads\/2021\/02\/logo-js-google.png","width":2000,"height":2000,"caption":"JS Group LLC"},"image":{"@id":"https:\/\/jsgroup.az\/az\/#logo"}},{"@type":"WebSite","@id":"https:\/\/jsgroup.az\/az\/#website","url":"https:\/\/jsgroup.az\/az\/","name":"JS Group","description":"Sizin \u0130n\u015faat \u015eirk\u0259ti","publisher":{"@id":"https:\/\/jsgroup.az\/az\/#organization"},"potentialAction":[{"@type":"SearchAction","target":{"@type":"EntryPoint","urlTemplate":"https:\/\/jsgroup.az\/az\/?s={search_term_string}"},"query-input":"required name=search_term_string"}],"inLanguage":"en-US"},{"@type":"ImageObject","@id":"https:\/\/jsgroup.az\/en\/terefdaslar\/#primaryimage","inLanguage":"en-US","url":"http:\/\/jsgroup.az\/wp-content\/uploads\/2021\/02\/anconn2.png","contentUrl":"http:\/\/jsgroup.az\/wp-content\/uploads\/2021\/02\/anconn2.png"},{"@type":"WebPage","@id":"https:\/\/jsgroup.az\/en\/terefdaslar\/#webpage","url":"https:\/\/jsgroup.az\/en\/terefdaslar\/","name":"T\u0259r\u0259fda\u015flar &ndash; JS Group","isPartOf":{"@id":"https:\/\/jsgroup.az\/az\/#website"},"primaryImageOfPage":{"@id":"https:\/\/jsgroup.az\/en\/terefdaslar\/#primaryimage"},"datePublished":"2021-02-18T20:07:46+00:00","dateModified":"2021-02-20T21:01:14+00:00","breadcrumb":{"@id":"https:\/\/jsgroup.az\/en\/terefdaslar\/#breadcrumb"},"inLanguage":"en-US","potentialAction":[{"@type":"ReadAction","target":["https:\/\/jsgroup.az\/en\/terefdaslar\/"]}]},{"@type":"BreadcrumbList","@id":"https:\/\/jsgroup.az\/en\/terefdaslar\/#breadcrumb","itemListElement":[{"@type":"ListItem","position":1,"name":"Ana S\u0259hif\u0259","item":"https:\/\/jsgroup.az\/"},{"@type":"ListItem","position":2,"name":"T\u0259r\u0259fda\u015flar"}]}]}},"_links":{"self":[{"href":"https:\/\/jsgroup.az\/en\/wp-json\/wp\/v2\/pages\/6769"}],"collection":[{"href":"https:\/\/jsgroup.az\/en\/wp-json\/wp\/v2\/pages"}],"about":[{"href":"https:\/\/jsgroup.az\/en\/wp-json\/wp\/v2\/types\/page"}],"author":[{"embeddable":true,"href":"https:\/\/jsgroup.az\/en\/wp-json\/wp\/v2\/users\/1"}],"replies":[{"embeddable":true,"href":"https:\/\/jsgroup.az\/en\/wp-json\/wp\/v2\/comments?post=6769"}],"version-history":[{"count":19,"href":"https:\/\/jsgroup.az\/en\/wp-json\/wp\/v2\/pages\/6769\/revisions"}],"predecessor-version":[{"id":6988,"href":"https:\/\/jsgroup.az\/en\/wp-json\/wp\/v2\/pages\/6769\/revisions\/6988"}],"wp:attachment":[{"href":"https:\/\/jsgroup.az\/en\/wp-json\/wp\/v2\/media?parent=6769"}],"curies":[{"name":"wp","href":"https:\/\/api.w.org\/{rel}","templated":true}]}}