{"id":6742,"date":"2021-02-18T23:50:41","date_gmt":"2021-02-18T19:50:41","guid":{"rendered":"http:\/\/jsgroup.az\/?page_id=6742"},"modified":"2021-03-08T04:01:57","modified_gmt":"2021-03-08T00:01:57","slug":"layihelerimiz","status":"publish","type":"page","link":"https:\/\/jsgroup.az\/en\/layihelerimiz\/","title":{"rendered":"Our projects"},"content":{"rendered":"<h2>Bacar\u0131ql\u0131 m\u00fch\u0259ndisl\u0259rimizin v\u0259 i\u015f\u00e7il\u0259rimizin bir araya g\u0259tirdiyi<br \/>\nt\u0259cr\u00fcb\u0259 il\u0259 Js Group \u0130n\u015faat \u015eirk\u0259ti qeyd olunan<br \/>\ndizayn v\u0259 in\u015faat i\u015fl\u0259rini tamamlad\u0131<\/h2>\n<p>        <a href=\"#\"   data-filter=\"*\">Ham\u0131s\u0131<\/a><br \/>\n                            <a href=\"#\"   data-filter=\".161516171740-ince-isler\"><br \/>\n            Fine Works          <\/a><br \/>\n                            <a href=\"#\"   data-filter=\".161516171740-temir-isleri\"><br \/>\n            Repair          <\/a><br \/>\n                            <a href=\"#\"   data-filter=\".161516171740-beton-isleri\"><br \/>\n            Concrete Works          <\/a><br \/>\n                            <a href=\"#\"   data-filter=\".161516171740-layihelendirme\"><br \/>\n            Design          <\/a><br \/>\n                            <a href=\"#\"   data-filter=\".161516171740-tikinti-isleri\"><br \/>\n            Construction Works          <\/a><br \/>\n                            <a href=\"#\"   data-filter=\".161516171740-elektrik-isleri\"><br \/>\n            Electrical Works          <\/a><br \/>\n                            <a href=\"#\"   data-filter=\".161516171740-havalandirma\"><br \/>\n            Ventilation          <\/a><br \/>\n                            <a href=\"#\"   data-filter=\".161516171740-metal-konstruksiya\"><br \/>\n            Metal Construction Works          <\/a><br \/>\n                            <a href=\"#\"   data-filter=\".161516171740-torpaq-isleri\"><br \/>\n            Earthworks          <\/a><br \/>\n              <a href=\"https:\/\/jsgroup.az\/en\/layiheler\/valley-baths-layihesi\/\"><br \/>\n                <img\n                src=\"http:\/\/jsgroup.az\/wp-content\/uploads\/2021\/02\/valley-1-490x330.png\"  \n                alt=\"VaLLey BathS Layih\u0259si\"><br \/>\n              <\/a><\/p>\n<h3>\n                <a href=\"https:\/\/jsgroup.az\/en\/layiheler\/valley-baths-layihesi\/\"><br \/>\n                  VaLLey BathS Project                <\/a><br \/>\n              <\/h3>\n<p>                  Build<br \/>\n              <a href=\"https:\/\/jsgroup.az\/en\/layiheler\/paulaner-layihesi\/\"><br \/>\n                <img\n                src=\"http:\/\/jsgroup.az\/wp-content\/uploads\/2021\/02\/paulaner-brauhaus-baku-490x330.jpg\"  \n                alt=\"PAULANER Layih\u0259si\"><br \/>\n              <\/a><\/p>\n<h3>\n                <a href=\"https:\/\/jsgroup.az\/en\/layiheler\/paulaner-layihesi\/\"><br \/>\n                  PAULANER Project                <\/a><br \/>\n              <\/h3>\n<p>                  Build<br \/>\n              <a href=\"https:\/\/jsgroup.az\/en\/layiheler\/yalama-senaj-quyularinin-insasi\/\"><br \/>\n                <img\n                src=\"http:\/\/jsgroup.az\/wp-content\/uploads\/2021\/02\/WhatsApp-Image-2021-02-26-at-16.27.36-490x330.jpeg\"  \n                alt=\"Tax\u0131l anbarlar\u0131n\u0131n senaj quyular\u0131n\u0131n qura\u015fd\u0131r\u0131lmas\u0131\"><br \/>\n              <\/a><\/p>\n<h3>\n                <a href=\"https:\/\/jsgroup.az\/en\/layiheler\/yalama-senaj-quyularinin-insasi\/\"><br \/>\n                  Installation of hay storage wells for grain storage                <\/a><br \/>\n              <\/h3>\n<p>                  Build<br \/>\n              <a href=\"https:\/\/jsgroup.az\/en\/layiheler\/gulbagi-oteli-%c9%99razisind%c9%99-mobilizasiya-isl%c9%99ri\/\"><br \/>\n                <img\n                src=\"http:\/\/jsgroup.az\/wp-content\/uploads\/2021\/02\/gulbagi2-490x330.png\"  \n                alt=\"G\u00fclba\u011f\u0131 oteli \u0259razisind\u0259 mobilizasiya i\u015fl\u0259ri\"><br \/>\n              <\/a><\/p>\n<h3>\n                <a href=\"https:\/\/jsgroup.az\/en\/layiheler\/gulbagi-oteli-%c9%99razisind%c9%99-mobilizasiya-isl%c9%99ri\/\"><br \/>\n                  Mobilization works in the territory of Gulbagi hotel                <\/a><br \/>\n              <\/h3>\n<p>                  Build<br \/>\n              <a href=\"https:\/\/jsgroup.az\/en\/layiheler\/sevgililer-parkinda-restoranin-yeniden-qurulmasi\/\"><br \/>\n                <img\n                src=\"http:\/\/jsgroup.az\/wp-content\/uploads\/2021\/02\/sevgi-park-490x330.png\"  \n                alt=\"Sevgi Park Restoran\"><br \/>\n              <\/a><\/p>\n<h3>\n                <a href=\"https:\/\/jsgroup.az\/en\/layiheler\/sevgililer-parkinda-restoranin-yeniden-qurulmasi\/\"><br \/>\n                  Sevgi Park Restaurant                <\/a><br \/>\n              <\/h3>\n<p>                  Build<br \/>\n              <a href=\"https:\/\/jsgroup.az\/en\/layiheler\/abad-h%c9%99yat-yasayis-binasi\/\"><br \/>\n                <img\n                src=\"http:\/\/jsgroup.az\/wp-content\/uploads\/2021\/02\/WhatsApp-Image-2021-02-26-at-15.45.40-490x330.jpeg\"  \n                alt=\"Abad H\u0259yat Ya\u015fay\u0131\u015f Binas\u0131\"><br \/>\n              <\/a><\/p>\n<h3>\n                <a href=\"https:\/\/jsgroup.az\/en\/layiheler\/abad-h%c9%99yat-yasayis-binasi\/\"><br \/>\n                  Abad Hayat Residential Building                <\/a><br \/>\n              <\/h3>\n<p>                  Build<br \/>\n              <a href=\"https:\/\/jsgroup.az\/en\/layiheler\/isti-su-otelinin-tikintisi\/\"><br \/>\n                <img\n                src=\"http:\/\/jsgroup.az\/wp-content\/uploads\/2021\/02\/Facade-Daylight-490x330.jpg\"  \n                alt=\"\u0130sti-su v\u0259  sa\u011flaml\u0131q  m\u0259rk\u0259zi\"><br \/>\n              <\/a><\/p>\n<h3>\n                <a href=\"https:\/\/jsgroup.az\/en\/layiheler\/isti-su-otelinin-tikintisi\/\"><br \/>\n                  Hot-water and health center                <\/a><br \/>\n              <\/h3>\n<p>                  Build<br \/>\n              <a href=\"https:\/\/jsgroup.az\/en\/layiheler\/azbadam-hasar-ve-darvazaninqurasdirilmasi\/\"><br \/>\n                <img\n                src=\"http:\/\/jsgroup.az\/wp-content\/uploads\/2021\/02\/Azbadam-hasar-v\u0259-darvazaninqurasdirilmasi.-490x330.png\"  \n                alt=\"Azbadam\"><br \/>\n              <\/a><\/p>\n<h3>\n                <a href=\"https:\/\/jsgroup.az\/en\/layiheler\/azbadam-hasar-ve-darvazaninqurasdirilmasi\/\"><br \/>\n                  Azbadam                <\/a><br \/>\n              <\/h3>\n<p>                  Build<br \/>\n              <a href=\"https:\/\/jsgroup.az\/en\/layiheler\/nasosxana-binasinin-insaasi\/\"><br \/>\n                <img\n                src=\"http:\/\/jsgroup.az\/wp-content\/uploads\/2019\/03\/WhatsApp-Image-2021-02-26-at-15.43.09-490x330.jpeg\"  \n                alt=\"Grand Agro Nasosxana v\u0259 istixana layih\u0259si\"><br \/>\n              <\/a><\/p>\n<h3>\n                <a href=\"https:\/\/jsgroup.az\/en\/layiheler\/nasosxana-binasinin-insaasi\/\"><br \/>\n                  Grand Agro Pumping and Greenhouse Project                <\/a><br \/>\n              <\/h3>\n<p>                  Build<\/p>","protected":false},"excerpt":{"rendered":"<p>Bacar\u0131ql\u0131 m\u00fch\u0259ndisl\u0259rimizin v\u0259 i\u015f\u00e7il\u0259rimizin bir araya g\u0259tirdiyi t\u0259cr\u00fcb\u0259 il\u0259 Js Group \u0130n\u015faat \u015eirk\u0259ti qeyd olunan dizayn v\u0259 in\u015faat i\u015fl\u0259rini tamamlad\u0131 Ham\u0131s\u0131 \u0130nc\u0259 \u0130\u015fl\u0259r T\u0259mir \u0130\u015fl\u0259ri Beton \u0130\u015fl\u0259ri Layih\u0259l\u0259ndirm\u0259 Tikinti \u0130\u015fl\u0259ri Elektrik \u0130\u015fl\u0259ri Havaland\u0131rma Metal Konstruksiya \u0130\u015fl\u0259ri Torpaq \u0130\u015fl\u0259ri VaLLey BathS Layih\u0259si \u0130n\u015faat PAULANER Layih\u0259si \u0130n\u015faat Tax\u0131l anbarlar\u0131n\u0131n senaj quyular\u0131n\u0131n qura\u015fd\u0131r\u0131lmas\u0131 \u0130n\u015faat G\u00fclba\u011f\u0131 oteli \u0259razisind\u0259 mobilizasiya&#8230;<\/p>","protected":false},"author":1,"featured_media":0,"parent":0,"menu_order":0,"comment_status":"closed","ping_status":"closed","template":"","meta":[],"yoast_head":"<!-- This site is optimized with the Yoast SEO plugin v18.1 - https:\/\/yoast.com\/wordpress\/plugins\/seo\/ -->\n<title>Layih\u0259l\u0259rimiz &ndash; JS Group<\/title>\n<meta name=\"robots\"  content=\"index, follow, max-snippet:-1, max-image-preview:large, max-video-preview:-1\" \/>\n<link rel=\"canonical\"  href=\"https:\/\/jsgroup.az\/en\/layihelerimiz\/\" \/>\n<meta property=\"og:locale\"  content=\"en_US\" \/>\n<meta property=\"og:type\"  content=\"article\" \/>\n<meta property=\"og:title\"  content=\"Layih\u0259l\u0259rimiz &ndash; JS Group\" \/>\n<meta property=\"og:description\"  content=\"Bacar\u0131ql\u0131 m\u00fch\u0259ndisl\u0259rimizin v\u0259 i\u015f\u00e7il\u0259rimizin bir araya g\u0259tirdiyi t\u0259cr\u00fcb\u0259 il\u0259 Js Group \u0130n\u015faat \u015eirk\u0259ti qeyd olunan dizayn v\u0259 in\u015faat i\u015fl\u0259rini tamamlad\u0131 Ham\u0131s\u0131 \u0130nc\u0259 \u0130\u015fl\u0259r T\u0259mir \u0130\u015fl\u0259ri Beton \u0130\u015fl\u0259ri Layih\u0259l\u0259ndirm\u0259 Tikinti \u0130\u015fl\u0259ri Elektrik \u0130\u015fl\u0259ri Havaland\u0131rma Metal Konstruksiya \u0130\u015fl\u0259ri Torpaq \u0130\u015fl\u0259ri VaLLey BathS Layih\u0259si \u0130n\u015faat PAULANER Layih\u0259si \u0130n\u015faat Tax\u0131l anbarlar\u0131n\u0131n senaj quyular\u0131n\u0131n qura\u015fd\u0131r\u0131lmas\u0131 \u0130n\u015faat G\u00fclba\u011f\u0131 oteli \u0259razisind\u0259 mobilizasiya...\" \/>\n<meta property=\"og:url\"  content=\"https:\/\/jsgroup.az\/en\/layihelerimiz\/\" \/>\n<meta property=\"og:site_name\"  content=\"JS Group\" \/>\n<meta property=\"article:publisher\"  content=\"https:\/\/www.facebook.com\/JS-Group-LLC-103618468444954\" \/>\n<meta property=\"article:modified_time\"  content=\"2021-03-08T00:01:57+00:00\" \/>\n<meta property=\"og:image\"  content=\"https:\/\/jsgroup.az\/wp-content\/uploads\/2021\/02\/logo-js-google.png\" \/>\n\t<meta property=\"og:image:width\" content=\"2000\" \/>\n\t<meta property=\"og:image:height\" content=\"2000\" \/>\n\t<meta property=\"og:image:type\" content=\"image\/png\" \/>\n<meta name=\"twitter:card\" content=\"summary_large_image\" \/>\n<meta name=\"twitter:label1\" content=\"Est. reading time\" \/>\n\t<meta name=\"twitter:data1\"  content=\"3 minutes\"  \/>\n<script type=\"application\/ld+json\"  class=\"yoast-schema-graph\">{\"@context\":\"https:\/\/schema.org\",\"@graph\":[{\"@type\":\"Organization\",\"@id\":\"https:\/\/jsgroup.az\/az\/#organization\",\"name\":\"JS Group LLC\",\"url\":\"https:\/\/jsgroup.az\/az\/\",\"sameAs\":[\"https:\/\/www.facebook.com\/JS-Group-LLC-103618468444954\"],\"logo\":{\"@type\":\"ImageObject\",\"@id\":\"https:\/\/jsgroup.az\/az\/#logo\",\"inLanguage\":\"en-US\",\"url\":\"https:\/\/jsgroup.az\/wp-content\/uploads\/2021\/02\/logo-js-google.png\",\"contentUrl\":\"https:\/\/jsgroup.az\/wp-content\/uploads\/2021\/02\/logo-js-google.png\",\"width\":2000,\"height\":2000,\"caption\":\"JS Group LLC\"},\"image\":{\"@id\":\"https:\/\/jsgroup.az\/az\/#logo\"}},{\"@type\":\"WebSite\",\"@id\":\"https:\/\/jsgroup.az\/az\/#website\",\"url\":\"https:\/\/jsgroup.az\/az\/\",\"name\":\"JS Group\",\"description\":\"Sizin \u0130n\u015faat \u015eirk\u0259ti\",\"publisher\":{\"@id\":\"https:\/\/jsgroup.az\/az\/#organization\"},\"potentialAction\":[{\"@type\":\"SearchAction\",\"target\":{\"@type\":\"EntryPoint\",\"urlTemplate\":\"https:\/\/jsgroup.az\/az\/?s={search_term_string}\"},\"query-input\":\"required name=search_term_string\"}],\"inLanguage\":\"en-US\"},{\"@type\":\"WebPage\",\"@id\":\"https:\/\/jsgroup.az\/en\/layihelerimiz\/#webpage\",\"url\":\"https:\/\/jsgroup.az\/en\/layihelerimiz\/\",\"name\":\"Layih\u0259l\u0259rimiz &ndash; JS Group\",\"isPartOf\":{\"@id\":\"https:\/\/jsgroup.az\/az\/#website\"},\"datePublished\":\"2021-02-18T19:50:41+00:00\",\"dateModified\":\"2021-03-08T00:01:57+00:00\",\"breadcrumb\":{\"@id\":\"https:\/\/jsgroup.az\/en\/layihelerimiz\/#breadcrumb\"},\"inLanguage\":\"en-US\",\"potentialAction\":[{\"@type\":\"ReadAction\",\"target\":[\"https:\/\/jsgroup.az\/en\/layihelerimiz\/\"]}]},{\"@type\":\"BreadcrumbList\",\"@id\":\"https:\/\/jsgroup.az\/en\/layihelerimiz\/#breadcrumb\",\"itemListElement\":[{\"@type\":\"ListItem\",\"position\":1,\"name\":\"Ana S\u0259hif\u0259\",\"item\":\"https:\/\/jsgroup.az\/\"},{\"@type\":\"ListItem\",\"position\":2,\"name\":\"Layih\u0259l\u0259rimiz\"}]}]}<\/script>\n<!-- \/ Yoast SEO plugin. -->","yoast_head_json":{"title":"Layih\u0259l\u0259rimiz &ndash; JS Group","robots":{"index":"index","follow":"follow","max-snippet":"max-snippet:-1","max-image-preview":"max-image-preview:large","max-video-preview":"max-video-preview:-1"},"canonical":"https:\/\/jsgroup.az\/en\/layihelerimiz\/","og_locale":"en_US","og_type":"article","og_title":"Layih\u0259l\u0259rimiz &ndash; JS Group","og_description":"Bacar\u0131ql\u0131 m\u00fch\u0259ndisl\u0259rimizin v\u0259 i\u015f\u00e7il\u0259rimizin bir araya g\u0259tirdiyi t\u0259cr\u00fcb\u0259 il\u0259 Js Group \u0130n\u015faat \u015eirk\u0259ti qeyd olunan dizayn v\u0259 in\u015faat i\u015fl\u0259rini tamamlad\u0131 Ham\u0131s\u0131 \u0130nc\u0259 \u0130\u015fl\u0259r T\u0259mir \u0130\u015fl\u0259ri Beton \u0130\u015fl\u0259ri Layih\u0259l\u0259ndirm\u0259 Tikinti \u0130\u015fl\u0259ri Elektrik \u0130\u015fl\u0259ri Havaland\u0131rma Metal Konstruksiya \u0130\u015fl\u0259ri Torpaq \u0130\u015fl\u0259ri VaLLey BathS Layih\u0259si \u0130n\u015faat PAULANER Layih\u0259si \u0130n\u015faat Tax\u0131l anbarlar\u0131n\u0131n senaj quyular\u0131n\u0131n qura\u015fd\u0131r\u0131lmas\u0131 \u0130n\u015faat G\u00fclba\u011f\u0131 oteli \u0259razisind\u0259 mobilizasiya...","og_url":"https:\/\/jsgroup.az\/en\/layihelerimiz\/","og_site_name":"JS Group","article_publisher":"https:\/\/www.facebook.com\/JS-Group-LLC-103618468444954","article_modified_time":"2021-03-08T00:01:57+00:00","og_image":[{"width":2000,"height":2000,"url":"https:\/\/jsgroup.az\/wp-content\/uploads\/2021\/02\/logo-js-google.png","type":"image\/png"}],"twitter_card":"summary_large_image","twitter_misc":{"Est. reading time":"3 minutes"},"schema":{"@context":"https:\/\/schema.org","@graph":[{"@type":"Organization","@id":"https:\/\/jsgroup.az\/az\/#organization","name":"JS Group LLC","url":"https:\/\/jsgroup.az\/az\/","sameAs":["https:\/\/www.facebook.com\/JS-Group-LLC-103618468444954"],"logo":{"@type":"ImageObject","@id":"https:\/\/jsgroup.az\/az\/#logo","inLanguage":"en-US","url":"https:\/\/jsgroup.az\/wp-content\/uploads\/2021\/02\/logo-js-google.png","contentUrl":"https:\/\/jsgroup.az\/wp-content\/uploads\/2021\/02\/logo-js-google.png","width":2000,"height":2000,"caption":"JS Group LLC"},"image":{"@id":"https:\/\/jsgroup.az\/az\/#logo"}},{"@type":"WebSite","@id":"https:\/\/jsgroup.az\/az\/#website","url":"https:\/\/jsgroup.az\/az\/","name":"JS Group","description":"Sizin \u0130n\u015faat \u015eirk\u0259ti","publisher":{"@id":"https:\/\/jsgroup.az\/az\/#organization"},"potentialAction":[{"@type":"SearchAction","target":{"@type":"EntryPoint","urlTemplate":"https:\/\/jsgroup.az\/az\/?s={search_term_string}"},"query-input":"required name=search_term_string"}],"inLanguage":"en-US"},{"@type":"WebPage","@id":"https:\/\/jsgroup.az\/en\/layihelerimiz\/#webpage","url":"https:\/\/jsgroup.az\/en\/layihelerimiz\/","name":"Layih\u0259l\u0259rimiz &ndash; JS Group","isPartOf":{"@id":"https:\/\/jsgroup.az\/az\/#website"},"datePublished":"2021-02-18T19:50:41+00:00","dateModified":"2021-03-08T00:01:57+00:00","breadcrumb":{"@id":"https:\/\/jsgroup.az\/en\/layihelerimiz\/#breadcrumb"},"inLanguage":"en-US","potentialAction":[{"@type":"ReadAction","target":["https:\/\/jsgroup.az\/en\/layihelerimiz\/"]}]},{"@type":"BreadcrumbList","@id":"https:\/\/jsgroup.az\/en\/layihelerimiz\/#breadcrumb","itemListElement":[{"@type":"ListItem","position":1,"name":"Ana S\u0259hif\u0259","item":"https:\/\/jsgroup.az\/"},{"@type":"ListItem","position":2,"name":"Layih\u0259l\u0259rimiz"}]}]}},"_links":{"self":[{"href":"https:\/\/jsgroup.az\/en\/wp-json\/wp\/v2\/pages\/6742"}],"collection":[{"href":"https:\/\/jsgroup.az\/en\/wp-json\/wp\/v2\/pages"}],"about":[{"href":"https:\/\/jsgroup.az\/en\/wp-json\/wp\/v2\/types\/page"}],"author":[{"embeddable":true,"href":"https:\/\/jsgroup.az\/en\/wp-json\/wp\/v2\/users\/1"}],"replies":[{"embeddable":true,"href":"https:\/\/jsgroup.az\/en\/wp-json\/wp\/v2\/comments?post=6742"}],"version-history":[{"count":16,"href":"https:\/\/jsgroup.az\/en\/wp-json\/wp\/v2\/pages\/6742\/revisions"}],"predecessor-version":[{"id":7188,"href":"https:\/\/jsgroup.az\/en\/wp-json\/wp\/v2\/pages\/6742\/revisions\/7188"}],"wp:attachment":[{"href":"https:\/\/jsgroup.az\/en\/wp-json\/wp\/v2\/media?parent=6742"}],"curies":[{"name":"wp","href":"https:\/\/api.w.org\/{rel}","templated":true}]}}