{"id":6714,"date":"2021-02-18T23:39:43","date_gmt":"2021-02-18T19:39:43","guid":{"rendered":"http:\/\/jsgroup.az\/?page_id=6714"},"modified":"2021-02-18T23:49:34","modified_gmt":"2021-02-18T19:49:34","slug":"xidmetlerimiz","status":"publish","type":"page","link":"https:\/\/jsgroup.az\/en\/xidmetlerimiz\/","title":{"rendered":"Our services"},"content":{"rendered":"<h2>Our company is proud to provide the following services to provide the most ideal construction projects based on each individual needs, desires and personal preferences<br \/>\n<\/h2>\n<p>            <img src=\"http:\/\/jsgroup.az\/wp-content\/uploads\/2019\/04\/service-project-management-490x330.jpg\"   alt=\"Layih\u0259l\u0259ndirm\u0259\"><\/p>\n<h3>\n                <a href=\"https:\/\/jsgroup.az\/en\/xidmetler\/layihelendirme\/\"><br \/>\n                  Design                <\/a><br \/>\n              <\/h3>\n<p>\n                &nbsp;               <\/p>\n<p>            <img src=\"http:\/\/jsgroup.az\/wp-content\/uploads\/2019\/04\/tikinti-490x330.png\"   alt=\"Tikinti \u0130\u015fl\u0259ri\"><\/p>\n<h3>\n                <a href=\"https:\/\/jsgroup.az\/en\/xidmetler\/tikinti-isleri\/\"><br \/>\n                  Construction Works                <\/a><br \/>\n              <\/h3>\n<p>\n                &nbsp;               <\/p>\n<p>            <img src=\"http:\/\/jsgroup.az\/wp-content\/uploads\/2019\/04\/sokuntu-490x330.png\"   alt=\"S\u00f6k\u00fcnt\u00fc \u0130\u015fl\u0259ri\"><\/p>\n<h3>\n                <a href=\"https:\/\/jsgroup.az\/en\/xidmetler\/sokuntu-isl%c9%99ri\/\"><br \/>\n                  Demolition work                <\/a><br \/>\n              <\/h3>\n<p>\n                &nbsp;               <\/p>\n<p>            <img src=\"http:\/\/jsgroup.az\/wp-content\/uploads\/2019\/04\/torpaq-490x330.png\"   alt=\"Torpaq \u0130\u015fl\u0259ri\"><\/p>\n<h3>\n                <a href=\"https:\/\/jsgroup.az\/en\/xidmetler\/torpaq-isleri\/\"><br \/>\n                  Earthworks                <\/a><br \/>\n              <\/h3>\n<p>\n                &nbsp;               <\/p>\n<p>            <img src=\"http:\/\/jsgroup.az\/wp-content\/uploads\/2019\/04\/beton-490x330.jpg\"   alt=\"Beton \u0130\u015fl\u0259ri\"><\/p>\n<h3>\n                <a href=\"https:\/\/jsgroup.az\/en\/xidmetler\/beton-isleri\/\"><br \/>\n                  Concrete Works                <\/a><br \/>\n              <\/h3>\n<p>\n                &nbsp;               <\/p>\n<p>            <img src=\"http:\/\/jsgroup.az\/wp-content\/uploads\/2019\/04\/metal-konstruksiya-490x330.jpg\"   alt=\"Metal Konstruksiya \u0130\u015fl\u0259ri\"><\/p>\n<h3>\n                <a href=\"https:\/\/jsgroup.az\/en\/xidmetler\/metal-konstruksiya-isleri\/\"><br \/>\n                  Metal Construction Works                <\/a><br \/>\n              <\/h3>\n<p>\n                &nbsp;               <\/p>\n<p>            <img src=\"http:\/\/jsgroup.az\/wp-content\/uploads\/2019\/04\/elektrik-isleri-490x330.jpg\"   alt=\"Elektrik \u0130\u015fl\u0259ri\"><\/p>\n<h3>\n                <a href=\"https:\/\/jsgroup.az\/en\/xidmetler\/elektrik-isleri\/\"><br \/>\n                  Electrical Works                <\/a><br \/>\n              <\/h3>\n<p>\n                &nbsp;               <\/p>\n<p>            <img src=\"http:\/\/jsgroup.az\/wp-content\/uploads\/2019\/04\/havalandirma-490x330.jpg\"   alt=\"Havaland\u0131rma \u0130\u015fl\u0259ri\"><\/p>\n<h3>\n                <a href=\"https:\/\/jsgroup.az\/en\/xidmetler\/havalandirma-isleri\/\"><br \/>\n                  Ventilation Works                <\/a><br \/>\n              <\/h3>\n<p>\n                &nbsp;               <\/p>\n<p>            <img src=\"http:\/\/jsgroup.az\/wp-content\/uploads\/2019\/04\/zeif-axin-490x330.png\"   alt=\"Z\u0259if Ax\u0131n \u0130\u015fl\u0259ri\"><\/p>\n<h3>\n                <a href=\"https:\/\/jsgroup.az\/en\/xidmetler\/zeif-axin-isleri\/\"><br \/>\n                  Weak Flow Works                <\/a><br \/>\n              <\/h3>\n<p>\n                &nbsp;               <\/p>\n<p>            <img src=\"http:\/\/jsgroup.az\/wp-content\/uploads\/2019\/04\/ince-isler-490x330.jpg\"   alt=\"\u0130nc\u0259 \u0130\u015fl\u0259r\"><\/p>\n<h3>\n                <a href=\"https:\/\/jsgroup.az\/en\/xidmetler\/ince-isler\/\"><br \/>\n                  Fine Works                <\/a><br \/>\n              <\/h3>\n<p>\n                &nbsp;               <\/p>\n<p>            <img src=\"http:\/\/jsgroup.az\/wp-content\/uploads\/2019\/04\/temir-isleri-490x330.png\"   alt=\"T\u0259mir \u0130\u015fl\u0259ri\"><\/p>\n<h3>\n                <a href=\"https:\/\/jsgroup.az\/en\/xidmetler\/temir-isleri\/\"><br \/>\n                  Repair                <\/a><br \/>\n              <\/h3>\n<p>\n                &nbsp;               <\/p>\n<p>            <img src=\"http:\/\/jsgroup.az\/wp-content\/uploads\/2019\/03\/bezek-isleri-490x330.jpg\"   alt=\"Son Tamamlanma v\u0259 B\u0259z\u0259k \u0130\u015fl\u0259r\"><\/p>\n<h3>\n                <a href=\"https:\/\/jsgroup.az\/en\/xidmetler\/tamamlanma-ve-bezek-isleri\/\"><br \/>\n                  Finishing and Decoration Works                <\/a><br \/>\n              <\/h3>\n<p>\n                &nbsp;               <\/p>","protected":false},"excerpt":{"rendered":"<p>\u015eirk\u0259timiz, h\u0259r bir f\u0259rdi ehtiyaclar\u0131, ist\u0259kl\u0259ri v\u0259 \u015f\u0259xsi \u00fcst\u00fcnl\u00fckl\u0259ri \u0259sas\u0131nda \u0259n ideal tikinti layih\u0259l\u0259ri t\u0259min etm\u0259k \u00fc\u00e7\u00fcn a\u015fa\u011f\u0131dak\u0131 xidm\u0259tl\u0259ri t\u0259qdim etm\u0259kd\u0259n q\u00fcrur duyur Layih\u0259l\u0259ndirm\u0259 &nbsp; Tikinti \u0130\u015fl\u0259ri &nbsp; S\u00f6k\u00fcnt\u00fc \u0130\u015fl\u0259ri &nbsp; Torpaq \u0130\u015fl\u0259ri &nbsp; Beton \u0130\u015fl\u0259ri &nbsp; Metal Konstruksiya \u0130\u015fl\u0259ri &nbsp; Elektrik \u0130\u015fl\u0259ri &nbsp; Havaland\u0131rma \u0130\u015fl\u0259ri &nbsp; Z\u0259if Ax\u0131n \u0130\u015fl\u0259ri &nbsp; \u0130nc\u0259 \u0130\u015fl\u0259r &nbsp; T\u0259mir&#8230;<\/p>","protected":false},"author":1,"featured_media":0,"parent":0,"menu_order":0,"comment_status":"closed","ping_status":"closed","template":"","meta":[],"yoast_head":"<!-- This site is optimized with the Yoast SEO plugin v18.1 - https:\/\/yoast.com\/wordpress\/plugins\/seo\/ -->\n<title>Xidm\u0259tl\u0259rimiz &ndash; JS Group<\/title>\n<meta name=\"robots\"  content=\"index, follow, max-snippet:-1, max-image-preview:large, max-video-preview:-1\"  \/>\n<link rel=\"canonical\"  href=\"https:\/\/jsgroup.az\/en\/xidmetlerimiz\/\" \/>\n<meta property=\"og:locale\"  content=\"en_US\" \/>\n<meta property=\"og:type\"  content=\"article\" \/>\n<meta property=\"og:title\"  content=\"Xidm\u0259tl\u0259rimiz &ndash; JS Group\" \/>\n<meta property=\"og:description\"  content=\"\u015eirk\u0259timiz, h\u0259r bir f\u0259rdi ehtiyaclar\u0131, ist\u0259kl\u0259ri v\u0259 \u015f\u0259xsi \u00fcst\u00fcnl\u00fckl\u0259ri \u0259sas\u0131nda \u0259n ideal tikinti layih\u0259l\u0259ri t\u0259min etm\u0259k \u00fc\u00e7\u00fcn a\u015fa\u011f\u0131dak\u0131 xidm\u0259tl\u0259ri t\u0259qdim etm\u0259kd\u0259n q\u00fcrur duyur Layih\u0259l\u0259ndirm\u0259 &nbsp; Tikinti \u0130\u015fl\u0259ri &nbsp; S\u00f6k\u00fcnt\u00fc \u0130\u015fl\u0259ri &nbsp; Torpaq \u0130\u015fl\u0259ri &nbsp; Beton \u0130\u015fl\u0259ri &nbsp; Metal Konstruksiya \u0130\u015fl\u0259ri &nbsp; Elektrik \u0130\u015fl\u0259ri &nbsp; Havaland\u0131rma \u0130\u015fl\u0259ri &nbsp; Z\u0259if Ax\u0131n \u0130\u015fl\u0259ri &nbsp; \u0130nc\u0259 \u0130\u015fl\u0259r &nbsp; T\u0259mir...\" \/>\n<meta property=\"og:url\"  content=\"https:\/\/jsgroup.az\/en\/xidmetlerimiz\/\" \/>\n<meta property=\"og:site_name\"  content=\"JS Group\" \/>\n<meta property=\"article:publisher\"  content=\"https:\/\/www.facebook.com\/JS-Group-LLC-103618468444954\" \/>\n<meta property=\"article:modified_time\"  content=\"2021-02-18T19:49:34+00:00\" \/>\n<meta property=\"og:image\"  content=\"http:\/\/jsgroup.az\/wp-content\/uploads\/2019\/04\/service-project-management-490x330.jpg\" \/>\n<meta name=\"twitter:card\" content=\"summary_large_image\" \/>\n<meta name=\"twitter:label1\" content=\"Est. reading time\" \/>\n\t<meta name=\"twitter:data1\" content=\"1 minute\" \/>\n<script type=\"application\/ld+json\" class=\"yoast-schema-graph\">{\"@context\":\"https:\/\/schema.org\",\"@graph\":[{\"@type\":\"Organization\",\"@id\":\"https:\/\/jsgroup.az\/az\/#organization\",\"name\":\"JS Group LLC\",\"url\":\"https:\/\/jsgroup.az\/az\/\",\"sameAs\":[\"https:\/\/www.facebook.com\/JS-Group-LLC-103618468444954\"],\"logo\":{\"@type\":\"ImageObject\",\"@id\":\"https:\/\/jsgroup.az\/az\/#logo\",\"inLanguage\":\"en-US\",\"url\":\"https:\/\/jsgroup.az\/wp-content\/uploads\/2021\/02\/logo-js-google.png\",\"contentUrl\":\"https:\/\/jsgroup.az\/wp-content\/uploads\/2021\/02\/logo-js-google.png\",\"width\":2000,\"height\":2000,\"caption\":\"JS Group LLC\"},\"image\":{\"@id\":\"https:\/\/jsgroup.az\/az\/#logo\"}},{\"@type\":\"WebSite\",\"@id\":\"https:\/\/jsgroup.az\/az\/#website\",\"url\":\"https:\/\/jsgroup.az\/az\/\",\"name\":\"JS Group\",\"description\":\"Sizin \u0130n\u015faat \u015eirk\u0259ti\",\"publisher\":{\"@id\":\"https:\/\/jsgroup.az\/az\/#organization\"},\"potentialAction\":[{\"@type\":\"SearchAction\",\"target\":{\"@type\":\"EntryPoint\",\"urlTemplate\":\"https:\/\/jsgroup.az\/az\/?s={search_term_string}\"},\"query-input\":\"required name=search_term_string\"}],\"inLanguage\":\"en-US\"},{\"@type\":\"ImageObject\",\"@id\":\"https:\/\/jsgroup.az\/az\/xidmetlerimiz\/#primaryimage\",\"inLanguage\":\"en-US\",\"url\":\"http:\/\/jsgroup.az\/wp-content\/uploads\/2019\/04\/service-project-management-490x330.jpg\",\"contentUrl\":\"http:\/\/jsgroup.az\/wp-content\/uploads\/2019\/04\/service-project-management-490x330.jpg\"},{\"@type\":\"WebPage\",\"@id\":\"https:\/\/jsgroup.az\/az\/xidmetlerimiz\/#webpage\",\"url\":\"https:\/\/jsgroup.az\/az\/xidmetlerimiz\/\",\"name\":\"Xidm\u0259tl\u0259rimiz &ndash; JS Group\",\"isPartOf\":{\"@id\":\"https:\/\/jsgroup.az\/az\/#website\"},\"primaryImageOfPage\":{\"@id\":\"https:\/\/jsgroup.az\/az\/xidmetlerimiz\/#primaryimage\"},\"datePublished\":\"2021-02-18T19:39:43+00:00\",\"dateModified\":\"2021-02-18T19:49:34+00:00\",\"breadcrumb\":{\"@id\":\"https:\/\/jsgroup.az\/az\/xidmetlerimiz\/#breadcrumb\"},\"inLanguage\":\"en-US\",\"potentialAction\":[{\"@type\":\"ReadAction\",\"target\":[\"https:\/\/jsgroup.az\/az\/xidmetlerimiz\/\"]}]},{\"@type\":\"BreadcrumbList\",\"@id\":\"https:\/\/jsgroup.az\/az\/xidmetlerimiz\/#breadcrumb\",\"itemListElement\":[{\"@type\":\"ListItem\",\"position\":1,\"name\":\"Ana S\u0259hif\u0259\",\"item\":\"https:\/\/jsgroup.az\/\"},{\"@type\":\"ListItem\",\"position\":2,\"name\":\"Xidm\u0259tl\u0259rimiz\"}]}]}<\/script>\n<!-- \/ Yoast SEO plugin. -->","yoast_head_json":{"title":"Xidm\u0259tl\u0259rimiz &ndash; JS Group","robots":{"index":"index","follow":"follow","max-snippet":"max-snippet:-1","max-image-preview":"max-image-preview:large","max-video-preview":"max-video-preview:-1"},"canonical":"https:\/\/jsgroup.az\/en\/xidmetlerimiz\/","og_locale":"en_US","og_type":"article","og_title":"Xidm\u0259tl\u0259rimiz &ndash; JS Group","og_description":"\u015eirk\u0259timiz, h\u0259r bir f\u0259rdi ehtiyaclar\u0131, ist\u0259kl\u0259ri v\u0259 \u015f\u0259xsi \u00fcst\u00fcnl\u00fckl\u0259ri \u0259sas\u0131nda \u0259n ideal tikinti layih\u0259l\u0259ri t\u0259min etm\u0259k \u00fc\u00e7\u00fcn a\u015fa\u011f\u0131dak\u0131 xidm\u0259tl\u0259ri t\u0259qdim etm\u0259kd\u0259n q\u00fcrur duyur Layih\u0259l\u0259ndirm\u0259 &nbsp; Tikinti \u0130\u015fl\u0259ri &nbsp; S\u00f6k\u00fcnt\u00fc \u0130\u015fl\u0259ri &nbsp; Torpaq \u0130\u015fl\u0259ri &nbsp; Beton \u0130\u015fl\u0259ri &nbsp; Metal Konstruksiya \u0130\u015fl\u0259ri &nbsp; Elektrik \u0130\u015fl\u0259ri &nbsp; Havaland\u0131rma \u0130\u015fl\u0259ri &nbsp; Z\u0259if Ax\u0131n \u0130\u015fl\u0259ri &nbsp; \u0130nc\u0259 \u0130\u015fl\u0259r &nbsp; T\u0259mir...","og_url":"https:\/\/jsgroup.az\/en\/xidmetlerimiz\/","og_site_name":"JS Group","article_publisher":"https:\/\/www.facebook.com\/JS-Group-LLC-103618468444954","article_modified_time":"2021-02-18T19:49:34+00:00","og_image":[{"url":"http:\/\/jsgroup.az\/wp-content\/uploads\/2019\/04\/service-project-management-490x330.jpg"}],"twitter_card":"summary_large_image","twitter_misc":{"Est. reading time":"1 minute"},"schema":{"@context":"https:\/\/schema.org","@graph":[{"@type":"Organization","@id":"https:\/\/jsgroup.az\/az\/#organization","name":"JS Group LLC","url":"https:\/\/jsgroup.az\/az\/","sameAs":["https:\/\/www.facebook.com\/JS-Group-LLC-103618468444954"],"logo":{"@type":"ImageObject","@id":"https:\/\/jsgroup.az\/az\/#logo","inLanguage":"en-US","url":"https:\/\/jsgroup.az\/wp-content\/uploads\/2021\/02\/logo-js-google.png","contentUrl":"https:\/\/jsgroup.az\/wp-content\/uploads\/2021\/02\/logo-js-google.png","width":2000,"height":2000,"caption":"JS Group LLC"},"image":{"@id":"https:\/\/jsgroup.az\/az\/#logo"}},{"@type":"WebSite","@id":"https:\/\/jsgroup.az\/az\/#website","url":"https:\/\/jsgroup.az\/az\/","name":"JS Group","description":"Sizin \u0130n\u015faat \u015eirk\u0259ti","publisher":{"@id":"https:\/\/jsgroup.az\/az\/#organization"},"potentialAction":[{"@type":"SearchAction","target":{"@type":"EntryPoint","urlTemplate":"https:\/\/jsgroup.az\/az\/?s={search_term_string}"},"query-input":"required name=search_term_string"}],"inLanguage":"en-US"},{"@type":"ImageObject","@id":"https:\/\/jsgroup.az\/az\/xidmetlerimiz\/#primaryimage","inLanguage":"en-US","url":"http:\/\/jsgroup.az\/wp-content\/uploads\/2019\/04\/service-project-management-490x330.jpg","contentUrl":"http:\/\/jsgroup.az\/wp-content\/uploads\/2019\/04\/service-project-management-490x330.jpg"},{"@type":"WebPage","@id":"https:\/\/jsgroup.az\/az\/xidmetlerimiz\/#webpage","url":"https:\/\/jsgroup.az\/az\/xidmetlerimiz\/","name":"Xidm\u0259tl\u0259rimiz &ndash; JS Group","isPartOf":{"@id":"https:\/\/jsgroup.az\/az\/#website"},"primaryImageOfPage":{"@id":"https:\/\/jsgroup.az\/az\/xidmetlerimiz\/#primaryimage"},"datePublished":"2021-02-18T19:39:43+00:00","dateModified":"2021-02-18T19:49:34+00:00","breadcrumb":{"@id":"https:\/\/jsgroup.az\/az\/xidmetlerimiz\/#breadcrumb"},"inLanguage":"en-US","potentialAction":[{"@type":"ReadAction","target":["https:\/\/jsgroup.az\/az\/xidmetlerimiz\/"]}]},{"@type":"BreadcrumbList","@id":"https:\/\/jsgroup.az\/az\/xidmetlerimiz\/#breadcrumb","itemListElement":[{"@type":"ListItem","position":1,"name":"Ana S\u0259hif\u0259","item":"https:\/\/jsgroup.az\/"},{"@type":"ListItem","position":2,"name":"Xidm\u0259tl\u0259rimiz"}]}]}},"_links":{"self":[{"href":"https:\/\/jsgroup.az\/en\/wp-json\/wp\/v2\/pages\/6714"}],"collection":[{"href":"https:\/\/jsgroup.az\/en\/wp-json\/wp\/v2\/pages"}],"about":[{"href":"https:\/\/jsgroup.az\/en\/wp-json\/wp\/v2\/types\/page"}],"author":[{"embeddable":true,"href":"https:\/\/jsgroup.az\/en\/wp-json\/wp\/v2\/users\/1"}],"replies":[{"embeddable":true,"href":"https:\/\/jsgroup.az\/en\/wp-json\/wp\/v2\/comments?post=6714"}],"version-history":[{"count":26,"href":"https:\/\/jsgroup.az\/en\/wp-json\/wp\/v2\/pages\/6714\/revisions"}],"predecessor-version":[{"id":6741,"href":"https:\/\/jsgroup.az\/en\/wp-json\/wp\/v2\/pages\/6714\/revisions\/6741"}],"wp:attachment":[{"href":"https:\/\/jsgroup.az\/en\/wp-json\/wp\/v2\/media?parent=6714"}],"curies":[{"name":"wp","href":"https:\/\/api.w.org\/{rel}","templated":true}]}}