{"id":6978,"date":"2021-02-20T20:51:05","date_gmt":"2021-02-20T20:51:05","guid":{"rendered":"http:\/\/jsgroup.az\/?page_id=6978"},"modified":"2021-03-05T00:41:43","modified_gmt":"2021-03-04T20:41:43","slug":"helifix","status":"publish","type":"page","link":"https:\/\/jsgroup.az\/az\/helifix\/","title":{"rendered":"Helifix"},"content":{"rendered":"<h2>Helifix<\/h2>\n<p>\t\tGizli, pozulmayan qura\u015fd\u0131rma texnikalar\u0131 t\u0259klif ed\u0259n yenilik\u00e7i sarmal divar ba\u011flar\u0131, fiksasiya v\u0259 h\u00f6rg\u00fc t\u0259mir sisteml\u0259ri.\u00a0<\/p>\n<p><img loading=\"lazy\"  src=\"http:\/\/jsgroup.az\/wp-content\/uploads\/2021\/02\/DryFix-286x300.jpg\"  alt=\"\"  width=\"286\"  height=\"300\" \/> <img loading=\"lazy\"  src=\"http:\/\/jsgroup.az\/wp-content\/uploads\/2021\/02\/HeliBar-286x300.jpg\"  alt=\"\"  width=\"286\"  height=\"300\" \/> <img loading=\"lazy\"  src=\"http:\/\/jsgroup.az\/wp-content\/uploads\/2021\/02\/Helifix-286x300.jpg\"  alt=\"\"  width=\"286\"  height=\"300\" \/><\/p>\n<p>Helifix t\u0259mir sisteml\u0259ri qurulmu\u015f m\u00fchitimizin qorunmas\u0131nda m\u00fch\u00fcm rol oynay\u0131r. Bunlar ya\u015fay\u0131\u015f binalar\u0131ndan k\u00f6rp\u00fcl\u0259r\u0259 v\u0259 miras tikilil\u0259rin\u0259 q\u0259d\u0259r b\u00fct\u00fcn n\u00f6v tikilil\u0259rd\u0259ki struktur \u00e7at\u0131\u015fmazl\u0131qlar\u0131n\u0131 sabitl\u0259\u015fdirm\u0259k \u00fc\u00e7\u00fcn istifad\u0259 olunur.<\/p>\n<p>Bu t\u0259k par\u00e7al\u0131 sarmal polad fiksajlar y\u00fcks\u0259k g\u00fcc\u00fc elastikliyi, davaml\u0131l\u0131\u011f\u0131 v\u0259 b\u00f6y\u00fck tutma g\u00fcc\u00fc il\u0259 birl\u0259\u015fdirir v\u0259 k\u0259rpic, blok, da\u015f, taxta v\u0259 beton daxil olmaqla b\u00fct\u00fcn \u00fcmumi tikinti materiallar\u0131nda istifad\u0259 \u00fc\u00e7\u00fcn uygundur.<\/p>\n<p>Helifix m\u0259hsullar\u0131 s\u00fcr\u0259tli, etibarl\u0131 v\u0259 q\u0259na\u0259tli t\u0259mir h\u0259ll\u0259ri t\u0259min etm\u0259k \u00fc\u00e7\u00fcn f\u0259rdi v\u0259 ya birlikd\u0259 istifad\u0259 olunur. Bundan \u0259lav\u0259, bunu simpatik v\u0259 pozulmayan bir \u015f\u0259kild\u0259 edirl\u0259r ki, bu da strukturu g\u00f6rm\u0259 qabiliyy\u0259tind\u0259 d\u0259yi\u015fm\u0259z v\u0259ziyy\u0259t\u0259 g\u0259tirir.<\/p>\n<p>Helifix m\u00f6hk\u0259ml\u0259ndirm\u0259 h\u0259ll\u0259ri, eyni zamanda seysmik yenil\u0259nm\u0259 \u00e7\u0259r\u00e7iv\u0259sind\u0259 binalar\u0131n m\u00f6hk\u0259ml\u0259ndirilm\u0259si v\u0259 seysmik aktivlikd\u0259n sonra h\u00f6rg\u00fcn\u00fcn d\u00fcz\u0259ldilm\u0259si v\u0259 sabitl\u0259\u015fdirilm\u0259si \u00fc\u00e7\u00fcn d\u0259 \u0259lveri\u015flidir.<\/p>\n<p>Daha \u00e7ox m\u0259lumat \u00fc\u00e7\u00fcn Helifix veb sayt\u0131na daxil olun.<\/p>\n<p><a href=\"https:\/\/www.helifix.co.uk\/\"  target=\"_blank\"  rel=\"noopener\"><strong>www.helifix.co.uk<\/strong><\/a><\/p>\n","protected":false},"excerpt":{"rendered":"<p>Helifix Gizli, pozulmayan qura\u015fd\u0131rma texnikalar\u0131 t\u0259klif ed\u0259n yenilik\u00e7i sarmal divar ba\u011flar\u0131, fiksasiya v\u0259 h\u00f6rg\u00fc t\u0259mir sisteml\u0259ri.\u00a0 Helifix t\u0259mir sisteml\u0259ri qurulmu\u015f m\u00fchitimizin qorunmas\u0131nda m\u00fch\u00fcm rol oynay\u0131r. Bunlar ya\u015fay\u0131\u015f binalar\u0131ndan k\u00f6rp\u00fcl\u0259r\u0259 v\u0259 miras tikilil\u0259rin\u0259 q\u0259d\u0259r b\u00fct\u00fcn n\u00f6v tikilil\u0259rd\u0259ki struktur \u00e7at\u0131\u015fmazl\u0131qlar\u0131n\u0131 sabitl\u0259\u015fdirm\u0259k \u00fc\u00e7\u00fcn istifad\u0259 olunur. Bu t\u0259k par\u00e7al\u0131 sarmal polad fiksajlar y\u00fcks\u0259k g\u00fcc\u00fc elastikliyi, davaml\u0131l\u0131\u011f\u0131 v\u0259 b\u00f6y\u00fck tutma&#8230;<\/p>\n","protected":false},"author":1,"featured_media":0,"parent":0,"menu_order":0,"comment_status":"closed","ping_status":"closed","template":"","meta":[],"yoast_head":"<!-- This site is optimized with the Yoast SEO plugin v18.1 - https:\/\/yoast.com\/wordpress\/plugins\/seo\/ -->\n<title>Helifix &ndash; JS Group<\/title>\n<meta name=\"robots\" content=\"index, follow, max-snippet:-1, max-image-preview:large, max-video-preview:-1\" \/>\n<link rel=\"canonical\" href=\"https:\/\/jsgroup.az\/az\/helifix\/\" \/>\n<meta property=\"og:locale\" content=\"az_AZ\" \/>\n<meta property=\"og:type\" content=\"article\" \/>\n<meta property=\"og:title\" content=\"Helifix &ndash; JS Group\" \/>\n<meta property=\"og:description\" content=\"Helifix Gizli, pozulmayan qura\u015fd\u0131rma texnikalar\u0131 t\u0259klif ed\u0259n yenilik\u00e7i sarmal divar ba\u011flar\u0131, fiksasiya v\u0259 h\u00f6rg\u00fc t\u0259mir sisteml\u0259ri.\u00a0 Helifix t\u0259mir sisteml\u0259ri qurulmu\u015f m\u00fchitimizin qorunmas\u0131nda m\u00fch\u00fcm rol oynay\u0131r. Bunlar ya\u015fay\u0131\u015f binalar\u0131ndan k\u00f6rp\u00fcl\u0259r\u0259 v\u0259 miras tikilil\u0259rin\u0259 q\u0259d\u0259r b\u00fct\u00fcn n\u00f6v tikilil\u0259rd\u0259ki struktur \u00e7at\u0131\u015fmazl\u0131qlar\u0131n\u0131 sabitl\u0259\u015fdirm\u0259k \u00fc\u00e7\u00fcn istifad\u0259 olunur. Bu t\u0259k par\u00e7al\u0131 sarmal polad fiksajlar y\u00fcks\u0259k g\u00fcc\u00fc elastikliyi, davaml\u0131l\u0131\u011f\u0131 v\u0259 b\u00f6y\u00fck tutma...\" \/>\n<meta property=\"og:url\" content=\"https:\/\/jsgroup.az\/az\/helifix\/\" \/>\n<meta property=\"og:site_name\" content=\"JS Group\" \/>\n<meta property=\"article:publisher\" content=\"https:\/\/www.facebook.com\/JS-Group-LLC-103618468444954\" \/>\n<meta property=\"article:modified_time\" content=\"2021-03-04T20:41:43+00:00\" \/>\n<meta property=\"og:image\" content=\"http:\/\/jsgroup.az\/wp-content\/uploads\/2021\/02\/DryFix-286x300.jpg\" \/>\n<meta name=\"twitter:card\" content=\"summary_large_image\" \/>\n<meta name=\"twitter:label1\" content=\"Est. reading time\" \/>\n\t<meta name=\"twitter:data1\" content=\"2 minutes\" \/>\n<script type=\"application\/ld+json\" class=\"yoast-schema-graph\">{\"@context\":\"https:\/\/schema.org\",\"@graph\":[{\"@type\":\"Organization\",\"@id\":\"https:\/\/jsgroup.az\/az\/#organization\",\"name\":\"JS Group LLC\",\"url\":\"https:\/\/jsgroup.az\/az\/\",\"sameAs\":[\"https:\/\/www.facebook.com\/JS-Group-LLC-103618468444954\"],\"logo\":{\"@type\":\"ImageObject\",\"@id\":\"https:\/\/jsgroup.az\/az\/#logo\",\"inLanguage\":\"az\",\"url\":\"https:\/\/jsgroup.az\/wp-content\/uploads\/2021\/02\/logo-js-google.png\",\"contentUrl\":\"https:\/\/jsgroup.az\/wp-content\/uploads\/2021\/02\/logo-js-google.png\",\"width\":2000,\"height\":2000,\"caption\":\"JS Group LLC\"},\"image\":{\"@id\":\"https:\/\/jsgroup.az\/az\/#logo\"}},{\"@type\":\"WebSite\",\"@id\":\"https:\/\/jsgroup.az\/az\/#website\",\"url\":\"https:\/\/jsgroup.az\/az\/\",\"name\":\"JS Group\",\"description\":\"Sizin \u0130n\u015faat \u015eirk\u0259ti\",\"publisher\":{\"@id\":\"https:\/\/jsgroup.az\/az\/#organization\"},\"potentialAction\":[{\"@type\":\"SearchAction\",\"target\":{\"@type\":\"EntryPoint\",\"urlTemplate\":\"https:\/\/jsgroup.az\/az\/?s={search_term_string}\"},\"query-input\":\"required name=search_term_string\"}],\"inLanguage\":\"az\"},{\"@type\":\"ImageObject\",\"@id\":\"https:\/\/jsgroup.az\/en\/helifix\/#primaryimage\",\"inLanguage\":\"az\",\"url\":\"http:\/\/jsgroup.az\/wp-content\/uploads\/2021\/02\/DryFix-286x300.jpg\",\"contentUrl\":\"http:\/\/jsgroup.az\/wp-content\/uploads\/2021\/02\/DryFix-286x300.jpg\"},{\"@type\":\"WebPage\",\"@id\":\"https:\/\/jsgroup.az\/en\/helifix\/#webpage\",\"url\":\"https:\/\/jsgroup.az\/en\/helifix\/\",\"name\":\"Helifix &ndash; JS Group\",\"isPartOf\":{\"@id\":\"https:\/\/jsgroup.az\/az\/#website\"},\"primaryImageOfPage\":{\"@id\":\"https:\/\/jsgroup.az\/en\/helifix\/#primaryimage\"},\"datePublished\":\"2021-02-20T20:51:05+00:00\",\"dateModified\":\"2021-03-04T20:41:43+00:00\",\"breadcrumb\":{\"@id\":\"https:\/\/jsgroup.az\/en\/helifix\/#breadcrumb\"},\"inLanguage\":\"az\",\"potentialAction\":[{\"@type\":\"ReadAction\",\"target\":[\"https:\/\/jsgroup.az\/en\/helifix\/\"]}]},{\"@type\":\"BreadcrumbList\",\"@id\":\"https:\/\/jsgroup.az\/en\/helifix\/#breadcrumb\",\"itemListElement\":[{\"@type\":\"ListItem\",\"position\":1,\"name\":\"Ana S\u0259hif\u0259\",\"item\":\"https:\/\/jsgroup.az\/\"},{\"@type\":\"ListItem\",\"position\":2,\"name\":\"Helifix\"}]}]}<\/script>\n<!-- \/ Yoast SEO plugin. -->","yoast_head_json":{"title":"Helifix &ndash; JS Group","robots":{"index":"index","follow":"follow","max-snippet":"max-snippet:-1","max-image-preview":"max-image-preview:large","max-video-preview":"max-video-preview:-1"},"canonical":"https:\/\/jsgroup.az\/az\/helifix\/","og_locale":"az_AZ","og_type":"article","og_title":"Helifix &ndash; JS Group","og_description":"Helifix Gizli, pozulmayan qura\u015fd\u0131rma texnikalar\u0131 t\u0259klif ed\u0259n yenilik\u00e7i sarmal divar ba\u011flar\u0131, fiksasiya v\u0259 h\u00f6rg\u00fc t\u0259mir sisteml\u0259ri.\u00a0 Helifix t\u0259mir sisteml\u0259ri qurulmu\u015f m\u00fchitimizin qorunmas\u0131nda m\u00fch\u00fcm rol oynay\u0131r. Bunlar ya\u015fay\u0131\u015f binalar\u0131ndan k\u00f6rp\u00fcl\u0259r\u0259 v\u0259 miras tikilil\u0259rin\u0259 q\u0259d\u0259r b\u00fct\u00fcn n\u00f6v tikilil\u0259rd\u0259ki struktur \u00e7at\u0131\u015fmazl\u0131qlar\u0131n\u0131 sabitl\u0259\u015fdirm\u0259k \u00fc\u00e7\u00fcn istifad\u0259 olunur. Bu t\u0259k par\u00e7al\u0131 sarmal polad fiksajlar y\u00fcks\u0259k g\u00fcc\u00fc elastikliyi, davaml\u0131l\u0131\u011f\u0131 v\u0259 b\u00f6y\u00fck tutma...","og_url":"https:\/\/jsgroup.az\/az\/helifix\/","og_site_name":"JS Group","article_publisher":"https:\/\/www.facebook.com\/JS-Group-LLC-103618468444954","article_modified_time":"2021-03-04T20:41:43+00:00","og_image":[{"url":"http:\/\/jsgroup.az\/wp-content\/uploads\/2021\/02\/DryFix-286x300.jpg"}],"twitter_card":"summary_large_image","twitter_misc":{"Est. reading time":"2 minutes"},"schema":{"@context":"https:\/\/schema.org","@graph":[{"@type":"Organization","@id":"https:\/\/jsgroup.az\/az\/#organization","name":"JS Group LLC","url":"https:\/\/jsgroup.az\/az\/","sameAs":["https:\/\/www.facebook.com\/JS-Group-LLC-103618468444954"],"logo":{"@type":"ImageObject","@id":"https:\/\/jsgroup.az\/az\/#logo","inLanguage":"az","url":"https:\/\/jsgroup.az\/wp-content\/uploads\/2021\/02\/logo-js-google.png","contentUrl":"https:\/\/jsgroup.az\/wp-content\/uploads\/2021\/02\/logo-js-google.png","width":2000,"height":2000,"caption":"JS Group LLC"},"image":{"@id":"https:\/\/jsgroup.az\/az\/#logo"}},{"@type":"WebSite","@id":"https:\/\/jsgroup.az\/az\/#website","url":"https:\/\/jsgroup.az\/az\/","name":"JS Group","description":"Sizin \u0130n\u015faat \u015eirk\u0259ti","publisher":{"@id":"https:\/\/jsgroup.az\/az\/#organization"},"potentialAction":[{"@type":"SearchAction","target":{"@type":"EntryPoint","urlTemplate":"https:\/\/jsgroup.az\/az\/?s={search_term_string}"},"query-input":"required name=search_term_string"}],"inLanguage":"az"},{"@type":"ImageObject","@id":"https:\/\/jsgroup.az\/en\/helifix\/#primaryimage","inLanguage":"az","url":"http:\/\/jsgroup.az\/wp-content\/uploads\/2021\/02\/DryFix-286x300.jpg","contentUrl":"http:\/\/jsgroup.az\/wp-content\/uploads\/2021\/02\/DryFix-286x300.jpg"},{"@type":"WebPage","@id":"https:\/\/jsgroup.az\/en\/helifix\/#webpage","url":"https:\/\/jsgroup.az\/en\/helifix\/","name":"Helifix &ndash; JS Group","isPartOf":{"@id":"https:\/\/jsgroup.az\/az\/#website"},"primaryImageOfPage":{"@id":"https:\/\/jsgroup.az\/en\/helifix\/#primaryimage"},"datePublished":"2021-02-20T20:51:05+00:00","dateModified":"2021-03-04T20:41:43+00:00","breadcrumb":{"@id":"https:\/\/jsgroup.az\/en\/helifix\/#breadcrumb"},"inLanguage":"az","potentialAction":[{"@type":"ReadAction","target":["https:\/\/jsgroup.az\/en\/helifix\/"]}]},{"@type":"BreadcrumbList","@id":"https:\/\/jsgroup.az\/en\/helifix\/#breadcrumb","itemListElement":[{"@type":"ListItem","position":1,"name":"Ana S\u0259hif\u0259","item":"https:\/\/jsgroup.az\/"},{"@type":"ListItem","position":2,"name":"Helifix"}]}]}},"_links":{"self":[{"href":"https:\/\/jsgroup.az\/az\/wp-json\/wp\/v2\/pages\/6978"}],"collection":[{"href":"https:\/\/jsgroup.az\/az\/wp-json\/wp\/v2\/pages"}],"about":[{"href":"https:\/\/jsgroup.az\/az\/wp-json\/wp\/v2\/types\/page"}],"author":[{"embeddable":true,"href":"https:\/\/jsgroup.az\/az\/wp-json\/wp\/v2\/users\/1"}],"replies":[{"embeddable":true,"href":"https:\/\/jsgroup.az\/az\/wp-json\/wp\/v2\/comments?post=6978"}],"version-history":[{"count":7,"href":"https:\/\/jsgroup.az\/az\/wp-json\/wp\/v2\/pages\/6978\/revisions"}],"predecessor-version":[{"id":7120,"href":"https:\/\/jsgroup.az\/az\/wp-json\/wp\/v2\/pages\/6978\/revisions\/7120"}],"wp:attachment":[{"href":"https:\/\/jsgroup.az\/az\/wp-json\/wp\/v2\/media?parent=6978"}],"curies":[{"name":"wp","href":"https:\/\/api.w.org\/{rel}","templated":true}]}}