{"id":6970,"date":"2021-02-20T20:48:09","date_gmt":"2021-02-20T20:48:09","guid":{"rendered":"http:\/\/jsgroup.az\/?page_id=6970"},"modified":"2021-03-05T00:40:04","modified_gmt":"2021-03-04T20:40:04","slug":"halfen","status":"publish","type":"page","link":"https:\/\/jsgroup.az\/az\/halfen\/","title":{"rendered":"HALFEN"},"content":{"rendered":"<h2>HALFEN<\/h2>\n<p>\t\tH\u0259m tikinti, h\u0259m d\u0259 s\u0259naye t\u0259tbiqetm\u0259l\u0259ri \u00fc\u00e7\u00fcn geni\u015f bir ankraj, m\u00f6hk\u0259ml\u0259ndirm\u0259, \u00e7\u0259r\u00e7iv\u0259 v\u0259 fasad fiksasiya texnologiyas\u0131.\u00a0<\/p>\n<p><img loading=\"lazy\"  src=\"http:\/\/jsgroup.az\/wp-content\/uploads\/2021\/02\/Halfen1-286x300.jpg\"  alt=\"\"  width=\"286\"  height=\"300\" \/> <img loading=\"lazy\"  src=\"http:\/\/jsgroup.az\/wp-content\/uploads\/2021\/02\/Halfen2-286x300.jpg\"  alt=\"\"  width=\"286\"  height=\"300\" \/> <img loading=\"lazy\"  src=\"http:\/\/jsgroup.az\/wp-content\/uploads\/2021\/02\/Halfen3-286x300.jpg\"  alt=\"\"  width=\"286\"  height=\"300\" \/><\/p>\n<p>HALFEN beton, fasad v\u0259 s\u0259naye texnologiyas\u0131 sah\u0259l\u0259rind\u0259 d\u00fcnyan\u0131n apar\u0131c\u0131 markalar\u0131ndan biridir v\u0259 90 ild\u0259n \u00e7oxdur keyfiyy\u0259t v\u0259 t\u0259hl\u00fck\u0259sizlik t\u0259r\u0259fdar\u0131d\u0131r.<\/p>\n<p>Kanallardan v\u0259 balkon konnektorlar\u0131ndan tutma ankerl\u0259rin\u0259 v\u0259 g\u0259rginlikli \u00e7ubuq sisteml\u0259rin\u0259 q\u0259d\u0259r h\u0259rt\u0259r\u0259fli HALFEN m\u0259hsul portfeli tikinti v\u0259 s\u0259naye t\u0259tbiqetm\u0259l\u0259ri \u00fc\u00e7\u00fcn m\u00fch\u0259ndis h\u0259ll\u0259ri t\u0259klif edir.<\/p>\n<p>HALFEN m\u0259hsullar\u0131, qazma v\u0259 ya qayna\u011fa alternativ olaraq \u00e7ox sayda a\u011f\u0131ll\u0131 ba\u011flama h\u0259llini t\u0259klif edir. HALFEN kanallar\u0131 betona b\u0259rkidil\u0259rk\u0259n \u00fcmumi elastiklikl\u0259 sinonimdir. HALFEN \u00e7e\u015fidi, bir ne\u00e7\u0259 istifad\u0259ni sadalamaq \u00fc\u00e7\u00fcn lift \u015faftlar\u0131, tunell\u0259r, stadionlar v\u0259 ya beton beton konstruksiyalar\u0131 \u00fc\u00e7\u00fcn h\u0259r t\u0259tbiq \u00fc\u00e7\u00fcn ideal kanal t\u0259klif edir.<\/p>\n<p>Memarlar v\u0259 m\u00fch\u0259ndisl\u0259r \u0259n iddial\u0131 dizaynlar\u0131n\u0131 HALFEN m\u0259hsullar\u0131 v\u0259 \u0259laq\u0259li istifad\u0259si asan hesablama proqram\u0131 il\u0259 planla\u015fd\u0131r\u0131rlar. \u0130n\u015faat \u015firk\u0259tl\u0259ri v\u0259 y\u0131\u011fma beton zavodlar\u0131, h\u0259r n\u00f6v bina v\u0259 m\u00fclki m\u00fch\u0259ndislik sah\u0259sind\u0259 HALFEN \u00e7e\u015fidini istifad\u0259 edirl\u0259r.<\/p>\n<p>Kimya v\u0259 enerji sektorlar\u0131ndan olan s\u0259naye m\u00fc\u015ft\u0259ril\u0259ri, ma\u015f\u0131nlar\u0131n, n\u0259qliyyat vasit\u0259l\u0259rinin v\u0259 bitki avadanl\u0131\u011f\u0131n\u0131n haz\u0131rlanmas\u0131 v\u0259 istismar\u0131nda HALFEN m\u00fch\u0259ndislik h\u0259ll\u0259rind\u0259n istifad\u0259 edirl\u0259r.<\/p>\n<p>Daha \u00e7ox m\u0259lumat \u00fc\u00e7\u00fcn Halfen veb sayt\u0131n\u0131 ziyar\u0259t edin.<\/p>\n<p><a href=\"https:\/\/www.halfen.com\/en\/\"  target=\"_blank\"  rel=\"noopener\"><strong>www.halfen.com<\/strong><\/a><\/p>\n","protected":false},"excerpt":{"rendered":"<p>HALFEN H\u0259m tikinti, h\u0259m d\u0259 s\u0259naye t\u0259tbiqetm\u0259l\u0259ri \u00fc\u00e7\u00fcn geni\u015f bir ankraj, m\u00f6hk\u0259ml\u0259ndirm\u0259, \u00e7\u0259r\u00e7iv\u0259 v\u0259 fasad fiksasiya texnologiyas\u0131.\u00a0 HALFEN beton, fasad v\u0259 s\u0259naye texnologiyas\u0131 sah\u0259l\u0259rind\u0259 d\u00fcnyan\u0131n apar\u0131c\u0131 markalar\u0131ndan biridir v\u0259 90 ild\u0259n \u00e7oxdur keyfiyy\u0259t v\u0259 t\u0259hl\u00fck\u0259sizlik t\u0259r\u0259fdar\u0131d\u0131r. Kanallardan v\u0259 balkon konnektorlar\u0131ndan tutma ankerl\u0259rin\u0259 v\u0259 g\u0259rginlikli \u00e7ubuq sisteml\u0259rin\u0259 q\u0259d\u0259r h\u0259rt\u0259r\u0259fli HALFEN m\u0259hsul portfeli tikinti v\u0259 s\u0259naye t\u0259tbiqetm\u0259l\u0259ri&#8230;<\/p>\n","protected":false},"author":1,"featured_media":0,"parent":0,"menu_order":0,"comment_status":"closed","ping_status":"closed","template":"","meta":[],"yoast_head":"<!-- This site is optimized with the Yoast SEO plugin v18.1 - https:\/\/yoast.com\/wordpress\/plugins\/seo\/ -->\n<title>HALFEN &ndash; JS Group<\/title>\n<meta name=\"robots\" content=\"index, follow, max-snippet:-1, max-image-preview:large, max-video-preview:-1\" \/>\n<link rel=\"canonical\" href=\"https:\/\/jsgroup.az\/az\/halfen\/\" \/>\n<meta property=\"og:locale\" content=\"az_AZ\" \/>\n<meta property=\"og:type\" content=\"article\" \/>\n<meta property=\"og:title\" content=\"HALFEN &ndash; JS Group\" \/>\n<meta property=\"og:description\" content=\"HALFEN H\u0259m tikinti, h\u0259m d\u0259 s\u0259naye t\u0259tbiqetm\u0259l\u0259ri \u00fc\u00e7\u00fcn geni\u015f bir ankraj, m\u00f6hk\u0259ml\u0259ndirm\u0259, \u00e7\u0259r\u00e7iv\u0259 v\u0259 fasad fiksasiya texnologiyas\u0131.\u00a0 HALFEN beton, fasad v\u0259 s\u0259naye texnologiyas\u0131 sah\u0259l\u0259rind\u0259 d\u00fcnyan\u0131n apar\u0131c\u0131 markalar\u0131ndan biridir v\u0259 90 ild\u0259n \u00e7oxdur keyfiyy\u0259t v\u0259 t\u0259hl\u00fck\u0259sizlik t\u0259r\u0259fdar\u0131d\u0131r. Kanallardan v\u0259 balkon konnektorlar\u0131ndan tutma ankerl\u0259rin\u0259 v\u0259 g\u0259rginlikli \u00e7ubuq sisteml\u0259rin\u0259 q\u0259d\u0259r h\u0259rt\u0259r\u0259fli HALFEN m\u0259hsul portfeli tikinti v\u0259 s\u0259naye t\u0259tbiqetm\u0259l\u0259ri...\" \/>\n<meta property=\"og:url\" content=\"https:\/\/jsgroup.az\/az\/halfen\/\" \/>\n<meta property=\"og:site_name\" content=\"JS Group\" \/>\n<meta property=\"article:publisher\" content=\"https:\/\/www.facebook.com\/JS-Group-LLC-103618468444954\" \/>\n<meta property=\"article:modified_time\" content=\"2021-03-04T20:40:04+00:00\" \/>\n<meta property=\"og:image\" content=\"http:\/\/jsgroup.az\/wp-content\/uploads\/2021\/02\/Halfen1-286x300.jpg\" \/>\n<meta name=\"twitter:card\" content=\"summary_large_image\" \/>\n<meta name=\"twitter:label1\" content=\"Est. reading time\" \/>\n\t<meta name=\"twitter:data1\" content=\"2 minutes\" \/>\n<script type=\"application\/ld+json\" class=\"yoast-schema-graph\">{\"@context\":\"https:\/\/schema.org\",\"@graph\":[{\"@type\":\"Organization\",\"@id\":\"https:\/\/jsgroup.az\/az\/#organization\",\"name\":\"JS Group LLC\",\"url\":\"https:\/\/jsgroup.az\/az\/\",\"sameAs\":[\"https:\/\/www.facebook.com\/JS-Group-LLC-103618468444954\"],\"logo\":{\"@type\":\"ImageObject\",\"@id\":\"https:\/\/jsgroup.az\/az\/#logo\",\"inLanguage\":\"az\",\"url\":\"https:\/\/jsgroup.az\/wp-content\/uploads\/2021\/02\/logo-js-google.png\",\"contentUrl\":\"https:\/\/jsgroup.az\/wp-content\/uploads\/2021\/02\/logo-js-google.png\",\"width\":2000,\"height\":2000,\"caption\":\"JS Group LLC\"},\"image\":{\"@id\":\"https:\/\/jsgroup.az\/az\/#logo\"}},{\"@type\":\"WebSite\",\"@id\":\"https:\/\/jsgroup.az\/az\/#website\",\"url\":\"https:\/\/jsgroup.az\/az\/\",\"name\":\"JS Group\",\"description\":\"Sizin \u0130n\u015faat \u015eirk\u0259ti\",\"publisher\":{\"@id\":\"https:\/\/jsgroup.az\/az\/#organization\"},\"potentialAction\":[{\"@type\":\"SearchAction\",\"target\":{\"@type\":\"EntryPoint\",\"urlTemplate\":\"https:\/\/jsgroup.az\/az\/?s={search_term_string}\"},\"query-input\":\"required name=search_term_string\"}],\"inLanguage\":\"az\"},{\"@type\":\"ImageObject\",\"@id\":\"https:\/\/jsgroup.az\/en\/halfen\/#primaryimage\",\"inLanguage\":\"az\",\"url\":\"http:\/\/jsgroup.az\/wp-content\/uploads\/2021\/02\/Halfen1-286x300.jpg\",\"contentUrl\":\"http:\/\/jsgroup.az\/wp-content\/uploads\/2021\/02\/Halfen1-286x300.jpg\"},{\"@type\":\"WebPage\",\"@id\":\"https:\/\/jsgroup.az\/en\/halfen\/#webpage\",\"url\":\"https:\/\/jsgroup.az\/en\/halfen\/\",\"name\":\"HALFEN &ndash; JS Group\",\"isPartOf\":{\"@id\":\"https:\/\/jsgroup.az\/az\/#website\"},\"primaryImageOfPage\":{\"@id\":\"https:\/\/jsgroup.az\/en\/halfen\/#primaryimage\"},\"datePublished\":\"2021-02-20T20:48:09+00:00\",\"dateModified\":\"2021-03-04T20:40:04+00:00\",\"breadcrumb\":{\"@id\":\"https:\/\/jsgroup.az\/en\/halfen\/#breadcrumb\"},\"inLanguage\":\"az\",\"potentialAction\":[{\"@type\":\"ReadAction\",\"target\":[\"https:\/\/jsgroup.az\/en\/halfen\/\"]}]},{\"@type\":\"BreadcrumbList\",\"@id\":\"https:\/\/jsgroup.az\/en\/halfen\/#breadcrumb\",\"itemListElement\":[{\"@type\":\"ListItem\",\"position\":1,\"name\":\"Ana S\u0259hif\u0259\",\"item\":\"https:\/\/jsgroup.az\/\"},{\"@type\":\"ListItem\",\"position\":2,\"name\":\"HALFEN\"}]}]}<\/script>\n<!-- \/ Yoast SEO plugin. -->","yoast_head_json":{"title":"HALFEN &ndash; JS Group","robots":{"index":"index","follow":"follow","max-snippet":"max-snippet:-1","max-image-preview":"max-image-preview:large","max-video-preview":"max-video-preview:-1"},"canonical":"https:\/\/jsgroup.az\/az\/halfen\/","og_locale":"az_AZ","og_type":"article","og_title":"HALFEN &ndash; JS Group","og_description":"HALFEN H\u0259m tikinti, h\u0259m d\u0259 s\u0259naye t\u0259tbiqetm\u0259l\u0259ri \u00fc\u00e7\u00fcn geni\u015f bir ankraj, m\u00f6hk\u0259ml\u0259ndirm\u0259, \u00e7\u0259r\u00e7iv\u0259 v\u0259 fasad fiksasiya texnologiyas\u0131.\u00a0 HALFEN beton, fasad v\u0259 s\u0259naye texnologiyas\u0131 sah\u0259l\u0259rind\u0259 d\u00fcnyan\u0131n apar\u0131c\u0131 markalar\u0131ndan biridir v\u0259 90 ild\u0259n \u00e7oxdur keyfiyy\u0259t v\u0259 t\u0259hl\u00fck\u0259sizlik t\u0259r\u0259fdar\u0131d\u0131r. Kanallardan v\u0259 balkon konnektorlar\u0131ndan tutma ankerl\u0259rin\u0259 v\u0259 g\u0259rginlikli \u00e7ubuq sisteml\u0259rin\u0259 q\u0259d\u0259r h\u0259rt\u0259r\u0259fli HALFEN m\u0259hsul portfeli tikinti v\u0259 s\u0259naye t\u0259tbiqetm\u0259l\u0259ri...","og_url":"https:\/\/jsgroup.az\/az\/halfen\/","og_site_name":"JS Group","article_publisher":"https:\/\/www.facebook.com\/JS-Group-LLC-103618468444954","article_modified_time":"2021-03-04T20:40:04+00:00","og_image":[{"url":"http:\/\/jsgroup.az\/wp-content\/uploads\/2021\/02\/Halfen1-286x300.jpg"}],"twitter_card":"summary_large_image","twitter_misc":{"Est. reading time":"2 minutes"},"schema":{"@context":"https:\/\/schema.org","@graph":[{"@type":"Organization","@id":"https:\/\/jsgroup.az\/az\/#organization","name":"JS Group LLC","url":"https:\/\/jsgroup.az\/az\/","sameAs":["https:\/\/www.facebook.com\/JS-Group-LLC-103618468444954"],"logo":{"@type":"ImageObject","@id":"https:\/\/jsgroup.az\/az\/#logo","inLanguage":"az","url":"https:\/\/jsgroup.az\/wp-content\/uploads\/2021\/02\/logo-js-google.png","contentUrl":"https:\/\/jsgroup.az\/wp-content\/uploads\/2021\/02\/logo-js-google.png","width":2000,"height":2000,"caption":"JS Group LLC"},"image":{"@id":"https:\/\/jsgroup.az\/az\/#logo"}},{"@type":"WebSite","@id":"https:\/\/jsgroup.az\/az\/#website","url":"https:\/\/jsgroup.az\/az\/","name":"JS Group","description":"Sizin \u0130n\u015faat \u015eirk\u0259ti","publisher":{"@id":"https:\/\/jsgroup.az\/az\/#organization"},"potentialAction":[{"@type":"SearchAction","target":{"@type":"EntryPoint","urlTemplate":"https:\/\/jsgroup.az\/az\/?s={search_term_string}"},"query-input":"required name=search_term_string"}],"inLanguage":"az"},{"@type":"ImageObject","@id":"https:\/\/jsgroup.az\/en\/halfen\/#primaryimage","inLanguage":"az","url":"http:\/\/jsgroup.az\/wp-content\/uploads\/2021\/02\/Halfen1-286x300.jpg","contentUrl":"http:\/\/jsgroup.az\/wp-content\/uploads\/2021\/02\/Halfen1-286x300.jpg"},{"@type":"WebPage","@id":"https:\/\/jsgroup.az\/en\/halfen\/#webpage","url":"https:\/\/jsgroup.az\/en\/halfen\/","name":"HALFEN &ndash; JS Group","isPartOf":{"@id":"https:\/\/jsgroup.az\/az\/#website"},"primaryImageOfPage":{"@id":"https:\/\/jsgroup.az\/en\/halfen\/#primaryimage"},"datePublished":"2021-02-20T20:48:09+00:00","dateModified":"2021-03-04T20:40:04+00:00","breadcrumb":{"@id":"https:\/\/jsgroup.az\/en\/halfen\/#breadcrumb"},"inLanguage":"az","potentialAction":[{"@type":"ReadAction","target":["https:\/\/jsgroup.az\/en\/halfen\/"]}]},{"@type":"BreadcrumbList","@id":"https:\/\/jsgroup.az\/en\/halfen\/#breadcrumb","itemListElement":[{"@type":"ListItem","position":1,"name":"Ana S\u0259hif\u0259","item":"https:\/\/jsgroup.az\/"},{"@type":"ListItem","position":2,"name":"HALFEN"}]}]}},"_links":{"self":[{"href":"https:\/\/jsgroup.az\/az\/wp-json\/wp\/v2\/pages\/6970"}],"collection":[{"href":"https:\/\/jsgroup.az\/az\/wp-json\/wp\/v2\/pages"}],"about":[{"href":"https:\/\/jsgroup.az\/az\/wp-json\/wp\/v2\/types\/page"}],"author":[{"embeddable":true,"href":"https:\/\/jsgroup.az\/az\/wp-json\/wp\/v2\/users\/1"}],"replies":[{"embeddable":true,"href":"https:\/\/jsgroup.az\/az\/wp-json\/wp\/v2\/comments?post=6970"}],"version-history":[{"count":7,"href":"https:\/\/jsgroup.az\/az\/wp-json\/wp\/v2\/pages\/6970\/revisions"}],"predecessor-version":[{"id":7116,"href":"https:\/\/jsgroup.az\/az\/wp-json\/wp\/v2\/pages\/6970\/revisions\/7116"}],"wp:attachment":[{"href":"https:\/\/jsgroup.az\/az\/wp-json\/wp\/v2\/media?parent=6970"}],"curies":[{"name":"wp","href":"https:\/\/api.w.org\/{rel}","templated":true}]}}