{"id":6935,"date":"2021-02-20T20:25:51","date_gmt":"2021-02-20T20:25:51","guid":{"rendered":"http:\/\/jsgroup.az\/?page_id=6935"},"modified":"2021-03-05T00:47:39","modified_gmt":"2021-03-04T20:47:39","slug":"meadow-burke","status":"publish","type":"page","link":"https:\/\/jsgroup.az\/az\/meadow-burke\/","title":{"rendered":"Meadow Burke"},"content":{"rendered":"<h2>Meadow Burke<\/h2>\n<p>\t\tBeton konstruksiya \u00fc\u00e7\u00fcn haz\u0131rlanm\u0131\u015f aksesuar v\u0259 t\u0259hl\u00fck\u0259sizlik m\u0259hsullar\u0131n\u0131n geni\u015f portfeli.\u00a0<\/p>\n<p><img loading=\"lazy\"  src=\"http:\/\/jsgroup.az\/wp-content\/uploads\/2021\/02\/ABP-Post-1-small-286x300.jpg\"  alt=\"\"  width=\"286\"  height=\"300\" \/> <img loading=\"lazy\"  src=\"http:\/\/jsgroup.az\/wp-content\/uploads\/2021\/02\/construction_selects_023-286x300.jpg\"  alt=\"\"  width=\"286\"  height=\"300\" \/> <img loading=\"lazy\"  src=\"http:\/\/jsgroup.az\/wp-content\/uploads\/2021\/02\/Rapid-Lok-Ultimate-11-Copy-286x300.jpg\"  alt=\"\"  width=\"286\"  height=\"300\" \/><\/p>\n<p>Meadow Burke\u200b beton aksesuarlar\u0131 \u015eimali Amerikada y\u0131\u011fma, \u0259yilm\u0259 v\u0259 yerind\u0259 qurulma i\u015fl\u0259rind\u0259 istifad\u0259 olunur v\u0259 m\u00fch\u0259ndis d\u0259qiqliyi, s\u0259rt keyfiyy\u0259t\u0259 n\u0259zar\u0259t z\u0259man\u0259tl\u0259ri v\u0259 etibarl\u0131 etibarl\u0131l\u0131\u011f\u0131 il\u0259 h\u00f6rm\u0259t edilir.<\/p>\n<p>Meadow Burke\u200b braketl\u0259ri, h\u0259r il minl\u0259rl\u0259 \u0259yilmi\u015f i\u015f yerind\u0259, Super Lynk paneld\u0259n aya\u011fa ke\u00e7id \u0259laq\u0259l\u0259ri v\u0259 Super Lift III qald\u0131r\u0131c\u0131 aparat kimi \u00fcmumi bir m\u0259nz\u0259r\u0259dir.<\/p>\n<p>Prekast in\u015faat \u00fc\u00e7\u00fcn haz\u0131rlanm\u0131\u015f m\u0259hsullar aras\u0131nda, beton konstruksiyalar\u0131 asanla\u015fd\u0131ran v\u0259 x\u0259rcl\u0259ri azaldan bir polad \u0259v\u0259zedici olan Rapid Lok Ultimate daxildir. Meadow Burke Rapid Lift m\u0259hsul x\u0259tti eyni zamanda prekast beton panell\u0259rin qald\u0131r\u0131lmas\u0131 v\u0259 qura\u015fd\u0131r\u0131lmas\u0131 bax\u0131m\u0131ndan da s\u0259naye lideridir.<\/p>\n<p>Beton h\u0259r\u0259k\u0259tli birl\u0259\u015fm\u0259l\u0259r \u00fc\u00e7\u00fcn Meadow Burke\u200b m\u0259hsullar\u0131, \u0259n\u0259n\u0259vi tikinti metodlar\u0131na nisb\u0259t\u0259n \u00e7ox sayda fayda t\u0259min ed\u0259n c\u00fct qay\u00e7\u0131 d\u00fcbel v\u0259 kilidl\u0259n\u0259 bil\u0259n d\u00fcbel m\u0259hsul x\u0259ttl\u0259rini \u0259hat\u0259 edir.<\/p>\n<p>Daha \u00e7ox m\u0259lumat \u00fc\u00e7\u00fcn Meadow Burke veb sayt\u0131na daxil olun.<\/p>\n<p><a href=\"https:\/\/meadowburke.com\/\"  target=\"_blank\"  rel=\"noopener\"><strong>www.meadowburke.com<\/strong><\/a><\/p>\n","protected":false},"excerpt":{"rendered":"<p>Meadow Burke Beton konstruksiya \u00fc\u00e7\u00fcn haz\u0131rlanm\u0131\u015f aksesuar v\u0259 t\u0259hl\u00fck\u0259sizlik m\u0259hsullar\u0131n\u0131n geni\u015f portfeli.\u00a0 Meadow Burke\u200b beton aksesuarlar\u0131 \u015eimali Amerikada y\u0131\u011fma, \u0259yilm\u0259 v\u0259 yerind\u0259 qurulma i\u015fl\u0259rind\u0259 istifad\u0259 olunur v\u0259 m\u00fch\u0259ndis d\u0259qiqliyi, s\u0259rt keyfiyy\u0259t\u0259 n\u0259zar\u0259t z\u0259man\u0259tl\u0259ri v\u0259 etibarl\u0131 etibarl\u0131l\u0131\u011f\u0131 il\u0259 h\u00f6rm\u0259t edilir. Meadow Burke\u200b braketl\u0259ri, h\u0259r il minl\u0259rl\u0259 \u0259yilmi\u015f i\u015f yerind\u0259, Super Lynk paneld\u0259n aya\u011fa ke\u00e7id \u0259laq\u0259l\u0259ri v\u0259&#8230;<\/p>\n","protected":false},"author":1,"featured_media":0,"parent":0,"menu_order":0,"comment_status":"closed","ping_status":"closed","template":"","meta":[],"yoast_head":"<!-- This site is optimized with the Yoast SEO plugin v18.1 - https:\/\/yoast.com\/wordpress\/plugins\/seo\/ -->\n<title>Meadow Burke &ndash; JS Group<\/title>\n<meta name=\"robots\" content=\"index, follow, max-snippet:-1, max-image-preview:large, max-video-preview:-1\" \/>\n<link rel=\"canonical\" href=\"https:\/\/jsgroup.az\/az\/meadow-burke\/\" \/>\n<meta property=\"og:locale\" content=\"az_AZ\" \/>\n<meta property=\"og:type\" content=\"article\" \/>\n<meta property=\"og:title\" content=\"Meadow Burke &ndash; JS Group\" \/>\n<meta property=\"og:description\" content=\"Meadow Burke Beton konstruksiya \u00fc\u00e7\u00fcn haz\u0131rlanm\u0131\u015f aksesuar v\u0259 t\u0259hl\u00fck\u0259sizlik m\u0259hsullar\u0131n\u0131n geni\u015f portfeli.\u00a0 Meadow Burke\u200b beton aksesuarlar\u0131 \u015eimali Amerikada y\u0131\u011fma, \u0259yilm\u0259 v\u0259 yerind\u0259 qurulma i\u015fl\u0259rind\u0259 istifad\u0259 olunur v\u0259 m\u00fch\u0259ndis d\u0259qiqliyi, s\u0259rt keyfiyy\u0259t\u0259 n\u0259zar\u0259t z\u0259man\u0259tl\u0259ri v\u0259 etibarl\u0131 etibarl\u0131l\u0131\u011f\u0131 il\u0259 h\u00f6rm\u0259t edilir. Meadow Burke\u200b braketl\u0259ri, h\u0259r il minl\u0259rl\u0259 \u0259yilmi\u015f i\u015f yerind\u0259, Super Lynk paneld\u0259n aya\u011fa ke\u00e7id \u0259laq\u0259l\u0259ri v\u0259...\" \/>\n<meta property=\"og:url\" content=\"https:\/\/jsgroup.az\/az\/meadow-burke\/\" \/>\n<meta property=\"og:site_name\" content=\"JS Group\" \/>\n<meta property=\"article:publisher\" content=\"https:\/\/www.facebook.com\/JS-Group-LLC-103618468444954\" \/>\n<meta property=\"article:modified_time\" content=\"2021-03-04T20:47:39+00:00\" \/>\n<meta property=\"og:image\" content=\"http:\/\/jsgroup.az\/wp-content\/uploads\/2021\/02\/ABP-Post-1-small-286x300.jpg\" \/>\n<meta name=\"twitter:card\" content=\"summary_large_image\" \/>\n<meta name=\"twitter:label1\" content=\"Est. reading time\" \/>\n\t<meta name=\"twitter:data1\" content=\"2 minutes\" \/>\n<script type=\"application\/ld+json\" class=\"yoast-schema-graph\">{\"@context\":\"https:\/\/schema.org\",\"@graph\":[{\"@type\":\"Organization\",\"@id\":\"https:\/\/jsgroup.az\/az\/#organization\",\"name\":\"JS Group LLC\",\"url\":\"https:\/\/jsgroup.az\/az\/\",\"sameAs\":[\"https:\/\/www.facebook.com\/JS-Group-LLC-103618468444954\"],\"logo\":{\"@type\":\"ImageObject\",\"@id\":\"https:\/\/jsgroup.az\/az\/#logo\",\"inLanguage\":\"az\",\"url\":\"https:\/\/jsgroup.az\/wp-content\/uploads\/2021\/02\/logo-js-google.png\",\"contentUrl\":\"https:\/\/jsgroup.az\/wp-content\/uploads\/2021\/02\/logo-js-google.png\",\"width\":2000,\"height\":2000,\"caption\":\"JS Group LLC\"},\"image\":{\"@id\":\"https:\/\/jsgroup.az\/az\/#logo\"}},{\"@type\":\"WebSite\",\"@id\":\"https:\/\/jsgroup.az\/az\/#website\",\"url\":\"https:\/\/jsgroup.az\/az\/\",\"name\":\"JS Group\",\"description\":\"Sizin \u0130n\u015faat \u015eirk\u0259ti\",\"publisher\":{\"@id\":\"https:\/\/jsgroup.az\/az\/#organization\"},\"potentialAction\":[{\"@type\":\"SearchAction\",\"target\":{\"@type\":\"EntryPoint\",\"urlTemplate\":\"https:\/\/jsgroup.az\/az\/?s={search_term_string}\"},\"query-input\":\"required name=search_term_string\"}],\"inLanguage\":\"az\"},{\"@type\":\"ImageObject\",\"@id\":\"https:\/\/jsgroup.az\/en\/meadow-burke\/#primaryimage\",\"inLanguage\":\"az\",\"url\":\"http:\/\/jsgroup.az\/wp-content\/uploads\/2021\/02\/ABP-Post-1-small-286x300.jpg\",\"contentUrl\":\"http:\/\/jsgroup.az\/wp-content\/uploads\/2021\/02\/ABP-Post-1-small-286x300.jpg\"},{\"@type\":\"WebPage\",\"@id\":\"https:\/\/jsgroup.az\/en\/meadow-burke\/#webpage\",\"url\":\"https:\/\/jsgroup.az\/en\/meadow-burke\/\",\"name\":\"Meadow Burke &ndash; JS Group\",\"isPartOf\":{\"@id\":\"https:\/\/jsgroup.az\/az\/#website\"},\"primaryImageOfPage\":{\"@id\":\"https:\/\/jsgroup.az\/en\/meadow-burke\/#primaryimage\"},\"datePublished\":\"2021-02-20T20:25:51+00:00\",\"dateModified\":\"2021-03-04T20:47:39+00:00\",\"breadcrumb\":{\"@id\":\"https:\/\/jsgroup.az\/en\/meadow-burke\/#breadcrumb\"},\"inLanguage\":\"az\",\"potentialAction\":[{\"@type\":\"ReadAction\",\"target\":[\"https:\/\/jsgroup.az\/en\/meadow-burke\/\"]}]},{\"@type\":\"BreadcrumbList\",\"@id\":\"https:\/\/jsgroup.az\/en\/meadow-burke\/#breadcrumb\",\"itemListElement\":[{\"@type\":\"ListItem\",\"position\":1,\"name\":\"Ana S\u0259hif\u0259\",\"item\":\"https:\/\/jsgroup.az\/\"},{\"@type\":\"ListItem\",\"position\":2,\"name\":\"Meadow Burke\"}]}]}<\/script>\n<!-- \/ Yoast SEO plugin. -->","yoast_head_json":{"title":"Meadow Burke &ndash; JS Group","robots":{"index":"index","follow":"follow","max-snippet":"max-snippet:-1","max-image-preview":"max-image-preview:large","max-video-preview":"max-video-preview:-1"},"canonical":"https:\/\/jsgroup.az\/az\/meadow-burke\/","og_locale":"az_AZ","og_type":"article","og_title":"Meadow Burke &ndash; JS Group","og_description":"Meadow Burke Beton konstruksiya \u00fc\u00e7\u00fcn haz\u0131rlanm\u0131\u015f aksesuar v\u0259 t\u0259hl\u00fck\u0259sizlik m\u0259hsullar\u0131n\u0131n geni\u015f portfeli.\u00a0 Meadow Burke\u200b beton aksesuarlar\u0131 \u015eimali Amerikada y\u0131\u011fma, \u0259yilm\u0259 v\u0259 yerind\u0259 qurulma i\u015fl\u0259rind\u0259 istifad\u0259 olunur v\u0259 m\u00fch\u0259ndis d\u0259qiqliyi, s\u0259rt keyfiyy\u0259t\u0259 n\u0259zar\u0259t z\u0259man\u0259tl\u0259ri v\u0259 etibarl\u0131 etibarl\u0131l\u0131\u011f\u0131 il\u0259 h\u00f6rm\u0259t edilir. Meadow Burke\u200b braketl\u0259ri, h\u0259r il minl\u0259rl\u0259 \u0259yilmi\u015f i\u015f yerind\u0259, Super Lynk paneld\u0259n aya\u011fa ke\u00e7id \u0259laq\u0259l\u0259ri v\u0259...","og_url":"https:\/\/jsgroup.az\/az\/meadow-burke\/","og_site_name":"JS Group","article_publisher":"https:\/\/www.facebook.com\/JS-Group-LLC-103618468444954","article_modified_time":"2021-03-04T20:47:39+00:00","og_image":[{"url":"http:\/\/jsgroup.az\/wp-content\/uploads\/2021\/02\/ABP-Post-1-small-286x300.jpg"}],"twitter_card":"summary_large_image","twitter_misc":{"Est. reading time":"2 minutes"},"schema":{"@context":"https:\/\/schema.org","@graph":[{"@type":"Organization","@id":"https:\/\/jsgroup.az\/az\/#organization","name":"JS Group LLC","url":"https:\/\/jsgroup.az\/az\/","sameAs":["https:\/\/www.facebook.com\/JS-Group-LLC-103618468444954"],"logo":{"@type":"ImageObject","@id":"https:\/\/jsgroup.az\/az\/#logo","inLanguage":"az","url":"https:\/\/jsgroup.az\/wp-content\/uploads\/2021\/02\/logo-js-google.png","contentUrl":"https:\/\/jsgroup.az\/wp-content\/uploads\/2021\/02\/logo-js-google.png","width":2000,"height":2000,"caption":"JS Group LLC"},"image":{"@id":"https:\/\/jsgroup.az\/az\/#logo"}},{"@type":"WebSite","@id":"https:\/\/jsgroup.az\/az\/#website","url":"https:\/\/jsgroup.az\/az\/","name":"JS Group","description":"Sizin \u0130n\u015faat \u015eirk\u0259ti","publisher":{"@id":"https:\/\/jsgroup.az\/az\/#organization"},"potentialAction":[{"@type":"SearchAction","target":{"@type":"EntryPoint","urlTemplate":"https:\/\/jsgroup.az\/az\/?s={search_term_string}"},"query-input":"required name=search_term_string"}],"inLanguage":"az"},{"@type":"ImageObject","@id":"https:\/\/jsgroup.az\/en\/meadow-burke\/#primaryimage","inLanguage":"az","url":"http:\/\/jsgroup.az\/wp-content\/uploads\/2021\/02\/ABP-Post-1-small-286x300.jpg","contentUrl":"http:\/\/jsgroup.az\/wp-content\/uploads\/2021\/02\/ABP-Post-1-small-286x300.jpg"},{"@type":"WebPage","@id":"https:\/\/jsgroup.az\/en\/meadow-burke\/#webpage","url":"https:\/\/jsgroup.az\/en\/meadow-burke\/","name":"Meadow Burke &ndash; JS Group","isPartOf":{"@id":"https:\/\/jsgroup.az\/az\/#website"},"primaryImageOfPage":{"@id":"https:\/\/jsgroup.az\/en\/meadow-burke\/#primaryimage"},"datePublished":"2021-02-20T20:25:51+00:00","dateModified":"2021-03-04T20:47:39+00:00","breadcrumb":{"@id":"https:\/\/jsgroup.az\/en\/meadow-burke\/#breadcrumb"},"inLanguage":"az","potentialAction":[{"@type":"ReadAction","target":["https:\/\/jsgroup.az\/en\/meadow-burke\/"]}]},{"@type":"BreadcrumbList","@id":"https:\/\/jsgroup.az\/en\/meadow-burke\/#breadcrumb","itemListElement":[{"@type":"ListItem","position":1,"name":"Ana S\u0259hif\u0259","item":"https:\/\/jsgroup.az\/"},{"@type":"ListItem","position":2,"name":"Meadow Burke"}]}]}},"_links":{"self":[{"href":"https:\/\/jsgroup.az\/az\/wp-json\/wp\/v2\/pages\/6935"}],"collection":[{"href":"https:\/\/jsgroup.az\/az\/wp-json\/wp\/v2\/pages"}],"about":[{"href":"https:\/\/jsgroup.az\/az\/wp-json\/wp\/v2\/types\/page"}],"author":[{"embeddable":true,"href":"https:\/\/jsgroup.az\/az\/wp-json\/wp\/v2\/users\/1"}],"replies":[{"embeddable":true,"href":"https:\/\/jsgroup.az\/az\/wp-json\/wp\/v2\/comments?post=6935"}],"version-history":[{"count":10,"href":"https:\/\/jsgroup.az\/az\/wp-json\/wp\/v2\/pages\/6935\/revisions"}],"predecessor-version":[{"id":7141,"href":"https:\/\/jsgroup.az\/az\/wp-json\/wp\/v2\/pages\/6935\/revisions\/7141"}],"wp:attachment":[{"href":"https:\/\/jsgroup.az\/az\/wp-json\/wp\/v2\/media?parent=6935"}],"curies":[{"name":"wp","href":"https:\/\/api.w.org\/{rel}","templated":true}]}}