{"id":6934,"date":"2021-02-20T20:24:56","date_gmt":"2021-02-20T20:24:56","guid":{"rendered":"http:\/\/jsgroup.az\/?page_id=6934"},"modified":"2021-03-05T00:47:20","modified_gmt":"2021-03-04T20:47:20","slug":"connolly","status":"publish","type":"page","link":"https:\/\/jsgroup.az\/az\/connolly\/","title":{"rendered":"Connolly"},"content":{"rendered":"<h2>Connolly<\/h2>\n<p>\t\tD\u00f6\u015f\u0259m\u0259 v\u0259 s\u0259naye beton d\u00f6\u015f\u0259m\u0259l\u0259ri kimi d\u00f6\u015f\u0259m\u0259 d\u00f6\u015f\u0259m\u0259l\u0259ri \u00fc\u00e7\u00fcn d\u00fcbel v\u0259 davaml\u0131 t\u00f6km\u0259 birl\u0259\u015fm\u0259 sisteml\u0259ri.\u00a0<\/p>\n<p><img loading=\"lazy\"  src=\"http:\/\/jsgroup.az\/wp-content\/uploads\/2021\/02\/Biscuit-Dowels-286x300.jpg\"  alt=\"\"  width=\"286\"  height=\"300\" \/> <img loading=\"lazy\"  src=\"http:\/\/jsgroup.az\/wp-content\/uploads\/2021\/02\/Expansion-Joint-286x300.jpg\"  alt=\"\"  width=\"286\"  height=\"300\" \/> <img loading=\"lazy\"  src=\"http:\/\/jsgroup.az\/wp-content\/uploads\/2021\/02\/Key-Joint-286x300.jpg\"  alt=\"\"  width=\"286\"  height=\"300\" \/><\/p>\n<p>Son 30 ild\u0259n art\u0131q bir m\u00fcdd\u0259td\u0259 keyfiyy\u0259t v\u0259 yenilik \u00fc\u00e7\u00fcn bir \u015f\u00f6hr\u0259t qazanan Connolly, yer \u00fcz\u00fcnd\u0259 beton birl\u0259\u015fm\u0259 h\u0259ll\u0259rind\u0259 liderdir. Bu \u00e7e\u015fid ya\u015fay\u0131\u015f sah\u0259sinin y\u00fcng\u00fcl yol piyada yollar\u0131ndan tutmu\u015f b\u00f6y\u00fck miqyasl\u0131 s\u0259naye anbar plit\u0259l\u0259rinin a\u011f\u0131r t\u0259l\u0259bl\u0259rin\u0259 q\u0259d\u0259r b\u00fct\u00fcn t\u0259tbiql\u0259ri \u0259hat\u0259 edir.<\/p>\n<p>Y\u0259qin ki, davaml\u0131 beton t\u00f6k\u00fclm\u0259sin\u0259 imkan ver\u0259n a\u00e7ar birl\u0259\u015fm\u0259l\u0259ri v\u0259 geni\u015fl\u0259ndirm\u0259 birl\u0259\u015fm\u0259l\u0259rinin yerind\u0259 q\u0259libl\u0259ri il\u0259 \u0259n yax\u015f\u0131 tan\u0131nan Connolly seriyas\u0131na, mi\u015far k\u0259silmi\u015f b\u00fcz\u00fclm\u0259 yerl\u0259rind\u0259 y\u00fck \u00f6t\u00fcr\u00fclm\u0259si \u00fc\u00e7\u00fcn D\u00fcbel Be\u015fikl\u0259ri v\u0259 \u0259n\u0259n\u0259vi kal\u0131p t\u0259tbiql\u0259ri \u00fc\u00e7\u00fcn birl\u0259\u015fm\u0259 h\u0259ll\u0259ri d\u0259 daxildir. Plit\u0259 D\u00fcbell\u0259r v\u0259 Universal D\u00fcbel Qollar.<\/p>\n<p>Beton d\u00f6\u015f\u0259m\u0259l\u0259r \u00fc\u00e7\u00fcn endirim q\u0259libl\u0259ri, k\u00f6p\u00fck doldurucular\u0131 v\u0259 \u00e7atlaq induktorlar\u0131 daxil olmaqla tamamlay\u0131c\u0131 aksesuarlar, h\u0259rt\u0259r\u0259fli Connolly \u00e7e\u015fidini tamamlay\u0131r.<\/p>\n<p>Daha \u00e7ox m\u0259lumat \u00fc\u00e7\u00fcn Connolly veb sayt\u0131n\u0131 ziyar\u0259t edin.<\/p>\n<p><a href=\"https:\/\/www.connollykeyjoint.com\/\"  target=\"_blank\"  rel=\"noopener\"><strong>www.connollykeyjoint.com<\/strong><\/a><\/p>\n","protected":false},"excerpt":{"rendered":"<p>Connolly D\u00f6\u015f\u0259m\u0259 v\u0259 s\u0259naye beton d\u00f6\u015f\u0259m\u0259l\u0259ri kimi d\u00f6\u015f\u0259m\u0259 d\u00f6\u015f\u0259m\u0259l\u0259ri \u00fc\u00e7\u00fcn d\u00fcbel v\u0259 davaml\u0131 t\u00f6km\u0259 birl\u0259\u015fm\u0259 sisteml\u0259ri.\u00a0 Son 30 ild\u0259n art\u0131q bir m\u00fcdd\u0259td\u0259 keyfiyy\u0259t v\u0259 yenilik \u00fc\u00e7\u00fcn bir \u015f\u00f6hr\u0259t qazanan Connolly, yer \u00fcz\u00fcnd\u0259 beton birl\u0259\u015fm\u0259 h\u0259ll\u0259rind\u0259 liderdir. Bu \u00e7e\u015fid ya\u015fay\u0131\u015f sah\u0259sinin y\u00fcng\u00fcl yol piyada yollar\u0131ndan tutmu\u015f b\u00f6y\u00fck miqyasl\u0131 s\u0259naye anbar plit\u0259l\u0259rinin a\u011f\u0131r t\u0259l\u0259bl\u0259rin\u0259 q\u0259d\u0259r b\u00fct\u00fcn t\u0259tbiql\u0259ri&#8230;<\/p>\n","protected":false},"author":1,"featured_media":0,"parent":0,"menu_order":0,"comment_status":"closed","ping_status":"closed","template":"","meta":[],"yoast_head":"<!-- This site is optimized with the Yoast SEO plugin v18.1 - https:\/\/yoast.com\/wordpress\/plugins\/seo\/ -->\n<title>Connolly &ndash; JS Group<\/title>\n<meta name=\"robots\" content=\"index, follow, max-snippet:-1, max-image-preview:large, max-video-preview:-1\" \/>\n<link rel=\"canonical\" href=\"https:\/\/jsgroup.az\/az\/connolly\/\" \/>\n<meta property=\"og:locale\" content=\"az_AZ\" \/>\n<meta property=\"og:type\" content=\"article\" \/>\n<meta property=\"og:title\" content=\"Connolly &ndash; JS Group\" \/>\n<meta property=\"og:description\" content=\"Connolly D\u00f6\u015f\u0259m\u0259 v\u0259 s\u0259naye beton d\u00f6\u015f\u0259m\u0259l\u0259ri kimi d\u00f6\u015f\u0259m\u0259 d\u00f6\u015f\u0259m\u0259l\u0259ri \u00fc\u00e7\u00fcn d\u00fcbel v\u0259 davaml\u0131 t\u00f6km\u0259 birl\u0259\u015fm\u0259 sisteml\u0259ri.\u00a0 Son 30 ild\u0259n art\u0131q bir m\u00fcdd\u0259td\u0259 keyfiyy\u0259t v\u0259 yenilik \u00fc\u00e7\u00fcn bir \u015f\u00f6hr\u0259t qazanan Connolly, yer \u00fcz\u00fcnd\u0259 beton birl\u0259\u015fm\u0259 h\u0259ll\u0259rind\u0259 liderdir. Bu \u00e7e\u015fid ya\u015fay\u0131\u015f sah\u0259sinin y\u00fcng\u00fcl yol piyada yollar\u0131ndan tutmu\u015f b\u00f6y\u00fck miqyasl\u0131 s\u0259naye anbar plit\u0259l\u0259rinin a\u011f\u0131r t\u0259l\u0259bl\u0259rin\u0259 q\u0259d\u0259r b\u00fct\u00fcn t\u0259tbiql\u0259ri...\" \/>\n<meta property=\"og:url\" content=\"https:\/\/jsgroup.az\/az\/connolly\/\" \/>\n<meta property=\"og:site_name\" content=\"JS Group\" \/>\n<meta property=\"article:publisher\" content=\"https:\/\/www.facebook.com\/JS-Group-LLC-103618468444954\" \/>\n<meta property=\"article:modified_time\" content=\"2021-03-04T20:47:20+00:00\" \/>\n<meta property=\"og:image\" content=\"http:\/\/jsgroup.az\/wp-content\/uploads\/2021\/02\/Biscuit-Dowels-286x300.jpg\" \/>\n<meta name=\"twitter:card\" content=\"summary_large_image\" \/>\n<meta name=\"twitter:label1\" content=\"Est. reading time\" \/>\n\t<meta name=\"twitter:data1\" content=\"2 minutes\" \/>\n<script type=\"application\/ld+json\" class=\"yoast-schema-graph\">{\"@context\":\"https:\/\/schema.org\",\"@graph\":[{\"@type\":\"Organization\",\"@id\":\"https:\/\/jsgroup.az\/az\/#organization\",\"name\":\"JS Group LLC\",\"url\":\"https:\/\/jsgroup.az\/az\/\",\"sameAs\":[\"https:\/\/www.facebook.com\/JS-Group-LLC-103618468444954\"],\"logo\":{\"@type\":\"ImageObject\",\"@id\":\"https:\/\/jsgroup.az\/az\/#logo\",\"inLanguage\":\"az\",\"url\":\"https:\/\/jsgroup.az\/wp-content\/uploads\/2021\/02\/logo-js-google.png\",\"contentUrl\":\"https:\/\/jsgroup.az\/wp-content\/uploads\/2021\/02\/logo-js-google.png\",\"width\":2000,\"height\":2000,\"caption\":\"JS Group LLC\"},\"image\":{\"@id\":\"https:\/\/jsgroup.az\/az\/#logo\"}},{\"@type\":\"WebSite\",\"@id\":\"https:\/\/jsgroup.az\/az\/#website\",\"url\":\"https:\/\/jsgroup.az\/az\/\",\"name\":\"JS Group\",\"description\":\"Sizin \u0130n\u015faat \u015eirk\u0259ti\",\"publisher\":{\"@id\":\"https:\/\/jsgroup.az\/az\/#organization\"},\"potentialAction\":[{\"@type\":\"SearchAction\",\"target\":{\"@type\":\"EntryPoint\",\"urlTemplate\":\"https:\/\/jsgroup.az\/az\/?s={search_term_string}\"},\"query-input\":\"required name=search_term_string\"}],\"inLanguage\":\"az\"},{\"@type\":\"ImageObject\",\"@id\":\"https:\/\/jsgroup.az\/en\/connolly\/#primaryimage\",\"inLanguage\":\"az\",\"url\":\"http:\/\/jsgroup.az\/wp-content\/uploads\/2021\/02\/Biscuit-Dowels-286x300.jpg\",\"contentUrl\":\"http:\/\/jsgroup.az\/wp-content\/uploads\/2021\/02\/Biscuit-Dowels-286x300.jpg\"},{\"@type\":\"WebPage\",\"@id\":\"https:\/\/jsgroup.az\/en\/connolly\/#webpage\",\"url\":\"https:\/\/jsgroup.az\/en\/connolly\/\",\"name\":\"Connolly &ndash; JS Group\",\"isPartOf\":{\"@id\":\"https:\/\/jsgroup.az\/az\/#website\"},\"primaryImageOfPage\":{\"@id\":\"https:\/\/jsgroup.az\/en\/connolly\/#primaryimage\"},\"datePublished\":\"2021-02-20T20:24:56+00:00\",\"dateModified\":\"2021-03-04T20:47:20+00:00\",\"breadcrumb\":{\"@id\":\"https:\/\/jsgroup.az\/en\/connolly\/#breadcrumb\"},\"inLanguage\":\"az\",\"potentialAction\":[{\"@type\":\"ReadAction\",\"target\":[\"https:\/\/jsgroup.az\/en\/connolly\/\"]}]},{\"@type\":\"BreadcrumbList\",\"@id\":\"https:\/\/jsgroup.az\/en\/connolly\/#breadcrumb\",\"itemListElement\":[{\"@type\":\"ListItem\",\"position\":1,\"name\":\"Ana S\u0259hif\u0259\",\"item\":\"https:\/\/jsgroup.az\/\"},{\"@type\":\"ListItem\",\"position\":2,\"name\":\"Connolly\"}]}]}<\/script>\n<!-- \/ Yoast SEO plugin. -->","yoast_head_json":{"title":"Connolly &ndash; JS Group","robots":{"index":"index","follow":"follow","max-snippet":"max-snippet:-1","max-image-preview":"max-image-preview:large","max-video-preview":"max-video-preview:-1"},"canonical":"https:\/\/jsgroup.az\/az\/connolly\/","og_locale":"az_AZ","og_type":"article","og_title":"Connolly &ndash; JS Group","og_description":"Connolly D\u00f6\u015f\u0259m\u0259 v\u0259 s\u0259naye beton d\u00f6\u015f\u0259m\u0259l\u0259ri kimi d\u00f6\u015f\u0259m\u0259 d\u00f6\u015f\u0259m\u0259l\u0259ri \u00fc\u00e7\u00fcn d\u00fcbel v\u0259 davaml\u0131 t\u00f6km\u0259 birl\u0259\u015fm\u0259 sisteml\u0259ri.\u00a0 Son 30 ild\u0259n art\u0131q bir m\u00fcdd\u0259td\u0259 keyfiyy\u0259t v\u0259 yenilik \u00fc\u00e7\u00fcn bir \u015f\u00f6hr\u0259t qazanan Connolly, yer \u00fcz\u00fcnd\u0259 beton birl\u0259\u015fm\u0259 h\u0259ll\u0259rind\u0259 liderdir. Bu \u00e7e\u015fid ya\u015fay\u0131\u015f sah\u0259sinin y\u00fcng\u00fcl yol piyada yollar\u0131ndan tutmu\u015f b\u00f6y\u00fck miqyasl\u0131 s\u0259naye anbar plit\u0259l\u0259rinin a\u011f\u0131r t\u0259l\u0259bl\u0259rin\u0259 q\u0259d\u0259r b\u00fct\u00fcn t\u0259tbiql\u0259ri...","og_url":"https:\/\/jsgroup.az\/az\/connolly\/","og_site_name":"JS Group","article_publisher":"https:\/\/www.facebook.com\/JS-Group-LLC-103618468444954","article_modified_time":"2021-03-04T20:47:20+00:00","og_image":[{"url":"http:\/\/jsgroup.az\/wp-content\/uploads\/2021\/02\/Biscuit-Dowels-286x300.jpg"}],"twitter_card":"summary_large_image","twitter_misc":{"Est. reading time":"2 minutes"},"schema":{"@context":"https:\/\/schema.org","@graph":[{"@type":"Organization","@id":"https:\/\/jsgroup.az\/az\/#organization","name":"JS Group LLC","url":"https:\/\/jsgroup.az\/az\/","sameAs":["https:\/\/www.facebook.com\/JS-Group-LLC-103618468444954"],"logo":{"@type":"ImageObject","@id":"https:\/\/jsgroup.az\/az\/#logo","inLanguage":"az","url":"https:\/\/jsgroup.az\/wp-content\/uploads\/2021\/02\/logo-js-google.png","contentUrl":"https:\/\/jsgroup.az\/wp-content\/uploads\/2021\/02\/logo-js-google.png","width":2000,"height":2000,"caption":"JS Group LLC"},"image":{"@id":"https:\/\/jsgroup.az\/az\/#logo"}},{"@type":"WebSite","@id":"https:\/\/jsgroup.az\/az\/#website","url":"https:\/\/jsgroup.az\/az\/","name":"JS Group","description":"Sizin \u0130n\u015faat \u015eirk\u0259ti","publisher":{"@id":"https:\/\/jsgroup.az\/az\/#organization"},"potentialAction":[{"@type":"SearchAction","target":{"@type":"EntryPoint","urlTemplate":"https:\/\/jsgroup.az\/az\/?s={search_term_string}"},"query-input":"required name=search_term_string"}],"inLanguage":"az"},{"@type":"ImageObject","@id":"https:\/\/jsgroup.az\/en\/connolly\/#primaryimage","inLanguage":"az","url":"http:\/\/jsgroup.az\/wp-content\/uploads\/2021\/02\/Biscuit-Dowels-286x300.jpg","contentUrl":"http:\/\/jsgroup.az\/wp-content\/uploads\/2021\/02\/Biscuit-Dowels-286x300.jpg"},{"@type":"WebPage","@id":"https:\/\/jsgroup.az\/en\/connolly\/#webpage","url":"https:\/\/jsgroup.az\/en\/connolly\/","name":"Connolly &ndash; JS Group","isPartOf":{"@id":"https:\/\/jsgroup.az\/az\/#website"},"primaryImageOfPage":{"@id":"https:\/\/jsgroup.az\/en\/connolly\/#primaryimage"},"datePublished":"2021-02-20T20:24:56+00:00","dateModified":"2021-03-04T20:47:20+00:00","breadcrumb":{"@id":"https:\/\/jsgroup.az\/en\/connolly\/#breadcrumb"},"inLanguage":"az","potentialAction":[{"@type":"ReadAction","target":["https:\/\/jsgroup.az\/en\/connolly\/"]}]},{"@type":"BreadcrumbList","@id":"https:\/\/jsgroup.az\/en\/connolly\/#breadcrumb","itemListElement":[{"@type":"ListItem","position":1,"name":"Ana S\u0259hif\u0259","item":"https:\/\/jsgroup.az\/"},{"@type":"ListItem","position":2,"name":"Connolly"}]}]}},"_links":{"self":[{"href":"https:\/\/jsgroup.az\/az\/wp-json\/wp\/v2\/pages\/6934"}],"collection":[{"href":"https:\/\/jsgroup.az\/az\/wp-json\/wp\/v2\/pages"}],"about":[{"href":"https:\/\/jsgroup.az\/az\/wp-json\/wp\/v2\/types\/page"}],"author":[{"embeddable":true,"href":"https:\/\/jsgroup.az\/az\/wp-json\/wp\/v2\/users\/1"}],"replies":[{"embeddable":true,"href":"https:\/\/jsgroup.az\/az\/wp-json\/wp\/v2\/comments?post=6934"}],"version-history":[{"count":10,"href":"https:\/\/jsgroup.az\/az\/wp-json\/wp\/v2\/pages\/6934\/revisions"}],"predecessor-version":[{"id":7138,"href":"https:\/\/jsgroup.az\/az\/wp-json\/wp\/v2\/pages\/6934\/revisions\/7138"}],"wp:attachment":[{"href":"https:\/\/jsgroup.az\/az\/wp-json\/wp\/v2\/media?parent=6934"}],"curies":[{"name":"wp","href":"https:\/\/api.w.org\/{rel}","templated":true}]}}