{"id":6915,"date":"2021-02-20T20:16:07","date_gmt":"2021-02-20T20:16:07","guid":{"rendered":"http:\/\/jsgroup.az\/?page_id=6915"},"modified":"2021-03-05T00:46:58","modified_gmt":"2021-03-04T20:46:58","slug":"thermomass-2","status":"publish","type":"page","link":"https:\/\/jsgroup.az\/az\/thermomass-2\/","title":{"rendered":"Thermomass"},"content":{"rendered":"<h2>Thermomass<\/h2>\n<p>\t\tY\u00fcks\u0259k enerji s\u0259m\u0259r\u0259liliyi v\u0259 istilik performans\u0131 \u00fc\u00e7\u00fcn haz\u0131rlanm\u0131\u015f, y\u0131\u011fma, \u0259yilmi\u015f v\u0259 yerind\u0259 qoyulmu\u015f beton bina z\u0259rfl\u0259rind\u0259 istifad\u0259 \u00fc\u00e7\u00fcn izolyasiya sisteml\u0259ri.<\/p>\n<p><img loading=\"lazy\"  src=\"http:\/\/jsgroup.az\/wp-content\/uploads\/2021\/02\/2-286x300.jpg\"  alt=\"\"  width=\"286\"  height=\"300\" \/> <img loading=\"lazy\"  src=\"http:\/\/jsgroup.az\/wp-content\/uploads\/2021\/02\/8-2-286x300.jpg\"  alt=\"\"  width=\"286\"  height=\"300\" \/> <img loading=\"lazy\"  src=\"http:\/\/jsgroup.az\/wp-content\/uploads\/2021\/02\/Connector1EDITED-286x300.jpg\"  alt=\"\"  width=\"286\"  height=\"300\" \/><\/p>\n<p>Termomass izolyasiya sisteml\u0259ri d\u00fcnyada 40.000 ildir on minl\u0259rl\u0259 layih\u0259d\u0259, t\u0259k ail\u0259li evl\u0259rd\u0259n d\u00fcnya s\u0259viyy\u0259li stadion v\u0259 arenalara q\u0259d\u0259r binalarda istifad\u0259 edilmi\u015fdir.<\/p>\n<p>Fiber kompozit konnektorlardan v\u0259 \u0259vv\u0259lc\u0259d\u0259n haz\u0131rlanan s\u0259rt izolyasiyadan ibar\u0259t olan Thermomass izolyasiya sisteml\u0259ri asanl\u0131qla qura\u015fd\u0131r\u0131l\u0131r v\u0259 ciddi bir \u00fc\u00e7\u00fcnc\u00fc t\u0259r\u0259f keyfiyy\u0259t n\u0259zar\u0259ti prosesinin bir hiss\u0259si olaraq tamamil\u0259 s\u0131naqdan ke\u00e7irilmi\u015fdir.<\/p>\n<p>Thermomass m\u0259hsullar\u0131 il\u0259 izolyasiya edilmi\u015f obyektl\u0259r s\u0259ssiz, t\u0259hl\u00fck\u0259sizdir v\u0259 dem\u0259k olar ki, bax\u0131ms\u0131zd\u0131r. H\u0259m d\u0259 qas\u0131r\u011fa, tornado v\u0259 yan\u011f\u0131na davaml\u0131d\u0131rlar. Is\u0131tma v\u0259 soyutma x\u0259rcl\u0259ri b\u00f6y\u00fck d\u0259r\u0259c\u0259d\u0259 azal\u0131r, \u00e7\u00fcnki izolyasiya d\u0259y\u0259rinin 99% -d\u0259n \u00e7oxu saxlan\u0131l\u0131r.<\/p>\n<p>Daha \u00e7ox m\u0259lumat \u00fc\u00e7\u00fcn Thermomass veb sayt\u0131n\u0131 ziyar\u0259t edin.<\/p>\n<p><a href=\"https:\/\/thermomass.com\/\"  target=\"_blank\"  rel=\"noopener\"><strong>www.thermomass.com<\/strong><\/a><\/p>\n","protected":false},"excerpt":{"rendered":"<p>Thermomass Y\u00fcks\u0259k enerji s\u0259m\u0259r\u0259liliyi v\u0259 istilik performans\u0131 \u00fc\u00e7\u00fcn haz\u0131rlanm\u0131\u015f, y\u0131\u011fma, \u0259yilmi\u015f v\u0259 yerind\u0259 qoyulmu\u015f beton bina z\u0259rfl\u0259rind\u0259 istifad\u0259 \u00fc\u00e7\u00fcn izolyasiya sisteml\u0259ri. Termomass izolyasiya sisteml\u0259ri d\u00fcnyada 40.000 ildir on minl\u0259rl\u0259 layih\u0259d\u0259, t\u0259k ail\u0259li evl\u0259rd\u0259n d\u00fcnya s\u0259viyy\u0259li stadion v\u0259 arenalara q\u0259d\u0259r binalarda istifad\u0259 edilmi\u015fdir. Fiber kompozit konnektorlardan v\u0259 \u0259vv\u0259lc\u0259d\u0259n haz\u0131rlanan s\u0259rt izolyasiyadan ibar\u0259t olan Thermomass izolyasiya sisteml\u0259ri&#8230;<\/p>\n","protected":false},"author":1,"featured_media":0,"parent":0,"menu_order":0,"comment_status":"closed","ping_status":"closed","template":"","meta":[],"yoast_head":"<!-- This site is optimized with the Yoast SEO plugin v18.1 - https:\/\/yoast.com\/wordpress\/plugins\/seo\/ -->\n<title>Thermomass &ndash; JS Group<\/title>\n<meta name=\"robots\" content=\"index, follow, max-snippet:-1, max-image-preview:large, max-video-preview:-1\" \/>\n<link rel=\"canonical\" href=\"https:\/\/jsgroup.az\/az\/thermomass-2\/\" \/>\n<meta property=\"og:locale\" content=\"az_AZ\" \/>\n<meta property=\"og:type\" content=\"article\" \/>\n<meta property=\"og:title\" content=\"Thermomass &ndash; JS Group\" \/>\n<meta property=\"og:description\" content=\"Thermomass Y\u00fcks\u0259k enerji s\u0259m\u0259r\u0259liliyi v\u0259 istilik performans\u0131 \u00fc\u00e7\u00fcn haz\u0131rlanm\u0131\u015f, y\u0131\u011fma, \u0259yilmi\u015f v\u0259 yerind\u0259 qoyulmu\u015f beton bina z\u0259rfl\u0259rind\u0259 istifad\u0259 \u00fc\u00e7\u00fcn izolyasiya sisteml\u0259ri. Termomass izolyasiya sisteml\u0259ri d\u00fcnyada 40.000 ildir on minl\u0259rl\u0259 layih\u0259d\u0259, t\u0259k ail\u0259li evl\u0259rd\u0259n d\u00fcnya s\u0259viyy\u0259li stadion v\u0259 arenalara q\u0259d\u0259r binalarda istifad\u0259 edilmi\u015fdir. Fiber kompozit konnektorlardan v\u0259 \u0259vv\u0259lc\u0259d\u0259n haz\u0131rlanan s\u0259rt izolyasiyadan ibar\u0259t olan Thermomass izolyasiya sisteml\u0259ri...\" \/>\n<meta property=\"og:url\" content=\"https:\/\/jsgroup.az\/az\/thermomass-2\/\" \/>\n<meta property=\"og:site_name\" content=\"JS Group\" \/>\n<meta property=\"article:publisher\" content=\"https:\/\/www.facebook.com\/JS-Group-LLC-103618468444954\" \/>\n<meta property=\"article:modified_time\" content=\"2021-03-04T20:46:58+00:00\" \/>\n<meta property=\"og:image\" content=\"http:\/\/jsgroup.az\/wp-content\/uploads\/2021\/02\/2-286x300.jpg\" \/>\n<meta name=\"twitter:card\" content=\"summary_large_image\" \/>\n<meta name=\"twitter:label1\" content=\"Est. reading time\" \/>\n\t<meta name=\"twitter:data1\" content=\"2 minutes\" \/>\n<script type=\"application\/ld+json\" class=\"yoast-schema-graph\">{\"@context\":\"https:\/\/schema.org\",\"@graph\":[{\"@type\":\"Organization\",\"@id\":\"https:\/\/jsgroup.az\/az\/#organization\",\"name\":\"JS Group LLC\",\"url\":\"https:\/\/jsgroup.az\/az\/\",\"sameAs\":[\"https:\/\/www.facebook.com\/JS-Group-LLC-103618468444954\"],\"logo\":{\"@type\":\"ImageObject\",\"@id\":\"https:\/\/jsgroup.az\/az\/#logo\",\"inLanguage\":\"az\",\"url\":\"https:\/\/jsgroup.az\/wp-content\/uploads\/2021\/02\/logo-js-google.png\",\"contentUrl\":\"https:\/\/jsgroup.az\/wp-content\/uploads\/2021\/02\/logo-js-google.png\",\"width\":2000,\"height\":2000,\"caption\":\"JS Group LLC\"},\"image\":{\"@id\":\"https:\/\/jsgroup.az\/az\/#logo\"}},{\"@type\":\"WebSite\",\"@id\":\"https:\/\/jsgroup.az\/az\/#website\",\"url\":\"https:\/\/jsgroup.az\/az\/\",\"name\":\"JS Group\",\"description\":\"Sizin \u0130n\u015faat \u015eirk\u0259ti\",\"publisher\":{\"@id\":\"https:\/\/jsgroup.az\/az\/#organization\"},\"potentialAction\":[{\"@type\":\"SearchAction\",\"target\":{\"@type\":\"EntryPoint\",\"urlTemplate\":\"https:\/\/jsgroup.az\/az\/?s={search_term_string}\"},\"query-input\":\"required name=search_term_string\"}],\"inLanguage\":\"az\"},{\"@type\":\"ImageObject\",\"@id\":\"https:\/\/jsgroup.az\/ru\/thermomass-2\/#primaryimage\",\"inLanguage\":\"az\",\"url\":\"http:\/\/jsgroup.az\/wp-content\/uploads\/2021\/02\/2-286x300.jpg\",\"contentUrl\":\"http:\/\/jsgroup.az\/wp-content\/uploads\/2021\/02\/2-286x300.jpg\"},{\"@type\":\"WebPage\",\"@id\":\"https:\/\/jsgroup.az\/ru\/thermomass-2\/#webpage\",\"url\":\"https:\/\/jsgroup.az\/ru\/thermomass-2\/\",\"name\":\"Thermomass &ndash; JS Group\",\"isPartOf\":{\"@id\":\"https:\/\/jsgroup.az\/az\/#website\"},\"primaryImageOfPage\":{\"@id\":\"https:\/\/jsgroup.az\/ru\/thermomass-2\/#primaryimage\"},\"datePublished\":\"2021-02-20T20:16:07+00:00\",\"dateModified\":\"2021-03-04T20:46:58+00:00\",\"breadcrumb\":{\"@id\":\"https:\/\/jsgroup.az\/ru\/thermomass-2\/#breadcrumb\"},\"inLanguage\":\"az\",\"potentialAction\":[{\"@type\":\"ReadAction\",\"target\":[\"https:\/\/jsgroup.az\/ru\/thermomass-2\/\"]}]},{\"@type\":\"BreadcrumbList\",\"@id\":\"https:\/\/jsgroup.az\/ru\/thermomass-2\/#breadcrumb\",\"itemListElement\":[{\"@type\":\"ListItem\",\"position\":1,\"name\":\"Ana S\u0259hif\u0259\",\"item\":\"https:\/\/jsgroup.az\/\"},{\"@type\":\"ListItem\",\"position\":2,\"name\":\"Thermomass\"}]}]}<\/script>\n<!-- \/ Yoast SEO plugin. -->","yoast_head_json":{"title":"Thermomass &ndash; JS Group","robots":{"index":"index","follow":"follow","max-snippet":"max-snippet:-1","max-image-preview":"max-image-preview:large","max-video-preview":"max-video-preview:-1"},"canonical":"https:\/\/jsgroup.az\/az\/thermomass-2\/","og_locale":"az_AZ","og_type":"article","og_title":"Thermomass &ndash; JS Group","og_description":"Thermomass Y\u00fcks\u0259k enerji s\u0259m\u0259r\u0259liliyi v\u0259 istilik performans\u0131 \u00fc\u00e7\u00fcn haz\u0131rlanm\u0131\u015f, y\u0131\u011fma, \u0259yilmi\u015f v\u0259 yerind\u0259 qoyulmu\u015f beton bina z\u0259rfl\u0259rind\u0259 istifad\u0259 \u00fc\u00e7\u00fcn izolyasiya sisteml\u0259ri. Termomass izolyasiya sisteml\u0259ri d\u00fcnyada 40.000 ildir on minl\u0259rl\u0259 layih\u0259d\u0259, t\u0259k ail\u0259li evl\u0259rd\u0259n d\u00fcnya s\u0259viyy\u0259li stadion v\u0259 arenalara q\u0259d\u0259r binalarda istifad\u0259 edilmi\u015fdir. Fiber kompozit konnektorlardan v\u0259 \u0259vv\u0259lc\u0259d\u0259n haz\u0131rlanan s\u0259rt izolyasiyadan ibar\u0259t olan Thermomass izolyasiya sisteml\u0259ri...","og_url":"https:\/\/jsgroup.az\/az\/thermomass-2\/","og_site_name":"JS Group","article_publisher":"https:\/\/www.facebook.com\/JS-Group-LLC-103618468444954","article_modified_time":"2021-03-04T20:46:58+00:00","og_image":[{"url":"http:\/\/jsgroup.az\/wp-content\/uploads\/2021\/02\/2-286x300.jpg"}],"twitter_card":"summary_large_image","twitter_misc":{"Est. reading time":"2 minutes"},"schema":{"@context":"https:\/\/schema.org","@graph":[{"@type":"Organization","@id":"https:\/\/jsgroup.az\/az\/#organization","name":"JS Group LLC","url":"https:\/\/jsgroup.az\/az\/","sameAs":["https:\/\/www.facebook.com\/JS-Group-LLC-103618468444954"],"logo":{"@type":"ImageObject","@id":"https:\/\/jsgroup.az\/az\/#logo","inLanguage":"az","url":"https:\/\/jsgroup.az\/wp-content\/uploads\/2021\/02\/logo-js-google.png","contentUrl":"https:\/\/jsgroup.az\/wp-content\/uploads\/2021\/02\/logo-js-google.png","width":2000,"height":2000,"caption":"JS Group LLC"},"image":{"@id":"https:\/\/jsgroup.az\/az\/#logo"}},{"@type":"WebSite","@id":"https:\/\/jsgroup.az\/az\/#website","url":"https:\/\/jsgroup.az\/az\/","name":"JS Group","description":"Sizin \u0130n\u015faat \u015eirk\u0259ti","publisher":{"@id":"https:\/\/jsgroup.az\/az\/#organization"},"potentialAction":[{"@type":"SearchAction","target":{"@type":"EntryPoint","urlTemplate":"https:\/\/jsgroup.az\/az\/?s={search_term_string}"},"query-input":"required name=search_term_string"}],"inLanguage":"az"},{"@type":"ImageObject","@id":"https:\/\/jsgroup.az\/ru\/thermomass-2\/#primaryimage","inLanguage":"az","url":"http:\/\/jsgroup.az\/wp-content\/uploads\/2021\/02\/2-286x300.jpg","contentUrl":"http:\/\/jsgroup.az\/wp-content\/uploads\/2021\/02\/2-286x300.jpg"},{"@type":"WebPage","@id":"https:\/\/jsgroup.az\/ru\/thermomass-2\/#webpage","url":"https:\/\/jsgroup.az\/ru\/thermomass-2\/","name":"Thermomass &ndash; JS Group","isPartOf":{"@id":"https:\/\/jsgroup.az\/az\/#website"},"primaryImageOfPage":{"@id":"https:\/\/jsgroup.az\/ru\/thermomass-2\/#primaryimage"},"datePublished":"2021-02-20T20:16:07+00:00","dateModified":"2021-03-04T20:46:58+00:00","breadcrumb":{"@id":"https:\/\/jsgroup.az\/ru\/thermomass-2\/#breadcrumb"},"inLanguage":"az","potentialAction":[{"@type":"ReadAction","target":["https:\/\/jsgroup.az\/ru\/thermomass-2\/"]}]},{"@type":"BreadcrumbList","@id":"https:\/\/jsgroup.az\/ru\/thermomass-2\/#breadcrumb","itemListElement":[{"@type":"ListItem","position":1,"name":"Ana S\u0259hif\u0259","item":"https:\/\/jsgroup.az\/"},{"@type":"ListItem","position":2,"name":"Thermomass"}]}]}},"_links":{"self":[{"href":"https:\/\/jsgroup.az\/az\/wp-json\/wp\/v2\/pages\/6915"}],"collection":[{"href":"https:\/\/jsgroup.az\/az\/wp-json\/wp\/v2\/pages"}],"about":[{"href":"https:\/\/jsgroup.az\/az\/wp-json\/wp\/v2\/types\/page"}],"author":[{"embeddable":true,"href":"https:\/\/jsgroup.az\/az\/wp-json\/wp\/v2\/users\/1"}],"replies":[{"embeddable":true,"href":"https:\/\/jsgroup.az\/az\/wp-json\/wp\/v2\/comments?post=6915"}],"version-history":[{"count":13,"href":"https:\/\/jsgroup.az\/az\/wp-json\/wp\/v2\/pages\/6915\/revisions"}],"predecessor-version":[{"id":7135,"href":"https:\/\/jsgroup.az\/az\/wp-json\/wp\/v2\/pages\/6915\/revisions\/7135"}],"wp:attachment":[{"href":"https:\/\/jsgroup.az\/az\/wp-json\/wp\/v2\/media?parent=6915"}],"curies":[{"name":"wp","href":"https:\/\/api.w.org\/{rel}","templated":true}]}}