{"id":6907,"date":"2021-02-20T20:13:39","date_gmt":"2021-02-20T20:13:39","guid":{"rendered":"http:\/\/jsgroup.az\/?page_id=6907"},"modified":"2021-03-05T00:44:27","modified_gmt":"2021-03-04T20:44:27","slug":"aschwanden","status":"publish","type":"page","link":"https:\/\/jsgroup.az\/az\/aschwanden\/","title":{"rendered":"Aschwanden"},"content":{"rendered":"<h2>Aschwanden<\/h2>\n<p>\u0130nc\u0259, y\u00fcks\u0259k dayan\u0131ql\u0131, polad beton kompozit s\u00fctunlar v\u0259 h\u0259rt\u0259r\u0259fli akustik m\u0259hsullar daxil olmaqla yenilik\u00e7i beton \u0259laq\u0259l\u0259ri.<\/p>\n<p><img loading=\"lazy\"  src=\"http:\/\/jsgroup.az\/wp-content\/uploads\/2021\/02\/Aschwanden_1-286x300.jpg\"  alt=\"\"  width=\"286\"  height=\"300\" \/> <img loading=\"lazy\"  src=\"http:\/\/jsgroup.az\/wp-content\/uploads\/2021\/02\/Aschwanden_2-286x300.jpg\"  alt=\"\"  width=\"286\"  height=\"300\" \/> <img loading=\"lazy\"  src=\"http:\/\/jsgroup.az\/wp-content\/uploads\/2021\/02\/Aschwanden_3-286x300.jpg\"  alt=\"\"  width=\"286\"  height=\"300\" \/><\/p>\n<p>Aschwanden markas\u0131 1949-cu ild\u0259n b\u0259ri m\u00f6vcuddur v\u0259 yenilik\u00e7i, y\u00fcks\u0259k performansl\u0131 v\u0259 y\u00fcks\u0259k keyfiyy\u0259tli m\u00fck\u0259mm\u0259l m\u00fch\u0259ndis h\u0259ll\u0259ri \u00fc\u00e7\u00fcn h\u0259s\u0259d aparan bir \u015f\u00f6hr\u0259t qazanm\u0131\u015fd\u0131r. Aschwanden h\u0259ll\u0259ri d\u0259mir betonun konstruksiyas\u0131ndak\u0131 g\u00fccl\u0259rin g\u00fccl\u0259ndirilm\u0259sind\u0259 v\u0259 \u00f6t\u00fcr\u00fclm\u0259sind\u0259 ir\u0259lil\u0259yi\u015fl\u0259r t\u0259min edir v\u0259 ya\u015fay\u0131\u015f v\u0259 ictimai qeyri-ya\u015fay\u0131\u015f binalar\u0131 da daxil olmaqla m\u00fcxt\u0259lif tikinti sektorlar\u0131nda istifad\u0259 olunur.<\/p>\n<p>Aschwanden SILENT, geni\u015f bir s\u0131ra yenilik\u00e7i s\u0259s \u0259mici beton konnektorlar\u0131d\u0131r; ORSO bir s\u0131ra y\u0131\u011fma, ar\u0131q, y\u00fcks\u0259k dayan\u0131ql\u0131, polad beton kompozit s\u00fctunlard\u0131r; v\u0259 ARBO, istilik itkisini minimuma endir\u0259rk\u0259n struktur b\u00fct\u00f6vl\u00fcy\u00fc t\u0259min ed\u0259n y\u00fcks\u0259k performansl\u0131, paslanmayan poladdan izolyasiya edilmi\u015f balkon ba\u011flant\u0131s\u0131 sistemidir.<\/p>\n<p>RINO, m\u00f6vcud beton konstruksiyalar\u0131n m\u00f6hk\u0259ml\u0259ndirilm\u0259si \u00fc\u00e7\u00fcn b\u0259nz\u0259rsiz, t\u0259chiz edilmi\u015f, z\u0131mbal\u0131 k\u0259sm\u0259 m\u00f6hk\u0259ml\u0259tm\u0259sidir, DURA \u00fcz\u0259n\u0259 q\u0259f\u0259sl\u0259ri v\u0259 polad ba\u015fl\u0131qlar yeni beton konstruksiyalar\u0131ndak\u0131 s\u00fctun yerl\u0259rind\u0259 m\u00f6hk\u0259ml\u0259ndirm\u0259 t\u0259min edir.<\/p>\n<p>Daha \u00e7ox m\u0259lumat \u00fc\u00e7\u00fcn Aschwanden veb sayt\u0131n\u0131 ziyar\u0259t edin.<\/p>\n<p><a href=\"https:\/\/www.aschwanden.com\/\"  target=\"_blank\"  rel=\"noopener\"><strong>www.aschwanden.com<\/strong><\/a><\/p>\n","protected":false},"excerpt":{"rendered":"<p>Aschwanden \u0130nc\u0259, y\u00fcks\u0259k dayan\u0131ql\u0131, polad beton kompozit s\u00fctunlar v\u0259 h\u0259rt\u0259r\u0259fli akustik m\u0259hsullar daxil olmaqla yenilik\u00e7i beton \u0259laq\u0259l\u0259ri. Aschwanden markas\u0131 1949-cu ild\u0259n b\u0259ri m\u00f6vcuddur v\u0259 yenilik\u00e7i, y\u00fcks\u0259k performansl\u0131 v\u0259 y\u00fcks\u0259k keyfiyy\u0259tli m\u00fck\u0259mm\u0259l m\u00fch\u0259ndis h\u0259ll\u0259ri \u00fc\u00e7\u00fcn h\u0259s\u0259d aparan bir \u015f\u00f6hr\u0259t qazanm\u0131\u015fd\u0131r. Aschwanden h\u0259ll\u0259ri d\u0259mir betonun konstruksiyas\u0131ndak\u0131 g\u00fccl\u0259rin g\u00fccl\u0259ndirilm\u0259sind\u0259 v\u0259 \u00f6t\u00fcr\u00fclm\u0259sind\u0259 ir\u0259lil\u0259yi\u015fl\u0259r t\u0259min edir v\u0259 ya\u015fay\u0131\u015f v\u0259 ictimai&#8230;<\/p>\n","protected":false},"author":1,"featured_media":0,"parent":0,"menu_order":0,"comment_status":"closed","ping_status":"closed","template":"","meta":[],"yoast_head":"<!-- This site is optimized with the Yoast SEO plugin v18.1 - https:\/\/yoast.com\/wordpress\/plugins\/seo\/ -->\n<title>Aschwanden &ndash; JS Group<\/title>\n<meta name=\"robots\" content=\"index, follow, max-snippet:-1, max-image-preview:large, max-video-preview:-1\" \/>\n<link rel=\"canonical\" href=\"https:\/\/jsgroup.az\/az\/aschwanden\/\" \/>\n<meta property=\"og:locale\" content=\"az_AZ\" \/>\n<meta property=\"og:type\" content=\"article\" \/>\n<meta property=\"og:title\" content=\"Aschwanden &ndash; JS Group\" \/>\n<meta property=\"og:description\" content=\"Aschwanden \u0130nc\u0259, y\u00fcks\u0259k dayan\u0131ql\u0131, polad beton kompozit s\u00fctunlar v\u0259 h\u0259rt\u0259r\u0259fli akustik m\u0259hsullar daxil olmaqla yenilik\u00e7i beton \u0259laq\u0259l\u0259ri. Aschwanden markas\u0131 1949-cu ild\u0259n b\u0259ri m\u00f6vcuddur v\u0259 yenilik\u00e7i, y\u00fcks\u0259k performansl\u0131 v\u0259 y\u00fcks\u0259k keyfiyy\u0259tli m\u00fck\u0259mm\u0259l m\u00fch\u0259ndis h\u0259ll\u0259ri \u00fc\u00e7\u00fcn h\u0259s\u0259d aparan bir \u015f\u00f6hr\u0259t qazanm\u0131\u015fd\u0131r. Aschwanden h\u0259ll\u0259ri d\u0259mir betonun konstruksiyas\u0131ndak\u0131 g\u00fccl\u0259rin g\u00fccl\u0259ndirilm\u0259sind\u0259 v\u0259 \u00f6t\u00fcr\u00fclm\u0259sind\u0259 ir\u0259lil\u0259yi\u015fl\u0259r t\u0259min edir v\u0259 ya\u015fay\u0131\u015f v\u0259 ictimai...\" \/>\n<meta property=\"og:url\" content=\"https:\/\/jsgroup.az\/az\/aschwanden\/\" \/>\n<meta property=\"og:site_name\" content=\"JS Group\" \/>\n<meta property=\"article:publisher\" content=\"https:\/\/www.facebook.com\/JS-Group-LLC-103618468444954\" \/>\n<meta property=\"article:modified_time\" content=\"2021-03-04T20:44:27+00:00\" \/>\n<meta property=\"og:image\" content=\"http:\/\/jsgroup.az\/wp-content\/uploads\/2021\/02\/Aschwanden_1-286x300.jpg\" \/>\n<meta name=\"twitter:card\" content=\"summary_large_image\" \/>\n<meta name=\"twitter:label1\" content=\"Est. reading time\" \/>\n\t<meta name=\"twitter:data1\" content=\"2 minutes\" \/>\n<script type=\"application\/ld+json\" class=\"yoast-schema-graph\">{\"@context\":\"https:\/\/schema.org\",\"@graph\":[{\"@type\":\"Organization\",\"@id\":\"https:\/\/jsgroup.az\/az\/#organization\",\"name\":\"JS Group LLC\",\"url\":\"https:\/\/jsgroup.az\/az\/\",\"sameAs\":[\"https:\/\/www.facebook.com\/JS-Group-LLC-103618468444954\"],\"logo\":{\"@type\":\"ImageObject\",\"@id\":\"https:\/\/jsgroup.az\/az\/#logo\",\"inLanguage\":\"az\",\"url\":\"https:\/\/jsgroup.az\/wp-content\/uploads\/2021\/02\/logo-js-google.png\",\"contentUrl\":\"https:\/\/jsgroup.az\/wp-content\/uploads\/2021\/02\/logo-js-google.png\",\"width\":2000,\"height\":2000,\"caption\":\"JS Group LLC\"},\"image\":{\"@id\":\"https:\/\/jsgroup.az\/az\/#logo\"}},{\"@type\":\"WebSite\",\"@id\":\"https:\/\/jsgroup.az\/az\/#website\",\"url\":\"https:\/\/jsgroup.az\/az\/\",\"name\":\"JS Group\",\"description\":\"Sizin \u0130n\u015faat \u015eirk\u0259ti\",\"publisher\":{\"@id\":\"https:\/\/jsgroup.az\/az\/#organization\"},\"potentialAction\":[{\"@type\":\"SearchAction\",\"target\":{\"@type\":\"EntryPoint\",\"urlTemplate\":\"https:\/\/jsgroup.az\/az\/?s={search_term_string}\"},\"query-input\":\"required name=search_term_string\"}],\"inLanguage\":\"az\"},{\"@type\":\"ImageObject\",\"@id\":\"https:\/\/jsgroup.az\/ru\/aschwanden\/#primaryimage\",\"inLanguage\":\"az\",\"url\":\"http:\/\/jsgroup.az\/wp-content\/uploads\/2021\/02\/Aschwanden_1-286x300.jpg\",\"contentUrl\":\"http:\/\/jsgroup.az\/wp-content\/uploads\/2021\/02\/Aschwanden_1-286x300.jpg\"},{\"@type\":\"WebPage\",\"@id\":\"https:\/\/jsgroup.az\/ru\/aschwanden\/#webpage\",\"url\":\"https:\/\/jsgroup.az\/ru\/aschwanden\/\",\"name\":\"Aschwanden &ndash; JS Group\",\"isPartOf\":{\"@id\":\"https:\/\/jsgroup.az\/az\/#website\"},\"primaryImageOfPage\":{\"@id\":\"https:\/\/jsgroup.az\/ru\/aschwanden\/#primaryimage\"},\"datePublished\":\"2021-02-20T20:13:39+00:00\",\"dateModified\":\"2021-03-04T20:44:27+00:00\",\"breadcrumb\":{\"@id\":\"https:\/\/jsgroup.az\/ru\/aschwanden\/#breadcrumb\"},\"inLanguage\":\"az\",\"potentialAction\":[{\"@type\":\"ReadAction\",\"target\":[\"https:\/\/jsgroup.az\/ru\/aschwanden\/\"]}]},{\"@type\":\"BreadcrumbList\",\"@id\":\"https:\/\/jsgroup.az\/ru\/aschwanden\/#breadcrumb\",\"itemListElement\":[{\"@type\":\"ListItem\",\"position\":1,\"name\":\"Ana S\u0259hif\u0259\",\"item\":\"https:\/\/jsgroup.az\/\"},{\"@type\":\"ListItem\",\"position\":2,\"name\":\"Aschwanden\"}]}]}<\/script>\n<!-- \/ Yoast SEO plugin. -->","yoast_head_json":{"title":"Aschwanden &ndash; JS Group","robots":{"index":"index","follow":"follow","max-snippet":"max-snippet:-1","max-image-preview":"max-image-preview:large","max-video-preview":"max-video-preview:-1"},"canonical":"https:\/\/jsgroup.az\/az\/aschwanden\/","og_locale":"az_AZ","og_type":"article","og_title":"Aschwanden &ndash; JS Group","og_description":"Aschwanden \u0130nc\u0259, y\u00fcks\u0259k dayan\u0131ql\u0131, polad beton kompozit s\u00fctunlar v\u0259 h\u0259rt\u0259r\u0259fli akustik m\u0259hsullar daxil olmaqla yenilik\u00e7i beton \u0259laq\u0259l\u0259ri. Aschwanden markas\u0131 1949-cu ild\u0259n b\u0259ri m\u00f6vcuddur v\u0259 yenilik\u00e7i, y\u00fcks\u0259k performansl\u0131 v\u0259 y\u00fcks\u0259k keyfiyy\u0259tli m\u00fck\u0259mm\u0259l m\u00fch\u0259ndis h\u0259ll\u0259ri \u00fc\u00e7\u00fcn h\u0259s\u0259d aparan bir \u015f\u00f6hr\u0259t qazanm\u0131\u015fd\u0131r. Aschwanden h\u0259ll\u0259ri d\u0259mir betonun konstruksiyas\u0131ndak\u0131 g\u00fccl\u0259rin g\u00fccl\u0259ndirilm\u0259sind\u0259 v\u0259 \u00f6t\u00fcr\u00fclm\u0259sind\u0259 ir\u0259lil\u0259yi\u015fl\u0259r t\u0259min edir v\u0259 ya\u015fay\u0131\u015f v\u0259 ictimai...","og_url":"https:\/\/jsgroup.az\/az\/aschwanden\/","og_site_name":"JS Group","article_publisher":"https:\/\/www.facebook.com\/JS-Group-LLC-103618468444954","article_modified_time":"2021-03-04T20:44:27+00:00","og_image":[{"url":"http:\/\/jsgroup.az\/wp-content\/uploads\/2021\/02\/Aschwanden_1-286x300.jpg"}],"twitter_card":"summary_large_image","twitter_misc":{"Est. reading time":"2 minutes"},"schema":{"@context":"https:\/\/schema.org","@graph":[{"@type":"Organization","@id":"https:\/\/jsgroup.az\/az\/#organization","name":"JS Group LLC","url":"https:\/\/jsgroup.az\/az\/","sameAs":["https:\/\/www.facebook.com\/JS-Group-LLC-103618468444954"],"logo":{"@type":"ImageObject","@id":"https:\/\/jsgroup.az\/az\/#logo","inLanguage":"az","url":"https:\/\/jsgroup.az\/wp-content\/uploads\/2021\/02\/logo-js-google.png","contentUrl":"https:\/\/jsgroup.az\/wp-content\/uploads\/2021\/02\/logo-js-google.png","width":2000,"height":2000,"caption":"JS Group LLC"},"image":{"@id":"https:\/\/jsgroup.az\/az\/#logo"}},{"@type":"WebSite","@id":"https:\/\/jsgroup.az\/az\/#website","url":"https:\/\/jsgroup.az\/az\/","name":"JS Group","description":"Sizin \u0130n\u015faat \u015eirk\u0259ti","publisher":{"@id":"https:\/\/jsgroup.az\/az\/#organization"},"potentialAction":[{"@type":"SearchAction","target":{"@type":"EntryPoint","urlTemplate":"https:\/\/jsgroup.az\/az\/?s={search_term_string}"},"query-input":"required name=search_term_string"}],"inLanguage":"az"},{"@type":"ImageObject","@id":"https:\/\/jsgroup.az\/ru\/aschwanden\/#primaryimage","inLanguage":"az","url":"http:\/\/jsgroup.az\/wp-content\/uploads\/2021\/02\/Aschwanden_1-286x300.jpg","contentUrl":"http:\/\/jsgroup.az\/wp-content\/uploads\/2021\/02\/Aschwanden_1-286x300.jpg"},{"@type":"WebPage","@id":"https:\/\/jsgroup.az\/ru\/aschwanden\/#webpage","url":"https:\/\/jsgroup.az\/ru\/aschwanden\/","name":"Aschwanden &ndash; JS Group","isPartOf":{"@id":"https:\/\/jsgroup.az\/az\/#website"},"primaryImageOfPage":{"@id":"https:\/\/jsgroup.az\/ru\/aschwanden\/#primaryimage"},"datePublished":"2021-02-20T20:13:39+00:00","dateModified":"2021-03-04T20:44:27+00:00","breadcrumb":{"@id":"https:\/\/jsgroup.az\/ru\/aschwanden\/#breadcrumb"},"inLanguage":"az","potentialAction":[{"@type":"ReadAction","target":["https:\/\/jsgroup.az\/ru\/aschwanden\/"]}]},{"@type":"BreadcrumbList","@id":"https:\/\/jsgroup.az\/ru\/aschwanden\/#breadcrumb","itemListElement":[{"@type":"ListItem","position":1,"name":"Ana S\u0259hif\u0259","item":"https:\/\/jsgroup.az\/"},{"@type":"ListItem","position":2,"name":"Aschwanden"}]}]}},"_links":{"self":[{"href":"https:\/\/jsgroup.az\/az\/wp-json\/wp\/v2\/pages\/6907"}],"collection":[{"href":"https:\/\/jsgroup.az\/az\/wp-json\/wp\/v2\/pages"}],"about":[{"href":"https:\/\/jsgroup.az\/az\/wp-json\/wp\/v2\/types\/page"}],"author":[{"embeddable":true,"href":"https:\/\/jsgroup.az\/az\/wp-json\/wp\/v2\/users\/1"}],"replies":[{"embeddable":true,"href":"https:\/\/jsgroup.az\/az\/wp-json\/wp\/v2\/comments?post=6907"}],"version-history":[{"count":10,"href":"https:\/\/jsgroup.az\/az\/wp-json\/wp\/v2\/pages\/6907\/revisions"}],"predecessor-version":[{"id":7126,"href":"https:\/\/jsgroup.az\/az\/wp-json\/wp\/v2\/pages\/6907\/revisions\/7126"}],"wp:attachment":[{"href":"https:\/\/jsgroup.az\/az\/wp-json\/wp\/v2\/media?parent=6907"}],"curies":[{"name":"wp","href":"https:\/\/api.w.org\/{rel}","templated":true}]}}