{"id":4010,"date":"2019-03-22T09:04:51","date_gmt":"2019-03-22T09:04:51","guid":{"rendered":"http:\/\/jsgroup.az\/?page_id=4010"},"modified":"2021-02-19T00:06:19","modified_gmt":"2021-02-18T20:06:19","slug":"elaqe","status":"publish","type":"page","link":"https:\/\/jsgroup.az\/az\/elaqe\/","title":{"rendered":"\u018flaq\u0259"},"content":{"rendered":"<h3>Adress<\/h3>\n<p>Bak\u0131, Az\u0259rbaycan<br \/>\n\u018fhm\u0259d R\u0259c\u0259bli k\u00fc\u00e7. 4\/1<br \/>\nQobustan Plaza<\/p>\n<h3>E-po\u00e7t<\/h3>\n<p>office@jsgroup.az,<br \/>\njalal.omarov@jsgroup.az.<\/p>\n<h3>Telefon<\/h3>\n<p>(+994) 12 409 74 50<br \/>\n(+994) 50 265 74 50<\/p>\n<h2>\n    T\u0259klif v\u0259 iradlar\u0131n\u0131z\u0131 biz\u0259 bildirin<\/h2>\n<p><div role=\"form\"  class=\"wpcf7\"  id=\"wpcf7-f5192-o1\"  lang=\"en-US\"  dir=\"ltr\">\n<div class=\"screen-reader-response\"><p role=\"status\"  aria-live=\"polite\"  aria-atomic=\"true\"><\/p> <ul><\/ul><\/div>\n<form action=\"\/az\/wp-json\/wp\/v2\/pages\/4010#wpcf7-f5192-o1\"  method=\"post\"  class=\"wpcf7-form init\"  novalidate=\"novalidate\"  data-status=\"init\">\n<div style=\"display: none;\">\n<input type=\"hidden\"  name=\"_wpcf7\"  value=\"5192\" \/>\n<input type=\"hidden\"  name=\"_wpcf7_version\"  value=\"5.6.4\" \/>\n<input type=\"hidden\"  name=\"_wpcf7_locale\"  value=\"en_US\" \/>\n<input type=\"hidden\"  name=\"_wpcf7_unit_tag\"  value=\"wpcf7-f5192-o1\" \/>\n<input type=\"hidden\"  name=\"_wpcf7_container_post\" value=\"0\" \/>\n<input type=\"hidden\"  name=\"_wpcf7_posted_data_hash\" value=\"\" \/>\n<\/div>\n<div class=\"contact-form-box\">\n<div class=\"row gutters-10\">\n<div class=\"col-lg-6 col-md-6 col-sm-6 col-12 form-group\"> <span class=\"wpcf7-form-control-wrap\"  data-name=\"firstlast_name\"><input type=\"text\"  name=\"firstlast_name\"  value=\"\"  size=\"40\"  class=\"wpcf7-form-control wpcf7-text wpcf7-validates-as-required form-control\"  aria-required=\"true\"  aria-invalid=\"false\"  placeholder=\"Ad, Soyad*\" \/><\/span><\/div>\n<div class=\"col-lg-6 col-md-6 col-sm-6 col-12 form-group\"> <span class=\"wpcf7-form-control-wrap\"  data-name=\"phone\"><input type=\"text\"  name=\"phone\"  value=\"\"  size=\"40\"  class=\"wpcf7-form-control wpcf7-text form-control\"  aria-invalid=\"false\"  placeholder=\"Telefon\" \/><\/span><\/div>\n<div class=\"col-lg-6 col-md-6 col-sm-6 col-12 form-group\"> <span class=\"wpcf7-form-control-wrap\"  data-name=\"useremail\"><input type=\"email\"  name=\"useremail\"  value=\"\"  size=\"40\"  class=\"wpcf7-form-control wpcf7-text wpcf7-email wpcf7-validates-as-required wpcf7-validates-as-email form-control\"  aria-required=\"true\"  aria-invalid=\"false\"  placeholder=\"E-po\u00e7t*\" \/><\/span><\/div>\n<div class=\"col-lg-6 col-md-6 col-sm-6 col-12 form-group\"><span class=\"wpcf7-form-control-wrap\"  data-name=\"movzu\"><input type=\"text\"  name=\"movzu\"  value=\"\"  size=\"40\"  class=\"wpcf7-form-control wpcf7-text wpcf7-validates-as-required form-control\"  aria-required=\"true\"  aria-invalid=\"false\"  placeholder=\"M\u00f6vzu*\" \/><\/span><\/div>\n<div class=\"col-12 form-group\"> <span class=\"wpcf7-form-control-wrap\"  data-name=\"message\"><textarea name=\"message\"  cols=\"40\"  rows=\"10\"  class=\"wpcf7-form-control wpcf7-textarea text-area form-control\"  aria-invalid=\"false\"  placeholder=\"Mesaj\u0131n\u0131z\"><\/textarea><\/span><\/div>\n<div class=\"col-12 form-group margin-b-none\"><button type=\"submit\"  class=\"contact-item-btn\">G\u00f6nd\u0259r<\/button><\/div>\n<\/div>\n<\/div>\n<div class=\"wpcf7-response-output\"  aria-hidden=\"true\"><\/div><\/form><\/div><br \/>\n<iframe loading=\"lazy\"  src=\"https:\/\/www.google.com\/maps\/embed?pb=!1m18!1m12!1m3!1d3037.804223199401!2d49.85644051476223!3d40.413187663780064!2m3!1f0!2f0!3f0!3m2!1i1024!2i768!4f13.1!3m3!1m2!1s0x403087ff31086b91%3A0x88577bc5277f8038!2sQobustan%20Plaza!5e0!3m2!1str!2s!4v1613678625973!5m2!1str!2s\"  width=\"600\"  height=\"450\"  frameborder=\"0\"  style=\"border:0;\"  allowfullscreen=\"\"  aria-hidden=\"false\"  tabindex=\"0\"><\/iframe><\/p>\n","protected":false},"excerpt":{"rendered":"<p>Adress Bak\u0131, Az\u0259rbaycan \u018fhm\u0259d R\u0259c\u0259bli k\u00fc\u00e7. 4\/1 Qobustan Plaza E-po\u00e7t office@jsgroup.az, jalal.omarov@jsgroup.az. Telefon (+994) 12 409 74 50 (+994) 50 265 74 50 T\u0259klif v\u0259 iradlar\u0131n\u0131z\u0131 biz\u0259 bildirin<\/p>\n","protected":false},"author":1,"featured_media":0,"parent":0,"menu_order":0,"comment_status":"closed","ping_status":"closed","template":"","meta":[],"yoast_head":"<!-- This site is optimized with the Yoast SEO plugin v18.1 - https:\/\/yoast.com\/wordpress\/plugins\/seo\/ -->\n<title>\u018flaq\u0259 &ndash; JS Group<\/title>\n<meta name=\"robots\" content=\"index, follow, max-snippet:-1, max-image-preview:large, max-video-preview:-1\" \/>\n<link rel=\"canonical\" href=\"https:\/\/jsgroup.az\/az\/elaqe\/\" \/>\n<meta property=\"og:locale\" content=\"az_AZ\" \/>\n<meta property=\"og:type\" content=\"article\" \/>\n<meta property=\"og:title\" content=\"\u018flaq\u0259 &ndash; JS Group\" \/>\n<meta property=\"og:description\" content=\"Adress Bak\u0131, Az\u0259rbaycan \u018fhm\u0259d R\u0259c\u0259bli k\u00fc\u00e7. 4\/1 Qobustan Plaza E-po\u00e7t office@jsgroup.az, jalal.omarov@jsgroup.az. Telefon (+994) 12 409 74 50 (+994) 50 265 74 50 T\u0259klif v\u0259 iradlar\u0131n\u0131z\u0131 biz\u0259 bildirin\" \/>\n<meta property=\"og:url\" content=\"https:\/\/jsgroup.az\/az\/elaqe\/\" \/>\n<meta property=\"og:site_name\" content=\"JS Group\" \/>\n<meta property=\"article:publisher\" content=\"https:\/\/www.facebook.com\/JS-Group-LLC-103618468444954\" \/>\n<meta property=\"article:modified_time\" content=\"2021-02-18T20:06:19+00:00\" \/>\n<meta property=\"og:image\" content=\"https:\/\/jsgroup.az\/wp-content\/uploads\/2021\/02\/logo-js-google.png\" \/>\n\t<meta property=\"og:image:width\" content=\"2000\" \/>\n\t<meta property=\"og:image:height\" content=\"2000\" \/>\n\t<meta property=\"og:image:type\" content=\"image\/png\" \/>\n<meta name=\"twitter:card\" content=\"summary_large_image\" \/>\n<script type=\"application\/ld+json\" class=\"yoast-schema-graph\">{\"@context\":\"https:\/\/schema.org\",\"@graph\":[{\"@type\":\"Organization\",\"@id\":\"https:\/\/jsgroup.az\/az\/#organization\",\"name\":\"JS Group LLC\",\"url\":\"https:\/\/jsgroup.az\/az\/\",\"sameAs\":[\"https:\/\/www.facebook.com\/JS-Group-LLC-103618468444954\"],\"logo\":{\"@type\":\"ImageObject\",\"@id\":\"https:\/\/jsgroup.az\/az\/#logo\",\"inLanguage\":\"az\",\"url\":\"https:\/\/jsgroup.az\/wp-content\/uploads\/2021\/02\/logo-js-google.png\",\"contentUrl\":\"https:\/\/jsgroup.az\/wp-content\/uploads\/2021\/02\/logo-js-google.png\",\"width\":2000,\"height\":2000,\"caption\":\"JS Group LLC\"},\"image\":{\"@id\":\"https:\/\/jsgroup.az\/az\/#logo\"}},{\"@type\":\"WebSite\",\"@id\":\"https:\/\/jsgroup.az\/az\/#website\",\"url\":\"https:\/\/jsgroup.az\/az\/\",\"name\":\"JS Group\",\"description\":\"Sizin \u0130n\u015faat \u015eirk\u0259ti\",\"publisher\":{\"@id\":\"https:\/\/jsgroup.az\/az\/#organization\"},\"potentialAction\":[{\"@type\":\"SearchAction\",\"target\":{\"@type\":\"EntryPoint\",\"urlTemplate\":\"https:\/\/jsgroup.az\/az\/?s={search_term_string}\"},\"query-input\":\"required name=search_term_string\"}],\"inLanguage\":\"az\"},{\"@type\":\"WebPage\",\"@id\":\"https:\/\/jsgroup.az\/en\/elaqe\/#webpage\",\"url\":\"https:\/\/jsgroup.az\/en\/elaqe\/\",\"name\":\"\u018flaq\u0259 &ndash; JS Group\",\"isPartOf\":{\"@id\":\"https:\/\/jsgroup.az\/az\/#website\"},\"datePublished\":\"2019-03-22T09:04:51+00:00\",\"dateModified\":\"2021-02-18T20:06:19+00:00\",\"breadcrumb\":{\"@id\":\"https:\/\/jsgroup.az\/en\/elaqe\/#breadcrumb\"},\"inLanguage\":\"az\",\"potentialAction\":[{\"@type\":\"ReadAction\",\"target\":[\"https:\/\/jsgroup.az\/en\/elaqe\/\"]}]},{\"@type\":\"BreadcrumbList\",\"@id\":\"https:\/\/jsgroup.az\/en\/elaqe\/#breadcrumb\",\"itemListElement\":[{\"@type\":\"ListItem\",\"position\":1,\"name\":\"Ana S\u0259hif\u0259\",\"item\":\"https:\/\/jsgroup.az\/\"},{\"@type\":\"ListItem\",\"position\":2,\"name\":\"\u018flaq\u0259\"}]}]}<\/script>\n<!-- \/ Yoast SEO plugin. -->","yoast_head_json":{"title":"\u018flaq\u0259 &ndash; JS Group","robots":{"index":"index","follow":"follow","max-snippet":"max-snippet:-1","max-image-preview":"max-image-preview:large","max-video-preview":"max-video-preview:-1"},"canonical":"https:\/\/jsgroup.az\/az\/elaqe\/","og_locale":"az_AZ","og_type":"article","og_title":"\u018flaq\u0259 &ndash; JS Group","og_description":"Adress Bak\u0131, Az\u0259rbaycan \u018fhm\u0259d R\u0259c\u0259bli k\u00fc\u00e7. 4\/1 Qobustan Plaza E-po\u00e7t office@jsgroup.az, jalal.omarov@jsgroup.az. Telefon (+994) 12 409 74 50 (+994) 50 265 74 50 T\u0259klif v\u0259 iradlar\u0131n\u0131z\u0131 biz\u0259 bildirin","og_url":"https:\/\/jsgroup.az\/az\/elaqe\/","og_site_name":"JS Group","article_publisher":"https:\/\/www.facebook.com\/JS-Group-LLC-103618468444954","article_modified_time":"2021-02-18T20:06:19+00:00","og_image":[{"width":2000,"height":2000,"url":"https:\/\/jsgroup.az\/wp-content\/uploads\/2021\/02\/logo-js-google.png","type":"image\/png"}],"twitter_card":"summary_large_image","schema":{"@context":"https:\/\/schema.org","@graph":[{"@type":"Organization","@id":"https:\/\/jsgroup.az\/az\/#organization","name":"JS Group LLC","url":"https:\/\/jsgroup.az\/az\/","sameAs":["https:\/\/www.facebook.com\/JS-Group-LLC-103618468444954"],"logo":{"@type":"ImageObject","@id":"https:\/\/jsgroup.az\/az\/#logo","inLanguage":"az","url":"https:\/\/jsgroup.az\/wp-content\/uploads\/2021\/02\/logo-js-google.png","contentUrl":"https:\/\/jsgroup.az\/wp-content\/uploads\/2021\/02\/logo-js-google.png","width":2000,"height":2000,"caption":"JS Group LLC"},"image":{"@id":"https:\/\/jsgroup.az\/az\/#logo"}},{"@type":"WebSite","@id":"https:\/\/jsgroup.az\/az\/#website","url":"https:\/\/jsgroup.az\/az\/","name":"JS Group","description":"Sizin \u0130n\u015faat \u015eirk\u0259ti","publisher":{"@id":"https:\/\/jsgroup.az\/az\/#organization"},"potentialAction":[{"@type":"SearchAction","target":{"@type":"EntryPoint","urlTemplate":"https:\/\/jsgroup.az\/az\/?s={search_term_string}"},"query-input":"required name=search_term_string"}],"inLanguage":"az"},{"@type":"WebPage","@id":"https:\/\/jsgroup.az\/en\/elaqe\/#webpage","url":"https:\/\/jsgroup.az\/en\/elaqe\/","name":"\u018flaq\u0259 &ndash; JS Group","isPartOf":{"@id":"https:\/\/jsgroup.az\/az\/#website"},"datePublished":"2019-03-22T09:04:51+00:00","dateModified":"2021-02-18T20:06:19+00:00","breadcrumb":{"@id":"https:\/\/jsgroup.az\/en\/elaqe\/#breadcrumb"},"inLanguage":"az","potentialAction":[{"@type":"ReadAction","target":["https:\/\/jsgroup.az\/en\/elaqe\/"]}]},{"@type":"BreadcrumbList","@id":"https:\/\/jsgroup.az\/en\/elaqe\/#breadcrumb","itemListElement":[{"@type":"ListItem","position":1,"name":"Ana S\u0259hif\u0259","item":"https:\/\/jsgroup.az\/"},{"@type":"ListItem","position":2,"name":"\u018flaq\u0259"}]}]}},"_links":{"self":[{"href":"https:\/\/jsgroup.az\/az\/wp-json\/wp\/v2\/pages\/4010"}],"collection":[{"href":"https:\/\/jsgroup.az\/az\/wp-json\/wp\/v2\/pages"}],"about":[{"href":"https:\/\/jsgroup.az\/az\/wp-json\/wp\/v2\/types\/page"}],"author":[{"embeddable":true,"href":"https:\/\/jsgroup.az\/az\/wp-json\/wp\/v2\/users\/1"}],"replies":[{"embeddable":true,"href":"https:\/\/jsgroup.az\/az\/wp-json\/wp\/v2\/comments?post=4010"}],"version-history":[{"count":46,"href":"https:\/\/jsgroup.az\/az\/wp-json\/wp\/v2\/pages\/4010\/revisions"}],"predecessor-version":[{"id":6767,"href":"https:\/\/jsgroup.az\/az\/wp-json\/wp\/v2\/pages\/4010\/revisions\/6767"}],"wp:attachment":[{"href":"https:\/\/jsgroup.az\/az\/wp-json\/wp\/v2\/media?parent=4010"}],"curies":[{"name":"wp","href":"https:\/\/api.w.org\/{rel}","templated":true}]}}